{"id":12483,"date":"2015-08-26T17:26:42","date_gmt":"2015-08-26T20:26:42","guid":{"rendered":"http:\/\/www.trocandofraldas.com.br\/?page_id=12483"},"modified":"2023-01-11T11:51:53","modified_gmt":"2023-01-11T14:51:53","slug":"politica-de-privacidade","status":"publish","type":"page","link":"https:\/\/www.famivita.com\/es\/politica-de-privacidade\/","title":{"rendered":"Pol\u00edtica de Privacidade"},"content":{"rendered":"<p class=\"align-justify\">\u00daltima Atualiza\u00e7\u00e3o: 11.01.2023<\/p>\n<p class=\"align-justify\">Bem-vindo a Famivita Cont\u00e9udos. Esta Pol\u00edtica de Privacidade cont\u00e9m os m\u00e9todos utilizados para coletar e fazer uso das informa\u00e7\u00f5es fornecidas pelos usu\u00e1rios do endere\u00e7o eletr\u00f4nico www.famivita.com\/es. Pelo fato de usar este site e no ato de passar informa\u00e7\u00f5es pessoais ou n\u00e3o para a Famivita Cont\u00e9udos, o usu\u00e1rio expressa conhecer e concordar com o conte\u00fado e as condi\u00e7\u00f5es da presente Pol\u00edtica de Privacidade.<\/p>\n<h2>Informa\u00e7\u00f5es Pessoais<\/h2>\n<p class=\"align-justify\">Toda e qualquer informa\u00e7\u00e3o que possibilite a identifica\u00e7\u00e3o de um usu\u00e1rio \u00e9 considerada pessoal, mas principalmente seu nome e domic\u00edlio. Famivita Cont\u00e9udos garante a possibilidade de visitar seu site de forma an\u00f4nima e sem obriga\u00e7\u00e3o de divulgar informa\u00e7\u00f5es pessoais. Somente quando o usu\u00e1rio se loga em sua conta pessoal ou informa seu e-mail em outro lugar do site, ser\u00e1 poss\u00edvel identific\u00e1-lo junto a informa\u00e7\u00f5es como data de acesso, quanto tempo permanece logado, entre outros dados sobre a caracter\u00edstica do acesso.<\/p>\n<p class=\"align-justify\">Fora da conta pessoal, o usu\u00e1rio pode passar informa\u00e7\u00f5es pessoais em atos como assinatura de newsletter, coment\u00e1rios, preenchimento de formul\u00e1rios e enqu\u00eates, concursos ou solicita\u00e7\u00e3o de um servi\u00e7o por parte da Famivita Cont\u00e9udos, sendo sempre alertados sobre quais as informa\u00e7\u00f5es obrigat\u00f3rias. Entre as informa\u00e7\u00f5es pessoais podem estar p.ex. nome, domic\u00edlio, CPF, n\u00famero de telefone, e-mail, idade ou situa\u00e7\u00e3o de vida.<\/p>\n<p class=\"align-justify\">N\u00e3o \u00e9 objetivo deste site coletar informa\u00e7\u00f5es pessoais sobre crian\u00e7as menores 13 anos. Portanto, a coleta inconsciente pode ocorrer mediante informa\u00e7\u00f5es pessoalmente identific\u00e1veis repassados pelos pais de beb\u00eas e crian\u00e7as. Incentivamos estes pais a comunicarem este fato aos seus filhos quando for cab\u00edvel e pedimos que informa\u00e7\u00f5es pessoais sobre beb\u00eas e crian\u00e7as de terceiros n\u00e3o sejam fornecidos.<\/p>\n<h2>Utiliza\u00e7\u00e3o das Informa\u00e7\u00f5es<\/h2>\n<p class=\"align-justify\">A utiliza\u00e7\u00e3o das informa\u00e7\u00f5es \u00e9 feita para atender solicita\u00e7\u00f5es de usu\u00e1rios mediante formul\u00e1rio de contato ou coment\u00e1rio. Nos casos em que a Famivita Cont\u00e9udos precisa da presta\u00e7\u00e3o de servi\u00e7os para cumprir com suas obriga\u00e7\u00f5es, somente repassamos as informa\u00e7\u00f5es indispens\u00e1veis para este ato e exigimos manter as informa\u00e7\u00f5es pessoais em sigilo. Quando um usu\u00e1rio se cadastra ou informa um e-mail na Famivita Cont\u00e9udos, independente do seu motivo, as informa\u00e7\u00f5es pessoais s\u00e3o guardadas de forma protegida para facilitar futuros acessos e intera\u00e7\u00f5es.<\/p>\n<p class=\"align-justify\">Como a assinatura de newsletter mediante e-mail, o assinante recebe informa\u00e7\u00f5es sobre novas mat\u00e9rias, concursos, enquetes e not\u00edcias em geral. Caso n\u00e3o queira mais receber estas informa\u00e7\u00f5es basta se descadastrar atrav\u00e9s da op\u00e7\u00e3o no final de cada newsletter. Desta forma, as informa\u00e7\u00f5es pessoais n\u00e3o ser\u00e3o mais utilizadas para fins de newsletter.<\/p>\n<p class=\"align-justify\">Todas as informa\u00e7\u00f5es pessoalmente identific\u00e1veis, ou n\u00e3o, podem, independentemente umas das outras, ser aproveitadas para agregar conte\u00fado, melhorar e customizar o design da Famivita Cont\u00e9udos e dos seus parceiros que possam interessar ao usu\u00e1rio. Todos os parceiros s\u00e3o escolhidos com cautela e se comprometem com esta Pol\u00edtica de Privacidade, tratando informa\u00e7\u00f5es pessoais de acordo. <\/p>\n<p class=\"align-justify\">Tamb\u00e9m pode haver necessidade de repasse de informa\u00e7\u00f5es pessoais para atender solicita\u00e7\u00f5es de execu\u00e7\u00e3o legal, ordens judiciais, outros processos legais, investiga\u00e7\u00f5es por atividades ilegais, fraude, amea\u00e7as f\u00edsicas a usu\u00e1rios ou terceiros ou quando exigido por lei.<\/p>\n<h2>Cookies<\/h2>\n<p class=\"align-justify\">Cookies s\u00e3o definidos como pequenos arquivos armazenados no computador do internauta sempre que ele abra uma p\u00e1gina da web. Famivita Cont\u00e9udos usa cookies tempor\u00e1rios para acelerar o acesso a informa\u00e7\u00f5es de sess\u00f5es anteriores e atualizar outras de forma instant\u00e2nea. Tamb\u00e9m utiliza cookies para compilar e analisar estat\u00edsticas para customiza\u00e7\u00e3o da experi\u00eancia nas mat\u00e9rias, tornando a experi\u00eancia do usu\u00e1rio mais eficaz e agrad\u00e1vel.<\/p>\n<p class=\"align-justify\">O navegador do usu\u00e1rio automaticamente passa algumas informa\u00e7\u00f5es de forma an\u00f4nima dos cookies como URLs acessadas, IP ou vers\u00e3o do navegador para servi\u00e7os de an\u00e1lise complementares como o Google Analytics. O usu\u00e1rio poderia restringir ou coibir completamente o uso de qualquer tipo de cookies atrav\u00e9s da configura\u00e7\u00f5es do seu navegador. Para maiores detalhes \u00e9 preciso consultar o manual de uso de cada navegador. Portanto, a restri\u00e7\u00e3o dos cookies torna a experi\u00eancia do usu\u00e1rio na Famivita Cont\u00e9udos menos eficiente e mais limitada.<\/p>\n<h2>Disposi\u00e7\u00f5es Gerais<\/h2>\n<p class=\"align-justify\">Segundo o Art. 43, \u00a72\u00ba e \u00a7 3\u00ba da Lei de Prote\u00e7\u00e3o ao Consumidor, o usu\u00e1rio tem direito de consultar e mudar sempre que quiser suas informa\u00e7\u00f5es pessoais registrados pela Famivita Cont\u00e9udos.<\/p>\n<p class=\"align-justify\">Se Famivita Cont\u00e9udos n\u00e3o houver mais necessidade de informa\u00e7\u00f5es pessoais de um usu\u00e1rio no \u00e2mbito desta Pol\u00edtica de Privacidade, tomamos os passos necess\u00e1rios para impossibilitar a identifica\u00e7\u00e3o do usu\u00e1rio.<\/p>\n<p class=\"align-justify\">Coment\u00e1rios feitos em \u00e1reas p\u00fablicas da Famivita Cont\u00e9udos podem ser utilizado para fins de divulga\u00e7\u00e3o e marketing.<\/p>\n<p class=\"align-justify\">Este site adota medidas razo\u00e1veis para proteger informa\u00e7\u00f5es pessoais dos usu\u00e1rios contra transmiss\u00e3o indevida, perda, altera\u00e7\u00e3o, publica\u00e7\u00e3o, exclus\u00e3o e uso inapropriado. O usu\u00e1rio tem ci\u00eancia que um ambiente online nunca \u00e9 100% seguro ou livre de erros.<\/p>\n<p class=\"align-justify\">Este site cont\u00e9m links para sites terceiros que possuem suas pr\u00f3prias Pol\u00edticas de Privacidade. \u00c9 responsabilidade do usu\u00e1rio de l\u00ea-las.<\/p>\n<p class=\"align-justify\">Esta Pol\u00edtica de Privacidade pode ser sujeito a altera\u00e7\u00f5es. Quais mudan\u00e7as nela s\u00e3o acess\u00edveis nesta p\u00e1gina. Por isso, o usu\u00e1rio precisa verific\u00e1-la com frequ\u00eancia.<\/p>\n<h2>Publicidade<\/h2>\n<p class = \"align-justify\">Este site \u00e9 afiliado \u00e0 CMI Marketing, Inc., d\/b\/a CafeMedia (\u201cCafeMedia\u201d) para fins de coloca\u00e7\u00e3o de publicidade no site, e CafeMedia coletar\u00e1 e usar\u00e1 certos dados para fins publicit\u00e1rios. Para saber mais sobre o uso de dados do CafeMedia, clique aqui: <a href=\"https:\/\/cafemedia.com\/publisher-advertising-privacy-policy\/\">https:\/\/cafemedia.com\/publisher-advertising-privacy-policy\/<\/a><\/p>\n<h2>Advertising<\/h2>\n<p class=\"align-justify\">This Site is affiliated with CMI Marketing, Inc., d\/b\/a CafeMedia (\u201cCafeMedia\u201d) for the purposes of placing advertising on the Site, and CafeMedia will collect and use certain data for advertising purposes. To learn more about CafeMedia\u2019s data usage, click here: <a href=\"https:\/\/cafemedia.com\/publisher-advertising-privacy-policy\/\">https:\/\/cafemedia.com\/publisher-advertising-privacy-policy\/<\/a><\/p>\n","protected":false},"excerpt":{"rendered":"<p>\u00daltima Atualiza\u00e7\u00e3o: 11.01.2023 Bem-vindo a Famivita Cont\u00e9udos. Esta Pol\u00edtica de Privacidade cont\u00e9m os m\u00e9todos utilizados para coletar e fazer uso das informa\u00e7\u00f5es fornecidas pelos usu\u00e1rios do endere\u00e7o eletr\u00f4nico www.famivita.com\/es. Pelo fato de usar este site e no ato de passar informa\u00e7\u00f5es pessoais ou n\u00e3o para a Famivita Cont\u00e9udos, o usu\u00e1rio expressa conhecer e concordar com [&hellip;]<\/p>\n","protected":false},"author":2,"featured_media":0,"parent":0,"menu_order":0,"comment_status":"closed","ping_status":"closed","template":"","meta":{"_acf_changed":false,"footnotes":""},"class_list":["post-12483","page","type-page","status-publish","hentry"],"acf":[],"yoast_head":"<!-- This site is optimized with the Yoast SEO plugin v25.2 - https:\/\/yoast.com\/wordpress\/plugins\/seo\/ -->\n<title>Pol\u00edtica de Privacidade | Famivita<\/title>\n<meta name=\"robots\" content=\"noindex, follow\" \/>\n<meta property=\"og:locale\" content=\"en_US\" \/>\n<meta property=\"og:type\" content=\"article\" \/>\n<meta property=\"og:title\" content=\"Pol\u00edtica de Privacidade | Famivita\" \/>\n<meta property=\"og:description\" content=\"\u00daltima Atualiza\u00e7\u00e3o: 11.01.2023 Bem-vindo a Famivita Cont\u00e9udos. Esta Pol\u00edtica de Privacidade cont\u00e9m os m\u00e9todos utilizados para coletar e fazer uso das informa\u00e7\u00f5es fornecidas pelos usu\u00e1rios do endere\u00e7o eletr\u00f4nico www.famivita.com\/es. Pelo fato de usar este site e no ato de passar informa\u00e7\u00f5es pessoais ou n\u00e3o para a Famivita Cont\u00e9udos, o usu\u00e1rio expressa conhecer e concordar com [&hellip;]\" \/>\n<meta property=\"og:url\" content=\"https:\/\/www.famivita.com\/pt\/politica-de-privacidade\/\" \/>\n<meta property=\"og:site_name\" content=\"Famivita\" \/>\n<meta property=\"article:modified_time\" content=\"2023-01-11T14:51:53+00:00\" \/>\n<meta name=\"twitter:card\" content=\"summary_large_image\" \/>\n<meta name=\"twitter:label1\" content=\"Est. reading time\" \/>\n\t<meta name=\"twitter:data1\" content=\"5 minutes\" \/>\n<script type=\"application\/ld+json\" class=\"yoast-schema-graph\">{\"@context\":\"https:\/\/schema.org\",\"@graph\":[{\"@type\":\"WebPage\",\"@id\":\"https:\/\/www.famivita.com\/pt\/politica-de-privacidade\/\",\"url\":\"https:\/\/www.famivita.com\/pt\/politica-de-privacidade\/\",\"name\":\"Pol\u00edtica de Privacidade | Famivita\",\"isPartOf\":{\"@id\":\"https:\/\/www.famivita.com\/#website\",\"sameAs\":[\"https:\/\/www.instagram.com\/famivita\/\",\"https:\/\/www.facebook.com\/famivita\/\",\"https:\/\/www.youtube.com\/user\/trocandofraldasyt\",\"https:\/\/api.whatsapp.com\/send\/?phone=5511917837433\"]},\"datePublished\":\"2015-08-26T20:26:42+00:00\",\"dateModified\":\"2023-01-11T14:51:53+00:00\",\"breadcrumb\":{\"@id\":\"https:\/\/www.famivita.com\/pt\/politica-de-privacidade\/#breadcrumb\"},\"inLanguage\":\"en-US\",\"potentialAction\":[{\"@type\":\"ReadAction\",\"target\":[\"https:\/\/www.famivita.com\/pt\/politica-de-privacidade\/\"]}],\"about\":{\"@type\":\"Organization\",\"@id\":\"https:\/\/www.famivita.com.br\/#organization\",\"name\":\"Famivita\",\"logo\":\"https:\/\/www.famivita.com.br\/wp-content\/themes\/storefront-child\/header_footer_html\/images\/logo_mobile2.svg\",\"url\":\"https:\/\/www.famivita.com.br\/\",\"address\":{\"@type\":\"PostalAddress\",\"streetAddress\":\"Rua Benedito Fernandes, 545, Santo Amaro\",\"addressLocality\":\"S\u00e3o Paulo\",\"addressRegion\":\"S\u00e3o Paulo\",\"postalCode\":\"04746-110\",\"addressCountry\":{\"@type\":\"Country\",\"name\":\"BR\"}}}},{\"@type\":\"BreadcrumbList\",\"@id\":\"https:\/\/www.famivita.com\/pt\/politica-de-privacidade\/#breadcrumb\",\"itemListElement\":[{\"@type\":\"ListItem\",\"position\":1,\"name\":\"In\u00edcio\",\"item\":\"https:\/\/www.famivita.com\/\"},{\"@type\":\"ListItem\",\"position\":2,\"name\":\"Pol\u00edtica de Privacidade\"}]},{\"@type\":\"WebSite\",\"@id\":\"https:\/\/www.famivita.com\/#website\",\"url\":\"https:\/\/www.famivita.com\/\",\"name\":\"Famivita\",\"description\":\"\",\"potentialAction\":[{\"@type\":\"SearchAction\",\"target\":{\"@type\":\"EntryPoint\",\"urlTemplate\":\"https:\/\/www.famivita.com\/?s={search_term_string}\"},\"query-input\":{\"@type\":\"PropertyValueSpecification\",\"valueRequired\":true,\"valueName\":\"search_term_string\"}}],\"inLanguage\":\"en-US\"}]}<\/script>\n<!-- \/ Yoast SEO plugin. -->","yoast_head_json":{"title":"Pol\u00edtica de Privacidade | Famivita","robots":{"index":"noindex","follow":"follow"},"og_locale":"en_US","og_type":"article","og_title":"Pol\u00edtica de Privacidade | Famivita","og_description":"\u00daltima Atualiza\u00e7\u00e3o: 11.01.2023 Bem-vindo a Famivita Cont\u00e9udos. Esta Pol\u00edtica de Privacidade cont\u00e9m os m\u00e9todos utilizados para coletar e fazer uso das informa\u00e7\u00f5es fornecidas pelos usu\u00e1rios do endere\u00e7o eletr\u00f4nico www.famivita.com\/es. Pelo fato de usar este site e no ato de passar informa\u00e7\u00f5es pessoais ou n\u00e3o para a Famivita Cont\u00e9udos, o usu\u00e1rio expressa conhecer e concordar com [&hellip;]","og_url":"https:\/\/www.famivita.com\/pt\/politica-de-privacidade\/","og_site_name":"Famivita","article_modified_time":"2023-01-11T14:51:53+00:00","twitter_card":"summary_large_image","twitter_misc":{"Est. reading time":"5 minutes"},"schema":{"@context":"https:\/\/schema.org","@graph":[{"@type":"WebPage","@id":"https:\/\/www.famivita.com\/pt\/politica-de-privacidade\/","url":"https:\/\/www.famivita.com\/pt\/politica-de-privacidade\/","name":"Pol\u00edtica de Privacidade | Famivita","isPartOf":{"@id":"https:\/\/www.famivita.com\/#website","sameAs":["https:\/\/www.instagram.com\/famivita\/","https:\/\/www.facebook.com\/famivita\/","https:\/\/www.youtube.com\/user\/trocandofraldasyt","https:\/\/api.whatsapp.com\/send\/?phone=5511917837433"]},"datePublished":"2015-08-26T20:26:42+00:00","dateModified":"2023-01-11T14:51:53+00:00","breadcrumb":{"@id":"https:\/\/www.famivita.com\/pt\/politica-de-privacidade\/#breadcrumb"},"inLanguage":"en-US","potentialAction":[{"@type":"ReadAction","target":["https:\/\/www.famivita.com\/pt\/politica-de-privacidade\/"]}],"about":{"@type":"Organization","@id":"https:\/\/www.famivita.com.br\/#organization","name":"Famivita","logo":"https:\/\/www.famivita.com.br\/wp-content\/themes\/storefront-child\/header_footer_html\/images\/logo_mobile2.svg","url":"https:\/\/www.famivita.com.br\/","address":{"@type":"PostalAddress","streetAddress":"Rua Benedito Fernandes, 545, Santo Amaro","addressLocality":"S\u00e3o Paulo","addressRegion":"S\u00e3o Paulo","postalCode":"04746-110","addressCountry":{"@type":"Country","name":"BR"}}}},{"@type":"BreadcrumbList","@id":"https:\/\/www.famivita.com\/pt\/politica-de-privacidade\/#breadcrumb","itemListElement":[{"@type":"ListItem","position":1,"name":"In\u00edcio","item":"https:\/\/www.famivita.com\/"},{"@type":"ListItem","position":2,"name":"Pol\u00edtica de Privacidade"}]},{"@type":"WebSite","@id":"https:\/\/www.famivita.com\/#website","url":"https:\/\/www.famivita.com\/","name":"Famivita","description":"","potentialAction":[{"@type":"SearchAction","target":{"@type":"EntryPoint","urlTemplate":"https:\/\/www.famivita.com\/?s={search_term_string}"},"query-input":{"@type":"PropertyValueSpecification","valueRequired":true,"valueName":"search_term_string"}}],"inLanguage":"en-US"}]}},"_links":{"self":[{"href":"https:\/\/www.famivita.com\/es\/wp-json\/wp\/v2\/pages\/12483","targetHints":{"allow":["GET"]}}],"collection":[{"href":"https:\/\/www.famivita.com\/es\/wp-json\/wp\/v2\/pages"}],"about":[{"href":"https:\/\/www.famivita.com\/es\/wp-json\/wp\/v2\/types\/page"}],"author":[{"embeddable":true,"href":"https:\/\/www.famivita.com\/es\/wp-json\/wp\/v2\/users\/2"}],"replies":[{"embeddable":true,"href":"https:\/\/www.famivita.com\/es\/wp-json\/wp\/v2\/comments?post=12483"}],"version-history":[{"count":14,"href":"https:\/\/www.famivita.com\/es\/wp-json\/wp\/v2\/pages\/12483\/revisions"}],"predecessor-version":[{"id":157548,"href":"https:\/\/www.famivita.com\/es\/wp-json\/wp\/v2\/pages\/12483\/revisions\/157548"}],"wp:attachment":[{"href":"https:\/\/www.famivita.com\/es\/wp-json\/wp\/v2\/media?parent=12483"}],"curies":[{"name":"wp","href":"https:\/\/api.w.org\/{rel}","templated":true}]}}