{"id":13245,"date":"2015-09-23T17:46:03","date_gmt":"2015-09-23T20:46:03","guid":{"rendered":"http:\/\/www.trocandofraldas.com.br\/?page_id=13245"},"modified":"2024-08-29T15:51:00","modified_gmt":"2024-08-29T18:51:00","slug":"termos-e-condicoes","status":"publish","type":"page","link":"https:\/\/www.famivita.com\/es\/termos-e-condicoes\/","title":{"rendered":"Termos e Condi\u00e7\u00f5es"},"content":{"rendered":"<p class=\"align-justify\">\u00daltima Atualiza\u00e7\u00e3o: 15.11.2021<\/p>\n<p class=\"align-justify\">Estes Termos e Condi\u00e7\u00f5es apresentam todas as regras aplic\u00e1veis ao uso de conte\u00fado e servi\u00e7os do portal Famivita Cont\u00e9udos, que faz parte da empresas Progresso Internet GbR, Eichelbergring 52, 63654 Buedingen, Alemanha e Famivita Com\u00e9rcio de Produtos para Sa\u00fade Ltda., inscrita no CNPJ 23.583.042\/0001-06, com sede na RUA CERRO COR\u00c1, 1254, VILA ROMANA, S\u00c3O PAULO &#8211; SP, CEP: 05061-200, doravante denominada Famivita Cont\u00e9udos. Quem usa \u00e9 considerado Usu\u00e1rio. Ambos aceitam e concordam com as pol\u00edticas e os princ\u00edpios do presente instrumento.<\/p>\n<p class=\"align-justify\">Estes Termos e Condi\u00e7\u00f5es s\u00e3o sujeito a altera\u00e7\u00f5es e complementa\u00e7\u00f5es que ser\u00e3o indicados mediante data de atualiza\u00e7\u00e3o e precisam ser conferidos pelos Usu\u00e1rios periodicamente. O uso cont\u00ednuo da Famivita Cont\u00e9udos implica a anu\u00eancia das altera\u00e7\u00f5es e complementa\u00e7\u00f5es.<\/p>\n<p class=\"align-justify\">Usu\u00e1rios menores de idade podem fazer uso da Famivita Cont\u00e9udos desde que sejam corretamente assistidos ou representados pelos respons\u00e1veis que assumem a responsabilidade pelos atos dos menores.<\/p>\n<h2>Conte\u00fado<\/h2>\n<p class=\"align-justify\">S\u00e3o considerados conte\u00fado da Famivita Cont\u00e9udos: posts, not\u00edcias, informa\u00e7\u00f5es, v\u00eddeos, sons, gr\u00e1ficos, e-book, ferramentas, imagens e tamb\u00e9m coment\u00e1riosfornecidos por Usu\u00e1rios. A equipe se esfor\u00e7a para manter este conte\u00fado exato, completo e atualizado, mas n\u00e3o pode garantir o cumprimento destas diretrizes a todo momento.<\/p>\n<p class=\"align-justify\">Enfatiza-se que nenhum conte\u00fado fornecido neste site pode substituir recomenda\u00e7\u00f5es, consultas ou servi\u00e7os de m\u00e9dicos e outros profissionais capacitados, mas tem o intuito de dar assist\u00eancia educacional de forma geral. De forma alguma, o conte\u00fado serve para fazer diagn\u00f3sticos ou indicar tratamentos para problemas e contextos de qualquer natureza que sejam. \u00c9 imperativo procurar a assist\u00eancia de um m\u00e9dico ou outro profissional capacitado para estes fins. Estas ressalvas de responsabilidade podem ter complementa\u00e7\u00f5es espec\u00edficas nas p\u00e1ginas deste site.<\/p>\n<p class=\"align-justify\">Famivita Cont\u00e9udos n\u00e3o \u00e9 obrigado a realizar an\u00e1lises pr\u00e9via de conte\u00fado fornecido por Usu\u00e1rios ou terceiros. O conte\u00fado do site, inclusive aquele fornecido por Usu\u00e1rios ou terceiros, pode ser alterado ou removido a qualquer momento e sem pr\u00e9via comunica\u00e7\u00e3o aos mesmos. Famivita Cont\u00e9udos n\u00e3o se responsabiliza por erros ou pela demora na remo\u00e7\u00e3o de conte\u00fado incorreto, ilegal ou censur\u00e1vel do site proveniente de Usu\u00e1rios ou terceiros, mas se esfor\u00e7a a realiz\u00e1-lo da forma mais r\u00e1pida e exata poss\u00edvel.<\/p>\n<p class=\"align-justify\">O Usu\u00e1rio \u00e9 responsavel por todo e qualquer conte\u00fado que ele envia ou posta e declara que o conte\u00fado n\u00e3o \u00e9 confidencial; que ele possui os direitos necess\u00e1rios para envio ou postagem relativo a ele; que concede uma licen\u00e7a mundial, n\u00e3o-exclusiva, perp\u00e9tua, totalmente pass\u00edvel de sublicen\u00e7a, livre de royalties para uso, reprodu\u00e7\u00e3o, modifica\u00e7\u00e3o, adapta\u00e7\u00e3o, publica\u00e7\u00e3o, tradu\u00e7\u00e3o, cria\u00e7\u00e3o de obras derivadas, distribui\u00e7\u00e3o, execu\u00e7\u00e3o e exibi\u00e7\u00e3o dele inteiro ou em parte; que aceita todos os atos ou omiss\u00f5es com rela\u00e7\u00e3o a seus direitos morais nele que em outro contexto poderiam constituir uma viola\u00e7\u00e3o ou infra\u00e7\u00e3o a tais direitos morais; e que desiste de todos os seus direitos morais sobre o conte\u00fado, onde for poss\u00edvel.<\/p>\n<p class=\"align-justify\">Explicitamente, o Usu\u00e1rio concorda em n\u00e3o enviar ou postar conte\u00fado nocivo, abusivo, ilegal, ofensivo, perturbador, il\u00edcito, amea\u00e7ador, obsceno, difamat\u00f3rio ou invasivo \u00e0 privacidade; infringente de segredos de neg\u00f3cio, patentes, direitos autorais ou marcas; e promovedor de propaganda n\u00e3o autorizada, de spam ou com finalidade de mensagens de grande quantidade n\u00e3o solicitadas.<\/p>\n<p class=\"align-justify\">Famivita Cont\u00e9udos n\u00e3o garante que a disponibilidade do seu conte\u00fado fora do Brasil ou que seja apropriado nestas localidades, isentando-se de qualquer responsabilidade de acessos efetuados naqueles lugares.<\/p>\n<h2>Propriedade Intelectual<\/h2>\n<p class=\"align-justify\">O Usu\u00e1rio concorda que o site www.famivita.com\/es assim como os logotipos, marcas, ins\u00edgnias, fotos, imagens, descri\u00e7\u00f5es, textos, &#8220;layout&#8221;, s\u00edmbolos, sinais distintivos, manual(ais) e quaisquer outros materiais relacionados constituem direitos autorais e direitos de propriedade da Famivita Cont\u00e9udos ou seus licenciadores. Estes direitos s\u00e3o protegidos pelas legisla\u00e7\u00f5es nacional e internacional referente \u00e0 propriedade intelectual.<\/p>\n<p class=\"align-justify\">A reprodu\u00e7\u00e3o, a modifica\u00e7\u00e3o, a cria\u00e7\u00e3o de trabalhos derivados, a distribui\u00e7\u00e3o, a exibi\u00e7\u00e3o ou qualquer outra maneira de utiliza\u00e7\u00e3o do conte\u00fado, principalmente para fins comerciais, s\u00e3o terminantemente vedadas ao Usu\u00e1rio deste Site sem a pr\u00e9via autoriza\u00e7\u00e3o pela Famivita Cont\u00e9udos.<\/p>\n<p class=\"align-justify\">Caso o Usu\u00e1rio transmitir ideias ou sugest\u00f5es relativas aos servi\u00e7os da Famivita Cont\u00e9udos, ele consente com sua utiliza\u00e7\u00e3o para fins comerciais pela Famivita Cont\u00e9udos ou por terceiro e aceita n\u00e3o ser compensado pelo ato.<\/p>\n<h2>Disposi\u00e7\u00f5es Gerais<\/h2>\n<p class=\"align-justify\">O uso de software ou sistemas com finalidade de extra\u00e7\u00e3o e exibi\u00e7\u00e3o de informa\u00e7\u00f5es e dados deste site de onde for que seja sem anu\u00eancia da Famivita Cont\u00e9udos \u00e9 considerado ilegal.<\/p>\n<p class=\"align-justify\">Este site n\u00e3o pode garantir explicita ou implicitamente a n\u00e3o viola\u00e7\u00e3o de direitos de terceiros ou aus\u00eancia de v\u00edrus de computador.<\/p>\n<p class=\"align-justify\">Estes Termos e Condi\u00e7\u00f5es tem signific\u00e2ncia superior a quaisquer acordos verbais ou escritos em rela\u00e7\u00e3o a Usu\u00e1rios. Se uma poss\u00edvel desaven\u00e7a n\u00e3o possa ser resolvida, as partes submetem tal desaven\u00e7a a um mediador independente, com conhecimento t\u00e9cnico da mat\u00e9ria, com prop\u00f3sito de alcan\u00e7ar um acordo dentro de 30 dias. Se a desaven\u00e7a persistir, as partes devem dirimi-la sob aplica\u00e7\u00e3o das leis brasileiras no foro da Comarca da Capital do Estado de S\u00e3o Paulo, com ren\u00fancia expressa de qualquer outro.<\/p>\n<p class=\"align-justify\">Se uma disposi\u00e7\u00e3o ou cl\u00e1usula destes Termos e Condi\u00e7\u00f5es for declarada inv\u00e1lida, isto n\u00e3o invalida as disposi\u00e7\u00f5es e cl\u00e1usulas restantes.<\/p>\n<p class=\"align-justify\">O Usu\u00e1rio isenta a Famivita Cont\u00e9udos, seus diretores, funcion\u00e1rios, agentes e afiliados de toda e qualquer responsabilidade, despesas de todo tipo (como p.ex. jur\u00eddicos), queixas, perdas e preju\u00edzos relativos a sua pr\u00f3prio infra\u00e7\u00e3o destes Termos e Condi\u00e7\u00f5es ou a seus conte\u00fados enviados ou postados neste site.<\/p>\n<p class=\"align-justify\">O Usu\u00e1rio n\u00e3o responsabiliza de forma alguma a Famivita Cont\u00e9udos por sua incapacidade de uso do site, acessos n\u00e3o autorizados \u00e0s suas informa\u00e7\u00f5es pessoais, gastos com a aquisi\u00e7\u00e3o de produtos e servi\u00e7os no site ou em endere\u00e7os alternativos, atos de terceiros e qualquer outra ocorr\u00eancia relativo ao site. Isto independe de tipo de danos e modalidade de sua incid\u00eancia, mesmo em casos de pr\u00e9vio aviso da possibilidade de danos.<\/p>\n","protected":false},"excerpt":{"rendered":"<p>\u00daltima Atualiza\u00e7\u00e3o: 15.11.2021 Estes Termos e Condi\u00e7\u00f5es apresentam todas as regras aplic\u00e1veis ao uso de conte\u00fado e servi\u00e7os do portal Famivita Cont\u00e9udos, que faz parte da empresas Progresso Internet GbR, Eichelbergring 52, 63654 Buedingen, Alemanha e Famivita Com\u00e9rcio de Produtos para Sa\u00fade Ltda., inscrita no CNPJ 23.583.042\/0001-06, com sede na RUA CERRO COR\u00c1, 1254, VILA [&hellip;]<\/p>\n","protected":false},"author":2,"featured_media":0,"parent":0,"menu_order":0,"comment_status":"closed","ping_status":"closed","template":"","meta":{"_acf_changed":false,"footnotes":""},"class_list":["post-13245","page","type-page","status-publish","hentry"],"acf":[],"yoast_head":"<!-- This site is optimized with the Yoast SEO plugin v25.2 - https:\/\/yoast.com\/wordpress\/plugins\/seo\/ -->\n<title>Termos e Condi\u00e7\u00f5es | Famivita<\/title>\n<meta name=\"robots\" content=\"noindex, follow\" \/>\n<meta property=\"og:locale\" content=\"en_US\" \/>\n<meta property=\"og:type\" content=\"article\" \/>\n<meta property=\"og:title\" content=\"Termos e Condi\u00e7\u00f5es | Famivita\" \/>\n<meta property=\"og:description\" content=\"\u00daltima Atualiza\u00e7\u00e3o: 15.11.2021 Estes Termos e Condi\u00e7\u00f5es apresentam todas as regras aplic\u00e1veis ao uso de conte\u00fado e servi\u00e7os do portal Famivita Cont\u00e9udos, que faz parte da empresas Progresso Internet GbR, Eichelbergring 52, 63654 Buedingen, Alemanha e Famivita Com\u00e9rcio de Produtos para Sa\u00fade Ltda., inscrita no CNPJ 23.583.042\/0001-06, com sede na RUA CERRO COR\u00c1, 1254, VILA [&hellip;]\" \/>\n<meta property=\"og:url\" content=\"https:\/\/www.famivita.com\/pt\/termos-e-condicoes\/\" \/>\n<meta property=\"og:site_name\" content=\"Famivita\" \/>\n<meta property=\"article:modified_time\" content=\"2024-08-29T18:51:00+00:00\" \/>\n<meta name=\"twitter:card\" content=\"summary_large_image\" \/>\n<meta name=\"twitter:label1\" content=\"Est. reading time\" \/>\n\t<meta name=\"twitter:data1\" content=\"6 minutes\" \/>\n<script type=\"application\/ld+json\" class=\"yoast-schema-graph\">{\"@context\":\"https:\/\/schema.org\",\"@graph\":[{\"@type\":\"WebPage\",\"@id\":\"https:\/\/www.famivita.com\/pt\/termos-e-condicoes\/\",\"url\":\"https:\/\/www.famivita.com\/pt\/termos-e-condicoes\/\",\"name\":\"Termos e Condi\u00e7\u00f5es | Famivita\",\"isPartOf\":{\"@id\":\"https:\/\/www.famivita.com\/#website\",\"sameAs\":[\"https:\/\/www.instagram.com\/famivita\/\",\"https:\/\/www.facebook.com\/famivita\/\",\"https:\/\/www.youtube.com\/user\/trocandofraldasyt\",\"https:\/\/api.whatsapp.com\/send\/?phone=5511917837433\"]},\"datePublished\":\"2015-09-23T20:46:03+00:00\",\"dateModified\":\"2024-08-29T18:51:00+00:00\",\"breadcrumb\":{\"@id\":\"https:\/\/www.famivita.com\/pt\/termos-e-condicoes\/#breadcrumb\"},\"inLanguage\":\"en-US\",\"potentialAction\":[{\"@type\":\"ReadAction\",\"target\":[\"https:\/\/www.famivita.com\/pt\/termos-e-condicoes\/\"]}],\"about\":{\"@type\":\"Organization\",\"@id\":\"https:\/\/www.famivita.com.br\/#organization\",\"name\":\"Famivita\",\"logo\":\"https:\/\/www.famivita.com.br\/wp-content\/themes\/storefront-child\/header_footer_html\/images\/logo_mobile2.svg\",\"url\":\"https:\/\/www.famivita.com.br\/\",\"address\":{\"@type\":\"PostalAddress\",\"streetAddress\":\"Rua Benedito Fernandes, 545, Santo Amaro\",\"addressLocality\":\"S\u00e3o Paulo\",\"addressRegion\":\"S\u00e3o Paulo\",\"postalCode\":\"04746-110\",\"addressCountry\":{\"@type\":\"Country\",\"name\":\"BR\"}}}},{\"@type\":\"BreadcrumbList\",\"@id\":\"https:\/\/www.famivita.com\/pt\/termos-e-condicoes\/#breadcrumb\",\"itemListElement\":[{\"@type\":\"ListItem\",\"position\":1,\"name\":\"In\u00edcio\",\"item\":\"https:\/\/www.famivita.com\/\"},{\"@type\":\"ListItem\",\"position\":2,\"name\":\"Termos e Condi\u00e7\u00f5es\"}]},{\"@type\":\"WebSite\",\"@id\":\"https:\/\/www.famivita.com\/#website\",\"url\":\"https:\/\/www.famivita.com\/\",\"name\":\"Famivita\",\"description\":\"\",\"potentialAction\":[{\"@type\":\"SearchAction\",\"target\":{\"@type\":\"EntryPoint\",\"urlTemplate\":\"https:\/\/www.famivita.com\/?s={search_term_string}\"},\"query-input\":{\"@type\":\"PropertyValueSpecification\",\"valueRequired\":true,\"valueName\":\"search_term_string\"}}],\"inLanguage\":\"en-US\"}]}<\/script>\n<!-- \/ Yoast SEO plugin. -->","yoast_head_json":{"title":"Termos e Condi\u00e7\u00f5es | Famivita","robots":{"index":"noindex","follow":"follow"},"og_locale":"en_US","og_type":"article","og_title":"Termos e Condi\u00e7\u00f5es | Famivita","og_description":"\u00daltima Atualiza\u00e7\u00e3o: 15.11.2021 Estes Termos e Condi\u00e7\u00f5es apresentam todas as regras aplic\u00e1veis ao uso de conte\u00fado e servi\u00e7os do portal Famivita Cont\u00e9udos, que faz parte da empresas Progresso Internet GbR, Eichelbergring 52, 63654 Buedingen, Alemanha e Famivita Com\u00e9rcio de Produtos para Sa\u00fade Ltda., inscrita no CNPJ 23.583.042\/0001-06, com sede na RUA CERRO COR\u00c1, 1254, VILA [&hellip;]","og_url":"https:\/\/www.famivita.com\/pt\/termos-e-condicoes\/","og_site_name":"Famivita","article_modified_time":"2024-08-29T18:51:00+00:00","twitter_card":"summary_large_image","twitter_misc":{"Est. reading time":"6 minutes"},"schema":{"@context":"https:\/\/schema.org","@graph":[{"@type":"WebPage","@id":"https:\/\/www.famivita.com\/pt\/termos-e-condicoes\/","url":"https:\/\/www.famivita.com\/pt\/termos-e-condicoes\/","name":"Termos e Condi\u00e7\u00f5es | Famivita","isPartOf":{"@id":"https:\/\/www.famivita.com\/#website","sameAs":["https:\/\/www.instagram.com\/famivita\/","https:\/\/www.facebook.com\/famivita\/","https:\/\/www.youtube.com\/user\/trocandofraldasyt","https:\/\/api.whatsapp.com\/send\/?phone=5511917837433"]},"datePublished":"2015-09-23T20:46:03+00:00","dateModified":"2024-08-29T18:51:00+00:00","breadcrumb":{"@id":"https:\/\/www.famivita.com\/pt\/termos-e-condicoes\/#breadcrumb"},"inLanguage":"en-US","potentialAction":[{"@type":"ReadAction","target":["https:\/\/www.famivita.com\/pt\/termos-e-condicoes\/"]}],"about":{"@type":"Organization","@id":"https:\/\/www.famivita.com.br\/#organization","name":"Famivita","logo":"https:\/\/www.famivita.com.br\/wp-content\/themes\/storefront-child\/header_footer_html\/images\/logo_mobile2.svg","url":"https:\/\/www.famivita.com.br\/","address":{"@type":"PostalAddress","streetAddress":"Rua Benedito Fernandes, 545, Santo Amaro","addressLocality":"S\u00e3o Paulo","addressRegion":"S\u00e3o Paulo","postalCode":"04746-110","addressCountry":{"@type":"Country","name":"BR"}}}},{"@type":"BreadcrumbList","@id":"https:\/\/www.famivita.com\/pt\/termos-e-condicoes\/#breadcrumb","itemListElement":[{"@type":"ListItem","position":1,"name":"In\u00edcio","item":"https:\/\/www.famivita.com\/"},{"@type":"ListItem","position":2,"name":"Termos e Condi\u00e7\u00f5es"}]},{"@type":"WebSite","@id":"https:\/\/www.famivita.com\/#website","url":"https:\/\/www.famivita.com\/","name":"Famivita","description":"","potentialAction":[{"@type":"SearchAction","target":{"@type":"EntryPoint","urlTemplate":"https:\/\/www.famivita.com\/?s={search_term_string}"},"query-input":{"@type":"PropertyValueSpecification","valueRequired":true,"valueName":"search_term_string"}}],"inLanguage":"en-US"}]}},"_links":{"self":[{"href":"https:\/\/www.famivita.com\/es\/wp-json\/wp\/v2\/pages\/13245","targetHints":{"allow":["GET"]}}],"collection":[{"href":"https:\/\/www.famivita.com\/es\/wp-json\/wp\/v2\/pages"}],"about":[{"href":"https:\/\/www.famivita.com\/es\/wp-json\/wp\/v2\/types\/page"}],"author":[{"embeddable":true,"href":"https:\/\/www.famivita.com\/es\/wp-json\/wp\/v2\/users\/2"}],"replies":[{"embeddable":true,"href":"https:\/\/www.famivita.com\/es\/wp-json\/wp\/v2\/comments?post=13245"}],"version-history":[{"count":14,"href":"https:\/\/www.famivita.com\/es\/wp-json\/wp\/v2\/pages\/13245\/revisions"}],"predecessor-version":[{"id":160609,"href":"https:\/\/www.famivita.com\/es\/wp-json\/wp\/v2\/pages\/13245\/revisions\/160609"}],"wp:attachment":[{"href":"https:\/\/www.famivita.com\/es\/wp-json\/wp\/v2\/media?parent=13245"}],"curies":[{"name":"wp","href":"https:\/\/api.w.org\/{rel}","templated":true}]}}