{"id":52,"date":"2012-10-18T19:54:02","date_gmt":"2012-10-18T22:54:02","guid":{"rendered":"http:\/\/www.trocandofraldas.com.br\/?page_id=52"},"modified":"2022-09-05T16:27:42","modified_gmt":"2022-09-05T19:27:42","slug":"sobre-mim","status":"publish","type":"page","link":"https:\/\/www.famivita.com\/es\/sobre-mim\/","title":{"rendered":"Sobre Famivita Conte\u00fados"},"content":{"rendered":"<section id=\"sobre_particia\" class=\"sobre\">\n<div class=\"row\">\n<div class=\"col-xs-12 col-md-12\">\n<div class=\"sobre-title\">Sobre Patricia<\/div>\n<div class=\"sobre-content\">\n<div class=\"caption\"><img decoding=\"async\" src=\"https:\/\/www.famivita.com\/es\/wp-content\/uploads\/Patricia-225x300.png\" alt=\"\"\/><\/p>\n<div class=\"caption-title\">Meu nome \u00e9 Patr\u00edcia<br \/>\nAmorim tenho 42 anos<\/div>\n<\/p><\/div>\n<p>\t\t\tMeu nome \u00e9 Patr\u00edcia Amorim tenho 42 anos, sou mam\u00e3e de 3 crian\u00e7as lindas! Idades diferentes, fases diferentes 20 anos, 15 anos e 11 anos. Apaixonada por maternidade desde sempre, encontrei dificuldades para realiza\u00e7\u00e3o dos meus sonhos, e tamb\u00e9m algumas mais depois de j\u00e1 ser mam\u00e3e. Em 2012 comecei a relatar minhas experi\u00eancias e as historias de como engravidei e como era a minha rotina, os problemas que tive e outros que outras meninas possam vir a ter em uma gravidez ou mesmo se est\u00e3o tentando engravidar. Na \u00e9poca meu blog se chamava Trocando Fraldas e os posts sobre assuntos diversos de maternidade conquistaram, para minha surpresa, rapidamente um p\u00fablico grande. <\/p>\n<p>Quando o site foi chegando nos quase 3 milh\u00f5es de visitas mensais que ele tem hoje, come\u00e7ou a se transformar em um portal informativo mais completo e come\u00e7amos a desenvolver a linda de produtos da Famivita. Hoje, em 2022, o Trocando Fraldas encontrou uma nova casa na pr\u00f3pria com a se\u00e7\u00e3o Conte\u00fados. Espero que voc\u00eas continuem desfrutando ;)<\/p>\n<p>Desde que me imaginava sendo m\u00e3e, em meus pensamentos tudo parecia ser muito mais f\u00e1cil e simples do que realmente foi, esperava j\u00e1 engravidar assim que desejasse, mas n\u00e3o foi t\u00e3o simples assim. A primeira gravidez foi tranquila, por\u00e9m o nascimento da minha filha foi bem conturbado. Joana nasceu em 2002 com peso de 2930kg e 45cm, de um parto cesariana muito tranquilo por\u00e9m ela j\u00e1 havia nascido com pneumonia cong\u00eanita devido a uma bolsa rota n\u00e3o tratada com antibi\u00f3ticos ainda antes do parto.<\/p>\n<p>Com o nascimento da primeira filha vieram as primeiras descobertas de todos os sentimentos poss\u00edveis como m\u00e3e e tamb\u00e9m as noites em claro, cuidados com o beb\u00ea. Erros e acertos que fazem parte de toda nova experi\u00eancia e claro, tudo com muito amor, carinho e atrapalhadas que fazem parte da minha personalidade.<\/p>\n<p>Exatamente 4 anos e meio depois nascia Dudu com 3800kg e 53cm \u00e1s 42 semanas de gesta\u00e7\u00e3o, meu filho que j\u00e1 esta um rapaz super esperto, amoroso e t\u00e3o distra\u00eddo\u2026 uma figura de crian\u00e7a! Por\u00e9m desta vez n\u00e3o foi t\u00e3o simples assim conseguir a gravidez, aqui no blog conto tamb\u00e9m como foi a jornada at\u00e9 conseguir engravidar, pois foram praticamente 3 anos de tentativas. Nessa \u00e9poca foi que me tornei uma tentante de fato e ainda nem sabia!<\/p>\n<p>Alguns anos depois a Melissa veio cheia de sa\u00fade ap\u00f3s uma gravidez repleta de cuidados e riscos por conta de uma press\u00e3o alta que persistiu at\u00e9 o ultimo m\u00eas de gravidez. Enfim ela nasceu \u00e1s 40 semanas de gravidez com 3540kg e 47 cm, linda e muito calminha. Minha princesa \u00e9 a mais doce das crian\u00e7as&#8230;<\/p>\n<p><img loading=\"lazy\" decoding=\"async\" class=\"alignright size-full wp-image-730\" title=\"direitos_autoriais\" src=\"https:\/\/www.famivita.com\/es\/wp-content\/uploads\/direitos_autoriais.jpg\" alt=\"\" width=\"629\" height=\"72\" srcset=\"https:\/\/www.famivita.com\/es\/wp-content\/uploads\/direitos_autoriais.jpg 629w, https:\/\/www.famivita.com\/es\/wp-content\/uploads\/direitos_autoriais-500x57.jpg 500w, https:\/\/www.famivita.com\/es\/wp-content\/uploads\/direitos_autoriais-300x34.jpg 300w\" sizes=\"auto, (max-width: 629px) 100vw, 629px\" \/>\n\t\t<\/div>\n<\/p><\/div>\n<\/section>\n<div id=\"webpki_lacunasoftware_com\" class=\"webpki_lacunasoftware_com\" style=\"display: none;\"><\/div>\n","protected":false},"excerpt":{"rendered":"<p>Sobre Patricia Meu nome \u00e9 Patr\u00edcia Amorim tenho 42 anos Meu nome \u00e9 Patr\u00edcia Amorim tenho 42 anos, sou mam\u00e3e de 3 crian\u00e7as lindas! Idades diferentes, fases diferentes 20 anos, 15 anos e 11 anos. Apaixonada por maternidade desde sempre, encontrei dificuldades para realiza\u00e7\u00e3o dos meus sonhos, e tamb\u00e9m algumas mais depois de j\u00e1 ser [&hellip;]<\/p>\n","protected":false},"author":471399,"featured_media":343,"parent":0,"menu_order":0,"comment_status":"closed","ping_status":"closed","template":"page-templates\/common-tab.php","meta":{"_acf_changed":false,"footnotes":""},"class_list":["post-52","page","type-page","status-publish","has-post-thumbnail","hentry"],"acf":[],"yoast_head":"<!-- This site is optimized with the Yoast SEO plugin v25.2 - https:\/\/yoast.com\/wordpress\/plugins\/seo\/ -->\n<title>Sobre Famivita Conte\u00fados | Famivita<\/title>\n<meta name=\"robots\" content=\"noindex, follow, max-snippet:-1, max-image-preview:large, max-video-preview:-1\" \/>\n<meta property=\"og:locale\" content=\"en_US\" \/>\n<meta property=\"og:type\" content=\"article\" \/>\n<meta property=\"og:title\" content=\"Sobre Famivita Conte\u00fados | Famivita\" \/>\n<meta property=\"og:description\" content=\"Sobre Patricia Meu nome \u00e9 Patr\u00edcia Amorim tenho 42 anos Meu nome \u00e9 Patr\u00edcia Amorim tenho 42 anos, sou mam\u00e3e de 3 crian\u00e7as lindas! Idades diferentes, fases diferentes 20 anos, 15 anos e 11 anos. Apaixonada por maternidade desde sempre, encontrei dificuldades para realiza\u00e7\u00e3o dos meus sonhos, e tamb\u00e9m algumas mais depois de j\u00e1 ser [&hellip;]\" \/>\n<meta property=\"og:url\" content=\"https:\/\/www.famivita.com\/pt\/sobre-mim\/\" \/>\n<meta property=\"og:site_name\" content=\"Famivita\" \/>\n<meta property=\"article:modified_time\" content=\"2022-09-05T19:27:42+00:00\" \/>\n<meta property=\"og:image\" content=\"https:\/\/www.famivita.com\/pt\/wp-content\/uploads\/Patricia.png\" \/>\n\t<meta property=\"og:image:width\" content=\"604\" \/>\n\t<meta property=\"og:image:height\" content=\"804\" \/>\n\t<meta property=\"og:image:type\" content=\"image\/png\" \/>\n<meta name=\"twitter:card\" content=\"summary_large_image\" \/>\n<meta name=\"twitter:label1\" content=\"Est. reading time\" \/>\n\t<meta name=\"twitter:data1\" content=\"2 minutes\" \/>\n<script type=\"application\/ld+json\" class=\"yoast-schema-graph\">{\"@context\":\"https:\/\/schema.org\",\"@graph\":[{\"@type\":\"WebPage\",\"@id\":\"https:\/\/www.famivita.com\/pt\/sobre-mim\/\",\"url\":\"https:\/\/www.famivita.com\/pt\/sobre-mim\/\",\"name\":\"Sobre Famivita Conte\u00fados | Famivita\",\"isPartOf\":{\"@id\":\"https:\/\/www.famivita.com\/#website\",\"sameAs\":[\"https:\/\/www.instagram.com\/famivita\/\",\"https:\/\/www.facebook.com\/famivita\/\",\"https:\/\/www.youtube.com\/user\/trocandofraldasyt\",\"https:\/\/api.whatsapp.com\/send\/?phone=5511917837433\"]},\"primaryImageOfPage\":{\"@id\":\"https:\/\/www.famivita.com\/pt\/sobre-mim\/#primaryimage\"},\"image\":{\"@id\":\"https:\/\/www.famivita.com\/pt\/sobre-mim\/#primaryimage\"},\"thumbnailUrl\":\"https:\/\/www.famivita.com\/es\/wp-content\/uploads\/Patricia.png\",\"datePublished\":\"2012-10-18T22:54:02+00:00\",\"dateModified\":\"2022-09-05T19:27:42+00:00\",\"breadcrumb\":{\"@id\":\"https:\/\/www.famivita.com\/pt\/sobre-mim\/#breadcrumb\"},\"inLanguage\":\"en-US\",\"potentialAction\":[{\"@type\":\"ReadAction\",\"target\":[\"https:\/\/www.famivita.com\/pt\/sobre-mim\/\"]}],\"about\":{\"@type\":\"Organization\",\"@id\":\"https:\/\/www.famivita.com.br\/#organization\",\"name\":\"Famivita\",\"logo\":\"https:\/\/www.famivita.com.br\/wp-content\/themes\/storefront-child\/header_footer_html\/images\/logo_mobile2.svg\",\"url\":\"https:\/\/www.famivita.com.br\/\",\"address\":{\"@type\":\"PostalAddress\",\"streetAddress\":\"Rua Benedito Fernandes, 545, Santo Amaro\",\"addressLocality\":\"S\u00e3o Paulo\",\"addressRegion\":\"S\u00e3o Paulo\",\"postalCode\":\"04746-110\",\"addressCountry\":{\"@type\":\"Country\",\"name\":\"BR\"}}}},{\"@type\":\"ImageObject\",\"inLanguage\":\"en-US\",\"@id\":\"https:\/\/www.famivita.com\/pt\/sobre-mim\/#primaryimage\",\"url\":\"https:\/\/www.famivita.com\/es\/wp-content\/uploads\/Patricia.png\",\"contentUrl\":\"https:\/\/www.famivita.com\/es\/wp-content\/uploads\/Patricia.png\",\"width\":604,\"height\":804},{\"@type\":\"BreadcrumbList\",\"@id\":\"https:\/\/www.famivita.com\/pt\/sobre-mim\/#breadcrumb\",\"itemListElement\":[{\"@type\":\"ListItem\",\"position\":1,\"name\":\"In\u00edcio\",\"item\":\"https:\/\/www.famivita.com\/\"},{\"@type\":\"ListItem\",\"position\":2,\"name\":\"Sobre Famivita Conte\u00fados\"}]},{\"@type\":\"WebSite\",\"@id\":\"https:\/\/www.famivita.com\/#website\",\"url\":\"https:\/\/www.famivita.com\/\",\"name\":\"Famivita\",\"description\":\"\",\"potentialAction\":[{\"@type\":\"SearchAction\",\"target\":{\"@type\":\"EntryPoint\",\"urlTemplate\":\"https:\/\/www.famivita.com\/?s={search_term_string}\"},\"query-input\":{\"@type\":\"PropertyValueSpecification\",\"valueRequired\":true,\"valueName\":\"search_term_string\"}}],\"inLanguage\":\"en-US\"}]}<\/script>\n<!-- \/ Yoast SEO plugin. -->","yoast_head_json":{"title":"Sobre Famivita Conte\u00fados | Famivita","robots":{"index":"noindex","follow":"follow","max-snippet":"max-snippet:-1","max-image-preview":"max-image-preview:large","max-video-preview":"max-video-preview:-1"},"og_locale":"en_US","og_type":"article","og_title":"Sobre Famivita Conte\u00fados | Famivita","og_description":"Sobre Patricia Meu nome \u00e9 Patr\u00edcia Amorim tenho 42 anos Meu nome \u00e9 Patr\u00edcia Amorim tenho 42 anos, sou mam\u00e3e de 3 crian\u00e7as lindas! Idades diferentes, fases diferentes 20 anos, 15 anos e 11 anos. Apaixonada por maternidade desde sempre, encontrei dificuldades para realiza\u00e7\u00e3o dos meus sonhos, e tamb\u00e9m algumas mais depois de j\u00e1 ser [&hellip;]","og_url":"https:\/\/www.famivita.com\/pt\/sobre-mim\/","og_site_name":"Famivita","article_modified_time":"2022-09-05T19:27:42+00:00","og_image":[{"width":604,"height":804,"url":"https:\/\/www.famivita.com\/pt\/wp-content\/uploads\/Patricia.png","type":"image\/png"}],"twitter_card":"summary_large_image","twitter_misc":{"Est. reading time":"2 minutes"},"schema":{"@context":"https:\/\/schema.org","@graph":[{"@type":"WebPage","@id":"https:\/\/www.famivita.com\/pt\/sobre-mim\/","url":"https:\/\/www.famivita.com\/pt\/sobre-mim\/","name":"Sobre Famivita Conte\u00fados | Famivita","isPartOf":{"@id":"https:\/\/www.famivita.com\/#website","sameAs":["https:\/\/www.instagram.com\/famivita\/","https:\/\/www.facebook.com\/famivita\/","https:\/\/www.youtube.com\/user\/trocandofraldasyt","https:\/\/api.whatsapp.com\/send\/?phone=5511917837433"]},"primaryImageOfPage":{"@id":"https:\/\/www.famivita.com\/pt\/sobre-mim\/#primaryimage"},"image":{"@id":"https:\/\/www.famivita.com\/pt\/sobre-mim\/#primaryimage"},"thumbnailUrl":"https:\/\/www.famivita.com\/es\/wp-content\/uploads\/Patricia.png","datePublished":"2012-10-18T22:54:02+00:00","dateModified":"2022-09-05T19:27:42+00:00","breadcrumb":{"@id":"https:\/\/www.famivita.com\/pt\/sobre-mim\/#breadcrumb"},"inLanguage":"en-US","potentialAction":[{"@type":"ReadAction","target":["https:\/\/www.famivita.com\/pt\/sobre-mim\/"]}],"about":{"@type":"Organization","@id":"https:\/\/www.famivita.com.br\/#organization","name":"Famivita","logo":"https:\/\/www.famivita.com.br\/wp-content\/themes\/storefront-child\/header_footer_html\/images\/logo_mobile2.svg","url":"https:\/\/www.famivita.com.br\/","address":{"@type":"PostalAddress","streetAddress":"Rua Benedito Fernandes, 545, Santo Amaro","addressLocality":"S\u00e3o Paulo","addressRegion":"S\u00e3o Paulo","postalCode":"04746-110","addressCountry":{"@type":"Country","name":"BR"}}}},{"@type":"ImageObject","inLanguage":"en-US","@id":"https:\/\/www.famivita.com\/pt\/sobre-mim\/#primaryimage","url":"https:\/\/www.famivita.com\/es\/wp-content\/uploads\/Patricia.png","contentUrl":"https:\/\/www.famivita.com\/es\/wp-content\/uploads\/Patricia.png","width":604,"height":804},{"@type":"BreadcrumbList","@id":"https:\/\/www.famivita.com\/pt\/sobre-mim\/#breadcrumb","itemListElement":[{"@type":"ListItem","position":1,"name":"In\u00edcio","item":"https:\/\/www.famivita.com\/"},{"@type":"ListItem","position":2,"name":"Sobre Famivita Conte\u00fados"}]},{"@type":"WebSite","@id":"https:\/\/www.famivita.com\/#website","url":"https:\/\/www.famivita.com\/","name":"Famivita","description":"","potentialAction":[{"@type":"SearchAction","target":{"@type":"EntryPoint","urlTemplate":"https:\/\/www.famivita.com\/?s={search_term_string}"},"query-input":{"@type":"PropertyValueSpecification","valueRequired":true,"valueName":"search_term_string"}}],"inLanguage":"en-US"}]}},"_links":{"self":[{"href":"https:\/\/www.famivita.com\/es\/wp-json\/wp\/v2\/pages\/52","targetHints":{"allow":["GET"]}}],"collection":[{"href":"https:\/\/www.famivita.com\/es\/wp-json\/wp\/v2\/pages"}],"about":[{"href":"https:\/\/www.famivita.com\/es\/wp-json\/wp\/v2\/types\/page"}],"author":[{"embeddable":true,"href":"https:\/\/www.famivita.com\/es\/wp-json\/wp\/v2\/users\/471399"}],"replies":[{"embeddable":true,"href":"https:\/\/www.famivita.com\/es\/wp-json\/wp\/v2\/comments?post=52"}],"version-history":[{"count":13,"href":"https:\/\/www.famivita.com\/es\/wp-json\/wp\/v2\/pages\/52\/revisions"}],"predecessor-version":[{"id":154879,"href":"https:\/\/www.famivita.com\/es\/wp-json\/wp\/v2\/pages\/52\/revisions\/154879"}],"wp:featuredmedia":[{"embeddable":true,"href":"https:\/\/www.famivita.com\/es\/wp-json\/wp\/v2\/media\/343"}],"wp:attachment":[{"href":"https:\/\/www.famivita.com\/es\/wp-json\/wp\/v2\/media?parent=52"}],"curies":[{"name":"wp","href":"https:\/\/api.w.org\/{rel}","templated":true}]}}