{"id":5877,"date":"2014-09-19T13:02:45","date_gmt":"2014-09-19T16:02:45","guid":{"rendered":"http:\/\/www.trocandofraldas.com.br\/?page_id=5877"},"modified":"2023-10-02T04:22:48","modified_gmt":"2023-10-02T07:22:48","slug":"ebook-como-engravidar-de-patricia-amorim","status":"publish","type":"page","link":"https:\/\/www.famivita.com\/es\/ebook-como-engravidar-de-patricia-amorim\/","title":{"rendered":"eBook &#8220;Como Engravidar&#8221; de Patricia Amorim"},"content":{"rendered":"<p><img loading=\"lazy\" decoding=\"async\" class=\"alignleft wp-image-17146\" src=\"https:\/\/www.famivita.com\/es\/wp-content\/uploads\/capa-livro-como-engravidar-de-patricia-amorim.png\" alt=\"capa-livro-como-engravidar-de-patricia-amorim\" width=\"172\" height=\"172\" srcset=\"https:\/\/www.famivita.com\/es\/wp-content\/uploads\/capa-livro-como-engravidar-de-patricia-amorim.png 300w, https:\/\/www.famivita.com\/es\/wp-content\/uploads\/capa-livro-como-engravidar-de-patricia-amorim-200x200.png 200w, https:\/\/www.famivita.com\/es\/wp-content\/uploads\/capa-livro-como-engravidar-de-patricia-amorim-100x100.png 100w, https:\/\/www.famivita.com\/es\/wp-content\/uploads\/capa-livro-como-engravidar-de-patricia-amorim-90x90.png 90w, https:\/\/www.famivita.com\/es\/wp-content\/uploads\/capa-livro-como-engravidar-de-patricia-amorim-45x45.png 45w\" sizes=\"auto, (max-width: 172px) 100vw, 172px\" \/>Ol\u00e1 Tentantes,<\/p>\n<p class=\"align-justify\">Depois de sete anos de tentativas, adquirindo conhecimento e experi\u00eancia atrav\u00e9s de muitos estudos para que eu pudesse engravidar e quase dois anos compartilhando minha hist\u00f3ria como blogueira do \u201cTrocando Fraldas\u201d, resolvi resumir todo meu saber. E aqui est\u00e1 o resultado: um manual nada t\u00e9cnico, com linguagem simples e de f\u00e1cil entendimento. Ele tem como prop\u00f3sito passar conhecimento para mulheres simples, como eu e voc\u00ea, que querem e buscam apenas um \u00fanico resultado \u2013 a gravidez!<\/p>\n<hr \/>\n<h2>Cap\u00edtulos do eBook<\/h2>\n<ol style=\"font-size: 15px; font-weight: bold;\">\n<li><a title=\"Minha Trajet\u00f3ria de Tentante \u2013 Cap\u00edtulo 1\" href=\"https:\/\/www.famivita.com\/es\/minha-trajetoria-de-tentante-capitulo-1\/\">Minha Trajet\u00f3ria de Tentante<\/a><\/li>\n<li><a title=\"T\u00e9cnicas de Tentantes, Muco, Temperatura e Problemas\" href=\"https:\/\/www.famivita.com\/es\/tecnicas-de-tentantes-muco-temperatura-e-problemas-que-podem-surgir-capitulo-2\/\">T\u00e9cnicas de Tentantes, Muco, Temperatura e Problemas Que Podem Surgir<\/a>\n<ul style=\"font-size: 14px; font-weight: normal;\">\n<li><a title=\"Per\u00edodo F\u00e9rtil\" href=\"https:\/\/www.famivita.com\/es\/tecnicas-de-tentantes-muco-temperatura-e-problemas-que-podem-surgir-capitulo-2\/#2.1\">Como Calcular o Per\u00edodo F\u00e9rtil?<\/a><\/li>\n<li><a title=\"M\u00e9todos de Detec\u00e7\u00e3o\" href=\"https:\/\/www.famivita.com\/es\/tecnicas-de-tentantes-muco-temperatura-e-problemas-que-podem-surgir-capitulo-2\/#2.2\">M\u00e9todos de Detec\u00e7\u00e3o<\/a><\/li>\n<li><a title=\"Problemas Comuns\" href=\"https:\/\/www.famivita.com\/es\/tecnicas-de-tentantes-muco-temperatura-e-problemas-que-podem-surgir-capitulo-2\/#2.3\">Problemas Comuns<\/a><\/li>\n<\/ul>\n<\/li>\n<li><a title=\"Truques e Dicas para Facilitar a Gravidez\" href=\"https:\/\/www.famivita.com\/es\/truques-e-dicas-para-facilitar-gravidez-capitulo-3\/\">Truques e Dicas para Facilitar a Gravidez<\/a><\/li>\n<li><a title=\"O Que Pode Atrapalhar\" href=\"https:\/\/www.famivita.com\/es\/o-que-pode-atrapalhar-capitulo-4\/\">O Que Pode Atrapalhar<\/a>\n<ul style=\"font-size: 14px; font-weight: normal;\">\n<li><a title=\"Rela\u00e7\u00e3o Sexual\" href=\"https:\/\/www.famivita.com\/es\/o-que-pode-atrapalhar-capitulo-4\/#4.1\">Rela\u00e7\u00e3o Sexual<\/a><\/li>\n<li><a title=\"Fator Tempo\" href=\"https:\/\/www.famivita.com\/es\/o-que-pode-atrapalhar-capitulo-4\/#4.2\">Fator Tempo<\/a><\/li>\n<li><a title=\"Psicol\u00f3gico\" href=\"https:\/\/www.famivita.com\/es\/o-que-pode-atrapalhar-capitulo-4\/#4.3\">Psicol\u00f3gico<\/a><\/li>\n<\/ul>\n<\/li>\n<li><a title=\"Doen\u00e7as e Tratamentos\" href=\"https:\/\/www.famivita.com\/es\/doencas-e-tratamentos-capitulo-5\/\">Doen\u00e7as e Tratamentos<\/a><\/li>\n<li><a title=\"Mitos e Verdades\" href=\"https:\/\/www.famivita.com\/es\/mitos-e-verdades-capitulo-6\/\">Mitos e Verdades<\/a><\/li>\n<li><a title=\"Como Reconhecer a Gravidez\" href=\"https:\/\/www.famivita.com\/es\/como-reconhecer-gravidez-capitulo-7\/\">Como Reconhecer a Gravidez<\/a>\n<ul style=\"font-size: 14px; font-weight: normal;\">\n<li><a title=\"Sintomas\" href=\"https:\/\/www.famivita.com\/es\/como-reconhecer-gravidez-capitulo-7\/#7.1\">Sintomas<\/a><\/li>\n<li><a title=\"Testes de Gravidez\" href=\"https:\/\/www.famivita.com\/es\/como-reconhecer-gravidez-capitulo-7\/#7.2\">Testes de Gravidez<\/a><\/li>\n<\/ul>\n<\/li>\n<li><a title=\"Relatos de uma Tentante Desvairada\" href=\"https:\/\/www.famivita.com\/es\/relatos-de-uma-tentante-desvairada-capitulo-8\/\">Relatos de uma Tentante Desvairada<\/a><\/li>\n<li><a title=\"Considera\u00e7\u00f5es Finais\" href=\"https:\/\/www.famivita.com\/es\/consideracoes-finais-capitulo-9\/\">Considera\u00e7\u00f5es Finais<\/a><\/li>\n<\/ol>\n<ul style=\"font-size: 15px; font-weight: bold;\">\n<li><a title=\"Material Adicional\" href=\"https:\/\/www.famivita.com\/es\/material-adicional-ebook\/\">Material Adicional<\/a>\n<ul style=\"font-size: 14px; font-weight: normal;\">\n<li><a title=\"Falando em Comportamento\" href=\"https:\/\/www.famivita.com\/es\/material-adicional-ebook\/#mat1\">Falando em Comportamento: E a Fam\u00edlia?<\/a><\/li>\n<li><a title=\"Quando Finalmente Acontece\" href=\"https:\/\/www.famivita.com\/es\/material-adicional-ebook\/#mat2\">Quando Finalmente Acontece<\/a><\/li>\n<li><a title=\"Casos de Sucesso\" href=\"https:\/\/www.famivita.com\/es\/casos-de-sucesso-ebook\/\">Casos de Sucesso<\/a>\n<ul style=\"font-size: 13px; font-weight: normal;\">\n<li><a title=\"Um Positivo Mais Do Que Esperado\" href=\"https:\/\/www.famivita.com\/es\/casos-de-sucesso-ebook\/#caso1\">Um Positivo Mais Que Esperado<\/a><\/li>\n<li><a title=\"Muitas Hist\u00f3rias em uma Busca de Ser M\u00e3e!\" href=\"https:\/\/www.famivita.com\/es\/casos-de-sucesso-ebook\/#caso2\">Muitas Hist\u00f3rias em uma Busca de Ser M\u00e3e!<\/a><\/li>\n<\/ul>\n<\/li>\n<li><a title=\"ABC das Tentantes e das Mam\u00e3es\" href=\"https:\/\/www.famivita.com\/es\/abc-das-tentantes-e-das-mamaes\/\">ABC das Tentantes e das Mam\u00e3es<\/a><\/li>\n<\/ul>\n<\/li>\n<li><a title=\"Refer\u00eancias de Imagens\" href=\"https:\/\/www.famivita.com\/es\/referencias-de-imagengs-ebook\/\">Refer\u00eancias de Imagens<\/a><\/li>\n<\/ul>\n<hr \/>\n<p class=\"align-justify\">Sim, eu fui tentante! Nunca me imaginei n\u00e3o sendo m\u00e3e, acho que mesmo antes de eu me entender como gente, a maternidade j\u00e1 corria, e muito forte, nas minhas veias. O princ\u00edpio de tudo foi certamente a admira\u00e7\u00e3o que tenho pela minha m\u00e3e. Na verdade a maternidade veio naturalmente com o tempo, e desde muito cedo me imaginava com uma barriga lustrosa e bem grande, abrigando um beb\u00ea. Mas n\u00e3o foi f\u00e1cil chegar a essa fase. Nosso caso n\u00e3o foi t\u00e3o cheio de dificuldades comparado ao de outros casais que t\u00eam problemas de infertilidade muito mais severos. Mas, mesmo assim, foi um per\u00edodo emocional e fisicamente desgastante.<\/p>\n<p><a href=\"https:\/\/www.famivita.com\/es\/wp-content\/uploads\/direitos-autorais-ebook-como-engravidar-de-patricia-amorim.jpg\"><img loading=\"lazy\" decoding=\"async\" class=\"alignright size-full wp-image-5881\" src=\"https:\/\/www.famivita.com\/es\/wp-content\/uploads\/direitos-autorais-ebook-como-engravidar-de-patricia-amorim.jpg\" alt=\"direitos autorais ebook como engravidar de patricia amorim\" width=\"274\" height=\"390\" srcset=\"https:\/\/www.famivita.com\/es\/wp-content\/uploads\/direitos-autorais-ebook-como-engravidar-de-patricia-amorim.jpg 544w, https:\/\/www.famivita.com\/es\/wp-content\/uploads\/direitos-autorais-ebook-como-engravidar-de-patricia-amorim-500x710.jpg 500w, https:\/\/www.famivita.com\/es\/wp-content\/uploads\/direitos-autorais-ebook-como-engravidar-de-patricia-amorim-211x300.jpg 211w\" sizes=\"auto, (max-width: 274px) 100vw, 274px\" \/><\/a><a href=\"https:\/\/www.famivita.com\/es\/wp-content\/uploads\/folha-de-rosta-ebook-como-engravidar-de-patricia-amorim.jpg\"><img loading=\"lazy\" decoding=\"async\" class=\"alignright size-full wp-image-5882\" src=\"https:\/\/www.famivita.com\/es\/wp-content\/uploads\/folha-de-rosta-ebook-como-engravidar-de-patricia-amorim.jpg\" alt=\"folha de rosta ebook como engravidar de patricia amorim\" width=\"274\" height=\"390\" srcset=\"https:\/\/www.famivita.com\/es\/wp-content\/uploads\/folha-de-rosta-ebook-como-engravidar-de-patricia-amorim.jpg 544w, https:\/\/www.famivita.com\/es\/wp-content\/uploads\/folha-de-rosta-ebook-como-engravidar-de-patricia-amorim-500x710.jpg 500w, https:\/\/www.famivita.com\/es\/wp-content\/uploads\/folha-de-rosta-ebook-como-engravidar-de-patricia-amorim-211x300.jpg 211w\" sizes=\"auto, (max-width: 274px) 100vw, 274px\" \/><\/a><\/p>\n<p class=\"align-justify\">As alegrias que a maternidade me trouxe compensaram todas as dificuldades que tive para engravidar inicialmente. Tentante sofre, se pune, enloquece, faz amizades, aprende, busca informa\u00e7\u00f5es at\u00e9 conseguir seu positivo. Mas afinal de contas o que significa ser tentante? O que define n\u00f3s, tentantes, \u00e9 a busca de gerar uma vida e sentir a alegria de receber a not\u00edcia do positivo. Engra\u00e7ado que quando ele finalmente chega, parece que a ficha n\u00e3o cai!<\/p>\n<p class=\"align-justify\">Bem-vindas tentantes enlouquecidas! Essa \u00e9 uma obra feita especialmente para voc\u00eas e dedicada a todas as minhas queridas amigas que nem em dias dif\u00edceis me deixaram sozinha. Hoje procuro retribuir a cada uma das que ainda est\u00e3o chegando l\u00e1 apenas um pouco do carinho e da amizade que recebi quando ainda estava na ativa! Quem disse que deixei de ser tentante? Tentante \u00e9 uma filosofia de vida: \u201cUma vez tentante, sempre tentante!\u201d Vamos l\u00e1, ao mundo da eterna tentante enlouquecida?<\/p>\n<hr \/>\n<h2>Dedicat\u00f3ria<\/h2>\n<p style=\"text-align: justify;\">Esse pequeno manual vai para as tr\u00eas pessoas mais importantes da minha vida: meus Gremlins, meus filhos, minha vida! Foi por eles que tudo aconteceu e eu faria tudo novamente, cada loucura, cada l\u00e1grima &#8211; faria tudo novamente! Dedico ao meu querido marido sem o qual tudo isso n\u00e3o seria poss\u00edvel; sem seu apoio eu n\u00e3o sou nada!<\/p>\n<p><a href=\"https:\/\/www.famivita.com\/es\/wp-content\/uploads\/dedicatoria.jpg\"><img loading=\"lazy\" decoding=\"async\" class=\"aligncenter size-full wp-image-5883\" src=\"https:\/\/www.famivita.com\/es\/wp-content\/uploads\/dedicatoria.jpg\" alt=\"dedicatoria\" width=\"960\" height=\"640\" srcset=\"https:\/\/www.famivita.com\/es\/wp-content\/uploads\/dedicatoria.jpg 960w, https:\/\/www.famivita.com\/es\/wp-content\/uploads\/dedicatoria-500x333.jpg 500w, https:\/\/www.famivita.com\/es\/wp-content\/uploads\/dedicatoria-300x200.jpg 300w, https:\/\/www.famivita.com\/es\/wp-content\/uploads\/dedicatoria-768x512.jpg 768w\" sizes=\"auto, (max-width: 960px) 100vw, 960px\" \/><\/a><\/p>\n<p style=\"text-align: justify;\">Agrade\u00e7o a minha querida m\u00e3e, que me inspira a ser a m\u00e3e que eu sou e ao meu pai, que sempre me acolheu em minhas d\u00favidas e necessidades. Fico grata pela minha querida sogra que, a cada dia que passa, me mostra a grande mulher que \u00e9 e, al\u00e9m disso, uma grande av\u00f3 para meus filhos e se mostra uma m\u00e3e excelente, na qual se espelhar, certamente.<\/p>\n<p style=\"text-align: justify;\">N\u00e3o poderia deixar de falar das amigas tentantes cujos nomes seria injusti\u00e7a dizer, mas as quais sentem e sabem o carinho que tenho por elas. A minha querida mentora Alessandra, a qual tirou diversas d\u00favidas da minha \u00e9poca de tentante e que me inspira a ser o mesmo modelo para as minhas amigas leitoras, ou pelo menos um ter\u00e7o do que ela foi para mim nas tentativas de engravidar.<\/p>\n<p style=\"text-align: justify;\">Um agradecimento especial tamb\u00e9m vai ao editor desse livro o qual teve que ler tantas coisas femininas, e tudo com o maior entusiasmo do mundo.<\/p>\n<p style=\"text-align: justify;\">Meu muito obrigada a Deus e \u00e0 vida!<\/p>\n","protected":false},"excerpt":{"rendered":"<p>Ol\u00e1 Tentantes, Depois de sete anos de tentativas, adquirindo conhecimento e experi\u00eancia atrav\u00e9s de muitos estudos para que eu pudesse engravidar e quase dois anos compartilhando minha hist\u00f3ria como blogueira do \u201cTrocando Fraldas\u201d, resolvi resumir todo meu saber. E aqui est\u00e1 o resultado: um manual nada t\u00e9cnico, com linguagem simples e de f\u00e1cil entendimento. Ele [&hellip;]<\/p>\n","protected":false},"author":471399,"featured_media":5879,"parent":0,"menu_order":0,"comment_status":"closed","ping_status":"closed","template":"","meta":{"_acf_changed":false,"footnotes":""},"class_list":["post-5877","page","type-page","status-publish","has-post-thumbnail","hentry"],"acf":[],"yoast_head":"<!-- This site is optimized with the Yoast SEO plugin v25.2 - https:\/\/yoast.com\/wordpress\/plugins\/seo\/ -->\n<title>eBook &quot;Como Engravidar&quot; de Patricia Amorim | Famivita<\/title>\n<meta name=\"robots\" content=\"noindex, follow, max-snippet:-1, max-image-preview:large, max-video-preview:-1\" \/>\n<meta property=\"og:locale\" content=\"en_US\" \/>\n<meta property=\"og:type\" content=\"article\" \/>\n<meta property=\"og:title\" content=\"eBook &quot;Como Engravidar&quot; de Patricia Amorim | Famivita\" \/>\n<meta property=\"og:description\" content=\"Ol\u00e1 Tentantes, Depois de sete anos de tentativas, adquirindo conhecimento e experi\u00eancia atrav\u00e9s de muitos estudos para que eu pudesse engravidar e quase dois anos compartilhando minha hist\u00f3ria como blogueira do \u201cTrocando Fraldas\u201d, resolvi resumir todo meu saber. E aqui est\u00e1 o resultado: um manual nada t\u00e9cnico, com linguagem simples e de f\u00e1cil entendimento. Ele [&hellip;]\" \/>\n<meta property=\"og:url\" content=\"https:\/\/www.famivita.com\/es\/ebook-como-engravidar-de-patricia-amorim\/\" \/>\n<meta property=\"og:site_name\" content=\"Famivita\" \/>\n<meta property=\"article:modified_time\" content=\"2023-10-02T07:22:48+00:00\" \/>\n<meta property=\"og:image\" content=\"https:\/\/www.famivita.com\/es\/wp-content\/uploads\/cover-ebook-como-engravidar-de-patricia-amorim-210x3001.jpg\" \/>\n\t<meta property=\"og:image:width\" content=\"210\" \/>\n\t<meta property=\"og:image:height\" content=\"300\" \/>\n\t<meta property=\"og:image:type\" content=\"image\/jpeg\" \/>\n<meta name=\"twitter:card\" content=\"summary_large_image\" \/>\n<meta name=\"twitter:label1\" content=\"Est. reading time\" \/>\n\t<meta name=\"twitter:data1\" content=\"4 minutes\" \/>\n<script type=\"application\/ld+json\" class=\"yoast-schema-graph\">{\"@context\":\"https:\/\/schema.org\",\"@graph\":[{\"@type\":\"WebPage\",\"@id\":\"https:\/\/www.famivita.com\/es\/ebook-como-engravidar-de-patricia-amorim\/\",\"url\":\"https:\/\/www.famivita.com\/es\/ebook-como-engravidar-de-patricia-amorim\/\",\"name\":\"eBook \\\"Como Engravidar\\\" de Patricia Amorim | Famivita\",\"isPartOf\":{\"@id\":\"https:\/\/www.famivita.com\/#website\",\"sameAs\":[\"https:\/\/www.instagram.com\/famivita\/\",\"https:\/\/www.facebook.com\/famivita\/\",\"https:\/\/www.youtube.com\/user\/trocandofraldasyt\",\"https:\/\/api.whatsapp.com\/send\/?phone=5511917837433\"]},\"primaryImageOfPage\":{\"@id\":\"https:\/\/www.famivita.com\/es\/ebook-como-engravidar-de-patricia-amorim\/#primaryimage\"},\"image\":{\"@id\":\"https:\/\/www.famivita.com\/es\/ebook-como-engravidar-de-patricia-amorim\/#primaryimage\"},\"thumbnailUrl\":\"https:\/\/www.famivita.com\/es\/wp-content\/uploads\/cover-ebook-como-engravidar-de-patricia-amorim-210x3001.jpg\",\"datePublished\":\"2014-09-19T16:02:45+00:00\",\"dateModified\":\"2023-10-02T07:22:48+00:00\",\"breadcrumb\":{\"@id\":\"https:\/\/www.famivita.com\/es\/ebook-como-engravidar-de-patricia-amorim\/#breadcrumb\"},\"inLanguage\":\"en-US\",\"potentialAction\":[{\"@type\":\"ReadAction\",\"target\":[\"https:\/\/www.famivita.com\/es\/ebook-como-engravidar-de-patricia-amorim\/\"]}],\"about\":{\"@type\":\"Organization\",\"@id\":\"https:\/\/www.famivita.com.br\/#organization\",\"name\":\"Famivita\",\"logo\":\"https:\/\/www.famivita.com.br\/wp-content\/themes\/storefront-child\/header_footer_html\/images\/logo_mobile2.svg\",\"url\":\"https:\/\/www.famivita.com.br\/\",\"address\":{\"@type\":\"PostalAddress\",\"streetAddress\":\"Rua Benedito Fernandes, 545, Santo Amaro\",\"addressLocality\":\"S\u00e3o Paulo\",\"addressRegion\":\"S\u00e3o Paulo\",\"postalCode\":\"04746-110\",\"addressCountry\":{\"@type\":\"Country\",\"name\":\"BR\"}}}},{\"@type\":\"ImageObject\",\"inLanguage\":\"en-US\",\"@id\":\"https:\/\/www.famivita.com\/es\/ebook-como-engravidar-de-patricia-amorim\/#primaryimage\",\"url\":\"https:\/\/www.famivita.com\/es\/wp-content\/uploads\/cover-ebook-como-engravidar-de-patricia-amorim-210x3001.jpg\",\"contentUrl\":\"https:\/\/www.famivita.com\/es\/wp-content\/uploads\/cover-ebook-como-engravidar-de-patricia-amorim-210x3001.jpg\",\"width\":210,\"height\":300},{\"@type\":\"BreadcrumbList\",\"@id\":\"https:\/\/www.famivita.com\/es\/ebook-como-engravidar-de-patricia-amorim\/#breadcrumb\",\"itemListElement\":[{\"@type\":\"ListItem\",\"position\":1,\"name\":\"In\u00edcio\",\"item\":\"https:\/\/www.famivita.com\/\"},{\"@type\":\"ListItem\",\"position\":2,\"name\":\"eBook &#8220;Como Engravidar&#8221; de Patricia Amorim\"}]},{\"@type\":\"WebSite\",\"@id\":\"https:\/\/www.famivita.com\/#website\",\"url\":\"https:\/\/www.famivita.com\/\",\"name\":\"Famivita\",\"description\":\"\",\"potentialAction\":[{\"@type\":\"SearchAction\",\"target\":{\"@type\":\"EntryPoint\",\"urlTemplate\":\"https:\/\/www.famivita.com\/?s={search_term_string}\"},\"query-input\":{\"@type\":\"PropertyValueSpecification\",\"valueRequired\":true,\"valueName\":\"search_term_string\"}}],\"inLanguage\":\"en-US\"}]}<\/script>\n<!-- \/ Yoast SEO plugin. -->","yoast_head_json":{"title":"eBook \"Como Engravidar\" de Patricia Amorim | Famivita","robots":{"index":"noindex","follow":"follow","max-snippet":"max-snippet:-1","max-image-preview":"max-image-preview:large","max-video-preview":"max-video-preview:-1"},"og_locale":"en_US","og_type":"article","og_title":"eBook \"Como Engravidar\" de Patricia Amorim | Famivita","og_description":"Ol\u00e1 Tentantes, Depois de sete anos de tentativas, adquirindo conhecimento e experi\u00eancia atrav\u00e9s de muitos estudos para que eu pudesse engravidar e quase dois anos compartilhando minha hist\u00f3ria como blogueira do \u201cTrocando Fraldas\u201d, resolvi resumir todo meu saber. E aqui est\u00e1 o resultado: um manual nada t\u00e9cnico, com linguagem simples e de f\u00e1cil entendimento. Ele [&hellip;]","og_url":"https:\/\/www.famivita.com\/es\/ebook-como-engravidar-de-patricia-amorim\/","og_site_name":"Famivita","article_modified_time":"2023-10-02T07:22:48+00:00","og_image":[{"width":210,"height":300,"url":"https:\/\/www.famivita.com\/es\/wp-content\/uploads\/cover-ebook-como-engravidar-de-patricia-amorim-210x3001.jpg","type":"image\/jpeg"}],"twitter_card":"summary_large_image","twitter_misc":{"Est. reading time":"4 minutes"},"schema":{"@context":"https:\/\/schema.org","@graph":[{"@type":"WebPage","@id":"https:\/\/www.famivita.com\/es\/ebook-como-engravidar-de-patricia-amorim\/","url":"https:\/\/www.famivita.com\/es\/ebook-como-engravidar-de-patricia-amorim\/","name":"eBook \"Como Engravidar\" de Patricia Amorim | Famivita","isPartOf":{"@id":"https:\/\/www.famivita.com\/#website","sameAs":["https:\/\/www.instagram.com\/famivita\/","https:\/\/www.facebook.com\/famivita\/","https:\/\/www.youtube.com\/user\/trocandofraldasyt","https:\/\/api.whatsapp.com\/send\/?phone=5511917837433"]},"primaryImageOfPage":{"@id":"https:\/\/www.famivita.com\/es\/ebook-como-engravidar-de-patricia-amorim\/#primaryimage"},"image":{"@id":"https:\/\/www.famivita.com\/es\/ebook-como-engravidar-de-patricia-amorim\/#primaryimage"},"thumbnailUrl":"https:\/\/www.famivita.com\/es\/wp-content\/uploads\/cover-ebook-como-engravidar-de-patricia-amorim-210x3001.jpg","datePublished":"2014-09-19T16:02:45+00:00","dateModified":"2023-10-02T07:22:48+00:00","breadcrumb":{"@id":"https:\/\/www.famivita.com\/es\/ebook-como-engravidar-de-patricia-amorim\/#breadcrumb"},"inLanguage":"en-US","potentialAction":[{"@type":"ReadAction","target":["https:\/\/www.famivita.com\/es\/ebook-como-engravidar-de-patricia-amorim\/"]}],"about":{"@type":"Organization","@id":"https:\/\/www.famivita.com.br\/#organization","name":"Famivita","logo":"https:\/\/www.famivita.com.br\/wp-content\/themes\/storefront-child\/header_footer_html\/images\/logo_mobile2.svg","url":"https:\/\/www.famivita.com.br\/","address":{"@type":"PostalAddress","streetAddress":"Rua Benedito Fernandes, 545, Santo Amaro","addressLocality":"S\u00e3o Paulo","addressRegion":"S\u00e3o Paulo","postalCode":"04746-110","addressCountry":{"@type":"Country","name":"BR"}}}},{"@type":"ImageObject","inLanguage":"en-US","@id":"https:\/\/www.famivita.com\/es\/ebook-como-engravidar-de-patricia-amorim\/#primaryimage","url":"https:\/\/www.famivita.com\/es\/wp-content\/uploads\/cover-ebook-como-engravidar-de-patricia-amorim-210x3001.jpg","contentUrl":"https:\/\/www.famivita.com\/es\/wp-content\/uploads\/cover-ebook-como-engravidar-de-patricia-amorim-210x3001.jpg","width":210,"height":300},{"@type":"BreadcrumbList","@id":"https:\/\/www.famivita.com\/es\/ebook-como-engravidar-de-patricia-amorim\/#breadcrumb","itemListElement":[{"@type":"ListItem","position":1,"name":"In\u00edcio","item":"https:\/\/www.famivita.com\/"},{"@type":"ListItem","position":2,"name":"eBook &#8220;Como Engravidar&#8221; de Patricia Amorim"}]},{"@type":"WebSite","@id":"https:\/\/www.famivita.com\/#website","url":"https:\/\/www.famivita.com\/","name":"Famivita","description":"","potentialAction":[{"@type":"SearchAction","target":{"@type":"EntryPoint","urlTemplate":"https:\/\/www.famivita.com\/?s={search_term_string}"},"query-input":{"@type":"PropertyValueSpecification","valueRequired":true,"valueName":"search_term_string"}}],"inLanguage":"en-US"}]}},"_links":{"self":[{"href":"https:\/\/www.famivita.com\/es\/wp-json\/wp\/v2\/pages\/5877","targetHints":{"allow":["GET"]}}],"collection":[{"href":"https:\/\/www.famivita.com\/es\/wp-json\/wp\/v2\/pages"}],"about":[{"href":"https:\/\/www.famivita.com\/es\/wp-json\/wp\/v2\/types\/page"}],"author":[{"embeddable":true,"href":"https:\/\/www.famivita.com\/es\/wp-json\/wp\/v2\/users\/471399"}],"replies":[{"embeddable":true,"href":"https:\/\/www.famivita.com\/es\/wp-json\/wp\/v2\/comments?post=5877"}],"version-history":[{"count":2,"href":"https:\/\/www.famivita.com\/es\/wp-json\/wp\/v2\/pages\/5877\/revisions"}],"predecessor-version":[{"id":155294,"href":"https:\/\/www.famivita.com\/es\/wp-json\/wp\/v2\/pages\/5877\/revisions\/155294"}],"wp:featuredmedia":[{"embeddable":true,"href":"https:\/\/www.famivita.com\/es\/wp-json\/wp\/v2\/media\/5879"}],"wp:attachment":[{"href":"https:\/\/www.famivita.com\/es\/wp-json\/wp\/v2\/media?parent=5877"}],"curies":[{"name":"wp","href":"https:\/\/api.w.org\/{rel}","templated":true}]}}