{"id":5904,"date":"2014-09-19T16:50:23","date_gmt":"2014-09-19T19:50:23","guid":{"rendered":"http:\/\/www.trocandofraldas.com.br\/?page_id=5904"},"modified":"2022-08-23T09:43:02","modified_gmt":"2022-08-23T12:43:02","slug":"mitos-e-verdades-capitulo-6","status":"publish","type":"page","link":"https:\/\/www.famivita.com\/es\/mitos-e-verdades-capitulo-6\/","title":{"rendered":"Mitos e Verdades &#8211; Cap\u00edtulo 6 &#8211; &#8220;Como Engravidar&#8221;"},"content":{"rendered":"<div align=\"center\">\n<table>\n<tbody>\n<tr>\n<td width=\"196\" style=\"text-align:left\"><a href=\"https:\/\/www.famivita.com\/es\/doencas-e-tratamentos-capitulo-5\/\" title=\"Doen\u00e7as e Tratamentos\">\u00ab Cap\u00edtulo 5<\/a><\/td>\n<td width=\"196\" style=\"text-align:center\"><a href=\"https:\/\/www.famivita.com\/es\/ebook-como-engravidar-de-patricia-amorim\/\" title=\"Todos os Cap\u00edtulos\">Todos os Cap\u00edtulos<\/a><\/td>\n<td width=\"196\" style=\"text-align:right\"><a href=\"https:\/\/www.famivita.com\/es\/como-reconhecer-gravidez-capitulo-7\/\" title=\"Como Reconhecer a Gravidez\">Cap\u00edtulo 7 \u00bb<\/a><\/td>\n<\/tr>\n<\/tbody>\n<\/table>\n<\/div>\n<p class=\"align-justify\">Voc\u00eas j\u00e1 ouviram falar em teste de gravidez com \u00e1gua sanit\u00e1ria? E o teste marroquino com agulha de costurar? Pois \u00e9, esses e outros assuntos podem aparecer uma hora ou outra na vida de uma tentante. Ent\u00e3o, como saber se s\u00e3o ou n\u00e3o eficazes? Fazendo! Claro que eu, como boa tentante, n\u00e3o poderia deixar de fazer esses testes. Mas falemos mais sobre eles, ent\u00e3o:<\/p>\n<p class=\"align-justify\"><strong>Teste da \u00c1gua Sanit\u00e1ria<\/strong> \u2013 Reza a lenda que se voc\u00ea colocar \u00e1gua sanit\u00e1ria na urina, ela come\u00e7a a borbulhar como refrigerante, faz espuma como cerveja e muda de cor para vermelho ou alaranjado, significando que o teste \u00e9 positivo.<\/p>\n<p class=\"align-justify\">Mito ou Verdade? \u2013 Mito! O teste de gravidez com \u00e1gua sanit\u00e1ria n\u00e3o passa de cren\u00e7a popular e pode deixar a tentante mais ansiosa. Isto porque componentes qu\u00edmicos na urina em combina\u00e7\u00e3o com os da pr\u00f3pria \u00e1gua sanit\u00e1ria podem ser ativados e modificar colora\u00e7\u00e3o e aspecto da urina, dando a impress\u00e3o de um positivo. N\u00e3o h\u00e1 ind\u00edcios cient\u00edficos de que a urina de uma gestante possa dar algum tipo de rea\u00e7\u00e3o com a \u00e1gua sanit\u00e1ria. Guarde o cloro para outros fins como lavar as verduras e frutas a serem consumidas para melhorar a fertilidade!<\/p>\n<p class=\"align-justify\"><strong>Teste Marroquino da Agulha na Urina<\/strong> \u2013 Dizem por a\u00ed que se colocarmos uma agulha dentro da urina e ela oxidar, ou seja escurecer, o teste \u00e9 positivo. Se continuar com a mesma colora\u00e7\u00e3o anterior, \u00e9 negativo.<\/p>\n<p class=\"align-justify\">Mito ou verdade? \u2013 Mito! N\u00e3o existe nenhum ind\u00edcio de que a urina de uma gestante em contato com o metal possa modificar a colora\u00e7\u00e3o da agulha. Na verdade, a oxida\u00e7\u00e3o de um material met\u00e1lico pode acontecer com v\u00e1rias mulheres, mesmo que n\u00e3o estejam gr\u00e1vidas, e dar a falsa esperan\u00e7a de um positivo. Por\u00e9m, n\u00e3o passa de outra lenda urbana.<\/p>\n<p class=\"align-justify\"><strong>Teste da Fervura da Urina<\/strong> \u2013 Trata-se de ferver a urina em um recipiente de alum\u00ednio e interpretar o resultado. Se houver uma espuma branca em cima da urina \u00e9 positivo, caso fique cristalino como antes, \u00e9 negativo.<\/p>\n<p class=\"align-justify\">Mito ou Verdade? \u2013 Mito! N\u00e3o h\u00e1 comprova\u00e7\u00e3o de que o HCG (horm\u00f4nio exclusivo da gravidez) possa causar algum tipo de rea\u00e7\u00e3o, produzindo alguma forma de espuma ao se elevar a temperatura da urina.<\/p>\n<p class=\"align-justify\"><strong>Teste do Cotonete<\/strong> \u2013 Na verdade esse teste apenas serve para ver se a menstrua\u00e7\u00e3o est\u00e1 por vir. Mas ele mais funciona como par\u00e2metro para saber se j\u00e1 tem algum sinal de sangue na vagina em determinado dia. Ele deve ser feito com muito cuidado e higiene, m\u00e3os bem lavadas e muito cuidado ao introduzir o cotonete. Certifique-se de que a ponta do algod\u00e3o est\u00e1 bem fixa para n\u00e3o correr o risco de perder o algod\u00e3o dentro da vagina e se machucar com o bast\u00e3o de pl\u00e1stico!<\/p>\n<p class=\"align-justify\">Mito ou Verdade? \u2013 Verdade! Ele funciona relativamente bem, mas, dependendo do organismo e da pessoa, pode dar errado. Por exemplo, j\u00e1 vi v\u00e1rios casos em que se faz o teste de manh\u00e3 como negativo para menstrua\u00e7\u00e3o e, \u00e0 tarde, a bendita <em>red<\/em> dar \u00e0s caras! Mas digamos que \u00e9 89,612% eficiente.<\/p>\n<p class=\"align-justify\"><strong>Teste do Colo do \u00datero<\/strong> \u2013 Essa \u00e9 uma t\u00e9cnica usada em consult\u00f3rios m\u00e9dicos que foi meio que adaptada para uso domiciliar pelas tentantes. Se trata de inserir dois dedos na cavidade vaginal na posi\u00e7\u00e3o agachada, de prefer\u00eancia com luvas e unhas aparadas e m\u00e3os bem lavadas. Teoricamente, se o \u00fatero estiver alto e mole, macio (como se tocasse na ponta do l\u00e1bio) e fechado (como uma covinha bem estreita) estaria com grandes chances de estar gr\u00e1vida. Se estiver bem baixo, duro e fechado (como se tocasse na ponta do nariz) seria negativo. Lembrando que se deve fazer o teste pr\u00f3ximo ao per\u00edodo em que a menstrua\u00e7\u00e3o estaria por vir. Se feito no meio do ciclo, pode-se detectar o per\u00edodo f\u00e9rtil.<\/p>\n<p class=\"align-justify\">Mito ou Verdade? \u2013 Verdade (em termos)! Normalmente, o \u00fatero ou o colo do \u00fatero da gestante, devido ao aumento hormonal, pode sofrer uma modifica\u00e7\u00e3o na textura. Por\u00e9m, essa altera\u00e7\u00e3o tamb\u00e9m pode acontecer ap\u00f3s a ovula\u00e7\u00e3o e, por isso, confundir as leigas como n\u00f3s, que n\u00e3o estudamos medicina ginecol\u00f3gica. O melhor seria tentar adotar essa t\u00e9cnica somente para detectar a ovula\u00e7\u00e3o, se for o caso. Pois, se h\u00e1 uma gravidez recente, o toque pode levar ao aborto. Por isso, muito cuidado e aten\u00e7\u00e3o!<\/p>\n<p class=\"align-justify\">Ainda est\u00e1 na d\u00favida se o ciclo atual deu certo? Ent\u00e3o, n\u00e3o perca mais tempo! Cerca de 5 dias ap\u00f3s o atraso menstrual j\u00e1 \u00e9 poss\u00edvel detectar a gravidez atrav\u00e9s de um teste de farm\u00e1cia ou, caso tenha um ciclo desregulado como uma Kombi sem freio na descida, como eu tenho, 20 dias depois do suposto dia f\u00e9rtil seria o momento perfeito para testar.<\/p>\n<div align=\"center\">\n<table>\n<tbody>\n<tr>\n<td width=\"196\" style=\"text-align:left\"><a href=\"https:\/\/www.famivita.com\/es\/doencas-e-tratamentos-capitulo-5\/\" title=\"Doen\u00e7as e Tratamentos\">\u00ab Cap\u00edtulo 5<\/a><\/td>\n<td width=\"196\" style=\"text-align:center\"><a href=\"https:\/\/www.famivita.com\/es\/ebook-como-engravidar-de-patricia-amorim\/\" title=\"Todos os Cap\u00edtulos\">Todos os Cap\u00edtulos<\/a><\/td>\n<td width=\"196\" style=\"text-align:right\"><a href=\"https:\/\/www.famivita.com\/es\/como-reconhecer-gravidez-capitulo-7\/\" title=\"Como Reconhecer a Gravidez\">Cap\u00edtulo 7 \u00bb<\/a><\/td>\n<\/tr>\n<\/tbody>\n<\/table>\n<\/div>\n","protected":false},"excerpt":{"rendered":"<p>\u00ab Cap\u00edtulo 5 Todos os Cap\u00edtulos Cap\u00edtulo 7 \u00bb Voc\u00eas j\u00e1 ouviram falar em teste de gravidez com \u00e1gua sanit\u00e1ria? E o teste marroquino com agulha de costurar? Pois \u00e9, esses e outros assuntos podem aparecer uma hora ou outra na vida de uma tentante. Ent\u00e3o, como saber se s\u00e3o ou n\u00e3o eficazes? Fazendo! Claro [&hellip;]<\/p>\n","protected":false},"author":3,"featured_media":0,"parent":0,"menu_order":0,"comment_status":"closed","ping_status":"closed","template":"","meta":{"_acf_changed":false,"footnotes":""},"class_list":["post-5904","page","type-page","status-publish","hentry"],"acf":[],"yoast_head":"<!-- This site is optimized with the Yoast SEO plugin v25.2 - https:\/\/yoast.com\/wordpress\/plugins\/seo\/ -->\n<title>&quot;Como Engravidar&quot; - Mitos e Verdades - Cap\u00edtulo 6 | Famivita<\/title>\n<meta name=\"robots\" content=\"noindex, follow, max-snippet:-1, max-image-preview:large, max-video-preview:-1\" \/>\n<meta property=\"og:locale\" content=\"en_US\" \/>\n<meta property=\"og:type\" content=\"article\" \/>\n<meta property=\"og:title\" content=\"&quot;Como Engravidar&quot; - Mitos e Verdades - Cap\u00edtulo 6 | Famivita\" \/>\n<meta property=\"og:description\" content=\"\u00ab Cap\u00edtulo 5 Todos os Cap\u00edtulos Cap\u00edtulo 7 \u00bb Voc\u00eas j\u00e1 ouviram falar em teste de gravidez com \u00e1gua sanit\u00e1ria? E o teste marroquino com agulha de costurar? Pois \u00e9, esses e outros assuntos podem aparecer uma hora ou outra na vida de uma tentante. Ent\u00e3o, como saber se s\u00e3o ou n\u00e3o eficazes? Fazendo! Claro [&hellip;]\" \/>\n<meta property=\"og:url\" content=\"https:\/\/www.famivita.com\/es\/mitos-e-verdades-capitulo-6\/\" \/>\n<meta property=\"og:site_name\" content=\"Famivita\" \/>\n<meta property=\"article:modified_time\" content=\"2022-08-23T12:43:02+00:00\" \/>\n<meta name=\"twitter:card\" content=\"summary_large_image\" \/>\n<meta name=\"twitter:label1\" content=\"Est. reading time\" \/>\n\t<meta name=\"twitter:data1\" content=\"4 minutes\" \/>\n<script type=\"application\/ld+json\" class=\"yoast-schema-graph\">{\"@context\":\"https:\/\/schema.org\",\"@graph\":[{\"@type\":\"WebPage\",\"@id\":\"https:\/\/www.famivita.com\/es\/mitos-e-verdades-capitulo-6\/\",\"url\":\"https:\/\/www.famivita.com\/es\/mitos-e-verdades-capitulo-6\/\",\"name\":\"\\\"Como Engravidar\\\" - Mitos e Verdades - Cap\u00edtulo 6 | Famivita\",\"isPartOf\":{\"@id\":\"https:\/\/www.famivita.com\/#website\",\"sameAs\":[\"https:\/\/www.instagram.com\/famivita\/\",\"https:\/\/www.facebook.com\/famivita\/\",\"https:\/\/www.youtube.com\/user\/trocandofraldasyt\",\"https:\/\/api.whatsapp.com\/send\/?phone=5511917837433\"]},\"datePublished\":\"2014-09-19T19:50:23+00:00\",\"dateModified\":\"2022-08-23T12:43:02+00:00\",\"breadcrumb\":{\"@id\":\"https:\/\/www.famivita.com\/es\/mitos-e-verdades-capitulo-6\/#breadcrumb\"},\"inLanguage\":\"en-US\",\"potentialAction\":[{\"@type\":\"ReadAction\",\"target\":[\"https:\/\/www.famivita.com\/es\/mitos-e-verdades-capitulo-6\/\"]}],\"about\":{\"@type\":\"Organization\",\"@id\":\"https:\/\/www.famivita.com.br\/#organization\",\"name\":\"Famivita\",\"logo\":\"https:\/\/www.famivita.com.br\/wp-content\/themes\/storefront-child\/header_footer_html\/images\/logo_mobile2.svg\",\"url\":\"https:\/\/www.famivita.com.br\/\",\"address\":{\"@type\":\"PostalAddress\",\"streetAddress\":\"Rua Benedito Fernandes, 545, Santo Amaro\",\"addressLocality\":\"S\u00e3o Paulo\",\"addressRegion\":\"S\u00e3o Paulo\",\"postalCode\":\"04746-110\",\"addressCountry\":{\"@type\":\"Country\",\"name\":\"BR\"}}}},{\"@type\":\"BreadcrumbList\",\"@id\":\"https:\/\/www.famivita.com\/es\/mitos-e-verdades-capitulo-6\/#breadcrumb\",\"itemListElement\":[{\"@type\":\"ListItem\",\"position\":1,\"name\":\"In\u00edcio\",\"item\":\"https:\/\/www.famivita.com\/\"},{\"@type\":\"ListItem\",\"position\":2,\"name\":\"Mitos e Verdades &#8211; Cap\u00edtulo 6 &#8211; &#8220;Como Engravidar&#8221;\"}]},{\"@type\":\"WebSite\",\"@id\":\"https:\/\/www.famivita.com\/#website\",\"url\":\"https:\/\/www.famivita.com\/\",\"name\":\"Famivita\",\"description\":\"\",\"potentialAction\":[{\"@type\":\"SearchAction\",\"target\":{\"@type\":\"EntryPoint\",\"urlTemplate\":\"https:\/\/www.famivita.com\/?s={search_term_string}\"},\"query-input\":{\"@type\":\"PropertyValueSpecification\",\"valueRequired\":true,\"valueName\":\"search_term_string\"}}],\"inLanguage\":\"en-US\"}]}<\/script>\n<!-- \/ Yoast SEO plugin. -->","yoast_head_json":{"title":"\"Como Engravidar\" - Mitos e Verdades - Cap\u00edtulo 6 | Famivita","robots":{"index":"noindex","follow":"follow","max-snippet":"max-snippet:-1","max-image-preview":"max-image-preview:large","max-video-preview":"max-video-preview:-1"},"og_locale":"en_US","og_type":"article","og_title":"\"Como Engravidar\" - Mitos e Verdades - Cap\u00edtulo 6 | Famivita","og_description":"\u00ab Cap\u00edtulo 5 Todos os Cap\u00edtulos Cap\u00edtulo 7 \u00bb Voc\u00eas j\u00e1 ouviram falar em teste de gravidez com \u00e1gua sanit\u00e1ria? E o teste marroquino com agulha de costurar? Pois \u00e9, esses e outros assuntos podem aparecer uma hora ou outra na vida de uma tentante. Ent\u00e3o, como saber se s\u00e3o ou n\u00e3o eficazes? Fazendo! Claro [&hellip;]","og_url":"https:\/\/www.famivita.com\/es\/mitos-e-verdades-capitulo-6\/","og_site_name":"Famivita","article_modified_time":"2022-08-23T12:43:02+00:00","twitter_card":"summary_large_image","twitter_misc":{"Est. reading time":"4 minutes"},"schema":{"@context":"https:\/\/schema.org","@graph":[{"@type":"WebPage","@id":"https:\/\/www.famivita.com\/es\/mitos-e-verdades-capitulo-6\/","url":"https:\/\/www.famivita.com\/es\/mitos-e-verdades-capitulo-6\/","name":"\"Como Engravidar\" - Mitos e Verdades - Cap\u00edtulo 6 | Famivita","isPartOf":{"@id":"https:\/\/www.famivita.com\/#website","sameAs":["https:\/\/www.instagram.com\/famivita\/","https:\/\/www.facebook.com\/famivita\/","https:\/\/www.youtube.com\/user\/trocandofraldasyt","https:\/\/api.whatsapp.com\/send\/?phone=5511917837433"]},"datePublished":"2014-09-19T19:50:23+00:00","dateModified":"2022-08-23T12:43:02+00:00","breadcrumb":{"@id":"https:\/\/www.famivita.com\/es\/mitos-e-verdades-capitulo-6\/#breadcrumb"},"inLanguage":"en-US","potentialAction":[{"@type":"ReadAction","target":["https:\/\/www.famivita.com\/es\/mitos-e-verdades-capitulo-6\/"]}],"about":{"@type":"Organization","@id":"https:\/\/www.famivita.com.br\/#organization","name":"Famivita","logo":"https:\/\/www.famivita.com.br\/wp-content\/themes\/storefront-child\/header_footer_html\/images\/logo_mobile2.svg","url":"https:\/\/www.famivita.com.br\/","address":{"@type":"PostalAddress","streetAddress":"Rua Benedito Fernandes, 545, Santo Amaro","addressLocality":"S\u00e3o Paulo","addressRegion":"S\u00e3o Paulo","postalCode":"04746-110","addressCountry":{"@type":"Country","name":"BR"}}}},{"@type":"BreadcrumbList","@id":"https:\/\/www.famivita.com\/es\/mitos-e-verdades-capitulo-6\/#breadcrumb","itemListElement":[{"@type":"ListItem","position":1,"name":"In\u00edcio","item":"https:\/\/www.famivita.com\/"},{"@type":"ListItem","position":2,"name":"Mitos e Verdades &#8211; Cap\u00edtulo 6 &#8211; &#8220;Como Engravidar&#8221;"}]},{"@type":"WebSite","@id":"https:\/\/www.famivita.com\/#website","url":"https:\/\/www.famivita.com\/","name":"Famivita","description":"","potentialAction":[{"@type":"SearchAction","target":{"@type":"EntryPoint","urlTemplate":"https:\/\/www.famivita.com\/?s={search_term_string}"},"query-input":{"@type":"PropertyValueSpecification","valueRequired":true,"valueName":"search_term_string"}}],"inLanguage":"en-US"}]}},"_links":{"self":[{"href":"https:\/\/www.famivita.com\/es\/wp-json\/wp\/v2\/pages\/5904","targetHints":{"allow":["GET"]}}],"collection":[{"href":"https:\/\/www.famivita.com\/es\/wp-json\/wp\/v2\/pages"}],"about":[{"href":"https:\/\/www.famivita.com\/es\/wp-json\/wp\/v2\/types\/page"}],"author":[{"embeddable":true,"href":"https:\/\/www.famivita.com\/es\/wp-json\/wp\/v2\/users\/3"}],"replies":[{"embeddable":true,"href":"https:\/\/www.famivita.com\/es\/wp-json\/wp\/v2\/comments?post=5904"}],"version-history":[{"count":1,"href":"https:\/\/www.famivita.com\/es\/wp-json\/wp\/v2\/pages\/5904\/revisions"}],"predecessor-version":[{"id":150396,"href":"https:\/\/www.famivita.com\/es\/wp-json\/wp\/v2\/pages\/5904\/revisions\/150396"}],"wp:attachment":[{"href":"https:\/\/www.famivita.com\/es\/wp-json\/wp\/v2\/media?parent=5904"}],"curies":[{"name":"wp","href":"https:\/\/api.w.org\/{rel}","templated":true}]}}