{"id":5915,"date":"2014-09-19T17:36:27","date_gmt":"2014-09-19T20:36:27","guid":{"rendered":"http:\/\/www.trocandofraldas.com.br\/?page_id=5915"},"modified":"2022-08-23T09:43:26","modified_gmt":"2022-08-23T12:43:26","slug":"consideracoes-finais-capitulo-9","status":"publish","type":"page","link":"https:\/\/www.famivita.com\/es\/consideracoes-finais-capitulo-9\/","title":{"rendered":"Considera\u00e7\u00f5es Finais &#8211; Cap\u00edtulo 9 &#8211; &#8220;Como Engravidar&#8221;"},"content":{"rendered":"<div align=\"center\">\n<table>\n<tbody>\n<tr>\n<td width=\"196\" style=\"text-align:left\"><a href=\"https:\/\/www.famivita.com\/es\/relatos-de-uma-tentante-desvairada-capitulo-8\/\" title=\"Relatos de uma Tentante Desvairada\">\u00ab Cap\u00edtulo 8<\/a><\/td>\n<td width=\"196\" style=\"text-align:center\"><a href=\"https:\/\/www.famivita.com\/es\/ebook-como-engravidar-de-patricia-amorim\/\" title=\"Todos os Cap\u00edtulos\">Todos os Cap\u00edtulos<\/a><\/td>\n<td width=\"196\" style=\"text-align:right\"><a href=\"https:\/\/www.famivita.com\/es\/material-adicional-ebook\/\" title=\"Material Adicional\">Material Adicional \u00bb<\/a><\/td>\n<\/tr>\n<\/tbody>\n<\/table>\n<\/div>\n<p class=\"align-justify\">N\u00e3o sei direito em que ponto da vida me auto-denominei tentante, acho que foi acontecendo naturalmente. O fato \u00e9 que ser tentante estava no meu destino e, entre altos e baixos, eu ultrapassei todas as dificuldades. N\u00e3o ultrapassei sozinha! Como tentante, descobri e ganhei tantas coisas positivas, mais que negativas, claro, e hoje levo todos os momentos ruins como um aprendizado em minha vida. Aprendi que ser ansiosa me deixava mal. Hoje, eu sei que as coisas acontecem quando est\u00e3o prontas e determinadas por uma for\u00e7a maior. Se voc\u00ea \u00e9 uma pessoa de f\u00e9, sabe que Deus tem um prop\u00f3sito na vida da gente e quando est\u00e1 na hora, acontece sem maiores esfor\u00e7os, mesmo com a ansiedade atrapalhando. Tudo que tivermos que fazer para dar uma ajudinha \u00e0 natureza \u00e9, claro, muito v\u00e1lido, mas o melhor e maior conselho que tenho a passar para todas as tentantes que buscam esse pequeno manual de sobreviv\u00eancia \u00e9:<\/p>\n<p style=\"font-weight:bold; text-align:center\">N\u00e3o se preocupem porque se for seu, vir\u00e1!<\/p>\n<p class=\"align-justify\">Namore muito com o amor da sua vida. Tenho certeza de que se voc\u00eas desejam um fruto dessa uni\u00e3o \u00e9 porque se amam e essa \u00e9 a melhor parte das tentativas, querida tentante: se doar de corpo e alma para o seu parceiro, sem a preocupa\u00e7\u00e3o de estar ou n\u00e3o f\u00e9rtil naquele momento.<\/p>\n<p class=\"align-justify\">Que venha o positivo! Que venham muitos positivos, se desejar assim! Tantos quantos voc\u00ea desejar, tantos quantos Deus te enviar! Se voc\u00ea quer ser m\u00e3e, saiba que \u00e9 uma batalha. Cada dia da vida de uma m\u00e3e \u00e9 um dia \u00fanico. Ver seu filho crescendo n\u00e3o tem pre\u00e7o e eu recomendo muito, para todas as mulheres. Ser m\u00e3e \u00e9 a melhor coisa que pode acontecer na vida de uma mulher e para quem deseja conhecer o amor verdadeiro, tenha um filho! Seja filho gerado em seu ventre ou seja um filho de cora\u00e7\u00e3o, no fim das contas o amor \u00e9 o mesmo, disso eu tenho certeza.<\/p>\n<p class=\"align-justify\">Viva \u00e0s tentantes e suas ansiedades fora de hora! Salvem os testes de gravidez que podem tirar essa ansiedade (pelo menos um pouco) e um viva a todos os bons m\u00e9dicos ginecologistas ou especialistas em fertilidade que ajudam, e muito, nessa jornada.<\/p>\n<p class=\"align-justify\">Um viva a todas as mulheres guerreiras e batalhadoras, que mesmo com tantos problemas de infertilidade, nunca se entregam ou se deixam derrotar. Um viva a todas as guerreiras com endometriose, polic\u00edsticos ou qualquer outra doen\u00e7a que dificulte a gravidez. Tor\u00e7o muito por cada uma das minhas leitoras que s\u00e3o muito mais que isso, s\u00e3o verdadeiras amigas que acabei ganhando ao longo desse tempo de blog. Umas v\u00e3o, outras chegam, mas sempre com a mesma esperan\u00e7a no cora\u00e7\u00e3o, a esperan\u00e7a de se tornar m\u00e3e! For\u00e7a na peruca e bora fazer babies bem lindos para povoar esse mund\u00e3o de meu Deus!<\/p>\n<p class=\"align-justify\">Beijos f\u00e9rteis!<br \/>\n  Patricia Amorim<\/p>\n<div align=\"center\">\n<table>\n<tbody>\n<tr>\n<td width=\"196\" style=\"text-align:left\"><a href=\"https:\/\/www.famivita.com\/es\/relatos-de-uma-tentante-desvairada-capitulo-8\/\" title=\"Relatos de uma Tentante Desvairada\">\u00ab Cap\u00edtulo 8<\/a><\/td>\n<td width=\"196\" style=\"text-align:center\"><a href=\"https:\/\/www.famivita.com\/es\/ebook-como-engravidar-de-patricia-amorim\/\" title=\"Todos os Cap\u00edtulos\">Todos os Cap\u00edtulos<\/a><\/td>\n<td width=\"196\" style=\"text-align:right\"><a href=\"https:\/\/www.famivita.com\/es\/material-adicional-ebook\/\" title=\"Material Adicional\">Material Adicional \u00bb<\/a><\/td>\n<\/tr>\n<\/tbody>\n<\/table>\n<\/div>\n","protected":false},"excerpt":{"rendered":"<p>\u00ab Cap\u00edtulo 8 Todos os Cap\u00edtulos Material Adicional \u00bb N\u00e3o sei direito em que ponto da vida me auto-denominei tentante, acho que foi acontecendo naturalmente. O fato \u00e9 que ser tentante estava no meu destino e, entre altos e baixos, eu ultrapassei todas as dificuldades. N\u00e3o ultrapassei sozinha! Como tentante, descobri e ganhei tantas coisas [&hellip;]<\/p>\n","protected":false},"author":3,"featured_media":0,"parent":0,"menu_order":0,"comment_status":"closed","ping_status":"closed","template":"","meta":{"_acf_changed":false,"footnotes":""},"class_list":["post-5915","page","type-page","status-publish","hentry"],"acf":[],"yoast_head":"<!-- This site is optimized with the Yoast SEO plugin v25.2 - https:\/\/yoast.com\/wordpress\/plugins\/seo\/ -->\n<title>&quot;Como Engravidar&quot; - Considera\u00e7\u00f5es Finais - Cap\u00edtulo 9 | Famivita<\/title>\n<meta name=\"robots\" content=\"noindex, follow, max-snippet:-1, max-image-preview:large, max-video-preview:-1\" \/>\n<meta property=\"og:locale\" content=\"en_US\" \/>\n<meta property=\"og:type\" content=\"article\" \/>\n<meta property=\"og:title\" content=\"&quot;Como Engravidar&quot; - Considera\u00e7\u00f5es Finais - Cap\u00edtulo 9 | Famivita\" \/>\n<meta property=\"og:description\" content=\"\u00ab Cap\u00edtulo 8 Todos os Cap\u00edtulos Material Adicional \u00bb N\u00e3o sei direito em que ponto da vida me auto-denominei tentante, acho que foi acontecendo naturalmente. O fato \u00e9 que ser tentante estava no meu destino e, entre altos e baixos, eu ultrapassei todas as dificuldades. N\u00e3o ultrapassei sozinha! Como tentante, descobri e ganhei tantas coisas [&hellip;]\" \/>\n<meta property=\"og:url\" content=\"https:\/\/www.famivita.com\/es\/consideracoes-finais-capitulo-9\/\" \/>\n<meta property=\"og:site_name\" content=\"Famivita\" \/>\n<meta property=\"article:modified_time\" content=\"2022-08-23T12:43:26+00:00\" \/>\n<meta name=\"twitter:card\" content=\"summary_large_image\" \/>\n<meta name=\"twitter:label1\" content=\"Est. reading time\" \/>\n\t<meta name=\"twitter:data1\" content=\"3 minutes\" \/>\n<script type=\"application\/ld+json\" class=\"yoast-schema-graph\">{\"@context\":\"https:\/\/schema.org\",\"@graph\":[{\"@type\":\"WebPage\",\"@id\":\"https:\/\/www.famivita.com\/es\/consideracoes-finais-capitulo-9\/\",\"url\":\"https:\/\/www.famivita.com\/es\/consideracoes-finais-capitulo-9\/\",\"name\":\"\\\"Como Engravidar\\\" - Considera\u00e7\u00f5es Finais - Cap\u00edtulo 9 | Famivita\",\"isPartOf\":{\"@id\":\"https:\/\/www.famivita.com\/#website\",\"sameAs\":[\"https:\/\/www.instagram.com\/famivita\/\",\"https:\/\/www.facebook.com\/famivita\/\",\"https:\/\/www.youtube.com\/user\/trocandofraldasyt\",\"https:\/\/api.whatsapp.com\/send\/?phone=5511917837433\"]},\"datePublished\":\"2014-09-19T20:36:27+00:00\",\"dateModified\":\"2022-08-23T12:43:26+00:00\",\"breadcrumb\":{\"@id\":\"https:\/\/www.famivita.com\/es\/consideracoes-finais-capitulo-9\/#breadcrumb\"},\"inLanguage\":\"en-US\",\"potentialAction\":[{\"@type\":\"ReadAction\",\"target\":[\"https:\/\/www.famivita.com\/es\/consideracoes-finais-capitulo-9\/\"]}],\"about\":{\"@type\":\"Organization\",\"@id\":\"https:\/\/www.famivita.com.br\/#organization\",\"name\":\"Famivita\",\"logo\":\"https:\/\/www.famivita.com.br\/wp-content\/themes\/storefront-child\/header_footer_html\/images\/logo_mobile2.svg\",\"url\":\"https:\/\/www.famivita.com.br\/\",\"address\":{\"@type\":\"PostalAddress\",\"streetAddress\":\"Rua Benedito Fernandes, 545, Santo Amaro\",\"addressLocality\":\"S\u00e3o Paulo\",\"addressRegion\":\"S\u00e3o Paulo\",\"postalCode\":\"04746-110\",\"addressCountry\":{\"@type\":\"Country\",\"name\":\"BR\"}}}},{\"@type\":\"BreadcrumbList\",\"@id\":\"https:\/\/www.famivita.com\/es\/consideracoes-finais-capitulo-9\/#breadcrumb\",\"itemListElement\":[{\"@type\":\"ListItem\",\"position\":1,\"name\":\"In\u00edcio\",\"item\":\"https:\/\/www.famivita.com\/\"},{\"@type\":\"ListItem\",\"position\":2,\"name\":\"Considera\u00e7\u00f5es Finais &#8211; Cap\u00edtulo 9 &#8211; &#8220;Como Engravidar&#8221;\"}]},{\"@type\":\"WebSite\",\"@id\":\"https:\/\/www.famivita.com\/#website\",\"url\":\"https:\/\/www.famivita.com\/\",\"name\":\"Famivita\",\"description\":\"\",\"potentialAction\":[{\"@type\":\"SearchAction\",\"target\":{\"@type\":\"EntryPoint\",\"urlTemplate\":\"https:\/\/www.famivita.com\/?s={search_term_string}\"},\"query-input\":{\"@type\":\"PropertyValueSpecification\",\"valueRequired\":true,\"valueName\":\"search_term_string\"}}],\"inLanguage\":\"en-US\"}]}<\/script>\n<!-- \/ Yoast SEO plugin. -->","yoast_head_json":{"title":"\"Como Engravidar\" - Considera\u00e7\u00f5es Finais - Cap\u00edtulo 9 | Famivita","robots":{"index":"noindex","follow":"follow","max-snippet":"max-snippet:-1","max-image-preview":"max-image-preview:large","max-video-preview":"max-video-preview:-1"},"og_locale":"en_US","og_type":"article","og_title":"\"Como Engravidar\" - Considera\u00e7\u00f5es Finais - Cap\u00edtulo 9 | Famivita","og_description":"\u00ab Cap\u00edtulo 8 Todos os Cap\u00edtulos Material Adicional \u00bb N\u00e3o sei direito em que ponto da vida me auto-denominei tentante, acho que foi acontecendo naturalmente. O fato \u00e9 que ser tentante estava no meu destino e, entre altos e baixos, eu ultrapassei todas as dificuldades. N\u00e3o ultrapassei sozinha! Como tentante, descobri e ganhei tantas coisas [&hellip;]","og_url":"https:\/\/www.famivita.com\/es\/consideracoes-finais-capitulo-9\/","og_site_name":"Famivita","article_modified_time":"2022-08-23T12:43:26+00:00","twitter_card":"summary_large_image","twitter_misc":{"Est. reading time":"3 minutes"},"schema":{"@context":"https:\/\/schema.org","@graph":[{"@type":"WebPage","@id":"https:\/\/www.famivita.com\/es\/consideracoes-finais-capitulo-9\/","url":"https:\/\/www.famivita.com\/es\/consideracoes-finais-capitulo-9\/","name":"\"Como Engravidar\" - Considera\u00e7\u00f5es Finais - Cap\u00edtulo 9 | Famivita","isPartOf":{"@id":"https:\/\/www.famivita.com\/#website","sameAs":["https:\/\/www.instagram.com\/famivita\/","https:\/\/www.facebook.com\/famivita\/","https:\/\/www.youtube.com\/user\/trocandofraldasyt","https:\/\/api.whatsapp.com\/send\/?phone=5511917837433"]},"datePublished":"2014-09-19T20:36:27+00:00","dateModified":"2022-08-23T12:43:26+00:00","breadcrumb":{"@id":"https:\/\/www.famivita.com\/es\/consideracoes-finais-capitulo-9\/#breadcrumb"},"inLanguage":"en-US","potentialAction":[{"@type":"ReadAction","target":["https:\/\/www.famivita.com\/es\/consideracoes-finais-capitulo-9\/"]}],"about":{"@type":"Organization","@id":"https:\/\/www.famivita.com.br\/#organization","name":"Famivita","logo":"https:\/\/www.famivita.com.br\/wp-content\/themes\/storefront-child\/header_footer_html\/images\/logo_mobile2.svg","url":"https:\/\/www.famivita.com.br\/","address":{"@type":"PostalAddress","streetAddress":"Rua Benedito Fernandes, 545, Santo Amaro","addressLocality":"S\u00e3o Paulo","addressRegion":"S\u00e3o Paulo","postalCode":"04746-110","addressCountry":{"@type":"Country","name":"BR"}}}},{"@type":"BreadcrumbList","@id":"https:\/\/www.famivita.com\/es\/consideracoes-finais-capitulo-9\/#breadcrumb","itemListElement":[{"@type":"ListItem","position":1,"name":"In\u00edcio","item":"https:\/\/www.famivita.com\/"},{"@type":"ListItem","position":2,"name":"Considera\u00e7\u00f5es Finais &#8211; Cap\u00edtulo 9 &#8211; &#8220;Como Engravidar&#8221;"}]},{"@type":"WebSite","@id":"https:\/\/www.famivita.com\/#website","url":"https:\/\/www.famivita.com\/","name":"Famivita","description":"","potentialAction":[{"@type":"SearchAction","target":{"@type":"EntryPoint","urlTemplate":"https:\/\/www.famivita.com\/?s={search_term_string}"},"query-input":{"@type":"PropertyValueSpecification","valueRequired":true,"valueName":"search_term_string"}}],"inLanguage":"en-US"}]}},"_links":{"self":[{"href":"https:\/\/www.famivita.com\/es\/wp-json\/wp\/v2\/pages\/5915","targetHints":{"allow":["GET"]}}],"collection":[{"href":"https:\/\/www.famivita.com\/es\/wp-json\/wp\/v2\/pages"}],"about":[{"href":"https:\/\/www.famivita.com\/es\/wp-json\/wp\/v2\/types\/page"}],"author":[{"embeddable":true,"href":"https:\/\/www.famivita.com\/es\/wp-json\/wp\/v2\/users\/3"}],"replies":[{"embeddable":true,"href":"https:\/\/www.famivita.com\/es\/wp-json\/wp\/v2\/comments?post=5915"}],"version-history":[{"count":1,"href":"https:\/\/www.famivita.com\/es\/wp-json\/wp\/v2\/pages\/5915\/revisions"}],"predecessor-version":[{"id":150378,"href":"https:\/\/www.famivita.com\/es\/wp-json\/wp\/v2\/pages\/5915\/revisions\/150378"}],"wp:attachment":[{"href":"https:\/\/www.famivita.com\/es\/wp-json\/wp\/v2\/media?parent=5915"}],"curies":[{"name":"wp","href":"https:\/\/api.w.org\/{rel}","templated":true}]}}