{"id":5917,"date":"2014-09-19T17:49:27","date_gmt":"2014-09-19T20:49:27","guid":{"rendered":"http:\/\/www.trocandofraldas.com.br\/?page_id=5917"},"modified":"2023-10-02T04:37:12","modified_gmt":"2023-10-02T07:37:12","slug":"casos-de-sucesso-ebook","status":"publish","type":"page","link":"https:\/\/www.famivita.com\/es\/casos-de-sucesso-ebook\/","title":{"rendered":"Casos de Sucesso &#8211; eBook &#8211; &#8220;Como Engravidar&#8221;"},"content":{"rendered":"<div align=\"center\">\n<table>\n<tbody>\n<tr>\n<td width=\"196\" style=\"text-align:left\"><a href=\"https:\/\/www.famivita.com\/es\/material-adicional-ebook\/\" title=\"Material Adicional\">\u00ab Material Adicional<\/a><\/td>\n<td width=\"196\" style=\"text-align:center\"><a href=\"https:\/\/www.famivita.com\/es\/ebook-como-engravidar-de-patricia-amorim\/\" title=\"Todos os Cap\u00edtulos\">Todos os Cap\u00edtulos<\/a><\/td>\n<td width=\"196\" style=\"text-align:right\"><a href=\"https:\/\/www.famivita.com\/es\/abc-das-tentantes-e-das-mamaes\/\" title=\"ABC das Tentantes e das Mam\u00e3es\">ABC das Tentantes e Mam\u00e3es \u00bb<\/a><\/td>\n<\/tr>\n<\/tbody>\n<\/table>\n<\/div>\n<p><a name=\"caso1\"><\/a><\/p>\n<h2>Um Positivo Mais Que Esperado<\/h2>\n<p class=\"align-justify\">Minha querida amiga e companheira de tentativas,<\/p>\n<p class=\"align-justify\">por muitas vezes me ouviu, e vice-versa, durante essa caminhada de duas tentantes. Acompanhei de perto seu positivo e chorei de alegria ao ver o sonho dessa querida amiga realizado.<\/p>\n<p class=\"align-justify\">Positivo, duas linhas! O Sonho mais esperado da vida de qualquer mulher. Esperar, esperar e esperar &#8211; esse foi e ainda \u00e9 o lema da vida! E foi assim que aguardei durante longos quatro anos e obtive meu milagre.<\/p>\n<p class=\"align-justify\">Meu nome \u00e9 Fernanda, me casei com 23 anos e nunca me imaginei m\u00e3e e nem queria pensar nisso. Um belo dia, Deus acordou o rel\u00f3gio biol\u00f3gico e o desejo nasceu. Costumo dizer que naquele momento nasceu uma nova mam\u00e3e, pois esperar pelo momento do positivo j\u00e1 fazia de mim uma m\u00e3e, m\u00e3e de uma semente plantada no cora\u00e7\u00e3o.<\/p>\n<p class=\"align-justify\">Com 15 anos j\u00e1 fui diagnosticada com ov\u00e1rios polic\u00edsticos. Desde ent\u00e3o sofri e ainda sofro com ciclos enormes, irregulares e sem ovula\u00e7\u00e3o. Sem ovula\u00e7\u00e3o n\u00e3o tem gravidez, e foi atr\u00e1s dessa bendita ovula\u00e7\u00e3o que corri durante esses anos todos.<\/p>\n<p class=\"align-justify\">Primeiramente, a m\u00e9dica que me atendeu &#8211; apesar de eu am\u00e1-la &#8211; me disse de cara: <strong>\u201cVou te passar para um especialista, pois ser\u00e1 dif\u00edcil engravidar.\u201d<\/strong> Mas confesso que quando entrei no consult\u00f3rio do especialista, senti-me mal, uma tristeza enorme e busquei uma outra opini\u00e3o. Foi a\u00ed que conheci meu m\u00e9dico, o Dr. Amadeu Carvalho Jr., ginecologista, obstetra, psic\u00f3logo particular que para mim se tornou um grande amigo.<\/p>\n<p class=\"align-justify\">Fiz exames, tive frustra\u00e7\u00f5es e ciclos enormes e sem qualquer sinal de ovula\u00e7\u00e3o, pois afiro \u00e0 temperatura basal e tenho tudo anotado. Sei que quase n\u00e3o ovulei, em quatro anos foram apenas duas vezes &#8211; esse fen\u00f4meno aconteceu. Fiz todos os exames, viramos de ponta cabe\u00e7a, indutores, tudo em v\u00e3o! Nem com eles eu ovulava regularmente. Foi quando decidimos partir para algo um pouco mais agressivo: as inje\u00e7\u00f5es. Fiz todo o procedimento de uma insemina\u00e7\u00e3o, monitorei com ultrassom e descobri que minhas decep\u00e7\u00f5es nem haviam come\u00e7ado. Recebi uma chuva de horm\u00f4nios e apenas um fol\u00edculo apareceu! Digamos que foi bem como o ditado popular <strong>\u201cMeia boca\u201d<\/strong>. Foi a\u00ed que tomei o HCG para amadurecer e romper, enfim ovulei uhull!<\/p>\n<p class=\"align-justify\">Mal sabia eu que meu pesadelo havia come\u00e7ado, longos 14 dias, at\u00e9 que, enfim, vi a segunda linha mais esperada &#8211; Positivo! N\u00e3o me contive, n\u00e3o acreditava, foi quando dias depois comecei a sangrar. Logo mais num ultrassom descobri que n\u00e3o tinha mais beb\u00ea. \u00c9 uma das piores sensa\u00e7\u00f5es que eu experimentei na vida. Meu mundo desabou ainda mais! Provavelmente, esse beb\u00ea nasceria em maio de 2011 e foi por isso que eu desejei por alguns segundos n\u00e3o comemorar mais o dia das m\u00e3es.<\/p>\n<p class=\"align-justify\">Enfim, acabou 2010, come\u00e7ou 2011 e eu ainda mais ansiosa e determinada. N\u00e3o havia um dia sequer que eu n\u00e3o pensasse nisso, no acordar, no deitar e at\u00e9 mesmo sonhar. Quando sangrei em mar\u00e7o, decidi que seria meu \u00faltimo m\u00eas de tentativas. Eu j\u00e1 havia decidido n\u00e3o sofrer mais, meu marido n\u00e3o suportava mais me ver chorar sempre. Marquei uma ultrassonografia na metade do ciclo com muita f\u00e9, pois em um exame anterior meus ov\u00e1rios se encontravam adormecidos e a probabilidade de uma gravidez seria de apenas 3%. Parecia que eu sentia algo diferente, sentia que Deus me daria meu milagre, ele me conduzia, oramos e l\u00e1 fomos n\u00f3s.<\/p>\n<p class=\"align-justify\">O t\u00e3o esperado dia 14 chegou e l\u00e1 estava meu t\u00e3o sonhado fol\u00edculo que nem com as inje\u00e7\u00f5es ficou t\u00e3o lindo. Enfim, ele rompeu e 11 dias ap\u00f3s tudo isso, consegui ver a t\u00e3o sonhada segunda linha novamente. Ela era invis\u00edvel, s\u00f3 eu e a Patr\u00edcia a v\u00edamos! Fiz o exame de sangue e confirmou-se: POSITIVO! O tempo de cantar chegou e Samuel est\u00e1 aqui. Deus nos fez um grande milagre para nossa alegria. Lembro-me claramente quando, nesse ciclo, eu refiz um ultrassom para saber se aquele fol\u00edculo lindo havia se rompido, pois nunca soube o que era um corpo l\u00fateo na vida, e o m\u00e9dico disse: <strong>\u201cOlha, fala com seu m\u00e9dico e fala que n\u00e3o houve gravidez! Se voc\u00ea sequer engravidasse seu endom\u00e9trio n\u00e3o seguraria seu bebe e tamb\u00e9m n\u00e3o h\u00e1 fol\u00edculos remanescentes para o pr\u00f3ximo ciclo.\u201d<\/strong> No entanto, o Samuel est\u00e1 aqui!<\/p>\n<p>  sp><em>Depoimento da Fernanda de Jorge, mam\u00e3e do Samuel de dois anos, portadora de ov\u00e1rios polic\u00edsticos que tentou engravidar por longos e intermin\u00e1veis quatro anos.<\/em><\/p>\n<hr>\n<p><a name=\"caso2\"><\/a><\/p>\n<h2>Muitas Hist\u00f3rias em uma Busca de Ser M\u00e3e!<\/h2>\n<p class=\"align-justify\">Meu nome \u00e9 Alessandra Nunes, mulher, esposa, m\u00e3e, profissional e blogueira nas horas vagas. Sempre fui de planejar e organizar tudo, ainda mais meus sonhos e objetivos. Casei e meu marido j\u00e1 pensava em filhos, eu j\u00e1 n\u00e3o tinha a mesma pressa. Queria melhorar na carreira, conquistar uma boa estabilidade financeira, um apartamento melhor. E assim, acho que como a maioria das mulheres, achava que o sonho de ser m\u00e3e podia esperar mais um pouco, afinal, achei que seria f\u00e1cil engravidar.<\/p>\n<p class=\"align-justify\">Em 2005, finalmente decidimos ter nosso primeiro filho, a maior empolga\u00e7\u00e3o, mas infelizmente as coisas n\u00e3o aconteceram como eu planejei. Os meses foram passando e eu n\u00e3o engravidava, foi quando comecei a desconfiar que poderia ter algo errado. Minha m\u00e9dica sempre ficou dizendo que era s\u00f3 esperar, mas eu n\u00e3o queria esperar. N\u00e3o sabia ser assim, passiva, e simplesmente aguardar por algo que n\u00e3o acontecia e eu n\u00e3o sabia por qu\u00ea. Troquei de m\u00e9dica e descobri que nem ovulando estava, que tinha perdido v\u00e1rios meses de tentativas inutilmente. Bom, foi ent\u00e3o que tomei uma decis\u00e3o, iria pesquisar sobre o assunto, entender como meu organismo e a concep\u00e7\u00e3o funcionavam, por que a demora para conseguir, o que poderia estar dificultando, enfim, por que n\u00e3o estava conseguindo ser m\u00e3e. Depois de muitos exames, tratamentos e tentativas, descobri que tinha endometriose. Mais alguns tratamentos e finalmente, mais de dois anos depois, consegui meu t\u00e3o sonhado positivo. Tive uma gesta\u00e7\u00e3o tranquila e muito desejada, mas tive um parto bastante complicado e logo em seguida uma depress\u00e3o p\u00f3s-parto, coisa que nunca esperei que aconteceria comigo. Foram alguns anos de tratamento para venc\u00ea-la.<\/p>\n<p class=\"align-justify\">Quando achei que j\u00e1 havia passado por quase tudo em rela\u00e7\u00e3o \u00e0 maternidade, decidimos ter nosso segundo filho, fiquei gr\u00e1vida novamente. Dessa vez foi logo na primeira tentiva, era um menino. Mas infelizmente, mais uma vez, as coisas n\u00e3o aconteceram como eu planejei, perdi meu beb\u00ea aos 6 meses de gravidez. \u00c9 uma experi\u00eancia que n\u00e3o h\u00e1 como descrever e que me fez mudar muito o modo de ver a vida. A maternidade por si s\u00f3 j\u00e1 muda voc\u00ea, mas a perda de um filho vira voc\u00ea do avesso, \u00e9 indescrit\u00edvel. Agora voltei novamente a tentar, como j\u00e1 se passou mais de um ano de tentativas, comecei as investiga\u00e7\u00f5es de fertilidade e estou com uma suspeita de obstru\u00e7\u00e3o tub\u00e1ria bilateral. Nos pr\u00f3ximos dias, l\u00e1 vou eu de novo enfrentar um exame, para muitas tentantes bem temido, a histerossalpingografia, que, dependendo do resultado, ainda pode me levar a fazer uma fertiliza\u00e7\u00e3o in vitro.<\/p>\n<p class=\"align-justify\">De toda essa caminhada surgiu o Da Fertilidade \u00e0 Maternidade, minha v\u00e1lvula de escape para dividir e trocar experi\u00eancia sobre tudo isso, afinal n\u00e3o estou sozinha nessa busca! O sonho de ser m\u00e3e e viver a maternidade \u00e9 o que muitas de n\u00f3s tem. O que posso dizer a voc\u00ea que est\u00e1 lendo meu depoimento: lute, pois tudo vai valer a pena!<\/p>\n<p class=\"align-justify\"><em>Alessandra Nunes, m\u00e3e da Giovana de 6 anos, portadora de endometriose, demorou mais de dois anos para conseguir engravidar.<\/em><\/p>\n<div align=\"center\">\n<table>\n<tbody>\n<tr>\n<td width=\"196\" style=\"text-align:left\"><a href=\"https:\/\/www.famivita.com\/es\/material-adicional-ebook\/\" title=\"Material Adicional\">\u00ab Material Adicional<\/a><\/td>\n<td width=\"196\" style=\"text-align:center\"><a href=\"https:\/\/www.famivita.com\/es\/ebook-como-engravidar-de-patricia-amorim\/\" title=\"Todos os Cap\u00edtulos\">Todos os Cap\u00edtulos<\/a><\/td>\n<td width=\"196\" style=\"text-align:right\"><a href=\"https:\/\/www.famivita.com\/es\/abc-das-tentantes-e-das-mamaes\/\" title=\"ABC das Tentantes e das Mam\u00e3es\">ABC das Tentantes e Mam\u00e3es \u00bb<\/a><\/td>\n<\/tr>\n<\/tbody>\n<\/table>\n<\/div>\n","protected":false},"excerpt":{"rendered":"<p>\u00ab Material Adicional Todos os Cap\u00edtulos ABC das Tentantes e Mam\u00e3es \u00bb Um Positivo Mais Que Esperado Minha querida amiga e companheira de tentativas, por muitas vezes me ouviu, e vice-versa, durante essa caminhada de duas tentantes. Acompanhei de perto seu positivo e chorei de alegria ao ver o sonho dessa querida amiga realizado. Positivo, [&hellip;]<\/p>\n","protected":false},"author":3,"featured_media":0,"parent":0,"menu_order":0,"comment_status":"closed","ping_status":"closed","template":"","meta":{"_acf_changed":false,"footnotes":""},"class_list":["post-5917","page","type-page","status-publish","hentry"],"acf":[],"yoast_head":"<!-- This site is optimized with the Yoast SEO plugin v25.2 - https:\/\/yoast.com\/wordpress\/plugins\/seo\/ -->\n<title>&quot;Como Engravidar&quot; - Casos de Sucesso - eBook | Famivita<\/title>\n<meta name=\"robots\" content=\"noindex, follow, max-snippet:-1, max-image-preview:large, max-video-preview:-1\" \/>\n<meta property=\"og:locale\" content=\"en_US\" \/>\n<meta property=\"og:type\" content=\"article\" \/>\n<meta property=\"og:title\" content=\"&quot;Como Engravidar&quot; - Casos de Sucesso - eBook | Famivita\" \/>\n<meta property=\"og:description\" content=\"\u00ab Material Adicional Todos os Cap\u00edtulos ABC das Tentantes e Mam\u00e3es \u00bb Um Positivo Mais Que Esperado Minha querida amiga e companheira de tentativas, por muitas vezes me ouviu, e vice-versa, durante essa caminhada de duas tentantes. Acompanhei de perto seu positivo e chorei de alegria ao ver o sonho dessa querida amiga realizado. Positivo, [&hellip;]\" \/>\n<meta property=\"og:url\" content=\"https:\/\/www.famivita.com\/es\/casos-de-sucesso-ebook\/\" \/>\n<meta property=\"og:site_name\" content=\"Famivita\" \/>\n<meta property=\"article:modified_time\" content=\"2023-10-02T07:37:12+00:00\" \/>\n<meta name=\"twitter:card\" content=\"summary_large_image\" \/>\n<meta name=\"twitter:label1\" content=\"Est. reading time\" \/>\n\t<meta name=\"twitter:data1\" content=\"7 minutes\" \/>\n<script type=\"application\/ld+json\" class=\"yoast-schema-graph\">{\"@context\":\"https:\/\/schema.org\",\"@graph\":[{\"@type\":\"WebPage\",\"@id\":\"https:\/\/www.famivita.com\/es\/casos-de-sucesso-ebook\/\",\"url\":\"https:\/\/www.famivita.com\/es\/casos-de-sucesso-ebook\/\",\"name\":\"\\\"Como Engravidar\\\" - Casos de Sucesso - eBook | Famivita\",\"isPartOf\":{\"@id\":\"https:\/\/www.famivita.com\/#website\",\"sameAs\":[\"https:\/\/www.instagram.com\/famivita\/\",\"https:\/\/www.facebook.com\/famivita\/\",\"https:\/\/www.youtube.com\/user\/trocandofraldasyt\",\"https:\/\/api.whatsapp.com\/send\/?phone=5511917837433\"]},\"datePublished\":\"2014-09-19T20:49:27+00:00\",\"dateModified\":\"2023-10-02T07:37:12+00:00\",\"breadcrumb\":{\"@id\":\"https:\/\/www.famivita.com\/es\/casos-de-sucesso-ebook\/#breadcrumb\"},\"inLanguage\":\"en-US\",\"potentialAction\":[{\"@type\":\"ReadAction\",\"target\":[\"https:\/\/www.famivita.com\/es\/casos-de-sucesso-ebook\/\"]}],\"about\":{\"@type\":\"Organization\",\"@id\":\"https:\/\/www.famivita.com.br\/#organization\",\"name\":\"Famivita\",\"logo\":\"https:\/\/www.famivita.com.br\/wp-content\/themes\/storefront-child\/header_footer_html\/images\/logo_mobile2.svg\",\"url\":\"https:\/\/www.famivita.com.br\/\",\"address\":{\"@type\":\"PostalAddress\",\"streetAddress\":\"Rua Benedito Fernandes, 545, Santo Amaro\",\"addressLocality\":\"S\u00e3o Paulo\",\"addressRegion\":\"S\u00e3o Paulo\",\"postalCode\":\"04746-110\",\"addressCountry\":{\"@type\":\"Country\",\"name\":\"BR\"}}}},{\"@type\":\"BreadcrumbList\",\"@id\":\"https:\/\/www.famivita.com\/es\/casos-de-sucesso-ebook\/#breadcrumb\",\"itemListElement\":[{\"@type\":\"ListItem\",\"position\":1,\"name\":\"In\u00edcio\",\"item\":\"https:\/\/www.famivita.com\/\"},{\"@type\":\"ListItem\",\"position\":2,\"name\":\"Casos de Sucesso &#8211; eBook &#8211; &#8220;Como Engravidar&#8221;\"}]},{\"@type\":\"WebSite\",\"@id\":\"https:\/\/www.famivita.com\/#website\",\"url\":\"https:\/\/www.famivita.com\/\",\"name\":\"Famivita\",\"description\":\"\",\"potentialAction\":[{\"@type\":\"SearchAction\",\"target\":{\"@type\":\"EntryPoint\",\"urlTemplate\":\"https:\/\/www.famivita.com\/?s={search_term_string}\"},\"query-input\":{\"@type\":\"PropertyValueSpecification\",\"valueRequired\":true,\"valueName\":\"search_term_string\"}}],\"inLanguage\":\"en-US\"}]}<\/script>\n<!-- \/ Yoast SEO plugin. -->","yoast_head_json":{"title":"\"Como Engravidar\" - Casos de Sucesso - eBook | Famivita","robots":{"index":"noindex","follow":"follow","max-snippet":"max-snippet:-1","max-image-preview":"max-image-preview:large","max-video-preview":"max-video-preview:-1"},"og_locale":"en_US","og_type":"article","og_title":"\"Como Engravidar\" - Casos de Sucesso - eBook | Famivita","og_description":"\u00ab Material Adicional Todos os Cap\u00edtulos ABC das Tentantes e Mam\u00e3es \u00bb Um Positivo Mais Que Esperado Minha querida amiga e companheira de tentativas, por muitas vezes me ouviu, e vice-versa, durante essa caminhada de duas tentantes. Acompanhei de perto seu positivo e chorei de alegria ao ver o sonho dessa querida amiga realizado. Positivo, [&hellip;]","og_url":"https:\/\/www.famivita.com\/es\/casos-de-sucesso-ebook\/","og_site_name":"Famivita","article_modified_time":"2023-10-02T07:37:12+00:00","twitter_card":"summary_large_image","twitter_misc":{"Est. reading time":"7 minutes"},"schema":{"@context":"https:\/\/schema.org","@graph":[{"@type":"WebPage","@id":"https:\/\/www.famivita.com\/es\/casos-de-sucesso-ebook\/","url":"https:\/\/www.famivita.com\/es\/casos-de-sucesso-ebook\/","name":"\"Como Engravidar\" - Casos de Sucesso - eBook | Famivita","isPartOf":{"@id":"https:\/\/www.famivita.com\/#website","sameAs":["https:\/\/www.instagram.com\/famivita\/","https:\/\/www.facebook.com\/famivita\/","https:\/\/www.youtube.com\/user\/trocandofraldasyt","https:\/\/api.whatsapp.com\/send\/?phone=5511917837433"]},"datePublished":"2014-09-19T20:49:27+00:00","dateModified":"2023-10-02T07:37:12+00:00","breadcrumb":{"@id":"https:\/\/www.famivita.com\/es\/casos-de-sucesso-ebook\/#breadcrumb"},"inLanguage":"en-US","potentialAction":[{"@type":"ReadAction","target":["https:\/\/www.famivita.com\/es\/casos-de-sucesso-ebook\/"]}],"about":{"@type":"Organization","@id":"https:\/\/www.famivita.com.br\/#organization","name":"Famivita","logo":"https:\/\/www.famivita.com.br\/wp-content\/themes\/storefront-child\/header_footer_html\/images\/logo_mobile2.svg","url":"https:\/\/www.famivita.com.br\/","address":{"@type":"PostalAddress","streetAddress":"Rua Benedito Fernandes, 545, Santo Amaro","addressLocality":"S\u00e3o Paulo","addressRegion":"S\u00e3o Paulo","postalCode":"04746-110","addressCountry":{"@type":"Country","name":"BR"}}}},{"@type":"BreadcrumbList","@id":"https:\/\/www.famivita.com\/es\/casos-de-sucesso-ebook\/#breadcrumb","itemListElement":[{"@type":"ListItem","position":1,"name":"In\u00edcio","item":"https:\/\/www.famivita.com\/"},{"@type":"ListItem","position":2,"name":"Casos de Sucesso &#8211; eBook &#8211; &#8220;Como Engravidar&#8221;"}]},{"@type":"WebSite","@id":"https:\/\/www.famivita.com\/#website","url":"https:\/\/www.famivita.com\/","name":"Famivita","description":"","potentialAction":[{"@type":"SearchAction","target":{"@type":"EntryPoint","urlTemplate":"https:\/\/www.famivita.com\/?s={search_term_string}"},"query-input":{"@type":"PropertyValueSpecification","valueRequired":true,"valueName":"search_term_string"}}],"inLanguage":"en-US"}]}},"_links":{"self":[{"href":"https:\/\/www.famivita.com\/es\/wp-json\/wp\/v2\/pages\/5917","targetHints":{"allow":["GET"]}}],"collection":[{"href":"https:\/\/www.famivita.com\/es\/wp-json\/wp\/v2\/pages"}],"about":[{"href":"https:\/\/www.famivita.com\/es\/wp-json\/wp\/v2\/types\/page"}],"author":[{"embeddable":true,"href":"https:\/\/www.famivita.com\/es\/wp-json\/wp\/v2\/users\/3"}],"replies":[{"embeddable":true,"href":"https:\/\/www.famivita.com\/es\/wp-json\/wp\/v2\/comments?post=5917"}],"version-history":[{"count":1,"href":"https:\/\/www.famivita.com\/es\/wp-json\/wp\/v2\/pages\/5917\/revisions"}],"predecessor-version":[{"id":150375,"href":"https:\/\/www.famivita.com\/es\/wp-json\/wp\/v2\/pages\/5917\/revisions\/150375"}],"wp:attachment":[{"href":"https:\/\/www.famivita.com\/es\/wp-json\/wp\/v2\/media?parent=5917"}],"curies":[{"name":"wp","href":"https:\/\/api.w.org\/{rel}","templated":true}]}}