{"id":5919,"date":"2014-09-19T17:56:13","date_gmt":"2014-09-19T20:56:13","guid":{"rendered":"http:\/\/www.trocandofraldas.com.br\/?page_id=5919"},"modified":"2023-10-02T04:37:09","modified_gmt":"2023-10-02T07:37:09","slug":"abc-das-tentantes-e-das-mamaes","status":"publish","type":"page","link":"https:\/\/www.famivita.com\/es\/abc-das-tentantes-e-das-mamaes\/","title":{"rendered":"ABC das Tentantes e das Mam\u00e3es &#8211; eBook &#8220;Como Engravidar&#8221;"},"content":{"rendered":"<div align=\"center\">\n<table>\n<tbody>\n<tr>\n<td width=\"196\" style=\"text-align:left\"><a href=\"https:\/\/www.famivita.com\/es\/casos-de-sucesso-ebook\/\" title=\"Casos de Sucesso\">\u00ab Casos de Sucesso<\/a><\/td>\n<td width=\"196\" style=\"text-align:center\"><a href=\"https:\/\/www.famivita.com\/es\/ebook-como-engravidar-de-patricia-amorim\/\" title=\"Todos os Cap\u00edtulos\">Todos os Cap\u00edtulos<\/a><\/td>\n<td width=\"196\" style=\"text-align:right\"><a href=\"https:\/\/www.famivita.com\/es\/referencias-de-imagengs-ebook\/\" title=\"Refer\u00eancias de Imagens\">Refer\u00eancias de Imagens \u00bb<\/a><\/td>\n<\/tr>\n<\/tbody>\n<\/table>\n<\/div>\n<p class=\"align-justify\">Sabe o que \u00e9 DC? DPO? N\u00e3o? Que tal ter \u00e0 m\u00e3o, sempre que precisar, um dicion\u00e1rio para tentantes e mam\u00e3es, desvendando as siglas que vemos em f\u00f3runs, sites especializados em tentantes e, inclusive, no \u201cTrocando Fraldas\u201d? N\u00e3o tem nada melhor do que ler e entender o que se diz, mesmo que seja um simples laudo de ultrassom. Por isso, vem aqui o ABC das tentantes e das mam\u00e3es. Let\u00b4s go!<\/p>\n<table>\n<tbody>\n<tr>\n<td width=\"30%\"><strong>A Termo<\/strong><\/td>\n<td>Um beb\u00ea nascido no per\u00edodo certo, ou seja, j\u00e1 no 9\u00ba m\u00eas de gravidez.<\/td>\n<\/tr>\n<tr>\n<td><strong>CA<\/strong><\/td>\n<td>Circunfer\u00eancia abdominal do beb\u00ea no ultrasom, ajuda a indicar o peso aproximado.<\/td>\n<\/tr>\n<tr>\n<td><strong>CC<\/strong><\/td>\n<td>Circunfer\u00eancia da caixa craniana que determina se o c\u00e9rebro est\u00e1 crescendo adequa-damente.<\/td>\n<\/tr>\n<tr>\n<td><strong>Ciclo Anovulat\u00f3rio<\/strong><\/td>\n<td>Ciclo em que a mulher n\u00e3o ovula em nenhum dos dois ov\u00e1rios.<\/td>\n<\/tr>\n<tr>\n<td><strong>Colo do \u00datero<\/strong><\/td>\n<td>Entrada do \u00fatero, local mais pr\u00f3ximo \u00e0 vagina, onde se concentra grande parte do muco.<\/td>\n<\/tr>\n<tr>\n<td><strong>Cord\u00e3o Umbilical<\/strong><\/td>\n<td>Uma forma gelatinosa que faz a liga\u00e7\u00e3o da placenta com o beb\u00ea, cont\u00e9m duas veias e uma art\u00e9ria e leva ao beb\u00ea todos os nutrientes e oxig\u00eanio.<\/td>\n<\/tr>\n<tr>\n<td><strong>Corpo L\u00fateo<\/strong><\/td>\n<td>Cisto de onde o \u00f3vulo saiu, que se enche de sangue ap\u00f3s a ovula\u00e7\u00e3o e faz um suporte hormonal para a poss\u00edvel gravidez acontecer, mantendo o endom\u00e9trio no lugar certo.<\/td>\n<\/tr>\n<tr>\n<td><strong>DC<\/strong><\/td>\n<td>Dia do ciclo menstual. Conta-se a partir do primeiro dia da menstrua\u00e7\u00e3o at\u00e9 o dia de in\u00edcio do ciclo menstrual seguinte. Tipicamente varia entre 21 e 40 dias.<\/td>\n<\/tr>\n<tr>\n<td><strong>DHEG<\/strong><\/td>\n<td>Doen\u00e7a hipertensa exclusiva da gravidez que pode causar problemas tanto para o beb\u00ea como para a m\u00e3e, se n\u00e3o tratada.<\/td>\n<\/tr>\n<tr>\n<td><strong>DPO<\/strong><\/td>\n<td>Dia p\u00f3s-ovula\u00e7\u00e3o se conta a partir do momento em que o per\u00edodo f\u00e9rtil acaba.<\/td>\n<\/tr>\n<tr>\n<td><strong>DUM<\/strong><\/td>\n<td>Data da \u00faltima menstrua\u00e7\u00e3o.<\/td>\n<\/tr>\n<tr>\n<td><strong>Endom\u00e9trio<\/strong><\/td>\n<td>Camada de dentro do \u00fatero formada por sangue e parte necess\u00e1ria para a gravidez acontecer. Se n\u00e3o implantado, um embri\u00e3o sai em formato de menstrua\u00e7\u00e3o.<\/td>\n<\/tr>\n<tr>\n<td><strong>F\u00eamur<\/strong><\/td>\n<td>Osso da coxa do beb\u00ea cujo valor de medi\u00e7\u00e3o no ultrassom multiplicado por sete pode indicar a altura aproximada do beb\u00ea.<\/td>\n<\/tr>\n<tr>\n<td><strong>FIV<\/strong><\/td>\n<td>Fertiliza\u00e7\u00e3o in Vitro.<\/td>\n<\/tr>\n<tr>\n<td><strong>FL<\/strong><\/td>\n<td>Fase l\u00fatea (conduzida pelo corpo l\u00fateo) que, ap\u00f3s a sa\u00edda do \u00f3vulo, estimula a produ\u00e7\u00e3o da progesterona, dando suporte \u00e0 implanta\u00e7\u00e3o do \u00f3vulo no \u00fatero.<\/td>\n<\/tr>\n<tr>\n<td><strong>GO<\/strong><\/td>\n<td>Ginecologista Obstetra, m\u00e9dico que cuida da mulher, gr\u00e1vida ou n\u00e3o.<\/td>\n<\/tr>\n<tr>\n<td><strong>IA<\/strong><\/td>\n<td>Insemina\u00e7\u00e3o artificial, forma de colocar espermatozoides selecionados dentro do \u00fatero para fins de fecunda\u00e7\u00e3o.<\/td>\n<\/tr>\n<tr>\n<td><strong>M\u00e9todo Billings<\/strong><\/td>\n<td>Forma de analisar o muco cervical (secre\u00e7\u00e3o vaginal) que faz perceber o per\u00edodo f\u00e9rtil da mulher.<\/td>\n<\/tr>\n<tr>\n<td><strong>Nida\u00e7\u00e3o<\/strong><\/td>\n<td>Implanta\u00e7\u00e3o do zigoto no endom\u00e9trio depois da longa caminhada pelas trompas at\u00e9 o fundo do \u00fatero, onde se fixa, meio que cava uma camada e cria \u201cra\u00edzes\u201d. Depois se divide em duas partes das quais uma vira a placenta e a outra vira o beb\u00ea. Ap\u00f3s sete a quinze dias, a nida\u00e7\u00e3o acontece, com ou sem sangramento aparente.<\/td>\n<\/tr>\n<tr>\n<td><strong>Ov\u00e1rio<\/strong><\/td>\n<td>Local onde ficam armazenados todos os \u00f3vulos que s\u00e3o liberados ao longo da vida f\u00e9rtil da mulher, local de estimula\u00e7\u00e3o da maioria dos horm\u00f4nios do per\u00edodo f\u00e9rtil.<\/td>\n<\/tr>\n<tr>\n<td><strong>Ovula\u00e7\u00e3o Precoce<\/strong><\/td>\n<td>Ciclo em que a ovula\u00e7\u00e3o acontece antes do esperado.<\/td>\n<\/tr>\n<tr>\n<td><strong>Ovula\u00e7\u00e3o Tardia<\/strong><\/td>\n<td>Ciclo em que a ovula\u00e7\u00e3o acontece sete ou mais dias depois do esperado.<\/td>\n<\/tr>\n<tr>\n<td><strong>PC<\/strong><\/td>\n<td>Parto cesariana, realizado em uma cirurgia para retirada do beb\u00ea.<\/td>\n<\/tr>\n<tr>\n<td><strong>PD<\/strong><\/td>\n<td>Parto domicilar, realizado em casa por uma doula ou por um m\u00e9dico obstetra, op\u00e7\u00e3o da gestante.<\/td>\n<\/tr>\n<tr>\n<td><strong>PDS<\/strong><\/td>\n<td>P\u00edlula do dia seguinte, m\u00e9todo contraceptivo emergencial.<\/td>\n<\/tr>\n<tr>\n<td><strong>PF<\/strong><\/td>\n<td>Per\u00edodo f\u00e9rtil, dias em que a mulher pode engravidar.<\/td>\n<\/tr>\n<tr>\n<td><strong>PH<\/strong><\/td>\n<td>Parto humanizado, respeita as vontades da gestante, seja no hospital ou em casa.<\/td>\n<\/tr>\n<tr>\n<td><strong>Placenta<\/strong><\/td>\n<td>\u00d3rg\u00e3o que faz a transfer\u00eancia de todos os nutrientes e a oxigena\u00e7\u00e3o da m\u00e3e para o feto, tem aspecto de f\u00edgado cheio de veias e art\u00e9rias, gerado durante a gravidez.<\/td>\n<\/tr>\n<tr>\n<td><strong>PN<\/strong><\/td>\n<td>Parto normal por via vaginal.<\/td>\n<\/tr>\n<tr>\n<td><strong>Tamp\u00e3o Mucoso<\/strong><\/td>\n<td>Secre\u00e7\u00e3o formada por horm\u00f4nios que tampam o colo do \u00fatero durante a gravidez para evitar penetra\u00e7\u00e3o de bact\u00e9rias, ajudando a manter a gesta\u00e7\u00e3o livre de infec\u00e7\u00f5es.<\/td>\n<\/tr>\n<tr>\n<td><strong>TB<\/strong><\/td>\n<td>Temperatura basal, m\u00e9todo onde se usa um term\u00f4metro ap\u00f3s, pelo menos, seis horas de repouso (sono).<\/td>\n<\/tr>\n<tr>\n<td><strong>TN<\/strong><\/td>\n<td>Transluc\u00eancia nucal, ultrassom para detectar uma poss\u00edvel s\u00edndrome de Down.<\/td>\n<\/tr>\n<tr>\n<td><strong>TP<\/strong><\/td>\n<td>Trabalho de parto, in\u00edcio do nascimento do beb\u00ea.<\/td>\n<\/tr>\n<tr>\n<td><strong>TPM<\/strong><\/td>\n<td>Tens\u00e3o pr\u00e9-menstrual, sintomas presentes na pr\u00e9-menstrua\u00e7\u00e3o ou durante o per\u00edodo menstrual que podem causar desconforto, dores de cabe\u00e7a, c\u00f3licas, dor lombar e mau humor.<\/td>\n<\/tr>\n<tr>\n<td><strong>Trompas<\/strong><\/td>\n<td>Parte do \u00fatero que mais parece bra\u00e7os, onde o \u00f3vulo \u00e9 fecundado pelo espermatozoide, \u00f3rg\u00e3o que faz uma ponte necess\u00e1ria para o \u00fatero e a fecunda\u00e7\u00e3o.<\/td>\n<\/tr>\n<tr>\n<td><strong>\u00damero<\/strong><\/td>\n<td>Osso do antebra\u00e7o do beb\u00ea.<\/td>\n<\/tr>\n<tr>\n<td><strong>US<\/strong><\/td>\n<td>Ultrassom, ecografia ou ultrassonografia, exame por imagem que pode visualizar barreiras s\u00f3lidas por meio de ondas sonoras.<\/td>\n<\/tr>\n<tr>\n<td><strong>Vernix<\/strong><\/td>\n<td>Tipo de gordura branca que protege o corpo do beb\u00ea intra-\u00fatero.<\/td>\n<\/tr>\n<tr>\n<td><strong>Ves\u00edcula Vitel\u00ednica<\/strong><\/td>\n<td>Suporte provis\u00f3rio ao beb\u00ea que aparece com a forma\u00e7\u00e3o do embri\u00e3o e faz o papel da placenta at\u00e9 a nona semana da gesta\u00e7\u00e3o, depois deixa de funcionar.<\/td>\n<\/tr>\n<\/tbody>\n<\/table>\n<div align=\"center\">\n<table>\n<tbody>\n<tr>\n<td width=\"196\" style=\"text-align:left\"><a href=\"https:\/\/www.famivita.com\/es\/casos-de-sucesso-ebook\/\" title=\"Casos de Sucesso\">\u00ab Casos de Sucesso<\/a><\/td>\n<td width=\"196\" style=\"text-align:center\"><a href=\"https:\/\/www.famivita.com\/es\/ebook-como-engravidar-de-patricia-amorim\/\" title=\"Todos os Cap\u00edtulos\">Todos os Cap\u00edtulos<\/a><\/td>\n<td width=\"196\" style=\"text-align:right\"><a href=\"https:\/\/www.famivita.com\/es\/referencias-de-imagengs-ebook\/\" title=\"Refer\u00eancias de Imagens\">Refer\u00eancias de Imagens \u00bb<\/a><\/td>\n<\/tr>\n<\/tbody>\n<\/table>\n<\/div>\n","protected":false},"excerpt":{"rendered":"<p>\u00ab Casos de Sucesso Todos os Cap\u00edtulos Refer\u00eancias de Imagens \u00bb Sabe o que \u00e9 DC? DPO? N\u00e3o? Que tal ter \u00e0 m\u00e3o, sempre que precisar, um dicion\u00e1rio para tentantes e mam\u00e3es, desvendando as siglas que vemos em f\u00f3runs, sites especializados em tentantes e, inclusive, no \u201cTrocando Fraldas\u201d? N\u00e3o tem nada melhor do que ler [&hellip;]<\/p>\n","protected":false},"author":3,"featured_media":0,"parent":0,"menu_order":0,"comment_status":"closed","ping_status":"closed","template":"","meta":{"_acf_changed":false,"footnotes":""},"class_list":["post-5919","page","type-page","status-publish","hentry"],"acf":[],"yoast_head":"<!-- This site is optimized with the Yoast SEO plugin v25.2 - https:\/\/yoast.com\/wordpress\/plugins\/seo\/ -->\n<title>&quot;Como Engravidar&quot; - ABC das Tentantes e das Mam\u00e3es - eBook | Famivita<\/title>\n<meta name=\"robots\" content=\"noindex, follow, max-snippet:-1, max-image-preview:large, max-video-preview:-1\" \/>\n<meta property=\"og:locale\" content=\"en_US\" \/>\n<meta property=\"og:type\" content=\"article\" \/>\n<meta property=\"og:title\" content=\"&quot;Como Engravidar&quot; - ABC das Tentantes e das Mam\u00e3es - eBook | Famivita\" \/>\n<meta property=\"og:description\" content=\"\u00ab Casos de Sucesso Todos os Cap\u00edtulos Refer\u00eancias de Imagens \u00bb Sabe o que \u00e9 DC? DPO? N\u00e3o? Que tal ter \u00e0 m\u00e3o, sempre que precisar, um dicion\u00e1rio para tentantes e mam\u00e3es, desvendando as siglas que vemos em f\u00f3runs, sites especializados em tentantes e, inclusive, no \u201cTrocando Fraldas\u201d? N\u00e3o tem nada melhor do que ler [&hellip;]\" \/>\n<meta property=\"og:url\" content=\"https:\/\/www.famivita.com\/es\/abc-das-tentantes-e-das-mamaes\/\" \/>\n<meta property=\"og:site_name\" content=\"Famivita\" \/>\n<meta property=\"article:modified_time\" content=\"2023-10-02T07:37:09+00:00\" \/>\n<meta name=\"twitter:card\" content=\"summary_large_image\" \/>\n<meta name=\"twitter:label1\" content=\"Est. reading time\" \/>\n\t<meta name=\"twitter:data1\" content=\"5 minutes\" \/>\n<script type=\"application\/ld+json\" class=\"yoast-schema-graph\">{\"@context\":\"https:\/\/schema.org\",\"@graph\":[{\"@type\":\"WebPage\",\"@id\":\"https:\/\/www.famivita.com\/es\/abc-das-tentantes-e-das-mamaes\/\",\"url\":\"https:\/\/www.famivita.com\/es\/abc-das-tentantes-e-das-mamaes\/\",\"name\":\"\\\"Como Engravidar\\\" - ABC das Tentantes e das Mam\u00e3es - eBook | Famivita\",\"isPartOf\":{\"@id\":\"https:\/\/www.famivita.com\/#website\",\"sameAs\":[\"https:\/\/www.instagram.com\/famivita\/\",\"https:\/\/www.facebook.com\/famivita\/\",\"https:\/\/www.youtube.com\/user\/trocandofraldasyt\",\"https:\/\/api.whatsapp.com\/send\/?phone=5511917837433\"]},\"datePublished\":\"2014-09-19T20:56:13+00:00\",\"dateModified\":\"2023-10-02T07:37:09+00:00\",\"breadcrumb\":{\"@id\":\"https:\/\/www.famivita.com\/es\/abc-das-tentantes-e-das-mamaes\/#breadcrumb\"},\"inLanguage\":\"en-US\",\"potentialAction\":[{\"@type\":\"ReadAction\",\"target\":[\"https:\/\/www.famivita.com\/es\/abc-das-tentantes-e-das-mamaes\/\"]}],\"about\":{\"@type\":\"Organization\",\"@id\":\"https:\/\/www.famivita.com.br\/#organization\",\"name\":\"Famivita\",\"logo\":\"https:\/\/www.famivita.com.br\/wp-content\/themes\/storefront-child\/header_footer_html\/images\/logo_mobile2.svg\",\"url\":\"https:\/\/www.famivita.com.br\/\",\"address\":{\"@type\":\"PostalAddress\",\"streetAddress\":\"Rua Benedito Fernandes, 545, Santo Amaro\",\"addressLocality\":\"S\u00e3o Paulo\",\"addressRegion\":\"S\u00e3o Paulo\",\"postalCode\":\"04746-110\",\"addressCountry\":{\"@type\":\"Country\",\"name\":\"BR\"}}}},{\"@type\":\"BreadcrumbList\",\"@id\":\"https:\/\/www.famivita.com\/es\/abc-das-tentantes-e-das-mamaes\/#breadcrumb\",\"itemListElement\":[{\"@type\":\"ListItem\",\"position\":1,\"name\":\"In\u00edcio\",\"item\":\"https:\/\/www.famivita.com\/\"},{\"@type\":\"ListItem\",\"position\":2,\"name\":\"ABC das Tentantes e das Mam\u00e3es &#8211; eBook &#8220;Como Engravidar&#8221;\"}]},{\"@type\":\"WebSite\",\"@id\":\"https:\/\/www.famivita.com\/#website\",\"url\":\"https:\/\/www.famivita.com\/\",\"name\":\"Famivita\",\"description\":\"\",\"potentialAction\":[{\"@type\":\"SearchAction\",\"target\":{\"@type\":\"EntryPoint\",\"urlTemplate\":\"https:\/\/www.famivita.com\/?s={search_term_string}\"},\"query-input\":{\"@type\":\"PropertyValueSpecification\",\"valueRequired\":true,\"valueName\":\"search_term_string\"}}],\"inLanguage\":\"en-US\"}]}<\/script>\n<!-- \/ Yoast SEO plugin. -->","yoast_head_json":{"title":"\"Como Engravidar\" - ABC das Tentantes e das Mam\u00e3es - eBook | Famivita","robots":{"index":"noindex","follow":"follow","max-snippet":"max-snippet:-1","max-image-preview":"max-image-preview:large","max-video-preview":"max-video-preview:-1"},"og_locale":"en_US","og_type":"article","og_title":"\"Como Engravidar\" - ABC das Tentantes e das Mam\u00e3es - eBook | Famivita","og_description":"\u00ab Casos de Sucesso Todos os Cap\u00edtulos Refer\u00eancias de Imagens \u00bb Sabe o que \u00e9 DC? DPO? N\u00e3o? Que tal ter \u00e0 m\u00e3o, sempre que precisar, um dicion\u00e1rio para tentantes e mam\u00e3es, desvendando as siglas que vemos em f\u00f3runs, sites especializados em tentantes e, inclusive, no \u201cTrocando Fraldas\u201d? N\u00e3o tem nada melhor do que ler [&hellip;]","og_url":"https:\/\/www.famivita.com\/es\/abc-das-tentantes-e-das-mamaes\/","og_site_name":"Famivita","article_modified_time":"2023-10-02T07:37:09+00:00","twitter_card":"summary_large_image","twitter_misc":{"Est. reading time":"5 minutes"},"schema":{"@context":"https:\/\/schema.org","@graph":[{"@type":"WebPage","@id":"https:\/\/www.famivita.com\/es\/abc-das-tentantes-e-das-mamaes\/","url":"https:\/\/www.famivita.com\/es\/abc-das-tentantes-e-das-mamaes\/","name":"\"Como Engravidar\" - ABC das Tentantes e das Mam\u00e3es - eBook | Famivita","isPartOf":{"@id":"https:\/\/www.famivita.com\/#website","sameAs":["https:\/\/www.instagram.com\/famivita\/","https:\/\/www.facebook.com\/famivita\/","https:\/\/www.youtube.com\/user\/trocandofraldasyt","https:\/\/api.whatsapp.com\/send\/?phone=5511917837433"]},"datePublished":"2014-09-19T20:56:13+00:00","dateModified":"2023-10-02T07:37:09+00:00","breadcrumb":{"@id":"https:\/\/www.famivita.com\/es\/abc-das-tentantes-e-das-mamaes\/#breadcrumb"},"inLanguage":"en-US","potentialAction":[{"@type":"ReadAction","target":["https:\/\/www.famivita.com\/es\/abc-das-tentantes-e-das-mamaes\/"]}],"about":{"@type":"Organization","@id":"https:\/\/www.famivita.com.br\/#organization","name":"Famivita","logo":"https:\/\/www.famivita.com.br\/wp-content\/themes\/storefront-child\/header_footer_html\/images\/logo_mobile2.svg","url":"https:\/\/www.famivita.com.br\/","address":{"@type":"PostalAddress","streetAddress":"Rua Benedito Fernandes, 545, Santo Amaro","addressLocality":"S\u00e3o Paulo","addressRegion":"S\u00e3o Paulo","postalCode":"04746-110","addressCountry":{"@type":"Country","name":"BR"}}}},{"@type":"BreadcrumbList","@id":"https:\/\/www.famivita.com\/es\/abc-das-tentantes-e-das-mamaes\/#breadcrumb","itemListElement":[{"@type":"ListItem","position":1,"name":"In\u00edcio","item":"https:\/\/www.famivita.com\/"},{"@type":"ListItem","position":2,"name":"ABC das Tentantes e das Mam\u00e3es &#8211; eBook &#8220;Como Engravidar&#8221;"}]},{"@type":"WebSite","@id":"https:\/\/www.famivita.com\/#website","url":"https:\/\/www.famivita.com\/","name":"Famivita","description":"","potentialAction":[{"@type":"SearchAction","target":{"@type":"EntryPoint","urlTemplate":"https:\/\/www.famivita.com\/?s={search_term_string}"},"query-input":{"@type":"PropertyValueSpecification","valueRequired":true,"valueName":"search_term_string"}}],"inLanguage":"en-US"}]}},"_links":{"self":[{"href":"https:\/\/www.famivita.com\/es\/wp-json\/wp\/v2\/pages\/5919","targetHints":{"allow":["GET"]}}],"collection":[{"href":"https:\/\/www.famivita.com\/es\/wp-json\/wp\/v2\/pages"}],"about":[{"href":"https:\/\/www.famivita.com\/es\/wp-json\/wp\/v2\/types\/page"}],"author":[{"embeddable":true,"href":"https:\/\/www.famivita.com\/es\/wp-json\/wp\/v2\/users\/3"}],"replies":[{"embeddable":true,"href":"https:\/\/www.famivita.com\/es\/wp-json\/wp\/v2\/comments?post=5919"}],"version-history":[{"count":1,"href":"https:\/\/www.famivita.com\/es\/wp-json\/wp\/v2\/pages\/5919\/revisions"}],"predecessor-version":[{"id":144676,"href":"https:\/\/www.famivita.com\/es\/wp-json\/wp\/v2\/pages\/5919\/revisions\/144676"}],"wp:attachment":[{"href":"https:\/\/www.famivita.com\/es\/wp-json\/wp\/v2\/media?parent=5919"}],"curies":[{"name":"wp","href":"https:\/\/api.w.org\/{rel}","templated":true}]}}