{"id":5923,"date":"2014-09-19T18:07:38","date_gmt":"2014-09-19T21:07:38","guid":{"rendered":"http:\/\/www.trocandofraldas.com.br\/?page_id=5923"},"modified":"2022-08-23T09:43:50","modified_gmt":"2022-08-23T12:43:50","slug":"referencias-de-imagengs-ebook","status":"publish","type":"page","link":"https:\/\/www.famivita.com\/es\/referencias-de-imagengs-ebook\/","title":{"rendered":"Refer\u00eancias de Imagens &#8211; eBook"},"content":{"rendered":"<div align=\"center\">\n<table>\n<tbody>\n<tr>\n<td width=\"196\" style=\"text-align:left\"><a href=\"https:\/\/www.famivita.com\/es\/abc-das-tentantes-e-das-mamaes\/\" title=\"ABC das Tentantes e das Mam\u00e3es\">\u00ab ABC das Tentantes e Mam\u00e3es<\/a><\/td>\n<td width=\"196\" style=\"text-align:center\"><a href=\"https:\/\/www.famivita.com\/es\/ebook-como-engravidar-de-patricia-amorim\/\" title=\"Todos os Cap\u00edtulos\">Todos os Cap\u00edtulos<\/a><\/td>\n<td width=\"196\" style=\"text-align:right\"><\/td>\n<\/tr>\n<\/tbody>\n<\/table>\n<\/div>\n<p class=\"align-justify\">Capa: \u201cHeart Bling Red\u201d por \u201cLadyDragonflyCC &#8211; Acesso em https:\/\/www.flickr.com\/photos\/ladydragonflyherworld\/5520962019 sob a licen\u00e7a CC BY 2.0 (https:\/\/creativecommons.org\/licenses\/by\/2.0\/). Inser\u00e7\u00e3o de texto em cima da foto.<\/p>\n<p class=\"align-justify\">Dedicat\u00f3ria: Kali Marina Fotografia<\/p>\n<p class=\"align-justify\">Cap\u00edtulo 2: \u201cCervical mucus1\u201d por Acaparadora.Acesso em http:\/\/de.wikipedia.org\/wiki\/Cervix_uteri#mediaviewer\/File:Cervical_mucus1.jpg sob a licen\u00e7a CC BY-SA 2.5 (http:\/\/creativecommons.org\/licenses\/by-sa\/2.5\/). Sem modifica\u00e7\u00e3o.<\/p>\n<p class=\"align-justify\">Cap\u00edtulo 4: \u201cSexual Positions\u201d por Ryan Somma.Acesso em https:\/\/www.flickr.com\/photos\/ideonexus\/3283014131 sob a licen\u00e7a CC BY-SA 2.0 (https:\/\/creativecommons.org\/licenses\/by-sa\/2.0\/). Sem modifica\u00e7\u00e3o.<\/p>\n<p class=\"align-justify\">Cap\u00edtulo 5-1: \u201cFibroma of the Ovary\u201d por Ed Uthman .Acesso em https:\/\/www.flickr.com\/photos\/euthman\/2871451742 sob a licen\u00e7a CC BY 2.0 (https:\/\/creativecommons.org\/licenses\/by\/2.0\/). Sem modifica\u00e7\u00e3o.<\/p>\n<p class=\"align-justify\">Cap\u00edtulo 5-2: \u201cjensute\u201d por richie graham.Acesso em https:\/\/www.flickr.com\/photos\/65553294@N00\/6141346\/ sob a licen\u00e7a CC BY 2.0 (https:\/\/creativecommons.org\/licenses\/by\/2.0\/). Sem modifica\u00e7\u00e3o.<\/p>\n<p class=\"align-justify\">Cap\u00edtulo 7: \u201cVenessa&#8217;s Pregnant!!!\u201d por Joe Goldberg. Acesso em http:\/\/www.flickr.com\/photos\/goldberg\/4481192777 sob a licen\u00e7a CC BY 2.0 (https:\/\/creativecommons.org\/licenses\/by\/2.0\/). Logomarca e palavras removidas.<\/p>\n<div align=\"center\">\n<table>\n<tbody>\n<tr>\n<td width=\"196\" style=\"text-align:left\"><a href=\"https:\/\/www.famivita.com\/es\/abc-das-tentantes-e-das-mamaes\/\" title=\"ABC das Tentantes e das Mam\u00e3es\">\u00ab ABC das Tentantes e Mam\u00e3es<\/a><\/td>\n<td width=\"196\" style=\"text-align:center\"><a href=\"https:\/\/www.famivita.com\/es\/ebook-como-engravidar-de-patricia-amorim\/\" title=\"Todos os Cap\u00edtulos\">Todos os Cap\u00edtulos<\/a><\/td>\n<td width=\"196\" style=\"text-align:right\"><\/td>\n<\/tr>\n<\/tbody>\n<\/table>\n<\/div>\n","protected":false},"excerpt":{"rendered":"<p>\u00ab ABC das Tentantes e Mam\u00e3es Todos os Cap\u00edtulos Capa: \u201cHeart Bling Red\u201d por \u201cLadyDragonflyCC &#8211; Acesso em https:\/\/www.flickr.com\/photos\/ladydragonflyherworld\/5520962019 sob a licen\u00e7a CC BY 2.0 (https:\/\/creativecommons.org\/licenses\/by\/2.0\/). Inser\u00e7\u00e3o de texto em cima da foto. Dedicat\u00f3ria: Kali Marina Fotografia Cap\u00edtulo 2: \u201cCervical mucus1\u201d por Acaparadora.Acesso em http:\/\/de.wikipedia.org\/wiki\/Cervix_uteri#mediaviewer\/File:Cervical_mucus1.jpg sob a licen\u00e7a CC BY-SA 2.5 (http:\/\/creativecommons.org\/licenses\/by-sa\/2.5\/). Sem modifica\u00e7\u00e3o. Cap\u00edtulo [&hellip;]<\/p>\n","protected":false},"author":3,"featured_media":0,"parent":0,"menu_order":0,"comment_status":"closed","ping_status":"closed","template":"","meta":{"_acf_changed":false,"footnotes":""},"class_list":["post-5923","page","type-page","status-publish","hentry"],"acf":[],"yoast_head":"<!-- This site is optimized with the Yoast SEO plugin v25.2 - https:\/\/yoast.com\/wordpress\/plugins\/seo\/ -->\n<title>Refer\u00eancias de Imagengs - eBook | Famivita<\/title>\n<meta name=\"robots\" content=\"noindex, follow\" \/>\n<meta property=\"og:locale\" content=\"en_US\" \/>\n<meta property=\"og:type\" content=\"article\" \/>\n<meta property=\"og:title\" content=\"Refer\u00eancias de Imagengs - eBook | Famivita\" \/>\n<meta property=\"og:description\" content=\"\u00ab ABC das Tentantes e Mam\u00e3es Todos os Cap\u00edtulos Capa: \u201cHeart Bling Red\u201d por \u201cLadyDragonflyCC &#8211; Acesso em https:\/\/www.flickr.com\/photos\/ladydragonflyherworld\/5520962019 sob a licen\u00e7a CC BY 2.0 (https:\/\/creativecommons.org\/licenses\/by\/2.0\/). Inser\u00e7\u00e3o de texto em cima da foto. Dedicat\u00f3ria: Kali Marina Fotografia Cap\u00edtulo 2: \u201cCervical mucus1\u201d por Acaparadora.Acesso em http:\/\/de.wikipedia.org\/wiki\/Cervix_uteri#mediaviewer\/File:Cervical_mucus1.jpg sob a licen\u00e7a CC BY-SA 2.5 (http:\/\/creativecommons.org\/licenses\/by-sa\/2.5\/). Sem modifica\u00e7\u00e3o. Cap\u00edtulo [&hellip;]\" \/>\n<meta property=\"og:url\" content=\"https:\/\/www.famivita.com\/es\/referencias-de-imagengs-ebook\/\" \/>\n<meta property=\"og:site_name\" content=\"Famivita\" \/>\n<meta property=\"article:modified_time\" content=\"2022-08-23T12:43:50+00:00\" \/>\n<meta name=\"twitter:card\" content=\"summary_large_image\" \/>\n<meta name=\"twitter:label1\" content=\"Est. reading time\" \/>\n\t<meta name=\"twitter:data1\" content=\"1 minute\" \/>\n<script type=\"application\/ld+json\" class=\"yoast-schema-graph\">{\"@context\":\"https:\/\/schema.org\",\"@graph\":[{\"@type\":\"WebPage\",\"@id\":\"https:\/\/www.famivita.com\/es\/referencias-de-imagengs-ebook\/\",\"url\":\"https:\/\/www.famivita.com\/es\/referencias-de-imagengs-ebook\/\",\"name\":\"Refer\u00eancias de Imagengs - eBook | Famivita\",\"isPartOf\":{\"@id\":\"https:\/\/www.famivita.com\/#website\",\"sameAs\":[\"https:\/\/www.instagram.com\/famivita\/\",\"https:\/\/www.facebook.com\/famivita\/\",\"https:\/\/www.youtube.com\/user\/trocandofraldasyt\",\"https:\/\/api.whatsapp.com\/send\/?phone=5511917837433\"]},\"datePublished\":\"2014-09-19T21:07:38+00:00\",\"dateModified\":\"2022-08-23T12:43:50+00:00\",\"breadcrumb\":{\"@id\":\"https:\/\/www.famivita.com\/es\/referencias-de-imagengs-ebook\/#breadcrumb\"},\"inLanguage\":\"en-US\",\"potentialAction\":[{\"@type\":\"ReadAction\",\"target\":[\"https:\/\/www.famivita.com\/es\/referencias-de-imagengs-ebook\/\"]}],\"about\":{\"@type\":\"Organization\",\"@id\":\"https:\/\/www.famivita.com.br\/#organization\",\"name\":\"Famivita\",\"logo\":\"https:\/\/www.famivita.com.br\/wp-content\/themes\/storefront-child\/header_footer_html\/images\/logo_mobile2.svg\",\"url\":\"https:\/\/www.famivita.com.br\/\",\"address\":{\"@type\":\"PostalAddress\",\"streetAddress\":\"Rua Benedito Fernandes, 545, Santo Amaro\",\"addressLocality\":\"S\u00e3o Paulo\",\"addressRegion\":\"S\u00e3o Paulo\",\"postalCode\":\"04746-110\",\"addressCountry\":{\"@type\":\"Country\",\"name\":\"BR\"}}}},{\"@type\":\"BreadcrumbList\",\"@id\":\"https:\/\/www.famivita.com\/es\/referencias-de-imagengs-ebook\/#breadcrumb\",\"itemListElement\":[{\"@type\":\"ListItem\",\"position\":1,\"name\":\"In\u00edcio\",\"item\":\"https:\/\/www.famivita.com\/\"},{\"@type\":\"ListItem\",\"position\":2,\"name\":\"Refer\u00eancias de Imagens &#8211; eBook\"}]},{\"@type\":\"WebSite\",\"@id\":\"https:\/\/www.famivita.com\/#website\",\"url\":\"https:\/\/www.famivita.com\/\",\"name\":\"Famivita\",\"description\":\"\",\"potentialAction\":[{\"@type\":\"SearchAction\",\"target\":{\"@type\":\"EntryPoint\",\"urlTemplate\":\"https:\/\/www.famivita.com\/?s={search_term_string}\"},\"query-input\":{\"@type\":\"PropertyValueSpecification\",\"valueRequired\":true,\"valueName\":\"search_term_string\"}}],\"inLanguage\":\"en-US\"}]}<\/script>\n<!-- \/ Yoast SEO plugin. -->","yoast_head_json":{"title":"Refer\u00eancias de Imagengs - eBook | Famivita","robots":{"index":"noindex","follow":"follow"},"og_locale":"en_US","og_type":"article","og_title":"Refer\u00eancias de Imagengs - eBook | Famivita","og_description":"\u00ab ABC das Tentantes e Mam\u00e3es Todos os Cap\u00edtulos Capa: \u201cHeart Bling Red\u201d por \u201cLadyDragonflyCC &#8211; Acesso em https:\/\/www.flickr.com\/photos\/ladydragonflyherworld\/5520962019 sob a licen\u00e7a CC BY 2.0 (https:\/\/creativecommons.org\/licenses\/by\/2.0\/). Inser\u00e7\u00e3o de texto em cima da foto. Dedicat\u00f3ria: Kali Marina Fotografia Cap\u00edtulo 2: \u201cCervical mucus1\u201d por Acaparadora.Acesso em http:\/\/de.wikipedia.org\/wiki\/Cervix_uteri#mediaviewer\/File:Cervical_mucus1.jpg sob a licen\u00e7a CC BY-SA 2.5 (http:\/\/creativecommons.org\/licenses\/by-sa\/2.5\/). Sem modifica\u00e7\u00e3o. Cap\u00edtulo [&hellip;]","og_url":"https:\/\/www.famivita.com\/es\/referencias-de-imagengs-ebook\/","og_site_name":"Famivita","article_modified_time":"2022-08-23T12:43:50+00:00","twitter_card":"summary_large_image","twitter_misc":{"Est. reading time":"1 minute"},"schema":{"@context":"https:\/\/schema.org","@graph":[{"@type":"WebPage","@id":"https:\/\/www.famivita.com\/es\/referencias-de-imagengs-ebook\/","url":"https:\/\/www.famivita.com\/es\/referencias-de-imagengs-ebook\/","name":"Refer\u00eancias de Imagengs - eBook | Famivita","isPartOf":{"@id":"https:\/\/www.famivita.com\/#website","sameAs":["https:\/\/www.instagram.com\/famivita\/","https:\/\/www.facebook.com\/famivita\/","https:\/\/www.youtube.com\/user\/trocandofraldasyt","https:\/\/api.whatsapp.com\/send\/?phone=5511917837433"]},"datePublished":"2014-09-19T21:07:38+00:00","dateModified":"2022-08-23T12:43:50+00:00","breadcrumb":{"@id":"https:\/\/www.famivita.com\/es\/referencias-de-imagengs-ebook\/#breadcrumb"},"inLanguage":"en-US","potentialAction":[{"@type":"ReadAction","target":["https:\/\/www.famivita.com\/es\/referencias-de-imagengs-ebook\/"]}],"about":{"@type":"Organization","@id":"https:\/\/www.famivita.com.br\/#organization","name":"Famivita","logo":"https:\/\/www.famivita.com.br\/wp-content\/themes\/storefront-child\/header_footer_html\/images\/logo_mobile2.svg","url":"https:\/\/www.famivita.com.br\/","address":{"@type":"PostalAddress","streetAddress":"Rua Benedito Fernandes, 545, Santo Amaro","addressLocality":"S\u00e3o Paulo","addressRegion":"S\u00e3o Paulo","postalCode":"04746-110","addressCountry":{"@type":"Country","name":"BR"}}}},{"@type":"BreadcrumbList","@id":"https:\/\/www.famivita.com\/es\/referencias-de-imagengs-ebook\/#breadcrumb","itemListElement":[{"@type":"ListItem","position":1,"name":"In\u00edcio","item":"https:\/\/www.famivita.com\/"},{"@type":"ListItem","position":2,"name":"Refer\u00eancias de Imagens &#8211; eBook"}]},{"@type":"WebSite","@id":"https:\/\/www.famivita.com\/#website","url":"https:\/\/www.famivita.com\/","name":"Famivita","description":"","potentialAction":[{"@type":"SearchAction","target":{"@type":"EntryPoint","urlTemplate":"https:\/\/www.famivita.com\/?s={search_term_string}"},"query-input":{"@type":"PropertyValueSpecification","valueRequired":true,"valueName":"search_term_string"}}],"inLanguage":"en-US"}]}},"_links":{"self":[{"href":"https:\/\/www.famivita.com\/es\/wp-json\/wp\/v2\/pages\/5923","targetHints":{"allow":["GET"]}}],"collection":[{"href":"https:\/\/www.famivita.com\/es\/wp-json\/wp\/v2\/pages"}],"about":[{"href":"https:\/\/www.famivita.com\/es\/wp-json\/wp\/v2\/types\/page"}],"author":[{"embeddable":true,"href":"https:\/\/www.famivita.com\/es\/wp-json\/wp\/v2\/users\/3"}],"replies":[{"embeddable":true,"href":"https:\/\/www.famivita.com\/es\/wp-json\/wp\/v2\/comments?post=5923"}],"version-history":[{"count":1,"href":"https:\/\/www.famivita.com\/es\/wp-json\/wp\/v2\/pages\/5923\/revisions"}],"predecessor-version":[{"id":154229,"href":"https:\/\/www.famivita.com\/es\/wp-json\/wp\/v2\/pages\/5923\/revisions\/154229"}],"wp:attachment":[{"href":"https:\/\/www.famivita.com\/es\/wp-json\/wp\/v2\/media?parent=5923"}],"curies":[{"name":"wp","href":"https:\/\/api.w.org\/{rel}","templated":true}]}}