{"id":122636,"date":"2019-08-29T06:12:03","date_gmt":"2019-08-29T09:12:03","guid":{"rendered":"https:\/\/www.famivita.com\/fr\/?page_id=122636"},"modified":"2022-07-06T07:02:49","modified_gmt":"2022-07-06T10:02:49","slug":"estudo-presenca-paterna-na-gestacao-e-criacao-da-crianca","status":"publish","type":"page","link":"https:\/\/www.famivita.com\/fr\/estudo-presenca-paterna-na-gestacao-e-criacao-da-crianca\/","title":{"rendered":"Estudo: Presen\u00e7a paterna na gesta\u00e7\u00e3o e cria\u00e7\u00e3o da crian\u00e7a"},"content":{"rendered":"<div class=\"content-wrapper\">\n<div class=\"container\">\n<div class=\"row\">\n<div id=\"main\" class=\"col-sm-12\">\n<article class=\"article justified\">\n<section>\n<h1>Estudo: Presen\u00e7a paterna na gesta\u00e7\u00e3o e cria\u00e7\u00e3o da crian\u00e7a<\/h1>\n<p>A posi\u00e7\u00e3o de coadjuvante do pai, que foi estabelecida por muitos anos por conta de algumas imposi\u00e7\u00f5es culturais, tem mudado fortemente. Nos dias de hoje, muitos pais passam a reconhecer o seu papel como um fator mais do que essencial, ou seja, que n\u00e3o \u00e9 apenas o mantenedor ou mero acompanhante dos momentos da gesta\u00e7\u00e3o e cria\u00e7\u00e3o da crian\u00e7a.\n<\/p>\n<p>Um estudo realizado pela Universidade de Standford, baseado em uma Lei aprovada em 2012 na Su\u00e9cia, que garantia licen\u00e7a-paternidade de 30 dias, apontou diversos resultados positivos: redu\u00e7\u00e3o nos diagn\u00f3sticos de ansiedade, diminui\u00e7\u00e3o na prescri\u00e7\u00e3o de antibi\u00f3ticos para as m\u00e3es, al\u00e9m da diminui\u00e7\u00e3o de visitas ao m\u00e9dico ou hospitaliza\u00e7\u00f5es.<\/p>\n<p>Neste m\u00eas dos pais, o Trocando Fraldas decidiu elaborar um levantamento para entender tanto a import\u00e2ncia da presen\u00e7a e do envolvimento paterno na vida da fam\u00edlia, quanto avaliar as consequ\u00eancias que a falta de apoio e presen\u00e7a do pai pode resultar. <\/p>\n<h3>Perguntas<\/h3>\n<p>As seguintes quest\u00f5es foram abordadas:<\/p>\n<ol>\n<li>Em qual estado voc\u00ea mora?<\/li>\n<li>Voc\u00ea \u00e9 m\u00e3e ou est\u00e1 gr\u00e1vida?<\/li>\n<li>O pai do seu filho j\u00e1 manifestava vontade de ser pai antes da gravidez?<\/li>\n<li>Que tipo de apoio o pai dedicou\/dedica com mais predomin\u00e2ncia em sua gesta\u00e7\u00e3o?<\/li>\n<li>Em que n\u00edvel voc\u00ea considera importante a presen\u00e7a do pai ainda na gravidez?<\/li>\n<li>Na cria\u00e7\u00e3o, como voc\u00ea avalia que \u00e9\/ser\u00e1 a participa\u00e7\u00e3o do pai do seu (a) filho (a)?<\/li>\n<li>Voc\u00ea se sente acolhida pelo pai do (a) seu (a) filho (a)?<\/li>\n<li>Voc\u00ea est\u00e1 em um relacionamento com o pai?<\/li>\n<li>Voc\u00ea recebe pens\u00e3o aliment\u00edcia para seu (a) filho (a)?<\/li>\n<li>Acha que o valor \u00e9 justo?<\/li>\n<li>O valor cobre as despesas com seu (a) filho (a)?<\/li>\n<\/ol>\n<h2>Resultados<\/h2>\n<p>Para efeitos de comparar os resultados entre regi\u00f5es e estados, as respostas das perguntas afirmativas foram contabilizadas em n\u00fameros, 1 para &#8220;Sim&#8221; e 0 para &#8220;N\u00e3o&#8221;. Algumas perguntas, com o objetivo de obter resultados mais qualitativos, foram elaboradas com mais op\u00e7\u00f5es. <\/p>\n<p>Os resultados podem ser observados por meio dos gr\u00e1ficos a seguir:<\/p>\n<div class=\"chartarea static\">\n<div class=\"row\">\n<div class=\"col-sm-6\">\n<h3>O pai do seu filho j\u00e1 manifestava vontade de ser pai antes da gravidez?<\/h3>\n<\/p><\/div>\n<div class=\"col-sm-6 chart-box\">\n<div class=\"chart-canvas\">\n<h4>O pai manifestava <br \/>vontade pela <br \/>paternidade?<\/h4>\n<div class=\"hide-trial\" style=\"background: #f9f9f9;\"><\/div>\n<div id=\"pThirteenChartOne\" style=\"height: 300px; width: 100%;\"><\/div>\n<\/p><\/div>\n<\/p><\/div>\n<\/p><\/div>\n<\/p><\/div>\n<hr class=\"break break20\">\n<ul>\n<li>8 em cada 10 das pesquisadas indicou que ainda est\u00e1 em um relacionamento com o pai da crian\u00e7a<\/li>\n<\/ul>\n<hr class=\"break break40\">\n<div class=\"chartarea static\">\n<div class=\"row\">\n<div class=\"col-sm-6\">\n<h3>Que tipo de apoio o pai dedicou \/ dedica com mais predomin\u00e2ncia na gesta\u00e7\u00e3o?<\/h3>\n<\/p><\/div>\n<div class=\"col-sm-6 chart-box\">\n<div class=\"chart-canvas\">\n<h4>Tipo de apoio mais <br \/>oferecido pelo pai<\/h4>\n<div class=\"hide-trial\" style=\"background: #f9f9f9;\"><\/div>\n<div id=\"pThirteenChartTwo\" style=\"height: 300px; width: 100%;\"><\/div>\n<\/p><\/div>\n<\/p><\/div>\n<\/p><\/div>\n<\/p><\/div>\n<hr class=\"break break20\">\n<ul>\n<li>A maioria apontou que o pai \u00e9 ou ser\u00e1 muito participativo na cria\u00e7\u00e3o da crian\u00e7a<\/li>\n<\/ul>\n<hr class=\"break break40\">\n<div class=\"chartarea static\">\n<div class=\"row\">\n<div class=\"col-sm-6\">\n<h3>Em que n\u00edvel voc\u00ea considera importante a presen\u00e7a do pai ainda na gravidez?<\/h3>\n<\/p><\/div>\n<div class=\"col-sm-6 chart-box\">\n<div class=\"chart-canvas\">\n<h4>Import\u00e2ncia da <br \/>presen\u00e7a do pai<\/h4>\n<div class=\"hide-trial\" style=\"background: #f9f9f9;\"><\/div>\n<div id=\"pThirteenChartThree\" style=\"height: 300px; width: 100%;\"><\/div>\n<\/p><\/div>\n<\/p><\/div>\n<\/p><\/div>\n<\/p><\/div>\n<hr class=\"break break20\">\n<ul>\n<li>Estudo da Universidade de Standford, nos EUA, apontou avan\u00e7os em \u00edndices de sa\u00fade com as mulheres suecas que recebiam mais apoio dos pais de seus filhos<\/li>\n<\/ul>\n<hr class=\"break break40\">\n<div class=\"chartarea static\">\n<div class=\"row\">\n<div class=\"col-sm-6\">\n<h3>Na cria\u00e7\u00e3o como voc\u00ea avalia que \u00e9\/ser\u00e1 a participa\u00e7\u00e3o do pai do seu (a) filho (a)?<\/h3>\n<\/p><\/div>\n<div class=\"col-sm-6 chart-box\">\n<div class=\"chart-canvas\">\n<h4>Como \u00e9\/seria o pai <br \/>durante a cria\u00e7\u00e3o?<\/h4>\n<div class=\"hide-trial\" style=\"background: #f9f9f9;\"><\/div>\n<div id=\"pThirteenChartFour\" style=\"height: 300px; width: 100%;\"><\/div>\n<\/p><\/div>\n<\/p><\/div>\n<\/p><\/div>\n<\/p><\/div>\n<hr class=\"break break20\">\n<ul>\n<li>Na pesquisa, apenas 10% das entrevistadas apontaram que o pai n\u00e3o participa, ou n\u00e3o participaria em nada na cria\u00e7\u00e3o dos filhos<\/li>\n<\/ul>\n<hr class=\"break break40\">\n<div class=\"chartarea static\">\n<div class=\"row\">\n<div class=\"col-sm-6\">\n<h3>Voc\u00ea se sente acolhida pelo pai do (a) seu (a) filho (a)?<\/h3>\n<\/p><\/div>\n<div class=\"col-sm-6 chart-box\">\n<div class=\"chart-canvas\">\n<h4>Se sente acolhida pelo <br \/>pai da crian\u00e7a?<\/h4>\n<div class=\"hide-trial\" style=\"background: #f9f9f9;\"><\/div>\n<div id=\"pThirteenChartFive\" style=\"height: 300px; width: 100%;\"><\/div>\n<\/p><\/div>\n<\/p><\/div>\n<\/p><\/div>\n<\/p><\/div>\n<hr class=\"break break20\">\n<ul>\n<li>Na Su\u00e9cia, mulheres passaram a ir menos ao m\u00e9dico, e a usar menos antibi\u00f3ticos ap\u00f3s a gesta\u00e7\u00e3o por conta do aumento da participa\u00e7\u00e3o paterna<\/li>\n<\/ul>\n<hr class=\"break break40\">\n<div class=\"chartarea static\">\n<div class=\"row\">\n<div class=\"col-sm-6\">\n<h3>Voc\u00ea est\u00e1 em um relacionamento com o pai?<\/h3>\n<\/p><\/div>\n<div class=\"col-sm-6 chart-box\">\n<div class=\"chart-canvas\">\n<h4>Ainda est\u00e1 em um <br \/>relacionamento com <br \/>o pai da crian\u00e7a?<\/h4>\n<div class=\"hide-trial\" style=\"background: #f9f9f9;\"><\/div>\n<div id=\"pThirteenChartSix\" style=\"height: 300px; width: 100%;\"><\/div>\n<\/p><\/div>\n<\/p><\/div>\n<\/p><\/div>\n<\/p><\/div>\n<hr class=\"break break20\">\n<ul>\n<li>Estudo de Standford tamb\u00e9m revela que mulheres ficam menos ansiosas quando recebem apoio paterno ap\u00f3s a gravidez.<\/li>\n<\/ul>\n<hr class=\"break break40\">\n<div class=\"chartarea static\">\n<div class=\"row\">\n<div class=\"col-sm-6\">\n<h3>Voc\u00ea recebe pens\u00e3o aliment\u00edcia para seu (a) filho (a)?<\/h3>\n<\/p><\/div>\n<div class=\"col-sm-6 chart-box\">\n<div class=\"chart-canvas\">\n<h4>Recebe pens\u00e3o <br \/>aliment\u00edcia para a <br \/>crian\u00e7a?<\/h4>\n<div class=\"hide-trial\" style=\"background: #f9f9f9;\"><\/div>\n<div id=\"pThirteenChartSeven\" style=\"height: 300px; width: 100%;\"><\/div>\n<\/p><\/div>\n<\/p><\/div>\n<\/p><\/div>\n<\/p><\/div>\n<hr class=\"break break20\">\n<ul>\n<li>A maioria das entrevistadas aponta que n\u00e3o acha o valor da pens\u00e3o aliment\u00edcia justo e suficiente.<\/li>\n<\/ul>\n<hr class=\"break break40\">\n<div class=\"chartarea static\">\n<div class=\"row\">\n<div class=\"col-sm-6\">\n<h3>Acha que o valor \u00e9 justo e cobre todas as despesas?<\/h3>\n<\/p><\/div>\n<div class=\"col-sm-6 chart-box\">\n<div class=\"chart-canvas\">\n<h4>Acha o valor da pens\u00e3o <br \/>aliment\u00edcia justo?<\/h4>\n<div class=\"hide-trial\" style=\"background: #f9f9f9;\"><\/div>\n<div id=\"pThirteenChartEight\" style=\"height: 300px; width: 100%;\"><\/div>\n<\/p><\/div>\n<\/p><\/div>\n<\/p><\/div>\n<\/p><\/div>\n<hr class=\"break break20\">\n<ul>\n<li>Margem do valor da pens\u00e3o aliment\u00edcia no Brasil pode variar entre 15% e 30%, de acordo com o sal\u00e1rio a ser descontado<\/li>\n<\/ul>\n<hr class=\"break break40\">\n<div class=\"chartarea static\">\n<div class=\"row\">\n<div class=\"col-sm-6\">\n<h3>O valor cobre as despesas com seu (a) filho (a)?<\/h3>\n<\/p><\/div>\n<div class=\"col-sm-6 chart-box\">\n<div class=\"chart-canvas\">\n<h4>A pens\u00e3o cobre <br \/>despesas do filho?<\/h4>\n<div class=\"hide-trial\" style=\"background: #f9f9f9;\"><\/div>\n<div id=\"pThirteenChartNine\" style=\"height: 300px; width: 100%;\"><\/div>\n<\/p><\/div>\n<\/p><\/div>\n<\/p><\/div>\n<\/p><\/div>\n<hr class=\"break break20\">\n<ul>\n<li>A crian\u00e7a tem direito a receber pens\u00e3o aliment\u00edcia at\u00e9 os 18 anos de idade, mas esse prazo pode ser prorrogado se a crian\u00e7a demonstrar que estuda\n<\/li>\n<\/ul>\n<hr class=\"break break40\">\n<div class=\"chartarea static\">\n<div class=\"row\">\n<div class=\"col-sm-6\">\n<h3>Quando perguntadas sobre a import\u00e2ncia do pai na gesta\u00e7\u00e3o, usu\u00e1rias de cada estado do pa\u00eds avaliam a necessidade da presen\u00e7a paterna com \u00edndice a seguir:<\/h3>\n<\/p><\/div>\n<div class=\"col-sm-6 chart-box\">\n<div class=\"chartarea static\" style=\"background-color:#ffffff\">\n<div class=\"hide-trial\" style=\"background:#ffffff;\"><\/div>\n<div id=\"pThirteenChartLineOne\" style=\"height:650px;width:100%;\"><\/div>\n<\/p><\/div>\n<\/p><\/div>\n<\/p><\/div>\n<\/p><\/div>\n<hr class=\"break break20\">\n<h3>M\u00e9todo de pesquisa<\/h3>\n<p>O estudo teve abrang\u00eancia nacional e foi realizado com quase 2500 entrevistadas no per\u00edodo de 6 e 13 de agosto de 2019. O m\u00e9todo de coleta de dados foi feito por meio de question\u00e1rio em formul\u00e1rio na internet.<\/p>\n<\/section>\n<\/article><\/div>\n<\/p><\/div>\n<\/div>\n<\/div>\n","protected":false},"excerpt":{"rendered":"<p>Estudo: Presen\u00e7a paterna na gesta\u00e7\u00e3o e cria\u00e7\u00e3o da crian\u00e7a A posi\u00e7\u00e3o de coadjuvante do pai, que foi estabelecida por muitos anos por conta de algumas imposi\u00e7\u00f5es culturais, tem mudado fortemente. Nos dias de hoje, muitos pais passam a reconhecer o seu papel como um fator mais do que essencial, ou seja, que n\u00e3o \u00e9 apenas [&hellip;]<\/p>\n","protected":false},"author":471399,"featured_media":0,"parent":0,"menu_order":0,"comment_status":"closed","ping_status":"closed","template":"page-templates\/tpl-chart.php","meta":{"_acf_changed":false,"footnotes":""},"class_list":["post-122636","page","type-page","status-publish","hentry"],"acf":[],"yoast_head":"<!-- This site is optimized with the Yoast SEO plugin v25.2 - https:\/\/yoast.com\/wordpress\/plugins\/seo\/ -->\n<title>Estudo: Presen\u00e7a paterna na gesta\u00e7\u00e3o e cria\u00e7\u00e3o da crian\u00e7a | Famivita<\/title>\n<meta name=\"robots\" content=\"noindex, follow, max-snippet:-1, max-image-preview:large, max-video-preview:-1\" \/>\n<meta property=\"og:locale\" content=\"en_US\" \/>\n<meta property=\"og:type\" content=\"article\" \/>\n<meta property=\"og:title\" content=\"Estudo: Presen\u00e7a paterna na gesta\u00e7\u00e3o e cria\u00e7\u00e3o da crian\u00e7a | Famivita\" \/>\n<meta property=\"og:description\" content=\"Estudo: Presen\u00e7a paterna na gesta\u00e7\u00e3o e cria\u00e7\u00e3o da crian\u00e7a A posi\u00e7\u00e3o de coadjuvante do pai, que foi estabelecida por muitos anos por conta de algumas imposi\u00e7\u00f5es culturais, tem mudado fortemente. Nos dias de hoje, muitos pais passam a reconhecer o seu papel como um fator mais do que essencial, ou seja, que n\u00e3o \u00e9 apenas [&hellip;]\" \/>\n<meta property=\"og:url\" content=\"https:\/\/www.famivita.com\/fr\/estudo-presenca-paterna-na-gestacao-e-criacao-da-crianca\/\" \/>\n<meta property=\"og:site_name\" content=\"Famivita\" \/>\n<meta property=\"article:modified_time\" content=\"2022-07-06T10:02:49+00:00\" \/>\n<meta name=\"twitter:card\" content=\"summary_large_image\" \/>\n<meta name=\"twitter:label1\" content=\"Est. reading time\" \/>\n\t<meta name=\"twitter:data1\" content=\"4 minutes\" \/>\n<script type=\"application\/ld+json\" class=\"yoast-schema-graph\">{\"@context\":\"https:\/\/schema.org\",\"@graph\":[{\"@type\":\"WebPage\",\"@id\":\"https:\/\/www.famivita.com\/fr\/estudo-presenca-paterna-na-gestacao-e-criacao-da-crianca\/\",\"url\":\"https:\/\/www.famivita.com\/fr\/estudo-presenca-paterna-na-gestacao-e-criacao-da-crianca\/\",\"name\":\"Estudo: Presen\u00e7a paterna na gesta\u00e7\u00e3o e cria\u00e7\u00e3o da crian\u00e7a | Famivita\",\"isPartOf\":{\"@id\":\"https:\/\/www.famivita.com\/#website\",\"sameAs\":[\"https:\/\/www.instagram.com\/famivita\/\",\"https:\/\/www.facebook.com\/famivita\/\",\"https:\/\/www.youtube.com\/user\/trocandofraldasyt\",\"https:\/\/api.whatsapp.com\/send\/?phone=5511917837433\"]},\"datePublished\":\"2019-08-29T09:12:03+00:00\",\"dateModified\":\"2022-07-06T10:02:49+00:00\",\"breadcrumb\":{\"@id\":\"https:\/\/www.famivita.com\/fr\/estudo-presenca-paterna-na-gestacao-e-criacao-da-crianca\/#breadcrumb\"},\"inLanguage\":\"en-US\",\"potentialAction\":[{\"@type\":\"ReadAction\",\"target\":[\"https:\/\/www.famivita.com\/fr\/estudo-presenca-paterna-na-gestacao-e-criacao-da-crianca\/\"]}],\"about\":{\"@type\":\"Organization\",\"@id\":\"https:\/\/www.famivita.com.br\/#organization\",\"name\":\"Famivita\",\"logo\":\"https:\/\/www.famivita.com.br\/wp-content\/themes\/storefront-child\/header_footer_html\/images\/logo_mobile2.svg\",\"url\":\"https:\/\/www.famivita.com.br\/\",\"address\":{\"@type\":\"PostalAddress\",\"streetAddress\":\"Rua Benedito Fernandes, 545, Santo Amaro\",\"addressLocality\":\"S\u00e3o Paulo\",\"addressRegion\":\"S\u00e3o Paulo\",\"postalCode\":\"04746-110\",\"addressCountry\":{\"@type\":\"Country\",\"name\":\"BR\"}}}},{\"@type\":\"BreadcrumbList\",\"@id\":\"https:\/\/www.famivita.com\/fr\/estudo-presenca-paterna-na-gestacao-e-criacao-da-crianca\/#breadcrumb\",\"itemListElement\":[{\"@type\":\"ListItem\",\"position\":1,\"name\":\"In\u00edcio\",\"item\":\"https:\/\/www.famivita.com\/\"},{\"@type\":\"ListItem\",\"position\":2,\"name\":\"Estudo: Presen\u00e7a paterna na gesta\u00e7\u00e3o e cria\u00e7\u00e3o da crian\u00e7a\"}]},{\"@type\":\"WebSite\",\"@id\":\"https:\/\/www.famivita.com\/#website\",\"url\":\"https:\/\/www.famivita.com\/\",\"name\":\"Famivita\",\"description\":\"\",\"potentialAction\":[{\"@type\":\"SearchAction\",\"target\":{\"@type\":\"EntryPoint\",\"urlTemplate\":\"https:\/\/www.famivita.com\/?s={search_term_string}\"},\"query-input\":{\"@type\":\"PropertyValueSpecification\",\"valueRequired\":true,\"valueName\":\"search_term_string\"}}],\"inLanguage\":\"en-US\"}]}<\/script>\n<!-- \/ Yoast SEO plugin. -->","yoast_head_json":{"title":"Estudo: Presen\u00e7a paterna na gesta\u00e7\u00e3o e cria\u00e7\u00e3o da crian\u00e7a | Famivita","robots":{"index":"noindex","follow":"follow","max-snippet":"max-snippet:-1","max-image-preview":"max-image-preview:large","max-video-preview":"max-video-preview:-1"},"og_locale":"en_US","og_type":"article","og_title":"Estudo: Presen\u00e7a paterna na gesta\u00e7\u00e3o e cria\u00e7\u00e3o da crian\u00e7a | Famivita","og_description":"Estudo: Presen\u00e7a paterna na gesta\u00e7\u00e3o e cria\u00e7\u00e3o da crian\u00e7a A posi\u00e7\u00e3o de coadjuvante do pai, que foi estabelecida por muitos anos por conta de algumas imposi\u00e7\u00f5es culturais, tem mudado fortemente. Nos dias de hoje, muitos pais passam a reconhecer o seu papel como um fator mais do que essencial, ou seja, que n\u00e3o \u00e9 apenas [&hellip;]","og_url":"https:\/\/www.famivita.com\/fr\/estudo-presenca-paterna-na-gestacao-e-criacao-da-crianca\/","og_site_name":"Famivita","article_modified_time":"2022-07-06T10:02:49+00:00","twitter_card":"summary_large_image","twitter_misc":{"Est. reading time":"4 minutes"},"schema":{"@context":"https:\/\/schema.org","@graph":[{"@type":"WebPage","@id":"https:\/\/www.famivita.com\/fr\/estudo-presenca-paterna-na-gestacao-e-criacao-da-crianca\/","url":"https:\/\/www.famivita.com\/fr\/estudo-presenca-paterna-na-gestacao-e-criacao-da-crianca\/","name":"Estudo: Presen\u00e7a paterna na gesta\u00e7\u00e3o e cria\u00e7\u00e3o da crian\u00e7a | Famivita","isPartOf":{"@id":"https:\/\/www.famivita.com\/#website","sameAs":["https:\/\/www.instagram.com\/famivita\/","https:\/\/www.facebook.com\/famivita\/","https:\/\/www.youtube.com\/user\/trocandofraldasyt","https:\/\/api.whatsapp.com\/send\/?phone=5511917837433"]},"datePublished":"2019-08-29T09:12:03+00:00","dateModified":"2022-07-06T10:02:49+00:00","breadcrumb":{"@id":"https:\/\/www.famivita.com\/fr\/estudo-presenca-paterna-na-gestacao-e-criacao-da-crianca\/#breadcrumb"},"inLanguage":"en-US","potentialAction":[{"@type":"ReadAction","target":["https:\/\/www.famivita.com\/fr\/estudo-presenca-paterna-na-gestacao-e-criacao-da-crianca\/"]}],"about":{"@type":"Organization","@id":"https:\/\/www.famivita.com.br\/#organization","name":"Famivita","logo":"https:\/\/www.famivita.com.br\/wp-content\/themes\/storefront-child\/header_footer_html\/images\/logo_mobile2.svg","url":"https:\/\/www.famivita.com.br\/","address":{"@type":"PostalAddress","streetAddress":"Rua Benedito Fernandes, 545, Santo Amaro","addressLocality":"S\u00e3o Paulo","addressRegion":"S\u00e3o Paulo","postalCode":"04746-110","addressCountry":{"@type":"Country","name":"BR"}}}},{"@type":"BreadcrumbList","@id":"https:\/\/www.famivita.com\/fr\/estudo-presenca-paterna-na-gestacao-e-criacao-da-crianca\/#breadcrumb","itemListElement":[{"@type":"ListItem","position":1,"name":"In\u00edcio","item":"https:\/\/www.famivita.com\/"},{"@type":"ListItem","position":2,"name":"Estudo: Presen\u00e7a paterna na gesta\u00e7\u00e3o e cria\u00e7\u00e3o da crian\u00e7a"}]},{"@type":"WebSite","@id":"https:\/\/www.famivita.com\/#website","url":"https:\/\/www.famivita.com\/","name":"Famivita","description":"","potentialAction":[{"@type":"SearchAction","target":{"@type":"EntryPoint","urlTemplate":"https:\/\/www.famivita.com\/?s={search_term_string}"},"query-input":{"@type":"PropertyValueSpecification","valueRequired":true,"valueName":"search_term_string"}}],"inLanguage":"en-US"}]}},"_links":{"self":[{"href":"https:\/\/www.famivita.com\/fr\/wp-json\/wp\/v2\/pages\/122636","targetHints":{"allow":["GET"]}}],"collection":[{"href":"https:\/\/www.famivita.com\/fr\/wp-json\/wp\/v2\/pages"}],"about":[{"href":"https:\/\/www.famivita.com\/fr\/wp-json\/wp\/v2\/types\/page"}],"author":[{"embeddable":true,"href":"https:\/\/www.famivita.com\/fr\/wp-json\/wp\/v2\/users\/471399"}],"replies":[{"embeddable":true,"href":"https:\/\/www.famivita.com\/fr\/wp-json\/wp\/v2\/comments?post=122636"}],"version-history":[{"count":1,"href":"https:\/\/www.famivita.com\/fr\/wp-json\/wp\/v2\/pages\/122636\/revisions"}],"predecessor-version":[{"id":122637,"href":"https:\/\/www.famivita.com\/fr\/wp-json\/wp\/v2\/pages\/122636\/revisions\/122637"}],"wp:attachment":[{"href":"https:\/\/www.famivita.com\/fr\/wp-json\/wp\/v2\/media?parent=122636"}],"curies":[{"name":"wp","href":"https:\/\/api.w.org\/{rel}","templated":true}]}}