{"id":5885,"date":"2014-09-19T14:22:41","date_gmt":"2014-09-19T17:22:41","guid":{"rendered":"http:\/\/www.trocandofraldas.com.br\/?page_id=5885"},"modified":"2022-07-06T07:02:52","modified_gmt":"2022-07-06T10:02:52","slug":"minha-trajetoria-de-tentante-capitulo-1","status":"publish","type":"page","link":"https:\/\/www.famivita.com\/fr\/minha-trajetoria-de-tentante-capitulo-1\/","title":{"rendered":"Minha Trajet\u00f3ria de Tentante &#8211; Cap\u00edtulo 1"},"content":{"rendered":"<div align=\"center\">\n<table>\n<tbody>\n<tr>\n<td width=\"196\" style=\"text-align:left\"><\/td>\n<td width=\"196\" style=\"text-align:center\"><a href=\"https:\/\/www.famivita.com\/fr\/ebook-como-engravidar-de-patricia-amorim\/\" title=\"Todos os Cap\u00edtulos\">Todos os Cap\u00edtulos<\/a><\/td>\n<td width=\"196\" style=\"text-align:right\"><a href=\"https:\/\/www.famivita.com\/fr\/tecnicas-de-tentantes-muco-temperatura-e-problemas-que-podem-surgir-capitulo-2\/\" title=\"T\u00e9cnicas de Tentantes, Muco, Temperatura e Problemas\">Cap\u00edtulo 2 \u00bb<\/a><\/td>\n<\/tr>\n<\/tbody>\n<\/table>\n<\/div>\n<p class=\"align-justify\">Por onde come\u00e7ar? Com tantas possibilidades fiquei pensando nessa pergunta por dias, mas acho que a resposta mais l\u00f3gica \u00e9 falar tudo que passa na cabe\u00e7a de uma tentante, desde o momento em que a decis\u00e3o de engravidar \u00e9 tomada at\u00e9 o momento em que o positivo chega. Ent\u00e3o, como foi essa trajet\u00f3ria para mim?<\/p>\n<p class=\"align-justify\">Bom, eu sempre fui muito ansiosa, do tipo que quer uma coisa para ontem! Casei-me muito cedo, com 18 anos j\u00e1 namorava s\u00e9rio o rapaz t\u00edmido que me conquistou apenas com o olhar. Sabia que seria com ele que formaria a minha fam\u00edlia, e meu cora\u00e7\u00e3o estava certo.<\/p>\n<p class=\"align-justify\">Depois de quase dois anos de namoro, a not\u00edcia: estava gr\u00e1vida! O positivo veio com um teste de farm\u00e1cia \u00e0s cinco horas da manh\u00e3, sozinha no banheiro da minha casa. Me lembro que tremia tanto, mas tanto que na hora de colocar a fitinha do teste na urina quase n\u00e3o consegui realizar o teste sem derram\u00e1-la do potinho. Nunca imaginei que cinco minutos determinados pela bula do teste pudessem parecer dez anos, foram literalmente os minutos mais longos da minha vida.<\/p>\n<p class=\"align-justify\">As duas listras estavam l\u00e1, positivo! Estava na minha cara um diagn\u00f3stico que esperava receber somente dali uns anos, talvez. Afinal, ainda faltava a faculdade e ajeitar o casamento depois dos estudos. Sim, foi mesmo sem querer, mas sabe aquele sentimento de medo, alegria, p\u00e2nico, tudo misturado? Isso e quatro vezes mais eu senti!<\/p>\n<p class=\"align-justify\">Me senti amedrontada com a nova condi\u00e7\u00e3o. Embora soub\u00e9ssemos que seria poss\u00edvel engravidar, a gente nunca acha que v\u00e1 acontecer de fato, porque sempre acontece com as amigas, vizinhas, filhas de outras pessoas, menos com voc\u00ea. Quando jovem, nos sentimos inating\u00edveis e a gravidez precoce e n\u00e3o planejada caiu como uma bomba no meu colo.<\/p>\n<p class=\"align-justify\">Acho mesmo que a alegria de me sentir gerando um beb\u00ea foi anestesiada pelo medo de como a not\u00edcia cairia na fam\u00edlia. Eu era a filha mais nova, filhinha do papai e ele, o \u00fanico filho homem. Meus pais e os pais dele, sinceramente, eram quem me importavam. Eu n\u00e3o era mais t\u00e3o jovem assim e sabia que nosso ato inconsequente naquele momento poderia render algumas dores de cabe\u00e7a, j\u00e1 que nem t\u00ednhamos um futuro concreto com casamento ou planos de morar juntos.<\/p>\n<p class=\"align-justify\">Por\u00e9m contamos a todos e foi mais f\u00e1cil do que eu imaginava; entre os feridos pela situa\u00e7\u00e3o, est\u00e1vamos todos bem. Logo resolvemos aprontar tudo para ficarmos juntos de vez, j\u00e1 que nos am\u00e1vamos muito e era realmente o melhor a se fazer naquele momento. Marcamos o casamento e come\u00e7amos a arrumar tudo. Faltando apenas nove dias para o casamento e eu, com onze semanas de gravidez, comecei a me sentir mal, muito mal. Sentia uma queima\u00e7\u00e3o no baixo ventre, um estranho mal-estar. Nesse dia comentei com a minha m\u00e3e:<\/p>\n<blockquote style=\"font-weight:bold\"><p>\u201cM\u00e3e, estou estranha. Me sinto quente, parece que estou febril, sem falar das dores que estou sentindo.\u201d<\/p><\/blockquote>\n<p class=\"align-justify\">Ela, muito pacienciosamente, me disse para tomar um banho e me deitar. Depois disso, foi um dos momentos em que meu mundo parou. Senti algo descer e, finalmente ao me levantar, o sangue escorreu pelas pernas. Estava perdendo o beb\u00ea. Fiquei internada tr\u00eas dias, fiz curetagem, ultrassom e tudo o que tinha direito; enfim era concreto. Perdi o beb\u00ea \u00e0s onze semanas de gravidez. O mundo caiu.<\/p>\n<p class=\"align-justify\">Renovando as esperan\u00e7as e a vida, ent\u00e3o nos casamos em meio a intercorr\u00eancias tristes: primeiro o aborto e depois a morte da av\u00f3 do meu marido. 45 dias depois de tudo isso, nos casamos no civil. Com exatamente um ano de casamento engravidei novamente, de forma natural. Namor\u00e1vamos frequentemente e a nova gravidez foi uma consequ\u00eancia esperada que acabou me deixando com medo de um novo aborto. Por\u00e9m, dessa vez correu tudo bem e, enfim, Joana nasceu no dia 20 de Abril de 2002 com 2.930 kg e 45 cm, como primog\u00eanita de, agora, de tr\u00eas irm\u00e3os.<\/p>\n<p><a href=\"https:\/\/www.famivita.com\/fr\/wp-content\/uploads\/patricia-com-joana.jpg\"><img loading=\"lazy\" decoding=\"async\" src=\"https:\/\/www.famivita.com\/fr\/wp-content\/uploads\/patricia-com-joana.jpg\" alt=\"patricia com joana\" width=\"702\" height=\"457\" class=\"aligncenter size-full wp-image-5887\" srcset=\"https:\/\/www.famivita.com\/fr\/wp-content\/uploads\/patricia-com-joana.jpg 702w, https:\/\/www.famivita.com\/fr\/wp-content\/uploads\/patricia-com-joana-500x325.jpg 500w, https:\/\/www.famivita.com\/fr\/wp-content\/uploads\/patricia-com-joana-300x195.jpg 300w\" sizes=\"auto, (max-width: 702px) 100vw, 702px\" \/><\/a><\/p>\n<p class=\"align-justify\">Fui uma m\u00e3e de primeira viagem bem atrapalhada! A confus\u00e3o era tamanha que cheguei a colocar a fralda suja de caquinha na geladeira e a mamadeira no lixo! Confus\u00f5es \u00e0 parte e apesar de nova ainda, eu queria mais uma vida dentro de mim. T\u00ednhamos ainda muito amor para dar. Mesmo com todas as dificuldades que tive depois do nascimento da Joana, o sentimento de querer mais um beb\u00ea ent\u00e3o apareceu. Foi nesse momento que o universo das tentantes ou das treinantes me foi apresentado pela primeira vez.<\/p>\n<p class=\"align-justify\">Como as duas gravidezes anteriores haviam acontecido muito r\u00e1pido, j\u00e1 que n\u00e3o cont\u00e1vamos tempo para acontecerem, nem est\u00e1vamos tentando, e n\u00e3o t\u00ednhamos a m\u00ednima ideia de quando viria o positivo, n\u00f3s n\u00e3o esper\u00e1vamos por dificuldades numa pr\u00f3xima. Eu tamb\u00e9m n\u00e3o entendia nada de muco e de per\u00edodo f\u00e9rtil, na verdade s\u00f3 sabia que a minha menstrua\u00e7\u00e3o era completamente desregulada. Havia ciclos de 30 dias, outros de 36 e ainda outros de 40. Era um verdadeiro \u201ccirco menstrual\u201d e, por isso, resolvi estudar sobre o assunto \u201cfertilidade\u201d.<\/p>\n<p class=\"align-justify\">Por mais de 3 anos tentamos engravidar do nosso segundo filho. Foi um momento complicado em nossas vidas porque o positivo n\u00e3o chegava. A partir da\u00ed, come\u00e7amos a fazer exames para saber o que estava acontecendo e a adotar t\u00e9cnicas para reconhecer o per\u00edodo f\u00e9rtil. Foi uma \u00e9poca de muito aprendizado.<\/p>\n<div align=\"center\">\n<table>\n<tbody>\n<tr>\n<td width=\"196\" style=\"text-align:left\"><\/td>\n<td width=\"196\" style=\"text-align:center\"><a href=\"https:\/\/www.famivita.com\/fr\/ebook-como-engravidar-de-patricia-amorim\/\" title=\"Todos os Cap\u00edtulos\">Todos os Cap\u00edtulos<\/a><\/td>\n<td width=\"196\" style=\"text-align:right\"><a href=\"https:\/\/www.famivita.com\/fr\/tecnicas-de-tentantes-muco-temperatura-e-problemas-que-podem-surgir-capitulo-2\/\" title=\"T\u00e9cnicas de Tentantes, Muco, Temperatura e Problemas\">Cap\u00edtulo 2 \u00bb<\/a><\/td>\n<\/tr>\n<\/tbody>\n<\/table>\n<\/div>\n","protected":false},"excerpt":{"rendered":"<p>Todos os Cap\u00edtulos Cap\u00edtulo 2 \u00bb Por onde come\u00e7ar? Com tantas possibilidades fiquei pensando nessa pergunta por dias, mas acho que a resposta mais l\u00f3gica \u00e9 falar tudo que passa na cabe\u00e7a de uma tentante, desde o momento em que a decis\u00e3o de engravidar \u00e9 tomada at\u00e9 o momento em que o positivo chega. Ent\u00e3o, [&hellip;]<\/p>\n","protected":false},"author":471399,"featured_media":5887,"parent":0,"menu_order":0,"comment_status":"closed","ping_status":"closed","template":"","meta":{"_acf_changed":false,"footnotes":""},"class_list":["post-5885","page","type-page","status-publish","has-post-thumbnail","hentry"],"acf":[],"yoast_head":"<!-- This site is optimized with the Yoast SEO plugin v25.2 - https:\/\/yoast.com\/wordpress\/plugins\/seo\/ -->\n<title>Minha Trajet\u00f3ria de Tentante - Cap\u00edtulo 1 | Famivita<\/title>\n<meta name=\"robots\" content=\"noindex, follow, max-snippet:-1, max-image-preview:large, max-video-preview:-1\" \/>\n<meta property=\"og:locale\" content=\"en_US\" \/>\n<meta property=\"og:type\" content=\"article\" \/>\n<meta property=\"og:title\" content=\"Minha Trajet\u00f3ria de Tentante - Cap\u00edtulo 1 | Famivita\" \/>\n<meta property=\"og:description\" content=\"Todos os Cap\u00edtulos Cap\u00edtulo 2 \u00bb Por onde come\u00e7ar? Com tantas possibilidades fiquei pensando nessa pergunta por dias, mas acho que a resposta mais l\u00f3gica \u00e9 falar tudo que passa na cabe\u00e7a de uma tentante, desde o momento em que a decis\u00e3o de engravidar \u00e9 tomada at\u00e9 o momento em que o positivo chega. Ent\u00e3o, [&hellip;]\" \/>\n<meta property=\"og:url\" content=\"https:\/\/www.famivita.com\/fr\/minha-trajetoria-de-tentante-capitulo-1\/\" \/>\n<meta property=\"og:site_name\" content=\"Famivita\" \/>\n<meta property=\"article:modified_time\" content=\"2022-07-06T10:02:52+00:00\" \/>\n<meta property=\"og:image\" content=\"https:\/\/www.famivita.com\/fr\/wp-content\/uploads\/patricia-com-joana.jpg\" \/>\n\t<meta property=\"og:image:width\" content=\"702\" \/>\n\t<meta property=\"og:image:height\" content=\"457\" \/>\n\t<meta property=\"og:image:type\" content=\"image\/jpeg\" \/>\n<meta name=\"twitter:card\" content=\"summary_large_image\" \/>\n<meta name=\"twitter:label1\" content=\"Est. reading time\" \/>\n\t<meta name=\"twitter:data1\" content=\"5 minutes\" \/>\n<script type=\"application\/ld+json\" class=\"yoast-schema-graph\">{\"@context\":\"https:\/\/schema.org\",\"@graph\":[{\"@type\":\"WebPage\",\"@id\":\"https:\/\/www.famivita.com\/fr\/minha-trajetoria-de-tentante-capitulo-1\/\",\"url\":\"https:\/\/www.famivita.com\/fr\/minha-trajetoria-de-tentante-capitulo-1\/\",\"name\":\"Minha Trajet\u00f3ria de Tentante - Cap\u00edtulo 1 | Famivita\",\"isPartOf\":{\"@id\":\"https:\/\/www.famivita.com\/#website\",\"sameAs\":[\"https:\/\/www.instagram.com\/famivita\/\",\"https:\/\/www.facebook.com\/famivita\/\",\"https:\/\/www.youtube.com\/user\/trocandofraldasyt\",\"https:\/\/api.whatsapp.com\/send\/?phone=5511917837433\"]},\"primaryImageOfPage\":{\"@id\":\"https:\/\/www.famivita.com\/fr\/minha-trajetoria-de-tentante-capitulo-1\/#primaryimage\"},\"image\":{\"@id\":\"https:\/\/www.famivita.com\/fr\/minha-trajetoria-de-tentante-capitulo-1\/#primaryimage\"},\"thumbnailUrl\":\"https:\/\/www.famivita.com\/fr\/wp-content\/uploads\/patricia-com-joana.jpg\",\"datePublished\":\"2014-09-19T17:22:41+00:00\",\"dateModified\":\"2022-07-06T10:02:52+00:00\",\"breadcrumb\":{\"@id\":\"https:\/\/www.famivita.com\/fr\/minha-trajetoria-de-tentante-capitulo-1\/#breadcrumb\"},\"inLanguage\":\"en-US\",\"potentialAction\":[{\"@type\":\"ReadAction\",\"target\":[\"https:\/\/www.famivita.com\/fr\/minha-trajetoria-de-tentante-capitulo-1\/\"]}],\"about\":{\"@type\":\"Organization\",\"@id\":\"https:\/\/www.famivita.com.br\/#organization\",\"name\":\"Famivita\",\"logo\":\"https:\/\/www.famivita.com.br\/wp-content\/themes\/storefront-child\/header_footer_html\/images\/logo_mobile2.svg\",\"url\":\"https:\/\/www.famivita.com.br\/\",\"address\":{\"@type\":\"PostalAddress\",\"streetAddress\":\"Rua Benedito Fernandes, 545, Santo Amaro\",\"addressLocality\":\"S\u00e3o Paulo\",\"addressRegion\":\"S\u00e3o Paulo\",\"postalCode\":\"04746-110\",\"addressCountry\":{\"@type\":\"Country\",\"name\":\"BR\"}}}},{\"@type\":\"ImageObject\",\"inLanguage\":\"en-US\",\"@id\":\"https:\/\/www.famivita.com\/fr\/minha-trajetoria-de-tentante-capitulo-1\/#primaryimage\",\"url\":\"https:\/\/www.famivita.com\/fr\/wp-content\/uploads\/patricia-com-joana.jpg\",\"contentUrl\":\"https:\/\/www.famivita.com\/fr\/wp-content\/uploads\/patricia-com-joana.jpg\",\"width\":702,\"height\":457,\"caption\":\"patricia com joana\"},{\"@type\":\"BreadcrumbList\",\"@id\":\"https:\/\/www.famivita.com\/fr\/minha-trajetoria-de-tentante-capitulo-1\/#breadcrumb\",\"itemListElement\":[{\"@type\":\"ListItem\",\"position\":1,\"name\":\"In\u00edcio\",\"item\":\"https:\/\/www.famivita.com\/\"},{\"@type\":\"ListItem\",\"position\":2,\"name\":\"Minha Trajet\u00f3ria de Tentante &#8211; Cap\u00edtulo 1\"}]},{\"@type\":\"WebSite\",\"@id\":\"https:\/\/www.famivita.com\/#website\",\"url\":\"https:\/\/www.famivita.com\/\",\"name\":\"Famivita\",\"description\":\"\",\"potentialAction\":[{\"@type\":\"SearchAction\",\"target\":{\"@type\":\"EntryPoint\",\"urlTemplate\":\"https:\/\/www.famivita.com\/?s={search_term_string}\"},\"query-input\":{\"@type\":\"PropertyValueSpecification\",\"valueRequired\":true,\"valueName\":\"search_term_string\"}}],\"inLanguage\":\"en-US\"}]}<\/script>\n<!-- \/ Yoast SEO plugin. -->","yoast_head_json":{"title":"Minha Trajet\u00f3ria de Tentante - Cap\u00edtulo 1 | Famivita","robots":{"index":"noindex","follow":"follow","max-snippet":"max-snippet:-1","max-image-preview":"max-image-preview:large","max-video-preview":"max-video-preview:-1"},"og_locale":"en_US","og_type":"article","og_title":"Minha Trajet\u00f3ria de Tentante - Cap\u00edtulo 1 | Famivita","og_description":"Todos os Cap\u00edtulos Cap\u00edtulo 2 \u00bb Por onde come\u00e7ar? Com tantas possibilidades fiquei pensando nessa pergunta por dias, mas acho que a resposta mais l\u00f3gica \u00e9 falar tudo que passa na cabe\u00e7a de uma tentante, desde o momento em que a decis\u00e3o de engravidar \u00e9 tomada at\u00e9 o momento em que o positivo chega. Ent\u00e3o, [&hellip;]","og_url":"https:\/\/www.famivita.com\/fr\/minha-trajetoria-de-tentante-capitulo-1\/","og_site_name":"Famivita","article_modified_time":"2022-07-06T10:02:52+00:00","og_image":[{"width":702,"height":457,"url":"https:\/\/www.famivita.com\/fr\/wp-content\/uploads\/patricia-com-joana.jpg","type":"image\/jpeg"}],"twitter_card":"summary_large_image","twitter_misc":{"Est. reading time":"5 minutes"},"schema":{"@context":"https:\/\/schema.org","@graph":[{"@type":"WebPage","@id":"https:\/\/www.famivita.com\/fr\/minha-trajetoria-de-tentante-capitulo-1\/","url":"https:\/\/www.famivita.com\/fr\/minha-trajetoria-de-tentante-capitulo-1\/","name":"Minha Trajet\u00f3ria de Tentante - Cap\u00edtulo 1 | Famivita","isPartOf":{"@id":"https:\/\/www.famivita.com\/#website","sameAs":["https:\/\/www.instagram.com\/famivita\/","https:\/\/www.facebook.com\/famivita\/","https:\/\/www.youtube.com\/user\/trocandofraldasyt","https:\/\/api.whatsapp.com\/send\/?phone=5511917837433"]},"primaryImageOfPage":{"@id":"https:\/\/www.famivita.com\/fr\/minha-trajetoria-de-tentante-capitulo-1\/#primaryimage"},"image":{"@id":"https:\/\/www.famivita.com\/fr\/minha-trajetoria-de-tentante-capitulo-1\/#primaryimage"},"thumbnailUrl":"https:\/\/www.famivita.com\/fr\/wp-content\/uploads\/patricia-com-joana.jpg","datePublished":"2014-09-19T17:22:41+00:00","dateModified":"2022-07-06T10:02:52+00:00","breadcrumb":{"@id":"https:\/\/www.famivita.com\/fr\/minha-trajetoria-de-tentante-capitulo-1\/#breadcrumb"},"inLanguage":"en-US","potentialAction":[{"@type":"ReadAction","target":["https:\/\/www.famivita.com\/fr\/minha-trajetoria-de-tentante-capitulo-1\/"]}],"about":{"@type":"Organization","@id":"https:\/\/www.famivita.com.br\/#organization","name":"Famivita","logo":"https:\/\/www.famivita.com.br\/wp-content\/themes\/storefront-child\/header_footer_html\/images\/logo_mobile2.svg","url":"https:\/\/www.famivita.com.br\/","address":{"@type":"PostalAddress","streetAddress":"Rua Benedito Fernandes, 545, Santo Amaro","addressLocality":"S\u00e3o Paulo","addressRegion":"S\u00e3o Paulo","postalCode":"04746-110","addressCountry":{"@type":"Country","name":"BR"}}}},{"@type":"ImageObject","inLanguage":"en-US","@id":"https:\/\/www.famivita.com\/fr\/minha-trajetoria-de-tentante-capitulo-1\/#primaryimage","url":"https:\/\/www.famivita.com\/fr\/wp-content\/uploads\/patricia-com-joana.jpg","contentUrl":"https:\/\/www.famivita.com\/fr\/wp-content\/uploads\/patricia-com-joana.jpg","width":702,"height":457,"caption":"patricia com joana"},{"@type":"BreadcrumbList","@id":"https:\/\/www.famivita.com\/fr\/minha-trajetoria-de-tentante-capitulo-1\/#breadcrumb","itemListElement":[{"@type":"ListItem","position":1,"name":"In\u00edcio","item":"https:\/\/www.famivita.com\/"},{"@type":"ListItem","position":2,"name":"Minha Trajet\u00f3ria de Tentante &#8211; Cap\u00edtulo 1"}]},{"@type":"WebSite","@id":"https:\/\/www.famivita.com\/#website","url":"https:\/\/www.famivita.com\/","name":"Famivita","description":"","potentialAction":[{"@type":"SearchAction","target":{"@type":"EntryPoint","urlTemplate":"https:\/\/www.famivita.com\/?s={search_term_string}"},"query-input":{"@type":"PropertyValueSpecification","valueRequired":true,"valueName":"search_term_string"}}],"inLanguage":"en-US"}]}},"_links":{"self":[{"href":"https:\/\/www.famivita.com\/fr\/wp-json\/wp\/v2\/pages\/5885","targetHints":{"allow":["GET"]}}],"collection":[{"href":"https:\/\/www.famivita.com\/fr\/wp-json\/wp\/v2\/pages"}],"about":[{"href":"https:\/\/www.famivita.com\/fr\/wp-json\/wp\/v2\/types\/page"}],"author":[{"embeddable":true,"href":"https:\/\/www.famivita.com\/fr\/wp-json\/wp\/v2\/users\/471399"}],"replies":[{"embeddable":true,"href":"https:\/\/www.famivita.com\/fr\/wp-json\/wp\/v2\/comments?post=5885"}],"version-history":[{"count":1,"href":"https:\/\/www.famivita.com\/fr\/wp-json\/wp\/v2\/pages\/5885\/revisions"}],"predecessor-version":[{"id":150395,"href":"https:\/\/www.famivita.com\/fr\/wp-json\/wp\/v2\/pages\/5885\/revisions\/150395"}],"wp:featuredmedia":[{"embeddable":true,"href":"https:\/\/www.famivita.com\/fr\/wp-json\/wp\/v2\/media\/5887"}],"wp:attachment":[{"href":"https:\/\/www.famivita.com\/fr\/wp-json\/wp\/v2\/media?parent=5885"}],"curies":[{"name":"wp","href":"https:\/\/api.w.org\/{rel}","templated":true}]}}