{"id":5893,"date":"2014-09-19T16:14:39","date_gmt":"2014-09-19T19:14:39","guid":{"rendered":"http:\/\/www.trocandofraldas.com.br\/?page_id=5893"},"modified":"2023-10-20T21:53:20","modified_gmt":"2023-10-21T00:53:20","slug":"truques-e-dicas-para-facilitar-gravidez-capitulo-3","status":"publish","type":"page","link":"https:\/\/www.famivita.com\/fr\/truques-e-dicas-para-facilitar-gravidez-capitulo-3\/","title":{"rendered":"Truques e Dicas para Facilitar a Gravidez &#8211; Cap\u00edtulo 3"},"content":{"rendered":"<div align=\"center\">\n<table>\n<tbody>\n<tr>\n<td style=\"text-align: left;\" width=\"196\"><a title=\"T\u00e9cnicas de Tentantes, Muco, Temperatura e Problemas\" href=\"https:\/\/www.famivita.com\/fr\/tecnicas-de-tentantes-muco-temperatura-e-problemas-que-podem-surgir-capitulo-2\/\">\u00ab Cap\u00edtulo 2<\/a><\/td>\n<td style=\"text-align: center;\" width=\"196\"><a title=\"Todos os Cap\u00edtulos\" href=\"https:\/\/www.famivita.com\/fr\/ebook-como-engravidar-de-patricia-amorim\/\">Todos os Cap\u00edtulos<\/a><\/td>\n<td style=\"text-align: right;\" width=\"196\"><a title=\"O Que Pode Atrapalhar\" href=\"https:\/\/www.famivita.com\/fr\/o-que-pode-atrapalhar-capitulo-4\/\">Cap\u00edtulo 4 \u00bb<\/a><\/td>\n<\/tr>\n<\/tbody>\n<\/table>\n<\/div>\n<p class=\"align-justify\">Uma vez me peguei lendo sobre as loucuras que tentantes fazem para conseguir engravidar e me identifiquei tanto que nem podem imaginar! Parecia que o texto me descreveu! Resolvi fazer um relato no \u201cTrocando Fraldas\u201d para transparecer como eu era na \u00e9poca de tentante &#8211; \u00e9 um dos mais lidos no site inteiro. Um trecho dele diz:<\/p>\n<p class=\"align-justify\">\u201cEu era NEUR\u00d3TICA! Juro! Rs hoje dou risada das coisas que j\u00e1 fiz, outra hora tenho vergonha de mim mesma por ter feito certas perip\u00e9cias que s\u00f3 quem tenta ter um beb\u00ea sabe como \u00e9, gastei rios de dinheiro com teste de gravidez. (&#8230;)\u201d<\/p>\n<p class=\"align-justify\">Essa \u00e9 a mais pura das verdades. Mas, com todas as minhas loucuras aprendi diversas coisas \u00fateis. Voc\u00ea sabia que pode ajudar o esperma com gravidade depois da rela\u00e7\u00e3o sexual? Pense comigo: o esperma tem que nadar um bocado para chegar \u00e0s trompas. Ent\u00e3o, por que n\u00e3o <strong>elevar o bumbum com almofadas<\/strong> e colocar as pernas para cima fazendo com que isso ajude os \u201cpeixinhos\u201d a chegarem mais r\u00e1pido ao destino?<\/p>\n<p class=\"align-justify\">O ideal \u00e9 tomar banho antes da rela\u00e7\u00e3o e esperar pelo menos uma hora antes de se levantar e ir para o chuveiro depois. Por mais que tenha \u201cnojo\u201d de ficar sem banho depois da rela\u00e7\u00e3o, isso pode aumentar as chances de fecunda\u00e7\u00e3o.<\/p>\n<p class=\"align-justify\">\u00c9 \u00f3bvio que tudo isso \u00e9 apenas preciso nos dias f\u00e9rteis. H\u00e1 sempre alguma desavisada que acha que engravida fora do per\u00edodo f\u00e9rtil e isso n\u00e3o \u00e9 verdade. Se engravidar \u00e9 porque ovulou. O que pode acontecer, sim, \u00e9 o per\u00edodo f\u00e9rtil estar no lugar errado.<\/p>\n<p class=\"align-justify\">Uma dica preciosa que eu nunca poderia imaginar (se n\u00e3o fossem meus gloriosos dias de tentante) \u00e9 que a <strong>posi\u00e7\u00e3o pode ser fundamental<\/strong> para determinadas mulheres.<\/p>\n<p class=\"align-justify\">Mulheres com \u00fatero virado para tr\u00e1s (\u00fatero retrovertido), ou seja, com a abertura para tr\u00e1s devem namorar preferencialmente em estilos diferenciados como de quatro ou cachorrinho, sempre com o homem por tr\u00e1s porque ajuda muito na log\u00edstica da coisa. Digamos que deixar o dito cujo de cara para o gol facilita a entrada do esperma no \u00fatero.<\/p>\n<figure id=\"attachment_5894\" aria-describedby=\"caption-attachment-5894\" style=\"width: 800px\" class=\"wp-caption aligncenter\"><a href=\"https:\/\/www.famivita.com\/fr\/wp-content\/uploads\/Posicoes-para-mulheres-com-utero-virado-para-tras.jpg\"><img loading=\"lazy\" decoding=\"async\" class=\"size-full wp-image-5894\" src=\"https:\/\/www.famivita.com\/fr\/wp-content\/uploads\/Posicoes-para-mulheres-com-utero-virado-para-tras.jpg\" alt=\"Posi\u00e7\u00f5es para mulheres com \u00fatero virado para tr\u00e1s\" width=\"800\" height=\"531\" srcset=\"https:\/\/www.famivita.com\/fr\/wp-content\/uploads\/Posicoes-para-mulheres-com-utero-virado-para-tras.jpg 800w, https:\/\/www.famivita.com\/fr\/wp-content\/uploads\/Posicoes-para-mulheres-com-utero-virado-para-tras-500x332.jpg 500w, https:\/\/www.famivita.com\/fr\/wp-content\/uploads\/Posicoes-para-mulheres-com-utero-virado-para-tras-300x199.jpg 300w, https:\/\/www.famivita.com\/fr\/wp-content\/uploads\/Posicoes-para-mulheres-com-utero-virado-para-tras-768x510.jpg 768w\" sizes=\"auto, (max-width: 800px) 100vw, 800px\" \/><\/a><figcaption id=\"caption-attachment-5894\" class=\"wp-caption-text\">Posi\u00e7\u00f5es para mulheres com \u00fatero virado para tr\u00e1s<\/figcaption><\/figure>\n<p class=\"align-justify\">Para mulheres com \u00fatero virado para frente, posi\u00e7\u00f5es mais tradicionais como papai e mam\u00e3e podem ser ideais para engravidar. Mas, claro, um pouco de varia\u00e7\u00e3o \u00e9 preciso. Ent\u00e3o, que tal por cima?<\/p>\n<p class=\"align-justify\">Essa posi\u00e7\u00e3o pode facilitar ainda mais porque assim muitas mulheres conseguem chegar ao \u00e1pice do prazer, e a\u00ed, a natureza se encarrega de fazer o resto. O orgasmo feminino ajuda a puxar o jato de esperma para dentro do \u00fatero, que se contrai durante a libera\u00e7\u00e3o hormonal. N\u00e3o somente um orgasmo interno, mas at\u00e9 um orgasmo clitoriano pode ser o motivo de muitas mulheres engravidarem.<\/p>\n<p class=\"align-justify\">Quer mais uma not\u00edcia boa? As <strong>preliminares liberam uma secre\u00e7\u00e3o<\/strong> que facilita, e muito, a entrada do esperma para dentro do \u00fatero. Essa lubrifica\u00e7\u00e3o, em conjunto com o muco f\u00e9rtil, cont\u00e9m temperatura e textura ideais para os espermatozoides na sua jornada de nata\u00e7\u00e3o at\u00e9 as trompas. E para as mulheres que n\u00e3o possuem muco em abund\u00e2ncia, g\u00e9is amigos da fertilidade facilitam a chegada do esperma at\u00e9 o \u00fatero, pois imitam fielmente o muco f\u00e9rtil e s\u00e3o apropriados para aumentar as chances de concep\u00e7\u00e3o. Vale lembrar que nem todos os g\u00e9is s\u00e3o iguais ou beneficiadores e, por isso, os g\u00e9is desenvolvidos especificamente para concep\u00e7\u00e3o s\u00e3o os mais indicados. <\/p>\n<p class=\"align-justify\">Essa combina\u00e7\u00e3o pode proporcionar mais que uma bela deslizada \u00fatero acima, j\u00e1 que o muco f\u00e9rtil cont\u00e9m, al\u00e9m de tudo, prote\u00ednas que mant\u00eam o esperma vivo dentro do corpo por at\u00e9 72 horas. Ent\u00e3o, perca a vergonha e bora fazer uma dancinha especial para apimentar as preliminares, meninas!<\/p>\n<p class=\"align-justify\">Normalmente, os m\u00e9dicos pedem que um casal tentante tenha rela\u00e7\u00f5es <strong>um dia sim, um dia n\u00e3o<\/strong> no per\u00edodo f\u00e9rtil. Estranho, n\u00e3o \u00e9? Isso se explica porque o estoque de esperma fabricado nos test\u00edculos precisa de um tempo m\u00ednimo de 24 horas para ser reposto, ap\u00f3s utilizado.<\/p>\n<p class=\"align-justify\">Claro, namorar demais n\u00e3o pode prejudicar, mas como dizem por a\u00ed: uma bem feita \u00e9 muito melhor do que dez mal feitas. Deixar o parceiro bem animado \u00e9 uma vantagem \u00e0 parte. Quanto mais excitado o homem estiver com a sua parceira na hora da rela\u00e7\u00e3o, mais forte ser\u00e1 o jato da ejacula\u00e7\u00e3o. Ent\u00e3o, um belo impulso pode fazer toda a diferen\u00e7a!<\/p>\n<p class=\"align-justify\">E os tais ch\u00e1s para ajudar no muco compensam? Compensam! Ali\u00e1s, o <strong>ch\u00e1 de inhame<\/strong> \u00e9 o queridinho das tentantes porque cont\u00e9m uma alta concentra\u00e7\u00e3o de estrog\u00eanio que \u00e9 o horm\u00f4nio respons\u00e1vel pela indu\u00e7\u00e3o do per\u00edodo de ovula\u00e7\u00e3o, causando o aumento da camada do endom\u00e9trio (onde o beb\u00ea se fixa depois de fecundado). Ele tamb\u00e9m pode dar uma for\u00e7a para os \u00f3vulos crescerem mais rapidamente. <\/p>\n<p class=\"align-justify\">Algumas mulheres podem fazer uso do <strong>ch\u00e1 de uxi amarelo<\/strong> e do de <strong>unha de gato<\/strong>. Ambos podem ajudar mulheres com problemas como miomas, baixa hormonal e at\u00e9 infec\u00e7\u00e3o de \u00fatero. Como s\u00e3o produtos naturais, n\u00e3o h\u00e1 contraindica\u00e7\u00e3o. Por\u00e9m, como tudo na vida, devem ser usados com cautela para n\u00e3o prejudicar ao inv\u00e9s de ajudar.<\/p>\n<p class=\"align-justify\"><strong>\u00c1gua Inglesa<\/strong> e <strong>Sa\u00fade da Mulher<\/strong> s\u00e3o bem aceitos entre as tentantes porque ambas s\u00e3o \u00e0 base de uma planta chamada Agoniada, que ajuda a limpar \u00fatero e ov\u00e1rios. Normalmente, o consumo \u00e9 recomendado a partir do 15\u00ba dia do ciclo. Por\u00e9m, o ideal \u00e9 inger\u00ed-las do 3\u00b0 ao 10\u00b0 dia do ciclo.<\/p>\n<p class=\"align-justify\">Outra cren\u00e7a popular sugere que o <strong>abacaxi<\/strong> ajude na fertilidade. Ela diz que o consumo da fruta nos cinco dias seguidos \u00e0 ovula\u00e7\u00e3o pode ajudar na fixa\u00e7\u00e3o do beb\u00ea no \u00fatero, pois cont\u00e9m bromelina. Se for verdade, seria \u00f3timo, mas isso ningu\u00e9m sabe. Portanto, tentar n\u00e3o custa nada, afinal abacaxi \u00e9 uma del\u00edcia e acess\u00edvel em qualquer lugar do pa\u00eds.<\/p>\n<p class=\"align-justify\">Uma dica preciosa, em geral, \u00e9 aumentar a <strong>ingest\u00e3o de l\u00edquidos e frutas<\/strong> com vitamina C, como laranja, lim\u00e3o, maracuj\u00e1, morangos ou acerola. Eles podem ajudar a aumentar o muco cervical. Al\u00e9m disso, quanto mais \u00e1gua voc\u00ea tomar no per\u00edodo f\u00e9rtil, mais muco pode produzir e ajudar a gravidez a acontecer.<\/p>\n<div align=\"center\">\n<table>\n<tbody>\n<tr>\n<td style=\"text-align: left;\" width=\"196\"><a title=\"T\u00e9cnicas de Tentantes, Muco, Temperatura e Problemas\" href=\"https:\/\/www.famivita.com\/fr\/tecnicas-de-tentantes-muco-temperatura-e-problemas-que-podem-surgir-capitulo-2\/\">\u00ab Cap\u00edtulo 2<\/a><\/td>\n<td style=\"text-align: center;\" width=\"196\"><a title=\"Todos os Cap\u00edtulos\" href=\"https:\/\/www.famivita.com\/fr\/ebook-como-engravidar-de-patricia-amorim\/\">Todos os Cap\u00edtulos<\/a><\/td>\n<td style=\"text-align: right;\" width=\"196\"><a title=\"O Que Pode Atrapalhar\" href=\"https:\/\/www.famivita.com\/fr\/o-que-pode-atrapalhar-capitulo-4\/\">Cap\u00edtulo 4 \u00bb<\/a><\/td>\n<\/tr>\n<\/tbody>\n<\/table>\n<\/div>\n","protected":false},"excerpt":{"rendered":"<p>\u00ab Cap\u00edtulo 2 Todos os Cap\u00edtulos Cap\u00edtulo 4 \u00bb Uma vez me peguei lendo sobre as loucuras que tentantes fazem para conseguir engravidar e me identifiquei tanto que nem podem imaginar! Parecia que o texto me descreveu! Resolvi fazer um relato no \u201cTrocando Fraldas\u201d para transparecer como eu era na \u00e9poca de tentante &#8211; \u00e9 [&hellip;]<\/p>\n","protected":false},"author":3,"featured_media":5894,"parent":0,"menu_order":0,"comment_status":"closed","ping_status":"closed","template":"","meta":{"_acf_changed":false,"footnotes":""},"class_list":["post-5893","page","type-page","status-publish","has-post-thumbnail","hentry"],"acf":[],"yoast_head":"<!-- This site is optimized with the Yoast SEO plugin v25.2 - https:\/\/yoast.com\/wordpress\/plugins\/seo\/ -->\n<title>Truques e Dicas para Facilitar a Gravidez - Cap\u00edtulo 3 | Famivita<\/title>\n<meta name=\"robots\" content=\"noindex, follow, max-snippet:-1, max-image-preview:large, max-video-preview:-1\" \/>\n<meta property=\"og:locale\" content=\"en_US\" \/>\n<meta property=\"og:type\" content=\"article\" \/>\n<meta property=\"og:title\" content=\"Truques e Dicas para Facilitar a Gravidez - Cap\u00edtulo 3 | Famivita\" \/>\n<meta property=\"og:description\" content=\"\u00ab Cap\u00edtulo 2 Todos os Cap\u00edtulos Cap\u00edtulo 4 \u00bb Uma vez me peguei lendo sobre as loucuras que tentantes fazem para conseguir engravidar e me identifiquei tanto que nem podem imaginar! Parecia que o texto me descreveu! Resolvi fazer um relato no \u201cTrocando Fraldas\u201d para transparecer como eu era na \u00e9poca de tentante &#8211; \u00e9 [&hellip;]\" \/>\n<meta property=\"og:url\" content=\"https:\/\/www.famivita.com\/fr\/truques-e-dicas-para-facilitar-gravidez-capitulo-3\/\" \/>\n<meta property=\"og:site_name\" content=\"Famivita\" \/>\n<meta property=\"article:modified_time\" content=\"2023-10-21T00:53:20+00:00\" \/>\n<meta property=\"og:image\" content=\"https:\/\/www.famivita.com\/fr\/wp-content\/uploads\/Posicoes-para-mulheres-com-utero-virado-para-tras.jpg\" \/>\n\t<meta property=\"og:image:width\" content=\"800\" \/>\n\t<meta property=\"og:image:height\" content=\"531\" \/>\n\t<meta property=\"og:image:type\" content=\"image\/jpeg\" \/>\n<meta name=\"twitter:card\" content=\"summary_large_image\" \/>\n<meta name=\"twitter:label1\" content=\"Est. reading time\" \/>\n\t<meta name=\"twitter:data1\" content=\"5 minutes\" \/>\n<script type=\"application\/ld+json\" class=\"yoast-schema-graph\">{\"@context\":\"https:\/\/schema.org\",\"@graph\":[{\"@type\":\"WebPage\",\"@id\":\"https:\/\/www.famivita.com\/fr\/truques-e-dicas-para-facilitar-gravidez-capitulo-3\/\",\"url\":\"https:\/\/www.famivita.com\/fr\/truques-e-dicas-para-facilitar-gravidez-capitulo-3\/\",\"name\":\"Truques e Dicas para Facilitar a Gravidez - Cap\u00edtulo 3 | Famivita\",\"isPartOf\":{\"@id\":\"https:\/\/www.famivita.com\/#website\",\"sameAs\":[\"https:\/\/www.instagram.com\/famivita\/\",\"https:\/\/www.facebook.com\/famivita\/\",\"https:\/\/www.youtube.com\/user\/trocandofraldasyt\",\"https:\/\/api.whatsapp.com\/send\/?phone=5511917837433\"]},\"primaryImageOfPage\":{\"@id\":\"https:\/\/www.famivita.com\/fr\/truques-e-dicas-para-facilitar-gravidez-capitulo-3\/#primaryimage\"},\"image\":{\"@id\":\"https:\/\/www.famivita.com\/fr\/truques-e-dicas-para-facilitar-gravidez-capitulo-3\/#primaryimage\"},\"thumbnailUrl\":\"https:\/\/www.famivita.com\/fr\/wp-content\/uploads\/Posicoes-para-mulheres-com-utero-virado-para-tras.jpg\",\"datePublished\":\"2014-09-19T19:14:39+00:00\",\"dateModified\":\"2023-10-21T00:53:20+00:00\",\"breadcrumb\":{\"@id\":\"https:\/\/www.famivita.com\/fr\/truques-e-dicas-para-facilitar-gravidez-capitulo-3\/#breadcrumb\"},\"inLanguage\":\"en-US\",\"potentialAction\":[{\"@type\":\"ReadAction\",\"target\":[\"https:\/\/www.famivita.com\/fr\/truques-e-dicas-para-facilitar-gravidez-capitulo-3\/\"]}],\"about\":{\"@type\":\"Organization\",\"@id\":\"https:\/\/www.famivita.com.br\/#organization\",\"name\":\"Famivita\",\"logo\":\"https:\/\/www.famivita.com.br\/wp-content\/themes\/storefront-child\/header_footer_html\/images\/logo_mobile2.svg\",\"url\":\"https:\/\/www.famivita.com.br\/\",\"address\":{\"@type\":\"PostalAddress\",\"streetAddress\":\"Rua Benedito Fernandes, 545, Santo Amaro\",\"addressLocality\":\"S\u00e3o Paulo\",\"addressRegion\":\"S\u00e3o Paulo\",\"postalCode\":\"04746-110\",\"addressCountry\":{\"@type\":\"Country\",\"name\":\"BR\"}}}},{\"@type\":\"ImageObject\",\"inLanguage\":\"en-US\",\"@id\":\"https:\/\/www.famivita.com\/fr\/truques-e-dicas-para-facilitar-gravidez-capitulo-3\/#primaryimage\",\"url\":\"https:\/\/www.famivita.com\/fr\/wp-content\/uploads\/Posicoes-para-mulheres-com-utero-virado-para-tras.jpg\",\"contentUrl\":\"https:\/\/www.famivita.com\/fr\/wp-content\/uploads\/Posicoes-para-mulheres-com-utero-virado-para-tras.jpg\",\"width\":800,\"height\":531,\"caption\":\"Posi\u00e7\u00f5es para mulheres com \u00fatero virado para tr\u00e1s\"},{\"@type\":\"BreadcrumbList\",\"@id\":\"https:\/\/www.famivita.com\/fr\/truques-e-dicas-para-facilitar-gravidez-capitulo-3\/#breadcrumb\",\"itemListElement\":[{\"@type\":\"ListItem\",\"position\":1,\"name\":\"In\u00edcio\",\"item\":\"https:\/\/www.famivita.com\/\"},{\"@type\":\"ListItem\",\"position\":2,\"name\":\"Truques e Dicas para Facilitar a Gravidez &#8211; Cap\u00edtulo 3\"}]},{\"@type\":\"WebSite\",\"@id\":\"https:\/\/www.famivita.com\/#website\",\"url\":\"https:\/\/www.famivita.com\/\",\"name\":\"Famivita\",\"description\":\"\",\"potentialAction\":[{\"@type\":\"SearchAction\",\"target\":{\"@type\":\"EntryPoint\",\"urlTemplate\":\"https:\/\/www.famivita.com\/?s={search_term_string}\"},\"query-input\":{\"@type\":\"PropertyValueSpecification\",\"valueRequired\":true,\"valueName\":\"search_term_string\"}}],\"inLanguage\":\"en-US\"}]}<\/script>\n<!-- \/ Yoast SEO plugin. -->","yoast_head_json":{"title":"Truques e Dicas para Facilitar a Gravidez - Cap\u00edtulo 3 | Famivita","robots":{"index":"noindex","follow":"follow","max-snippet":"max-snippet:-1","max-image-preview":"max-image-preview:large","max-video-preview":"max-video-preview:-1"},"og_locale":"en_US","og_type":"article","og_title":"Truques e Dicas para Facilitar a Gravidez - Cap\u00edtulo 3 | Famivita","og_description":"\u00ab Cap\u00edtulo 2 Todos os Cap\u00edtulos Cap\u00edtulo 4 \u00bb Uma vez me peguei lendo sobre as loucuras que tentantes fazem para conseguir engravidar e me identifiquei tanto que nem podem imaginar! Parecia que o texto me descreveu! Resolvi fazer um relato no \u201cTrocando Fraldas\u201d para transparecer como eu era na \u00e9poca de tentante &#8211; \u00e9 [&hellip;]","og_url":"https:\/\/www.famivita.com\/fr\/truques-e-dicas-para-facilitar-gravidez-capitulo-3\/","og_site_name":"Famivita","article_modified_time":"2023-10-21T00:53:20+00:00","og_image":[{"width":800,"height":531,"url":"https:\/\/www.famivita.com\/fr\/wp-content\/uploads\/Posicoes-para-mulheres-com-utero-virado-para-tras.jpg","type":"image\/jpeg"}],"twitter_card":"summary_large_image","twitter_misc":{"Est. reading time":"5 minutes"},"schema":{"@context":"https:\/\/schema.org","@graph":[{"@type":"WebPage","@id":"https:\/\/www.famivita.com\/fr\/truques-e-dicas-para-facilitar-gravidez-capitulo-3\/","url":"https:\/\/www.famivita.com\/fr\/truques-e-dicas-para-facilitar-gravidez-capitulo-3\/","name":"Truques e Dicas para Facilitar a Gravidez - Cap\u00edtulo 3 | Famivita","isPartOf":{"@id":"https:\/\/www.famivita.com\/#website","sameAs":["https:\/\/www.instagram.com\/famivita\/","https:\/\/www.facebook.com\/famivita\/","https:\/\/www.youtube.com\/user\/trocandofraldasyt","https:\/\/api.whatsapp.com\/send\/?phone=5511917837433"]},"primaryImageOfPage":{"@id":"https:\/\/www.famivita.com\/fr\/truques-e-dicas-para-facilitar-gravidez-capitulo-3\/#primaryimage"},"image":{"@id":"https:\/\/www.famivita.com\/fr\/truques-e-dicas-para-facilitar-gravidez-capitulo-3\/#primaryimage"},"thumbnailUrl":"https:\/\/www.famivita.com\/fr\/wp-content\/uploads\/Posicoes-para-mulheres-com-utero-virado-para-tras.jpg","datePublished":"2014-09-19T19:14:39+00:00","dateModified":"2023-10-21T00:53:20+00:00","breadcrumb":{"@id":"https:\/\/www.famivita.com\/fr\/truques-e-dicas-para-facilitar-gravidez-capitulo-3\/#breadcrumb"},"inLanguage":"en-US","potentialAction":[{"@type":"ReadAction","target":["https:\/\/www.famivita.com\/fr\/truques-e-dicas-para-facilitar-gravidez-capitulo-3\/"]}],"about":{"@type":"Organization","@id":"https:\/\/www.famivita.com.br\/#organization","name":"Famivita","logo":"https:\/\/www.famivita.com.br\/wp-content\/themes\/storefront-child\/header_footer_html\/images\/logo_mobile2.svg","url":"https:\/\/www.famivita.com.br\/","address":{"@type":"PostalAddress","streetAddress":"Rua Benedito Fernandes, 545, Santo Amaro","addressLocality":"S\u00e3o Paulo","addressRegion":"S\u00e3o Paulo","postalCode":"04746-110","addressCountry":{"@type":"Country","name":"BR"}}}},{"@type":"ImageObject","inLanguage":"en-US","@id":"https:\/\/www.famivita.com\/fr\/truques-e-dicas-para-facilitar-gravidez-capitulo-3\/#primaryimage","url":"https:\/\/www.famivita.com\/fr\/wp-content\/uploads\/Posicoes-para-mulheres-com-utero-virado-para-tras.jpg","contentUrl":"https:\/\/www.famivita.com\/fr\/wp-content\/uploads\/Posicoes-para-mulheres-com-utero-virado-para-tras.jpg","width":800,"height":531,"caption":"Posi\u00e7\u00f5es para mulheres com \u00fatero virado para tr\u00e1s"},{"@type":"BreadcrumbList","@id":"https:\/\/www.famivita.com\/fr\/truques-e-dicas-para-facilitar-gravidez-capitulo-3\/#breadcrumb","itemListElement":[{"@type":"ListItem","position":1,"name":"In\u00edcio","item":"https:\/\/www.famivita.com\/"},{"@type":"ListItem","position":2,"name":"Truques e Dicas para Facilitar a Gravidez &#8211; Cap\u00edtulo 3"}]},{"@type":"WebSite","@id":"https:\/\/www.famivita.com\/#website","url":"https:\/\/www.famivita.com\/","name":"Famivita","description":"","potentialAction":[{"@type":"SearchAction","target":{"@type":"EntryPoint","urlTemplate":"https:\/\/www.famivita.com\/?s={search_term_string}"},"query-input":{"@type":"PropertyValueSpecification","valueRequired":true,"valueName":"search_term_string"}}],"inLanguage":"en-US"}]}},"_links":{"self":[{"href":"https:\/\/www.famivita.com\/fr\/wp-json\/wp\/v2\/pages\/5893","targetHints":{"allow":["GET"]}}],"collection":[{"href":"https:\/\/www.famivita.com\/fr\/wp-json\/wp\/v2\/pages"}],"about":[{"href":"https:\/\/www.famivita.com\/fr\/wp-json\/wp\/v2\/types\/page"}],"author":[{"embeddable":true,"href":"https:\/\/www.famivita.com\/fr\/wp-json\/wp\/v2\/users\/3"}],"replies":[{"embeddable":true,"href":"https:\/\/www.famivita.com\/fr\/wp-json\/wp\/v2\/comments?post=5893"}],"version-history":[{"count":6,"href":"https:\/\/www.famivita.com\/fr\/wp-json\/wp\/v2\/pages\/5893\/revisions"}],"predecessor-version":[{"id":159149,"href":"https:\/\/www.famivita.com\/fr\/wp-json\/wp\/v2\/pages\/5893\/revisions\/159149"}],"wp:featuredmedia":[{"embeddable":true,"href":"https:\/\/www.famivita.com\/fr\/wp-json\/wp\/v2\/media\/5894"}],"wp:attachment":[{"href":"https:\/\/www.famivita.com\/fr\/wp-json\/wp\/v2\/media?parent=5893"}],"curies":[{"name":"wp","href":"https:\/\/api.w.org\/{rel}","templated":true}]}}