{"id":5895,"date":"2014-09-19T16:22:31","date_gmt":"2014-09-19T19:22:31","guid":{"rendered":"http:\/\/www.trocandofraldas.com.br\/?page_id=5895"},"modified":"2022-08-23T09:42:41","modified_gmt":"2022-08-23T12:42:41","slug":"o-que-pode-atrapalhar-capitulo-4","status":"publish","type":"page","link":"https:\/\/www.famivita.com\/fr\/o-que-pode-atrapalhar-capitulo-4\/","title":{"rendered":"O Que Pode Atrapalhar &#8211; Cap\u00edtulo 4 &#8211; &#8220;Como Engravidar&#8221;"},"content":{"rendered":"<div align=\"center\">\n<table>\n<tbody>\n<tr>\n<td width=\"196\" style=\"text-align:left\"><a href=\"https:\/\/www.famivita.com\/fr\/truques-e-dicas-para-facilitar-gravidez-capitulo-3\/\" title=\"Truques e Dicas para Facilitar a Gravidez\">\u00ab Cap\u00edtulo 3<\/a><\/td>\n<td width=\"196\" style=\"text-align:center\"><a href=\"https:\/\/www.famivita.com\/fr\/ebook-como-engravidar-de-patricia-amorim\/\" title=\"Todos os Cap\u00edtulos\">Todos os Cap\u00edtulos<\/a><\/td>\n<td width=\"196\" style=\"text-align:right\"><a href=\"https:\/\/www.famivita.com\/fr\/doencas-e-tratamentos-capitulo-5\/\" title=\"Doen\u00e7as e Tratamentos\">Cap\u00edtulo 5 \u00bb<\/a><\/td>\n<\/tr>\n<\/tbody>\n<\/table>\n<\/div>\n<p><a name=\"4.1\"><\/a><\/p>\n<h2>Rela\u00e7\u00e3o Sexual<\/h2>\n<p class=\"align-justify\">Ah, tentantes, quando o per\u00edodo f\u00e9rtil chega \u00e9 um festival de posi\u00e7\u00f5es, truques e t\u00e1ticas para seduzir o marido. Qual tentante j\u00e1 n\u00e3o se pegou intimando o marido nos dias f\u00e9rteis? Eu mesma dizia:<\/p>\n<blockquote style=\"font-weight:bold\"><p>&#8220;\u00c9 hoje que quero lhe usar pra sequi\u00e7u meu bem, vamos reproduzir!&#8221;<\/p><\/blockquote>\n<p class=\"align-justify\">Pega o chicote a\u00ed, minha filha, estrala para uma noite quente e fazer um baby lind\u00edssimo! Seria t\u00e3o bom se um ded\u00e3o ficasse verde quando a gente estivesse ovulando, n\u00e3o \u00e9? Ou mesmo ter um sinal bem claro, uma seta luminosa apontando para baixo na barriga, dizendo que est\u00e1vamos ovulando e que era a hora de dan\u00e7ar mambo na horizontal. Mas infelizmente, a natureza n\u00e3o \u00e9 t\u00e3o criativa assim como uma mente f\u00e9rtil da ex-tentante aqui.<\/p>\n<p class=\"align-justify\">Namorar nos dias certos faz toda a diferen\u00e7a \u2013 mas <strong>se amar sem pressionar<\/strong> tamb\u00e9m. Eu confesso que j\u00e1 pressionei o marido para namorar. Mas amigas tentantes, ningu\u00e9m \u00e9 de ferro. Eu j\u00e1 fui uma tentante afoita e muito ansiosa pelo meu positivo. Tamb\u00e9m j\u00e1 fui do tipo de tentante que se pendurava no lustre toda lambuzada de leite condensado, se preciso fosse, s\u00f3 para animar o marido a namorar, despertar a paix\u00e3o nos dias f\u00e9rteis, porque nem sempre eles est\u00e3o a fim. \u00c9 muito importante dar import\u00e2ncia aos maridos nessas fases de tentativas. Eles podem ser afetados pelo mau humor e neuroses das tentantes mais do que n\u00f3s mesmas. Ent\u00e3o, meninas, aten\u00e7\u00e3o ao comportamento nessa temporada \u00e9 uma boa para manter o casal unido, ok?<\/p>\n<hr>\n<p><a name=\"4.2\"><\/a><\/p>\n<h2>Fator Tempo<\/h2>\n<p class=\"align-justify\">\u00c9 bem verdade que o tempo da tentante \u00e9 outro e \u00e9 mesmo! A gente quer uma gravidez t\u00e3o sincronizada com a velocidade da luz que mesmo no segundo dia ap\u00f3s a ovula\u00e7\u00e3o j\u00e1 tem sintomas e j\u00e1 come\u00e7a a sentir os mamilos mais sens\u00edveis, tem n\u00e1useas, c\u00f3licas e por a\u00ed vai. Mal deixa de tomar o anticoncepcional para engravidar e j\u00e1 come\u00e7a a ficar ansiosa, esperando o positivo uma semana antes da data da poss\u00edvel menstrua\u00e7\u00e3o. Mas sabia que o <strong>tempo \u00e9 essencial<\/strong> nessa fase? Segundo os m\u00e9dicos, um casal \u201cnormal\u201d pode levar de tr\u00eas meses a um ano de tentativas com duas a tr\u00eas rela\u00e7\u00f5es sexuais na semana. Se o prazo se estender al\u00e9m dos doze meses, deve-se procurar um m\u00e9dico para avalia\u00e7\u00e3o do casal e n\u00e3o somente da tentante, isso \u00e9 muito importante.<\/p>\n<p class=\"align-justify\">Mas o tempo vai passando, nada acontece e a pessoa come\u00e7a a ficar aflita, querendo que tudo aconte\u00e7a r\u00e1pido. A triste verdade \u00e9: calma! Quando come\u00e7a a se sentir assim \u00e9 hora de parar, respirar, contar at\u00e9 dez e se aquietar. F\u00e1cil n\u00e3o \u00e9, claro. Eu j\u00e1 senti na pele, mas como sempre diz uma amiga psic\u00f3loga:<\/p>\n<blockquote style=\"font-weight:bold\"><p>&#8220;Tentante e ansiedade \u00e9 uma combina\u00e7\u00e3o de bomba, granada e muito mais!&#8221;<\/p><\/blockquote>\n<p class=\"align-justify\">Isto \u00e9: explosiva para o emocional, tanto o nosso quanto o do companheiro tamb\u00e9m. Entramos no m\u00e9rito que se o casal est\u00e1 com todos os exames em dia, a tranquilidade pode come\u00e7ar por a\u00ed. Se n\u00e3o h\u00e1 nada errado, por que se preocupar?<\/p>\n<p class=\"align-justify\">Por\u00e9m, no caso de meninas que t\u00eam um problema concreto como a endometriose ou a s\u00edndrome dos ov\u00e1rios polic\u00edsticos, vale frisar que paci\u00eancia e calma para fazer um bom tratamento indicado pelo m\u00e9dico s\u00e3o ainda mais fundamentais. Se esse tratamento for \u00e0 base de contraceptivos hormonais como Selene, por exemplo, ceda o tempo necess\u00e1rio ao tratamento e procure faz\u00ea-lo corretamente. Agora, meninas que tenham uma endometriose severa necessitam de uma laparoscopia (cirurgia para retirada da endometriose parcial ou total). Durante o procedimento, \u00e9 indispens\u00e1vel contar com ajuda especializada.<\/p>\n<p class=\"align-justify\">Lembre-se sempre: do que vale um bom m\u00e9dico, excelentes medica\u00e7\u00f5es, uma grana em rem\u00e9dios caros, se por pura ansiedade se abandona o tratamento pela metade para tentar engravidar? \u00c9 muito melhor esperar pela libera\u00e7\u00e3o do m\u00e9dico porque ele sabe o que fala e j\u00e1 viu dezenas de casos como o seu. Entendo que a sensa\u00e7\u00e3o da urg\u00eancia para engravidar pode parecer muito maior que qualquer coisa. Mas amiga, tenha a consci\u00eancia que tudo \u00e9 para o seu bem e, sobretudo, do seu beb\u00ea. Conseguir tudo com o corpo saud\u00e1vel e ter uma gravidez tranquila \u00e9 a melhor recompensa que se pode ter depois de tanto tempo de espera, n\u00e3o \u00e9 verdade? Afinal um beb\u00ea deve vir ao mundo com a maior das riquezas: sa\u00fade plena.<\/p>\n<hr>\n<p><a name=\"4.3\"><\/a><\/p>\n<h2>Psicol\u00f3gico<\/h2>\n<p class=\"align-justify\">Vamos falar mais do lado psicol\u00f3gico da coisa. Pelas minhas pr\u00f3prias experi\u00eancias, sei: quando a gente est\u00e1 tentando engravidar, o mundo ao redor fica gr\u00e1vido, impressionante! Amigas, cunhadas, professoras, at\u00e9 aquela amiga da escola que voc\u00ea n\u00e3o via h\u00e1 d\u00e9cadas aparecem barrigudas. At\u00e9 mesmo aquela prima chata que ama a balada e odeia crian\u00e7as engravida e as tentantes que amam e desejam tanto um beb\u00ea n\u00e3o conseguem. Parece injusti\u00e7a, mas existe uma explica\u00e7\u00e3o:<\/p>\n<p class=\"align-justify\">O <strong>fator psicol\u00f3gico pode afetar os horm\u00f4nios<\/strong>. Comprovadamente uma mulher que se v\u00ea com a menstrua\u00e7\u00e3o atrasada pode ficar ainda mais atrasada se estiver com medo de ser gravidez. Muitas vezes se diz \u201crelaxa que voc\u00ea engravida\u201d. Pode parecer o fim dos tempos para a tentante, mas a verdade \u00e9: uma mente tranquila faz a diferen\u00e7a.<\/p>\n<p class=\"align-justify\">Ent\u00e3o, isso poderia explicar a gravidez do mundo ao redor, de pessoas que nem mesmo gostariam de estar gerando um beb\u00ea, ou mesmo de ex-tentantes que acabaram adotando um beb\u00ea ou crian\u00e7a e de repente se veem gr\u00e1vidas. A aus\u00eancia dessa ansiedade certamente facilita mais o processo de engravidar. Comprovada, cientificamente falando, nunca a famosa frase \u201crelaxa e goza\u201d fez tanto sentido na minha vida que depois de passada a fase de tentante. Hoje, olhando de fora, tudo fica mais claro. Por isso, no calor do momento, conte at\u00e9 dez e deixe a poeira da ansiedade baixar para voltar aos treinos, nem que precise de uns ciclos de folga da vida de tentante.<\/p>\n<p class=\"align-justify\">Nem sei o que seria minha vida de tentante sem as amigas, companheiras de sentimento. Elas me entendiam, me compreendiam e me apoiavam na hora terr\u00edvel do negativo. Invista nessas amigas a sua confian\u00e7a! Uma tentante pode parecer perdida, mas dentro de um grupo fica muito mais f\u00e1cil de suportar a longa e angustiante espera do positivo. Aparentemente tudo se torna mais leve quando se leva os treinos com humor e se namora sempre por vontade, amor e prazer.<\/p>\n<p class=\"align-justify\">Eu sei muito bem que h\u00e1 muitas tentantes desvairadas! Juro que eu n\u00e3o podia mais passar em frente a uma farm\u00e1cia sem coceira nas m\u00e3os para comprar um teste. Um testezinho, pelo amor de Deus! Perdi as contas de quantos j\u00e1 fiz na vida, e sinceramente, n\u00e3o me arrependo, nem dos momentos mais tristes em que eu esperava muito o positivo e tomava o banho de \u00e1gua fria depois do negativo. Ao final de quase sete anos de tentante, eu estava t\u00e3o calejada com os negativos que at\u00e9 levava na brincadeira, ria da minha tristeza. Tem outra solu\u00e7\u00e3o?<\/p>\n<p class=\"align-justify\">Me lembro claramente que comprei um teste, do mais caro, porque era nesse que eu botava a maior f\u00e9. Ele custava, na \u00e9poca, R$45 e prometia detectar a gravidez mesmo antes do atraso. Olha que maravilha! O sonho de todas as tentantes era sempre de descobrir a gravidez antes mesmo de atrasar a menstrua\u00e7\u00e3o, mas ser\u00e1 que \u00e9 poss\u00edvel?<\/p>\n<p class=\"align-justify\">Pedi o teste pelo telefone em uma farm\u00e1cia em que tudo custava praticamente o dobro do pre\u00e7o, simplesmente por estar afoita, querendo saber se o ciclo tinha dado certo. A pressa era tanta que nem xixi no potinho eu fiz, foi diretamente na canetinha mesmo. Por\u00e9m, n\u00e3o \u00e9 a forma certa de se fazer um teste. Mesmo desses fechados, com canetas, \u00e9 necess\u00e1rio depositar a urina no potinho. Al\u00e9m de mais seguro, pode evitar que voc\u00ea perca um teste porque, no final das contas, o xixi foi pelo teste todo, borrou a linha toda e manchou. Enfim, foi um desastre total e eu chorei demais de raiva. Essa \u00e9 a vida de tentante. Fiquei alguns Reais mais pobre e sem saber se o ciclo tinha dado certo. Por isso, ju\u00edzo na hora da ansiedade de saber se deu certo, meninas!<\/p>\n<div align=\"center\">\n<table>\n<tbody>\n<tr>\n<td width=\"196\" style=\"text-align:left\"><a href=\"https:\/\/www.famivita.com\/fr\/truques-e-dicas-para-facilitar-gravidez-capitulo-3\/\" title=\"Truques e Dicas para Facilitar a Gravidez\">\u00ab Cap\u00edtulo 3<\/a><\/td>\n<td width=\"196\" style=\"text-align:center\"><a href=\"https:\/\/www.famivita.com\/fr\/ebook-como-engravidar-de-patricia-amorim\/\" title=\"Todos os Cap\u00edtulos\">Todos os Cap\u00edtulos<\/a><\/td>\n<td width=\"196\" style=\"text-align:right\"><a href=\"https:\/\/www.famivita.com\/fr\/doencas-e-tratamentos-capitulo-5\/\" title=\"Doen\u00e7as e Tratamentos\">Cap\u00edtulo 5 \u00bb<\/a><\/td>\n<\/tr>\n<\/tbody>\n<\/table>\n<\/div>\n","protected":false},"excerpt":{"rendered":"<p>\u00ab Cap\u00edtulo 3 Todos os Cap\u00edtulos Cap\u00edtulo 5 \u00bb Rela\u00e7\u00e3o Sexual Ah, tentantes, quando o per\u00edodo f\u00e9rtil chega \u00e9 um festival de posi\u00e7\u00f5es, truques e t\u00e1ticas para seduzir o marido. Qual tentante j\u00e1 n\u00e3o se pegou intimando o marido nos dias f\u00e9rteis? Eu mesma dizia: &#8220;\u00c9 hoje que quero lhe usar pra sequi\u00e7u meu bem, [&hellip;]<\/p>\n","protected":false},"author":3,"featured_media":0,"parent":0,"menu_order":0,"comment_status":"closed","ping_status":"closed","template":"","meta":{"_acf_changed":false,"footnotes":""},"class_list":["post-5895","page","type-page","status-publish","hentry"],"acf":[],"yoast_head":"<!-- This site is optimized with the Yoast SEO plugin v25.2 - https:\/\/yoast.com\/wordpress\/plugins\/seo\/ -->\n<title>&quot;Como Engravidar&quot; - O Que Pode Atrapalhar - Cap\u00edtulo 4 | Famivita<\/title>\n<meta name=\"robots\" content=\"noindex, follow, max-snippet:-1, max-image-preview:large, max-video-preview:-1\" \/>\n<meta property=\"og:locale\" content=\"en_US\" \/>\n<meta property=\"og:type\" content=\"article\" \/>\n<meta property=\"og:title\" content=\"&quot;Como Engravidar&quot; - O Que Pode Atrapalhar - Cap\u00edtulo 4 | Famivita\" \/>\n<meta property=\"og:description\" content=\"\u00ab Cap\u00edtulo 3 Todos os Cap\u00edtulos Cap\u00edtulo 5 \u00bb Rela\u00e7\u00e3o Sexual Ah, tentantes, quando o per\u00edodo f\u00e9rtil chega \u00e9 um festival de posi\u00e7\u00f5es, truques e t\u00e1ticas para seduzir o marido. Qual tentante j\u00e1 n\u00e3o se pegou intimando o marido nos dias f\u00e9rteis? Eu mesma dizia: &#8220;\u00c9 hoje que quero lhe usar pra sequi\u00e7u meu bem, [&hellip;]\" \/>\n<meta property=\"og:url\" content=\"https:\/\/www.famivita.com\/fr\/o-que-pode-atrapalhar-capitulo-4\/\" \/>\n<meta property=\"og:site_name\" content=\"Famivita\" \/>\n<meta property=\"article:modified_time\" content=\"2022-08-23T12:42:41+00:00\" \/>\n<meta name=\"twitter:card\" content=\"summary_large_image\" \/>\n<meta name=\"twitter:label1\" content=\"Est. reading time\" \/>\n\t<meta name=\"twitter:data1\" content=\"7 minutes\" \/>\n<script type=\"application\/ld+json\" class=\"yoast-schema-graph\">{\"@context\":\"https:\/\/schema.org\",\"@graph\":[{\"@type\":\"WebPage\",\"@id\":\"https:\/\/www.famivita.com\/fr\/o-que-pode-atrapalhar-capitulo-4\/\",\"url\":\"https:\/\/www.famivita.com\/fr\/o-que-pode-atrapalhar-capitulo-4\/\",\"name\":\"\\\"Como Engravidar\\\" - O Que Pode Atrapalhar - Cap\u00edtulo 4 | Famivita\",\"isPartOf\":{\"@id\":\"https:\/\/www.famivita.com\/#website\",\"sameAs\":[\"https:\/\/www.instagram.com\/famivita\/\",\"https:\/\/www.facebook.com\/famivita\/\",\"https:\/\/www.youtube.com\/user\/trocandofraldasyt\",\"https:\/\/api.whatsapp.com\/send\/?phone=5511917837433\"]},\"datePublished\":\"2014-09-19T19:22:31+00:00\",\"dateModified\":\"2022-08-23T12:42:41+00:00\",\"breadcrumb\":{\"@id\":\"https:\/\/www.famivita.com\/fr\/o-que-pode-atrapalhar-capitulo-4\/#breadcrumb\"},\"inLanguage\":\"en-US\",\"potentialAction\":[{\"@type\":\"ReadAction\",\"target\":[\"https:\/\/www.famivita.com\/fr\/o-que-pode-atrapalhar-capitulo-4\/\"]}],\"about\":{\"@type\":\"Organization\",\"@id\":\"https:\/\/www.famivita.com.br\/#organization\",\"name\":\"Famivita\",\"logo\":\"https:\/\/www.famivita.com.br\/wp-content\/themes\/storefront-child\/header_footer_html\/images\/logo_mobile2.svg\",\"url\":\"https:\/\/www.famivita.com.br\/\",\"address\":{\"@type\":\"PostalAddress\",\"streetAddress\":\"Rua Benedito Fernandes, 545, Santo Amaro\",\"addressLocality\":\"S\u00e3o Paulo\",\"addressRegion\":\"S\u00e3o Paulo\",\"postalCode\":\"04746-110\",\"addressCountry\":{\"@type\":\"Country\",\"name\":\"BR\"}}}},{\"@type\":\"BreadcrumbList\",\"@id\":\"https:\/\/www.famivita.com\/fr\/o-que-pode-atrapalhar-capitulo-4\/#breadcrumb\",\"itemListElement\":[{\"@type\":\"ListItem\",\"position\":1,\"name\":\"In\u00edcio\",\"item\":\"https:\/\/www.famivita.com\/\"},{\"@type\":\"ListItem\",\"position\":2,\"name\":\"O Que Pode Atrapalhar &#8211; Cap\u00edtulo 4 &#8211; &#8220;Como Engravidar&#8221;\"}]},{\"@type\":\"WebSite\",\"@id\":\"https:\/\/www.famivita.com\/#website\",\"url\":\"https:\/\/www.famivita.com\/\",\"name\":\"Famivita\",\"description\":\"\",\"potentialAction\":[{\"@type\":\"SearchAction\",\"target\":{\"@type\":\"EntryPoint\",\"urlTemplate\":\"https:\/\/www.famivita.com\/?s={search_term_string}\"},\"query-input\":{\"@type\":\"PropertyValueSpecification\",\"valueRequired\":true,\"valueName\":\"search_term_string\"}}],\"inLanguage\":\"en-US\"}]}<\/script>\n<!-- \/ Yoast SEO plugin. -->","yoast_head_json":{"title":"\"Como Engravidar\" - O Que Pode Atrapalhar - Cap\u00edtulo 4 | Famivita","robots":{"index":"noindex","follow":"follow","max-snippet":"max-snippet:-1","max-image-preview":"max-image-preview:large","max-video-preview":"max-video-preview:-1"},"og_locale":"en_US","og_type":"article","og_title":"\"Como Engravidar\" - O Que Pode Atrapalhar - Cap\u00edtulo 4 | Famivita","og_description":"\u00ab Cap\u00edtulo 3 Todos os Cap\u00edtulos Cap\u00edtulo 5 \u00bb Rela\u00e7\u00e3o Sexual Ah, tentantes, quando o per\u00edodo f\u00e9rtil chega \u00e9 um festival de posi\u00e7\u00f5es, truques e t\u00e1ticas para seduzir o marido. Qual tentante j\u00e1 n\u00e3o se pegou intimando o marido nos dias f\u00e9rteis? Eu mesma dizia: &#8220;\u00c9 hoje que quero lhe usar pra sequi\u00e7u meu bem, [&hellip;]","og_url":"https:\/\/www.famivita.com\/fr\/o-que-pode-atrapalhar-capitulo-4\/","og_site_name":"Famivita","article_modified_time":"2022-08-23T12:42:41+00:00","twitter_card":"summary_large_image","twitter_misc":{"Est. reading time":"7 minutes"},"schema":{"@context":"https:\/\/schema.org","@graph":[{"@type":"WebPage","@id":"https:\/\/www.famivita.com\/fr\/o-que-pode-atrapalhar-capitulo-4\/","url":"https:\/\/www.famivita.com\/fr\/o-que-pode-atrapalhar-capitulo-4\/","name":"\"Como Engravidar\" - O Que Pode Atrapalhar - Cap\u00edtulo 4 | Famivita","isPartOf":{"@id":"https:\/\/www.famivita.com\/#website","sameAs":["https:\/\/www.instagram.com\/famivita\/","https:\/\/www.facebook.com\/famivita\/","https:\/\/www.youtube.com\/user\/trocandofraldasyt","https:\/\/api.whatsapp.com\/send\/?phone=5511917837433"]},"datePublished":"2014-09-19T19:22:31+00:00","dateModified":"2022-08-23T12:42:41+00:00","breadcrumb":{"@id":"https:\/\/www.famivita.com\/fr\/o-que-pode-atrapalhar-capitulo-4\/#breadcrumb"},"inLanguage":"en-US","potentialAction":[{"@type":"ReadAction","target":["https:\/\/www.famivita.com\/fr\/o-que-pode-atrapalhar-capitulo-4\/"]}],"about":{"@type":"Organization","@id":"https:\/\/www.famivita.com.br\/#organization","name":"Famivita","logo":"https:\/\/www.famivita.com.br\/wp-content\/themes\/storefront-child\/header_footer_html\/images\/logo_mobile2.svg","url":"https:\/\/www.famivita.com.br\/","address":{"@type":"PostalAddress","streetAddress":"Rua Benedito Fernandes, 545, Santo Amaro","addressLocality":"S\u00e3o Paulo","addressRegion":"S\u00e3o Paulo","postalCode":"04746-110","addressCountry":{"@type":"Country","name":"BR"}}}},{"@type":"BreadcrumbList","@id":"https:\/\/www.famivita.com\/fr\/o-que-pode-atrapalhar-capitulo-4\/#breadcrumb","itemListElement":[{"@type":"ListItem","position":1,"name":"In\u00edcio","item":"https:\/\/www.famivita.com\/"},{"@type":"ListItem","position":2,"name":"O Que Pode Atrapalhar &#8211; Cap\u00edtulo 4 &#8211; &#8220;Como Engravidar&#8221;"}]},{"@type":"WebSite","@id":"https:\/\/www.famivita.com\/#website","url":"https:\/\/www.famivita.com\/","name":"Famivita","description":"","potentialAction":[{"@type":"SearchAction","target":{"@type":"EntryPoint","urlTemplate":"https:\/\/www.famivita.com\/?s={search_term_string}"},"query-input":{"@type":"PropertyValueSpecification","valueRequired":true,"valueName":"search_term_string"}}],"inLanguage":"en-US"}]}},"_links":{"self":[{"href":"https:\/\/www.famivita.com\/fr\/wp-json\/wp\/v2\/pages\/5895","targetHints":{"allow":["GET"]}}],"collection":[{"href":"https:\/\/www.famivita.com\/fr\/wp-json\/wp\/v2\/pages"}],"about":[{"href":"https:\/\/www.famivita.com\/fr\/wp-json\/wp\/v2\/types\/page"}],"author":[{"embeddable":true,"href":"https:\/\/www.famivita.com\/fr\/wp-json\/wp\/v2\/users\/3"}],"replies":[{"embeddable":true,"href":"https:\/\/www.famivita.com\/fr\/wp-json\/wp\/v2\/comments?post=5895"}],"version-history":[{"count":1,"href":"https:\/\/www.famivita.com\/fr\/wp-json\/wp\/v2\/pages\/5895\/revisions"}],"predecessor-version":[{"id":150393,"href":"https:\/\/www.famivita.com\/fr\/wp-json\/wp\/v2\/pages\/5895\/revisions\/150393"}],"wp:attachment":[{"href":"https:\/\/www.famivita.com\/fr\/wp-json\/wp\/v2\/media?parent=5895"}],"curies":[{"name":"wp","href":"https:\/\/api.w.org\/{rel}","templated":true}]}}