{"id":5898,"date":"2014-09-19T16:36:36","date_gmt":"2014-09-19T19:36:36","guid":{"rendered":"http:\/\/www.trocandofraldas.com.br\/?page_id=5898"},"modified":"2022-08-23T09:42:52","modified_gmt":"2022-08-23T12:42:52","slug":"doencas-e-tratamentos-capitulo-5","status":"publish","type":"page","link":"https:\/\/www.famivita.com\/fr\/doencas-e-tratamentos-capitulo-5\/","title":{"rendered":"Doen\u00e7as e Tratamentos &#8211; Cap\u00edtulo 5 &#8211; &#8220;Como Engravidar&#8221;"},"content":{"rendered":"<div align=\"center\">\n<table>\n<tbody>\n<tr>\n<td width=\"196\" style=\"text-align:left\"><a href=\"https:\/\/www.famivita.com\/fr\/o-que-pode-atrapalhar-capitulo-4\/\" title=\"O Que Pode Atrapalhar\">\u00ab Cap\u00edtulo 4<\/a><\/td>\n<td width=\"196\" style=\"text-align:center\"><a href=\"https:\/\/www.famivita.com\/fr\/ebook-como-engravidar-de-patricia-amorim\/\" title=\"Todos os Cap\u00edtulos\">Todos os Cap\u00edtulos<\/a><\/td>\n<td width=\"196\" style=\"text-align:right\"><a href=\"https:\/\/www.famivita.com\/fr\/mitos-e-verdades-capitulo-6\/\" title=\"Mitos e Verdades\">Cap\u00edtulo 6 \u00bb<\/a><\/td>\n<\/tr>\n<\/tbody>\n<\/table>\n<\/div>\n<p class=\"align-justify\">De forma alguma esse cap\u00edtulo estimula algu\u00e9m a usar medicamentos sem orienta\u00e7\u00e3o de um especialista, ele \u00e9 apenas uma forma de esclarecer que mesmo casais com problemas de infertilidade podem, sim, engravidar. Ent\u00e3o vamos l\u00e1!<\/p>\n<p class=\"align-justify\">Muitas mulheres podem apresentar problemas como <strong>SOMP<\/strong> (S\u00edndrome dos Ov\u00e1rios Micro-Polic\u00edsticos). Essa s\u00edndrome pode atrapalhar a engravidar porque os ov\u00e1rios ficam comprometidos com diversos \u00f3vulos que n\u00e3o sa\u00edram da casinha. Digamos que eles n\u00e3o receberam o empurr\u00e3o final, como um bolo que n\u00e3o teve fermento para crescer. Normalmente, depois de crescerem, recebem o horm\u00f4nio LH que faz com que eles, os \u00f3vulos, saiam do fol\u00edculo e possam ser fecundados. J\u00e1 que isso n\u00e3o pode acontecer, o que fazer nesses casos, quando se quer engravidar? Tratar!<\/p>\n<figure id=\"attachment_5899\" aria-describedby=\"caption-attachment-5899\" style=\"width: 800px\" class=\"wp-caption aligncenter\"><a href=\"https:\/\/www.famivita.com\/fr\/wp-content\/uploads\/Ovario-com-imagens-cisticas-foliculo-dominante-e-corpo-luteo.jpg\"><img loading=\"lazy\" decoding=\"async\" src=\"https:\/\/www.famivita.com\/fr\/wp-content\/uploads\/Ovario-com-imagens-cisticas-foliculo-dominante-e-corpo-luteo.jpg\" alt=\"Ov\u00e1rio com imagens c\u00edsticas, fol\u00edculo dominante e corpo l\u00fateo\" width=\"800\" height=\"536\" class=\"size-full wp-image-5899\" srcset=\"https:\/\/www.famivita.com\/fr\/wp-content\/uploads\/Ovario-com-imagens-cisticas-foliculo-dominante-e-corpo-luteo.jpg 800w, https:\/\/www.famivita.com\/fr\/wp-content\/uploads\/Ovario-com-imagens-cisticas-foliculo-dominante-e-corpo-luteo-500x335.jpg 500w, https:\/\/www.famivita.com\/fr\/wp-content\/uploads\/Ovario-com-imagens-cisticas-foliculo-dominante-e-corpo-luteo-300x201.jpg 300w, https:\/\/www.famivita.com\/fr\/wp-content\/uploads\/Ovario-com-imagens-cisticas-foliculo-dominante-e-corpo-luteo-768x515.jpg 768w\" sizes=\"auto, (max-width: 800px) 100vw, 800px\" \/><\/a><figcaption id=\"caption-attachment-5899\" class=\"wp-caption-text\">Ov\u00e1rio com imagens c\u00edsticas, fol\u00edculo dominante e corpo l\u00fateo<\/figcaption><\/figure>\n<p class=\"align-justify\">Existem medicamentos que ajudam a limpar os ov\u00e1rios dos microcistos. As op\u00e7\u00f5es tradicionais s\u00e3o Metformina, o Glifage para diab\u00e9ticos sob redu\u00e7\u00e3o da glicemia, ou mesmo anticoncepcionais apropriados como o Selene e o Diane 35 que s\u00e3o bem eficazes, por\u00e9m, s\u00e3o anticoncepcionais e impedem a gravidez. O procedimento tamb\u00e9m vale para mulheres sem SOMP que apenas apresentam os microcistos uma vez na vida.<\/p>\n<p class=\"align-justify\">Outra medica\u00e7\u00e3o que pode ser bem \u00fatil em casos de mulheres com policistos \u00e9 o Cicloprimogyna. Ele arruma os horm\u00f4nios ao mesmo tempo em que n\u00e3o evita que a mulher possa ficar gr\u00e1vida. Devemos lembrar que cada corpo \u00e9 um organismo, que pode reagir de forma diferente a cada medica\u00e7\u00e3o. Por isso, ressalto que o mais indicado \u00e9 procurar um m\u00e9dico disposto a te ajudar da melhor forma poss\u00edvel e continuar o tratamento at\u00e9 o final, at\u00e9 que os ov\u00e1rios fiquem limpos.<\/p>\n<p class=\"align-justify\">Outra doen\u00e7a de infertilidade que afeta muitas mulheres \u00e9 a <strong>endometriose<\/strong>. Infelizmente, ela \u00e9 mais grave que a SOMP e pode evitar permanentemente a gravidez, sem falar das dores intensas. Endometriose \u00e9 o sangue menstrual que sai da cavidade do \u00fatero para fora e \u201cgruda\u201d nas paredes internas e externas dele, nos ov\u00e1rios, no abdome e pode, at\u00e9 mesmo, ir al\u00e9m dessas \u00e1reas, para o intestino ou a bexiga. O comprometimento da fertilidade depende do grau da doen\u00e7a. Em alguns casos, apenas um tratamento de fertilidade, como uma fertiliza\u00e7\u00e3o in vitro, pode resolver a situa\u00e7\u00e3o. Mulheres que t\u00eam endometriose s\u00e3o \u2013 em minha opini\u00e3o \u2013 as que mais sofrem por n\u00e3o saberem ao certo o que pode acontecer, al\u00e9m das dores enormes que a doen\u00e7a proporciona. Mesmo com tratamentos, como a laparoscopia para retirada do sangue, conviver com a endometriose \u00e9 bem doloroso.<\/p>\n<figure id=\"attachment_5900\" aria-describedby=\"caption-attachment-5900\" style=\"width: 699px\" class=\"wp-caption aligncenter\"><a href=\"https:\/\/www.famivita.com\/fr\/wp-content\/uploads\/Cirurgia-de-laparoscopia-para-retirada-da-endometriose.jpg\"><img loading=\"lazy\" decoding=\"async\" src=\"https:\/\/www.famivita.com\/fr\/wp-content\/uploads\/Cirurgia-de-laparoscopia-para-retirada-da-endometriose.jpg\" alt=\"Cir\u00fargia de laparoscopia para retirada da endometriose\" width=\"699\" height=\"541\" class=\"size-full wp-image-5900\" srcset=\"https:\/\/www.famivita.com\/fr\/wp-content\/uploads\/Cirurgia-de-laparoscopia-para-retirada-da-endometriose.jpg 699w, https:\/\/www.famivita.com\/fr\/wp-content\/uploads\/Cirurgia-de-laparoscopia-para-retirada-da-endometriose-500x387.jpg 500w, https:\/\/www.famivita.com\/fr\/wp-content\/uploads\/Cirurgia-de-laparoscopia-para-retirada-da-endometriose-300x232.jpg 300w\" sizes=\"auto, (max-width: 699px) 100vw, 699px\" \/><\/a><figcaption id=\"caption-attachment-5900\" class=\"wp-caption-text\">Cir\u00fargia de laparoscopia para retirada da endometriose<\/figcaption><\/figure>\n<p class=\"align-justify\"><strong>Trombofilia<\/strong> \u00e9 uma doen\u00e7a que n\u00e3o impede que a mulher engravide, mas pode proporcionar abortos recorrentes. Ela nada mais \u00e9 do que a tend\u00eancia \u00e0 coagula\u00e7\u00e3o do sangue nas art\u00e9rias e veias do corpo feminino, inclusive durante a gravidez. Imaginem uma coagula\u00e7\u00e3o no cord\u00e3o umbilical ou na veia que leva oxig\u00eanio \u00e0 placenta e ao beb\u00ea! Compromete, e muito, a gravidez, levando ao aborto. Mulheres que tenham abortos seguidos devem fazer uma pesquisa mais detalhada com seu m\u00e9dico sobre os fatores que levaram a eles, incluindo a an\u00e1lise das prote\u00ednas C e S, cuja aus\u00eancia no corpo pode estar ligada \u00e0 Trombofilia. O tratamento \u00e9 simples. Para n\u00e3o-gr\u00e1vidas, anticoagulantes como Heparina injet\u00e1vel e AAS infantil oral devem ser usados. Para j\u00e1 gestantes, a Heparina injet\u00e1vel ou implantada subcut\u00e2nea pode ser usado igualmente para afinar o sangue.<\/p>\n<p class=\"align-justify\">Outro problema sobre o qual pouco se fala \u00e9 a <strong>obstru\u00e7\u00e3o de trompas<\/strong>. Geralmente causada por algum problema de infec\u00e7\u00e3o ou uma doen\u00e7a sexualmente transmiss\u00edvel como clam\u00eddia ou s\u00edfilis, a ader\u00eancia \u2013 como se diz \u2013 pode atrapalhar a mulher a engravidar porque n\u00e3o deixa o \u00f3vulo passar pelas trompas para ser fecundado. Essa \u00e9 uma hip\u00f3tese que o m\u00e9dico deve levar em considera\u00e7\u00e3o na hora de investigar a infertilidade da mulher. Um exame com nome que mais parece um palavr\u00e3o ou uma palavra curta em alem\u00e3o, a histerossalpingografia, pode ser feito para detectar o problema. Trata-se de apenas um raio X com aplica\u00e7\u00e3o de contraste intra-\u00fatero. Ele \u00e9 r\u00e1pido, f\u00e1cil e quase indolor. Eu o fiz h\u00e1 um tempo e n\u00e3o o considero um bicho de sete cabe\u00e7as; sofrer por n\u00e3o poder engravidar d\u00f3i muito mais.<\/p>\n<p class=\"align-justify\">O tratamento para esse problema, normalmente, \u00e9 feito durante o pr\u00f3prio exame. Se constatada a ader\u00eancia ou obstru\u00e7\u00e3o de trompas, ali mesmo se descola e desobstrui a trompa. Dizem que o ciclo em que o procedimento \u00e9 feito tamb\u00e9m \u00e9 o melhor para engravidar. For\u00e7a na peruca a\u00ed e bora fazer a h\u00edstero se o m\u00e9dico mandar; nada de medo, viu!<\/p>\n<p class=\"align-justify\"><u>Tabela dos Problemas Mais Comuns<\/u><\/p>\n<table>\n<tbody>\n<tr>\n<td><strong>Problema<\/strong><\/td>\n<td><strong>Quem<\/strong><\/td>\n<td><strong>Frequ\u00eancia*<\/strong><\/td>\n<td><strong>Diagn\u00f3stico<\/strong><\/td>\n<td><strong>Tratamento<\/strong><\/td>\n<\/tr>\n<tr>\n<td>SOMP<\/td>\n<td>Mulher<\/td>\n<td>1:5<\/td>\n<td>Exame de Imagem, Exame de Sangue<\/td>\n<td>Hormonal com Anticoncepcional, Metformina<\/td>\n<\/tr>\n<tr>\n<td>Endometriose<\/td>\n<td>Mulher<\/td>\n<td>1:10<\/td>\n<td>Exame de Sangue CA125, Exame de Imagem<\/td>\n<td>Medicamentoso, Cir\u00fargico**<\/td>\n<\/tr>\n<tr>\n<td>Trombofilia<\/td>\n<td>Mulher<\/td>\n<td>1:10.000<\/td>\n<td>Exame de Sangue<\/td>\n<td>Medicamentoso<\/td>\n<\/tr>\n<tr>\n<td>Obstru\u00e7\u00e3o de Trompas<\/td>\n<td>Mulher<\/td>\n<td>1:10<\/td>\n<td>Histerossalpingografia<\/td>\n<td>Cir\u00fargico<\/td>\n<\/tr>\n<tr>\n<td>Ader\u00eancia de Trompas<\/td>\n<td>Mulher<\/td>\n<td>1:8<\/td>\n<td>Histerossalpingografia<\/td>\n<td>Cir\u00fargico<\/td>\n<\/tr>\n<tr>\n<td>Alergia de Esperma<\/td>\n<td>Mulher<\/td>\n<td>1:30<\/td>\n<td>Teste de P\u00f3s-Coito<\/td>\n<td>Insemina\u00e7\u00e3o<\/td>\n<\/tr>\n<tr>\n<td>Muco Hostil<\/td>\n<td>Mulher<\/td>\n<td>1:50<\/td>\n<td>Teste de P\u00f3s-Coito<\/td>\n<td>Insemina\u00e7\u00e3o<\/td>\n<\/tr>\n<tr>\n<td>Infec\u00e7\u00e3o de Test\u00edculos<\/td>\n<td>Homem<\/td>\n<td>1:10<\/td>\n<td>Espermograma, Exame de Sangue<\/td>\n<td>Anbi\u00f3ticos<\/td>\n<\/tr>\n<tr>\n<td>Varicocele<\/td>\n<td>Homem<\/td>\n<td>1:5<\/td>\n<td>Ultrasom<\/td>\n<td>Medicamentoso, Cir\u00fargico**<\/td>\n<\/tr>\n<\/tbody>\n<\/table>\n<p class=\"align-justify\">*Frequ\u00eancias estimadas por experi\u00eancia<br \/>\n**Se medicamentosos sem sucesso<\/p>\n<p class=\"align-justify\">Um problema menos conhecido \u00e9 a <strong>alergia ao esperma<\/strong> do marido. Voc\u00ea j\u00e1 ouviu falar disso? Imagino que n\u00e3o porque o fato \u00e9 muito estranho. \u00c9 quando seu corpo ataca o esperma e o mata, ou mesmo n\u00e3o deixa que ele chegue ao \u00fatero para fecundar, criando uma atmosfera hostil, nada amiga. O tratamento nesse caso \u00e9 mais complicado porque pode exigir um esfor\u00e7o financeiro do casal em pagar o procedimento que, infelizmente, nem o SUS nem a maioria dos conv\u00eanios cobrem: a fertiliza\u00e7\u00e3o ou uma insemina\u00e7\u00e3o artificial ap\u00f3s a lavagem do esperma para descartar o fator irritante na mulher. Costuma dar muito certo, por\u00e9m, at\u00e9 se chegar ao diagn\u00f3stico de alergia, muito tempo pode ter sido perdido e l\u00e1grimas derramadas sem se saber o porqu\u00ea de n\u00e3o conseguir engravidar. Por isso \u00e9 important\u00edssimo levar essa hip\u00f3tese ao m\u00e9dico para que seja investigada se essa \u00e9 a causa.<\/p>\n<p class=\"align-justify\">Nem s\u00f3 a mulher pode ter problemas, \u00e0s vezes eles v\u00eam do homem. Muitos homens ainda resistem em admitir a possibilidade de possu\u00edrem algum problema que impe\u00e7a a gravidez, mas vale lembr\u00e1-los dessa hip\u00f3tese. Mesmo que ele j\u00e1 tenha tido filhos, pode haver acontecido uma <strong>infec\u00e7\u00e3o nos test\u00edculos<\/strong> em outro momento, que compromete a fertilidade dele agora. Ent\u00e3o verificar a sa\u00fade do esperma \u00e9 muito aconselh\u00e1vel. A solu\u00e7\u00e3o \u00e9 o espermograma. Caso seja detectada uma baixa motilidade do esperma ou uma altera\u00e7\u00e3o anat\u00f4mica, fica mais f\u00e1cil tratar o motivo real da infertilidade. Normalmente, tratam-se esses problemas com vitamina E e antioxidantes. Vitergan tamb\u00e9m \u00e9 usado com frequ\u00eancia. Aconselha-se o homem a mudar tanto os h\u00e1bitos alimentares quanto o vestu\u00e1rio (cuecas apertadas sufocam os peixinhos). Bora deixar o bicho solto pra poder reproduzir livre, leve e desimpedido!<\/p>\n<p class=\"align-justify\">Para saber se est\u00e1 tudo ok com o esperma do marid\u00e3o ou com seu muco cervical, que tal sugerir ao m\u00e9dico um teste p\u00f3s-coito? Nada mais \u00e9 do que uma an\u00e1lise do muco cervical da vagina seis horas ap\u00f3s a rela\u00e7\u00e3o sexual. Ele vai mostrar como est\u00e3o os espermas ejaculados dentro da cavidade feminina e determinar se tem um ambiente favor\u00e1vel ou n\u00e3o para chegarem ao \u00f3vulo. Lembrando que esse teste deve ser sempre complementar ao espermograma.<\/p>\n<p class=\"align-justify\">Caso tudo isso tenha sido investigado sem apontar problemas e nada de gravidez, \u00e9 hora de relaxar, esquecer, deixar o tempo passar ou procurar um especialista para ajudar em procedimentos como o coito programado que facilita a gravidez em casais com infertilidade n\u00e3o aparente.<\/p>\n<div align=\"center\">\n<table>\n<tbody>\n<tr>\n<td width=\"196\" style=\"text-align:left\"><a href=\"https:\/\/www.famivita.com\/fr\/o-que-pode-atrapalhar-capitulo-4\/\" title=\"O Que Pode Atrapalhar\">\u00ab Cap\u00edtulo 4<\/a><\/td>\n<td width=\"196\" style=\"text-align:center\"><a href=\"https:\/\/www.famivita.com\/fr\/ebook-como-engravidar-de-patricia-amorim\/\" title=\"Todos os Cap\u00edtulos\">Todos os Cap\u00edtulos<\/a><\/td>\n<td width=\"196\" style=\"text-align:right\"><a href=\"https:\/\/www.famivita.com\/fr\/mitos-e-verdades-capitulo-6\/\" title=\"Mitos e Verdades\">Cap\u00edtulo 6 \u00bb<\/a><\/td>\n<\/tr>\n<\/tbody>\n<\/table>\n<\/div>\n","protected":false},"excerpt":{"rendered":"<p>\u00ab Cap\u00edtulo 4 Todos os Cap\u00edtulos Cap\u00edtulo 6 \u00bb De forma alguma esse cap\u00edtulo estimula algu\u00e9m a usar medicamentos sem orienta\u00e7\u00e3o de um especialista, ele \u00e9 apenas uma forma de esclarecer que mesmo casais com problemas de infertilidade podem, sim, engravidar. Ent\u00e3o vamos l\u00e1! Muitas mulheres podem apresentar problemas como SOMP (S\u00edndrome dos Ov\u00e1rios Micro-Polic\u00edsticos). [&hellip;]<\/p>\n","protected":false},"author":3,"featured_media":5899,"parent":0,"menu_order":0,"comment_status":"closed","ping_status":"closed","template":"","meta":{"_acf_changed":false,"footnotes":""},"class_list":["post-5898","page","type-page","status-publish","has-post-thumbnail","hentry"],"acf":[],"yoast_head":"<!-- This site is optimized with the Yoast SEO plugin v25.2 - https:\/\/yoast.com\/wordpress\/plugins\/seo\/ -->\n<title>&quot;Como Engravidar&quot; - Doen\u00e7as e Tratamentos - Cap\u00edtulo 5 | Famivita<\/title>\n<meta name=\"robots\" content=\"noindex, follow, max-snippet:-1, max-image-preview:large, max-video-preview:-1\" \/>\n<meta property=\"og:locale\" content=\"en_US\" \/>\n<meta property=\"og:type\" content=\"article\" \/>\n<meta property=\"og:title\" content=\"&quot;Como Engravidar&quot; - Doen\u00e7as e Tratamentos - Cap\u00edtulo 5 | Famivita\" \/>\n<meta property=\"og:description\" content=\"\u00ab Cap\u00edtulo 4 Todos os Cap\u00edtulos Cap\u00edtulo 6 \u00bb De forma alguma esse cap\u00edtulo estimula algu\u00e9m a usar medicamentos sem orienta\u00e7\u00e3o de um especialista, ele \u00e9 apenas uma forma de esclarecer que mesmo casais com problemas de infertilidade podem, sim, engravidar. Ent\u00e3o vamos l\u00e1! Muitas mulheres podem apresentar problemas como SOMP (S\u00edndrome dos Ov\u00e1rios Micro-Polic\u00edsticos). [&hellip;]\" \/>\n<meta property=\"og:url\" content=\"https:\/\/www.famivita.com\/fr\/doencas-e-tratamentos-capitulo-5\/\" \/>\n<meta property=\"og:site_name\" content=\"Famivita\" \/>\n<meta property=\"article:modified_time\" content=\"2022-08-23T12:42:52+00:00\" \/>\n<meta property=\"og:image\" content=\"https:\/\/www.famivita.com\/fr\/wp-content\/uploads\/Ovario-com-imagens-cisticas-foliculo-dominante-e-corpo-luteo.jpg\" \/>\n\t<meta property=\"og:image:width\" content=\"800\" \/>\n\t<meta property=\"og:image:height\" content=\"536\" \/>\n\t<meta property=\"og:image:type\" content=\"image\/jpeg\" \/>\n<meta name=\"twitter:card\" content=\"summary_large_image\" \/>\n<meta name=\"twitter:label1\" content=\"Est. reading time\" \/>\n\t<meta name=\"twitter:data1\" content=\"7 minutes\" \/>\n<script type=\"application\/ld+json\" class=\"yoast-schema-graph\">{\"@context\":\"https:\/\/schema.org\",\"@graph\":[{\"@type\":\"WebPage\",\"@id\":\"https:\/\/www.famivita.com\/fr\/doencas-e-tratamentos-capitulo-5\/\",\"url\":\"https:\/\/www.famivita.com\/fr\/doencas-e-tratamentos-capitulo-5\/\",\"name\":\"\\\"Como Engravidar\\\" - Doen\u00e7as e Tratamentos - Cap\u00edtulo 5 | Famivita\",\"isPartOf\":{\"@id\":\"https:\/\/www.famivita.com\/#website\",\"sameAs\":[\"https:\/\/www.instagram.com\/famivita\/\",\"https:\/\/www.facebook.com\/famivita\/\",\"https:\/\/www.youtube.com\/user\/trocandofraldasyt\",\"https:\/\/api.whatsapp.com\/send\/?phone=5511917837433\"]},\"primaryImageOfPage\":{\"@id\":\"https:\/\/www.famivita.com\/fr\/doencas-e-tratamentos-capitulo-5\/#primaryimage\"},\"image\":{\"@id\":\"https:\/\/www.famivita.com\/fr\/doencas-e-tratamentos-capitulo-5\/#primaryimage\"},\"thumbnailUrl\":\"https:\/\/www.famivita.com\/fr\/wp-content\/uploads\/Ovario-com-imagens-cisticas-foliculo-dominante-e-corpo-luteo.jpg\",\"datePublished\":\"2014-09-19T19:36:36+00:00\",\"dateModified\":\"2022-08-23T12:42:52+00:00\",\"breadcrumb\":{\"@id\":\"https:\/\/www.famivita.com\/fr\/doencas-e-tratamentos-capitulo-5\/#breadcrumb\"},\"inLanguage\":\"en-US\",\"potentialAction\":[{\"@type\":\"ReadAction\",\"target\":[\"https:\/\/www.famivita.com\/fr\/doencas-e-tratamentos-capitulo-5\/\"]}],\"about\":{\"@type\":\"Organization\",\"@id\":\"https:\/\/www.famivita.com.br\/#organization\",\"name\":\"Famivita\",\"logo\":\"https:\/\/www.famivita.com.br\/wp-content\/themes\/storefront-child\/header_footer_html\/images\/logo_mobile2.svg\",\"url\":\"https:\/\/www.famivita.com.br\/\",\"address\":{\"@type\":\"PostalAddress\",\"streetAddress\":\"Rua Benedito Fernandes, 545, Santo Amaro\",\"addressLocality\":\"S\u00e3o Paulo\",\"addressRegion\":\"S\u00e3o Paulo\",\"postalCode\":\"04746-110\",\"addressCountry\":{\"@type\":\"Country\",\"name\":\"BR\"}}}},{\"@type\":\"ImageObject\",\"inLanguage\":\"en-US\",\"@id\":\"https:\/\/www.famivita.com\/fr\/doencas-e-tratamentos-capitulo-5\/#primaryimage\",\"url\":\"https:\/\/www.famivita.com\/fr\/wp-content\/uploads\/Ovario-com-imagens-cisticas-foliculo-dominante-e-corpo-luteo.jpg\",\"contentUrl\":\"https:\/\/www.famivita.com\/fr\/wp-content\/uploads\/Ovario-com-imagens-cisticas-foliculo-dominante-e-corpo-luteo.jpg\",\"width\":800,\"height\":536,\"caption\":\"Ov\u00e1rio com imagens c\u00edsticas, fol\u00edculo dominante e corpo l\u00fateo\"},{\"@type\":\"BreadcrumbList\",\"@id\":\"https:\/\/www.famivita.com\/fr\/doencas-e-tratamentos-capitulo-5\/#breadcrumb\",\"itemListElement\":[{\"@type\":\"ListItem\",\"position\":1,\"name\":\"In\u00edcio\",\"item\":\"https:\/\/www.famivita.com\/\"},{\"@type\":\"ListItem\",\"position\":2,\"name\":\"Doen\u00e7as e Tratamentos &#8211; Cap\u00edtulo 5 &#8211; &#8220;Como Engravidar&#8221;\"}]},{\"@type\":\"WebSite\",\"@id\":\"https:\/\/www.famivita.com\/#website\",\"url\":\"https:\/\/www.famivita.com\/\",\"name\":\"Famivita\",\"description\":\"\",\"potentialAction\":[{\"@type\":\"SearchAction\",\"target\":{\"@type\":\"EntryPoint\",\"urlTemplate\":\"https:\/\/www.famivita.com\/?s={search_term_string}\"},\"query-input\":{\"@type\":\"PropertyValueSpecification\",\"valueRequired\":true,\"valueName\":\"search_term_string\"}}],\"inLanguage\":\"en-US\"}]}<\/script>\n<!-- \/ Yoast SEO plugin. -->","yoast_head_json":{"title":"\"Como Engravidar\" - Doen\u00e7as e Tratamentos - Cap\u00edtulo 5 | Famivita","robots":{"index":"noindex","follow":"follow","max-snippet":"max-snippet:-1","max-image-preview":"max-image-preview:large","max-video-preview":"max-video-preview:-1"},"og_locale":"en_US","og_type":"article","og_title":"\"Como Engravidar\" - Doen\u00e7as e Tratamentos - Cap\u00edtulo 5 | Famivita","og_description":"\u00ab Cap\u00edtulo 4 Todos os Cap\u00edtulos Cap\u00edtulo 6 \u00bb De forma alguma esse cap\u00edtulo estimula algu\u00e9m a usar medicamentos sem orienta\u00e7\u00e3o de um especialista, ele \u00e9 apenas uma forma de esclarecer que mesmo casais com problemas de infertilidade podem, sim, engravidar. Ent\u00e3o vamos l\u00e1! Muitas mulheres podem apresentar problemas como SOMP (S\u00edndrome dos Ov\u00e1rios Micro-Polic\u00edsticos). [&hellip;]","og_url":"https:\/\/www.famivita.com\/fr\/doencas-e-tratamentos-capitulo-5\/","og_site_name":"Famivita","article_modified_time":"2022-08-23T12:42:52+00:00","og_image":[{"width":800,"height":536,"url":"https:\/\/www.famivita.com\/fr\/wp-content\/uploads\/Ovario-com-imagens-cisticas-foliculo-dominante-e-corpo-luteo.jpg","type":"image\/jpeg"}],"twitter_card":"summary_large_image","twitter_misc":{"Est. reading time":"7 minutes"},"schema":{"@context":"https:\/\/schema.org","@graph":[{"@type":"WebPage","@id":"https:\/\/www.famivita.com\/fr\/doencas-e-tratamentos-capitulo-5\/","url":"https:\/\/www.famivita.com\/fr\/doencas-e-tratamentos-capitulo-5\/","name":"\"Como Engravidar\" - Doen\u00e7as e Tratamentos - Cap\u00edtulo 5 | Famivita","isPartOf":{"@id":"https:\/\/www.famivita.com\/#website","sameAs":["https:\/\/www.instagram.com\/famivita\/","https:\/\/www.facebook.com\/famivita\/","https:\/\/www.youtube.com\/user\/trocandofraldasyt","https:\/\/api.whatsapp.com\/send\/?phone=5511917837433"]},"primaryImageOfPage":{"@id":"https:\/\/www.famivita.com\/fr\/doencas-e-tratamentos-capitulo-5\/#primaryimage"},"image":{"@id":"https:\/\/www.famivita.com\/fr\/doencas-e-tratamentos-capitulo-5\/#primaryimage"},"thumbnailUrl":"https:\/\/www.famivita.com\/fr\/wp-content\/uploads\/Ovario-com-imagens-cisticas-foliculo-dominante-e-corpo-luteo.jpg","datePublished":"2014-09-19T19:36:36+00:00","dateModified":"2022-08-23T12:42:52+00:00","breadcrumb":{"@id":"https:\/\/www.famivita.com\/fr\/doencas-e-tratamentos-capitulo-5\/#breadcrumb"},"inLanguage":"en-US","potentialAction":[{"@type":"ReadAction","target":["https:\/\/www.famivita.com\/fr\/doencas-e-tratamentos-capitulo-5\/"]}],"about":{"@type":"Organization","@id":"https:\/\/www.famivita.com.br\/#organization","name":"Famivita","logo":"https:\/\/www.famivita.com.br\/wp-content\/themes\/storefront-child\/header_footer_html\/images\/logo_mobile2.svg","url":"https:\/\/www.famivita.com.br\/","address":{"@type":"PostalAddress","streetAddress":"Rua Benedito Fernandes, 545, Santo Amaro","addressLocality":"S\u00e3o Paulo","addressRegion":"S\u00e3o Paulo","postalCode":"04746-110","addressCountry":{"@type":"Country","name":"BR"}}}},{"@type":"ImageObject","inLanguage":"en-US","@id":"https:\/\/www.famivita.com\/fr\/doencas-e-tratamentos-capitulo-5\/#primaryimage","url":"https:\/\/www.famivita.com\/fr\/wp-content\/uploads\/Ovario-com-imagens-cisticas-foliculo-dominante-e-corpo-luteo.jpg","contentUrl":"https:\/\/www.famivita.com\/fr\/wp-content\/uploads\/Ovario-com-imagens-cisticas-foliculo-dominante-e-corpo-luteo.jpg","width":800,"height":536,"caption":"Ov\u00e1rio com imagens c\u00edsticas, fol\u00edculo dominante e corpo l\u00fateo"},{"@type":"BreadcrumbList","@id":"https:\/\/www.famivita.com\/fr\/doencas-e-tratamentos-capitulo-5\/#breadcrumb","itemListElement":[{"@type":"ListItem","position":1,"name":"In\u00edcio","item":"https:\/\/www.famivita.com\/"},{"@type":"ListItem","position":2,"name":"Doen\u00e7as e Tratamentos &#8211; Cap\u00edtulo 5 &#8211; &#8220;Como Engravidar&#8221;"}]},{"@type":"WebSite","@id":"https:\/\/www.famivita.com\/#website","url":"https:\/\/www.famivita.com\/","name":"Famivita","description":"","potentialAction":[{"@type":"SearchAction","target":{"@type":"EntryPoint","urlTemplate":"https:\/\/www.famivita.com\/?s={search_term_string}"},"query-input":{"@type":"PropertyValueSpecification","valueRequired":true,"valueName":"search_term_string"}}],"inLanguage":"en-US"}]}},"_links":{"self":[{"href":"https:\/\/www.famivita.com\/fr\/wp-json\/wp\/v2\/pages\/5898","targetHints":{"allow":["GET"]}}],"collection":[{"href":"https:\/\/www.famivita.com\/fr\/wp-json\/wp\/v2\/pages"}],"about":[{"href":"https:\/\/www.famivita.com\/fr\/wp-json\/wp\/v2\/types\/page"}],"author":[{"embeddable":true,"href":"https:\/\/www.famivita.com\/fr\/wp-json\/wp\/v2\/users\/3"}],"replies":[{"embeddable":true,"href":"https:\/\/www.famivita.com\/fr\/wp-json\/wp\/v2\/comments?post=5898"}],"version-history":[{"count":1,"href":"https:\/\/www.famivita.com\/fr\/wp-json\/wp\/v2\/pages\/5898\/revisions"}],"predecessor-version":[{"id":150392,"href":"https:\/\/www.famivita.com\/fr\/wp-json\/wp\/v2\/pages\/5898\/revisions\/150392"}],"wp:featuredmedia":[{"embeddable":true,"href":"https:\/\/www.famivita.com\/fr\/wp-json\/wp\/v2\/media\/5899"}],"wp:attachment":[{"href":"https:\/\/www.famivita.com\/fr\/wp-json\/wp\/v2\/media?parent=5898"}],"curies":[{"name":"wp","href":"https:\/\/api.w.org\/{rel}","templated":true}]}}