{"id":5911,"date":"2014-09-19T17:32:00","date_gmt":"2014-09-19T20:32:00","guid":{"rendered":"http:\/\/www.trocandofraldas.com.br\/?page_id=5911"},"modified":"2022-08-23T09:43:18","modified_gmt":"2022-08-23T12:43:18","slug":"relatos-de-uma-tentante-desvairada-capitulo-8","status":"publish","type":"page","link":"https:\/\/www.famivita.com\/fr\/relatos-de-uma-tentante-desvairada-capitulo-8\/","title":{"rendered":"Relatos de uma Tentante Desvairada &#8211; Cap\u00edtulo 8"},"content":{"rendered":"<div align=\"center\">\n<table>\n<tbody>\n<tr>\n<td width=\"196\" style=\"text-align:left\"><a href=\"https:\/\/www.famivita.com\/fr\/como-reconhecer-gravidez-capitulo-7\/\" title=\"Como Reconhecer a Gravidez\">\u00ab Cap\u00edtulo 7<\/a><\/td>\n<td width=\"196\" style=\"text-align:center\"><a href=\"https:\/\/www.famivita.com\/fr\/ebook-como-engravidar-de-patricia-amorim\/\" title=\"Todos os Cap\u00edtulos\">Todos os Cap\u00edtulos<\/a><\/td>\n<td width=\"196\" style=\"text-align:right\"><a href=\"https:\/\/www.famivita.com\/fr\/consideracoes-finais-capitulo-9\/\" title=\"Considera\u00e7\u00f5es Finais\">Cap\u00edtulo 9 \u00bb<\/a><\/td>\n<\/tr>\n<\/tbody>\n<\/table>\n<\/div>\n<p class=\"align-justify\">Quando come\u00e7o a contar para as meninas tudo que j\u00e1 passei enquanto tentante, recebo olhares como se eu fosse uma doida. Mas, no fundo, quem n\u00e3o \u00e9? Como sou muito ansiosa para tudo, cheguei a fazer maluquices para saber se estava gr\u00e1vida bem antes da hora de poder ter um diagn\u00f3stico preciso.<\/p>\n<p class=\"align-justify\">Eu era, sim, uma alucinada, neur\u00f3tica e at\u00e9 mesmo considerada maluca na minha \u00e9poca gloriosa de tentante. N\u00e3o pense que me sinto mal por isso! Muito pelo contr\u00e1rio, em meio a essa loucura surgiram todos os meus conhecimentos sobre tentativas de engravidar. Foi lendo, estudando, conversando com as minhas amigas e mentoras mais veteranas de tentativas e, simplesmente, com maior tempo de estrada, que eu aprendi. Psicologicamente falando, elas me davam suporte emocional e s\u00f3 saber que n\u00e3o estava sozinha nessa batalha (em que muitas meninas ainda est\u00e3o) fez toda a diferen\u00e7a do mundo. Aprendi desde posi\u00e7\u00e3o assim, posi\u00e7\u00e3o assado, eleva bumbum, faz banho de assento com bicarbonato e por a\u00ed vai. Essas t\u00e9cnicas e truques peculiares de tentantes e outras loucuras s\u00e3o, de certa forma, um acalento para os dias f\u00e9rteis.<\/p>\n<p class=\"align-justify\">Poder desabafar e contar com algu\u00e9m certamente ameniza, mesmo em casos mais graves em que a fertilidade est\u00e1 mais comprometida do que se esperaria antes das primeiras tentativas. Pois bem, digo sempre que para se come\u00e7ar a tentar engravidar, <strong>preparar o psicol\u00f3gico \u00e9 muito importante<\/strong>. Saber que pode-se levar at\u00e9 um ano para que a gravidez aconte\u00e7a \u00e9 fundamental para manter a calma. Somente ap\u00f3s o primeiro ano sem sucesso, um especialista deve ser procurado para investiga\u00e7\u00e3o.<\/p>\n<p class=\"align-justify\">Na verdade, Marcos e eu buscamos a gravidez, ao total, por sete anos, distribu\u00eddos nas tr\u00eas gesta\u00e7\u00f5es, sendo um ano com a mais velha (nem era bem uma fase de tentante, mas considero mesmo assim), tr\u00eas anos com o Dudu e mais tr\u00eas e pouco com a Mel. Confesso que nos \u00faltimos meses antes de ficar gr\u00e1vida da Melissa, fiquei meio que anestesiada de tantos negativos que levei. Eu fazia muitos testes por ciclo e sempre quebrava a cara. A esperan\u00e7a sempre existia, mesmo depois de ter um ciclo menstrual.<\/p>\n<p class=\"align-justify\">O corpo da gente \u00e9 danado! Quando estamos ansiosas, tudo pode acontecer, tudo pode virar sinal de gravidez e a\u00ed mora o perigo da frustra\u00e7\u00e3o. S\u00f3 quem teve um negativo na cara (como muitas tentantes esperan\u00e7osas recebem) sabe o que \u00e9 ter o mundo abaixo. Levar um balde de \u00e1gua fria n\u00e3o \u00e9 nada legal.<\/p>\n<p class=\"align-justify\">Foi em meio a tantos negativos que cheguei \u00e0 conclus\u00e3o de que um negativo n\u00e3o \u00e9 o fim do mundo e que esperar e deixar os dias passarem \u00e9 fundamental. Aprendi isso a duras penas, minhas amigas! Precisei derramar muitas l\u00e1grimas de decep\u00e7\u00e3o para aprender que s\u00f3 se deve fazer o teste depois do atraso. Antes, pode n\u00e3o ter dado tempo do HCG chegar ao sangue, fato que s\u00f3 acontece depois da nida\u00e7\u00e3o.<\/p>\n<p class=\"align-justify\"><strong>N\u00e3o fique esperando seu positivo sair dois ou tr\u00eas dias depois da rela\u00e7\u00e3o,<\/strong> n\u00e3o \u00e9 bem assim que acontece! Embora desej\u00e1ssemos que um nariz laranja acendesse depois da fecunda\u00e7\u00e3o, sabemos que a natureza n\u00e3o age de forma t\u00e3o simples assim. Ent\u00e3o esperar \u00e9 o que nos resta, dura realidade. Vida de mulher significa uma eterna espera. Engra\u00e7ado, quando o positivo chegava, eu n\u00e3o acreditava, juro! Acho que foram tantos obst\u00e1culos, tantas idas e vindas de laborat\u00f3rios, tantos negativos que criei uma casca que me fazia duvidar do que meus olhos estavam vendo.<\/p>\n<p class=\"align-justify\">O primeiro positivo foi diferente. Me assustei porque n\u00e3o queria estar gr\u00e1vida naquela situa\u00e7\u00e3o, era como se fosse um chacoalh\u00e3o da vida dizendo: \u201c\u00d3, voc\u00ea \u00e9 mulher! Deu bobeira e agora engravidou.\u201d<\/p>\n<p class=\"align-justify\">Mas o segundo positivo meio que era desejado. Embora eu ainda fosse jovem, sabia que seria uma boa m\u00e3e e, por isso, n\u00e3o julgo meninas novas que querem ser mam\u00e3es. Claro que cada mulher deve analisar as suas condi\u00e7\u00f5es e seu relacionamento para dar uma vida segura ao seu beb\u00ea. Mas por que uma menina de 20 anos seria menos m\u00e3e do que uma de 35?<\/p>\n<p class=\"align-justify\">Lembro-me que estava com um emprego razo\u00e1vel na \u00e9poca, tinha 21 anos e era muito magrinha, bonitinha, um chuchu \u2013 ai meus anos maravilhosos! Um belo dia, meus seios do\u00edam muito e eu pensava que era a <em>red<\/em> chegando. Um belo dia sem pensar demais, nem sabia com quanto tempo de atraso eu estava. S\u00f3 senti que deveria fazer um teste.<\/p>\n<p><a href=\"https:\/\/www.famivita.com\/fr\/wp-content\/uploads\/patricia-com-marido.jpg\"><img loading=\"lazy\" decoding=\"async\" src=\"https:\/\/www.famivita.com\/fr\/wp-content\/uploads\/patricia-com-marido.jpg\" alt=\"patricia com marido\" width=\"701\" height=\"456\" class=\"aligncenter size-full wp-image-5912\" srcset=\"https:\/\/www.famivita.com\/fr\/wp-content\/uploads\/patricia-com-marido.jpg 701w, https:\/\/www.famivita.com\/fr\/wp-content\/uploads\/patricia-com-marido-500x325.jpg 500w, https:\/\/www.famivita.com\/fr\/wp-content\/uploads\/patricia-com-marido-300x195.jpg 300w\" sizes=\"auto, (max-width: 701px) 100vw, 701px\" \/><\/a><\/p>\n<p class=\"align-justify\">Simplesmente entrei na farm\u00e1cia e pedi o teste mais barato que eles tinham. Cheguei em casa, era por volta das 17 horas e foi com aquela urina mesmo. Fiz xixi no potinho do teste e coloquei a fita dentro. Juro que quase ca\u00ed dura quando as duas linhas apareceram. O choque s\u00f3 n\u00e3o foi maior do que o primeiro positivo. Mas ainda assim me assustei porque n\u00e3o o esperava, embora estivesse sem tomar nada, nem me prevenindo. Chamei o marido e mostrei o teste para ele que, sem entender nada, pediu as instru\u00e7\u00f5es da bula para ler. Era preciso interpretar o resultado!<\/p>\n<p class=\"align-justify\">Sentou-se na soleira da porta do banheiro e l\u00e1 ficou por uma hora aproximadamente, com uma cara de pastel de dar d\u00f3. Se eu estava assustada, como ele ficaria ent\u00e3o? Quem n\u00e3o ficaria?! Mas, ao mesmo tempo, foi bem compreens\u00edvel a rea\u00e7\u00e3o dele. Na verdade a rea\u00e7\u00e3o do Marcos ao receber as not\u00edcias das minhas gesta\u00e7\u00f5es nunca foi nem parecida com a desses maridos de filme de cinema. Ele \u00e9 do tipo mach\u00e3o intoc\u00e1vel, Chuck Norris paulista. Mas, no fundo, sei que ele se derrete.<\/p>\n<p class=\"align-justify\">Na segunda gravidez (meu terceiro positivo) foi mais legal porque a gente queria muito mais um beb\u00ea e foi em uma topada que tudo aconteceu. Chegamos a fazer tratamento para que a gravidez pudesse acontecer e foi quando n\u00f3s desistimos de engravidar que o Dudu veio. Topada? Sim, topada, querida amiga! Tinha um freezer no meio do caminho que quase arrancou meu dedinho do p\u00e9 direito. A topada foi t\u00e3o feia que o deixou quebrado. Estava doendo demais e ent\u00e3o fui ao pronto socorro para ver o que poderia ser feito. Foi quando passamos pelo ortopedista do plant\u00e3o. Ele mais parecia o He-Man, mas era muito competente.<\/p>\n<p class=\"align-justify\">O doutor me encaminhou para um raio X. Mas, antes de tudo, me perguntou se eu estava com suspeita de gravidez. Era Fevereiro e como eu n\u00e3o menstruava desde Dezembro, ele resolveu encaminhar para um beta qualitativo. Colhi o sangue e esperamos por 15 minutos, quando ele nos chamou novamente em sua sala.<\/p>\n<p class=\"align-justify\"><strong>Doutor<\/strong>: Patricia, parab\u00e9ns!<br \/>\n  <strong>Eu<\/strong>: Como?<br \/>\n  <strong>Doutor<\/strong>: Sim, deu positivo. V\u00e1 para casa e s\u00f3 use paracetamol para dor! Pode marcar seu pr\u00e9-natal.<\/p>\n<p><a href=\"https:\/\/www.famivita.com\/fr\/wp-content\/uploads\/receber-o-positivo.jpg\"><img loading=\"lazy\" decoding=\"async\" src=\"https:\/\/www.famivita.com\/fr\/wp-content\/uploads\/receber-o-positivo.jpg\" alt=\"receber o positivo\" width=\"710\" height=\"733\" class=\"aligncenter size-full wp-image-5913\" srcset=\"https:\/\/www.famivita.com\/fr\/wp-content\/uploads\/receber-o-positivo.jpg 710w, https:\/\/www.famivita.com\/fr\/wp-content\/uploads\/receber-o-positivo-500x516.jpg 500w, https:\/\/www.famivita.com\/fr\/wp-content\/uploads\/receber-o-positivo-291x300.jpg 291w, https:\/\/www.famivita.com\/fr\/wp-content\/uploads\/receber-o-positivo-45x45.jpg 45w\" sizes=\"auto, (max-width: 710px) 100vw, 710px\" \/><\/a><\/p>\n<p class=\"align-justify\">O Marcos ficou azul, lil\u00e1s, rosa, verde, amarelo, um arco \u00edris de emo\u00e7\u00e3o ou susto, sei l\u00e1! Claro, como todo bom macho inating\u00edvel, disfar\u00e7ou, mas conhe\u00e7o meu marido. Eu n\u00e3o sabia se chorava ou se ria. Fui para casa e parecia que pisava em ovos. Foram tantos anos esperando!<\/p>\n<p class=\"align-justify\">J\u00e1 na terceira vez foram altos e baixos que me marcariam por toda a vida. Foi a fase de tentante que eu mais batalhei e aprendi. Sei que nada \u00e9 em v\u00e3o e \u00e9 por isso que repasso, com o maior prazer, a outras tentantes, todas essas li\u00e7\u00f5es. O positivo chegou quando eu menos o esperava e foi como se fosse uma cena de novela acontecendo.<\/p>\n<p class=\"align-justify\">Sempre media a temperatura, analisava o muco, fazia de tudo. Depois de tanto tempo de tentante, aprendi a me conhecer e soube que traz grande vantagem usar esses m\u00e9todos. Ent\u00e3o um dia, estava no 15\u00ba dpo (dia p\u00f3s-ovula\u00e7\u00e3o) e fiz uma carne mo\u00edda com arroz e feij\u00e3o fresquinhos. Fiz meu prato e sentei \u00e0 mesa para jantar, mas a carne mais parecia pedra mo\u00edda, descendo como paralelep\u00edpedo garganta adentro. N\u00e3o consegui jantar naquele dia, mas n\u00e3o me alarmei para nada. No dia seguinte, eu estava t\u00e3o quente que quando fui pegar a Joana na escola, meus p\u00e9s e m\u00e3os pareciam pegar fogo, sem contar nem mencionar que estava impaciente. Queria matar qualquer um que me olhasse por mais de cinco segundos. A voz do Dudu me irritava, tadinho, embora o coitado n\u00e3o fizesse nada demais para tal.<\/p>\n<p class=\"align-justify\">Lembro que Marcos chegou em casa um pouco mais cedo naquela noite, entrou na cozinha e colocou a marmita que leva ao trabalho em cima da pia. Eu, que j\u00e1 havia limpado tudo ap\u00f3s o jantar, comecei a chorar, me sentindo desvalorizada enquanto dona de casa. Digo que sou a verdadeira atriz de dramalh\u00e3o mexicano porque ali foi mesmo uma cena digna das novelas da Televisa. Como diz o marido, satirizando a novela Maria Mercedes: \u201cVoc\u00ea \u00e9 a Maria Kombi brasileira.\u201d N\u00e3o discordo desse t\u00edtulo porque eu sou dram\u00e1tica demais quando gr\u00e1vida, isso \u00e9 fato!<\/p>\n<p class=\"align-justify\">Ele entrou na sala, me viu chorando e olhou nos meus olhos:<\/p>\n<p class=\"align-justify\"><strong>Marcos<\/strong>: Amor, voc\u00ea menstruou?<br \/>\n  <strong>Eu<\/strong>: N\u00e3o, por qu\u00ea?<br \/>\n  <strong>Marcos<\/strong>: Voc\u00ea est\u00e1 gravida! Eu tenho certeza!<\/p>\n<p class=\"align-justify\">Ele deu meia volta e foi \u00e0 farm\u00e1cia comprar um teste. Trouxe um Clear Blue Compact que foi o que me deu o positivo naquela noite. Foi muito emocionante ver a linha positiva do teste subindo! Eu sabia que poderia nunca mais ver aquela cena por conta dos horm\u00f4nios e da idade (30 anos e contando). Claro que eu n\u00e3o era velha, pelo contr\u00e1rio, mas a esperan\u00e7a j\u00e1 estava gasta depois de tantos anos de tentativas.<\/p>\n<p class=\"align-justify\">Finalmente, no dia seguinte, fiz um teste de outra marca porque quase n\u00e3o consegui segurar a ansiedade durante a noite \u2013 mais um positivo claro! No s\u00e1bado fomos ao laborat\u00f3rio fazer o exame beta HCG quantitativo que demora no m\u00e1ximo duas horas para ficar pronto. Mas, por falta de sorte, ficou pronto somente ap\u00f3s uma reclama\u00e7\u00e3o minha ao estabelecimento e isso somente no dia seguinte. O resultado foi 144 mUi, quatro semanas! Dar a not\u00edcia \u00e0 fam\u00edlia e amigos foi divertido. Cheguei a pegar a rea\u00e7\u00e3o da mam\u00e3e e do papai ao saberem que teriam mais um netinho, foi sensacional! A gravidez foi mais complicada dessa vez. Mas isso \u00e9 assunto para outro livro!<\/p>\n<p class=\"align-justify\">A verdade, amiga tentante, \u00e9 que, depois de tanta luta, a gente pode perder as for\u00e7as. Aconteceu comigo como com tantas meninas. A maioria das tentantes e amigas do grupo conseguiram engravidar, apenas duas ainda est\u00e3o na luta. Algumas delas est\u00e3o tentando o segundo filho, outras j\u00e1 com eles nos bra\u00e7os. Enfim, a verdade \u00e9 que <strong>tentante \u00e9 um estado de esp\u00edrito, uma filosofia de vida<\/strong>. Uma vez tentante, para sempre tentante! Por mais que se esque\u00e7a das lutas que teve para conseguir chegar ao positivo, a lembran\u00e7a da \u00e9poca de tentativas estar\u00e1 l\u00e1 para sempre.<\/p>\n<div align=\"center\">\n<table>\n<tbody>\n<tr>\n<td width=\"196\" style=\"text-align:left\"><a href=\"https:\/\/www.famivita.com\/fr\/como-reconhecer-gravidez-capitulo-7\/\" title=\"Como Reconhecer a Gravidez\">\u00ab Cap\u00edtulo 7<\/a><\/td>\n<td width=\"196\" style=\"text-align:center\"><a href=\"https:\/\/www.famivita.com\/fr\/ebook-como-engravidar-de-patricia-amorim\/\" title=\"Todos os Cap\u00edtulos\">Todos os Cap\u00edtulos<\/a><\/td>\n<td width=\"196\" style=\"text-align:right\"><a href=\"https:\/\/www.famivita.com\/fr\/consideracoes-finais-capitulo-9\/\" title=\"Considera\u00e7\u00f5es Finais\">Cap\u00edtulo 9 \u00bb<\/a><\/td>\n<\/tr>\n<\/tbody>\n<\/table>\n<\/div>\n","protected":false},"excerpt":{"rendered":"<p>\u00ab Cap\u00edtulo 7 Todos os Cap\u00edtulos Cap\u00edtulo 9 \u00bb Quando come\u00e7o a contar para as meninas tudo que j\u00e1 passei enquanto tentante, recebo olhares como se eu fosse uma doida. Mas, no fundo, quem n\u00e3o \u00e9? Como sou muito ansiosa para tudo, cheguei a fazer maluquices para saber se estava gr\u00e1vida bem antes da hora [&hellip;]<\/p>\n","protected":false},"author":3,"featured_media":5912,"parent":0,"menu_order":0,"comment_status":"closed","ping_status":"closed","template":"","meta":{"_acf_changed":false,"footnotes":""},"class_list":["post-5911","page","type-page","status-publish","has-post-thumbnail","hentry"],"acf":[],"yoast_head":"<!-- This site is optimized with the Yoast SEO plugin v25.2 - https:\/\/yoast.com\/wordpress\/plugins\/seo\/ -->\n<title>Relatos de uma Tentante Desvairada - Cap\u00edtulo 8 | Famivita<\/title>\n<meta name=\"robots\" content=\"noindex, follow, max-snippet:-1, max-image-preview:large, max-video-preview:-1\" \/>\n<meta property=\"og:locale\" content=\"en_US\" \/>\n<meta property=\"og:type\" content=\"article\" \/>\n<meta property=\"og:title\" content=\"Relatos de uma Tentante Desvairada - Cap\u00edtulo 8 | Famivita\" \/>\n<meta property=\"og:description\" content=\"\u00ab Cap\u00edtulo 7 Todos os Cap\u00edtulos Cap\u00edtulo 9 \u00bb Quando come\u00e7o a contar para as meninas tudo que j\u00e1 passei enquanto tentante, recebo olhares como se eu fosse uma doida. Mas, no fundo, quem n\u00e3o \u00e9? Como sou muito ansiosa para tudo, cheguei a fazer maluquices para saber se estava gr\u00e1vida bem antes da hora [&hellip;]\" \/>\n<meta property=\"og:url\" content=\"https:\/\/www.famivita.com\/fr\/relatos-de-uma-tentante-desvairada-capitulo-8\/\" \/>\n<meta property=\"og:site_name\" content=\"Famivita\" \/>\n<meta property=\"article:modified_time\" content=\"2022-08-23T12:43:18+00:00\" \/>\n<meta property=\"og:image\" content=\"https:\/\/www.famivita.com\/fr\/wp-content\/uploads\/patricia-com-marido.jpg\" \/>\n\t<meta property=\"og:image:width\" content=\"701\" \/>\n\t<meta property=\"og:image:height\" content=\"456\" \/>\n\t<meta property=\"og:image:type\" content=\"image\/jpeg\" \/>\n<meta name=\"twitter:card\" content=\"summary_large_image\" \/>\n<meta name=\"twitter:label1\" content=\"Est. reading time\" \/>\n\t<meta name=\"twitter:data1\" content=\"9 minutes\" \/>\n<script type=\"application\/ld+json\" class=\"yoast-schema-graph\">{\"@context\":\"https:\/\/schema.org\",\"@graph\":[{\"@type\":\"WebPage\",\"@id\":\"https:\/\/www.famivita.com\/fr\/relatos-de-uma-tentante-desvairada-capitulo-8\/\",\"url\":\"https:\/\/www.famivita.com\/fr\/relatos-de-uma-tentante-desvairada-capitulo-8\/\",\"name\":\"Relatos de uma Tentante Desvairada - Cap\u00edtulo 8 | Famivita\",\"isPartOf\":{\"@id\":\"https:\/\/www.famivita.com\/#website\",\"sameAs\":[\"https:\/\/www.instagram.com\/famivita\/\",\"https:\/\/www.facebook.com\/famivita\/\",\"https:\/\/www.youtube.com\/user\/trocandofraldasyt\",\"https:\/\/api.whatsapp.com\/send\/?phone=5511917837433\"]},\"primaryImageOfPage\":{\"@id\":\"https:\/\/www.famivita.com\/fr\/relatos-de-uma-tentante-desvairada-capitulo-8\/#primaryimage\"},\"image\":{\"@id\":\"https:\/\/www.famivita.com\/fr\/relatos-de-uma-tentante-desvairada-capitulo-8\/#primaryimage\"},\"thumbnailUrl\":\"https:\/\/www.famivita.com\/fr\/wp-content\/uploads\/patricia-com-marido.jpg\",\"datePublished\":\"2014-09-19T20:32:00+00:00\",\"dateModified\":\"2022-08-23T12:43:18+00:00\",\"breadcrumb\":{\"@id\":\"https:\/\/www.famivita.com\/fr\/relatos-de-uma-tentante-desvairada-capitulo-8\/#breadcrumb\"},\"inLanguage\":\"en-US\",\"potentialAction\":[{\"@type\":\"ReadAction\",\"target\":[\"https:\/\/www.famivita.com\/fr\/relatos-de-uma-tentante-desvairada-capitulo-8\/\"]}],\"about\":{\"@type\":\"Organization\",\"@id\":\"https:\/\/www.famivita.com.br\/#organization\",\"name\":\"Famivita\",\"logo\":\"https:\/\/www.famivita.com.br\/wp-content\/themes\/storefront-child\/header_footer_html\/images\/logo_mobile2.svg\",\"url\":\"https:\/\/www.famivita.com.br\/\",\"address\":{\"@type\":\"PostalAddress\",\"streetAddress\":\"Rua Benedito Fernandes, 545, Santo Amaro\",\"addressLocality\":\"S\u00e3o Paulo\",\"addressRegion\":\"S\u00e3o Paulo\",\"postalCode\":\"04746-110\",\"addressCountry\":{\"@type\":\"Country\",\"name\":\"BR\"}}}},{\"@type\":\"ImageObject\",\"inLanguage\":\"en-US\",\"@id\":\"https:\/\/www.famivita.com\/fr\/relatos-de-uma-tentante-desvairada-capitulo-8\/#primaryimage\",\"url\":\"https:\/\/www.famivita.com\/fr\/wp-content\/uploads\/patricia-com-marido.jpg\",\"contentUrl\":\"https:\/\/www.famivita.com\/fr\/wp-content\/uploads\/patricia-com-marido.jpg\",\"width\":701,\"height\":456,\"caption\":\"patricia com marido\"},{\"@type\":\"BreadcrumbList\",\"@id\":\"https:\/\/www.famivita.com\/fr\/relatos-de-uma-tentante-desvairada-capitulo-8\/#breadcrumb\",\"itemListElement\":[{\"@type\":\"ListItem\",\"position\":1,\"name\":\"In\u00edcio\",\"item\":\"https:\/\/www.famivita.com\/\"},{\"@type\":\"ListItem\",\"position\":2,\"name\":\"Relatos de uma Tentante Desvairada &#8211; Cap\u00edtulo 8\"}]},{\"@type\":\"WebSite\",\"@id\":\"https:\/\/www.famivita.com\/#website\",\"url\":\"https:\/\/www.famivita.com\/\",\"name\":\"Famivita\",\"description\":\"\",\"potentialAction\":[{\"@type\":\"SearchAction\",\"target\":{\"@type\":\"EntryPoint\",\"urlTemplate\":\"https:\/\/www.famivita.com\/?s={search_term_string}\"},\"query-input\":{\"@type\":\"PropertyValueSpecification\",\"valueRequired\":true,\"valueName\":\"search_term_string\"}}],\"inLanguage\":\"en-US\"}]}<\/script>\n<!-- \/ Yoast SEO plugin. -->","yoast_head_json":{"title":"Relatos de uma Tentante Desvairada - Cap\u00edtulo 8 | Famivita","robots":{"index":"noindex","follow":"follow","max-snippet":"max-snippet:-1","max-image-preview":"max-image-preview:large","max-video-preview":"max-video-preview:-1"},"og_locale":"en_US","og_type":"article","og_title":"Relatos de uma Tentante Desvairada - Cap\u00edtulo 8 | Famivita","og_description":"\u00ab Cap\u00edtulo 7 Todos os Cap\u00edtulos Cap\u00edtulo 9 \u00bb Quando come\u00e7o a contar para as meninas tudo que j\u00e1 passei enquanto tentante, recebo olhares como se eu fosse uma doida. Mas, no fundo, quem n\u00e3o \u00e9? Como sou muito ansiosa para tudo, cheguei a fazer maluquices para saber se estava gr\u00e1vida bem antes da hora [&hellip;]","og_url":"https:\/\/www.famivita.com\/fr\/relatos-de-uma-tentante-desvairada-capitulo-8\/","og_site_name":"Famivita","article_modified_time":"2022-08-23T12:43:18+00:00","og_image":[{"width":701,"height":456,"url":"https:\/\/www.famivita.com\/fr\/wp-content\/uploads\/patricia-com-marido.jpg","type":"image\/jpeg"}],"twitter_card":"summary_large_image","twitter_misc":{"Est. reading time":"9 minutes"},"schema":{"@context":"https:\/\/schema.org","@graph":[{"@type":"WebPage","@id":"https:\/\/www.famivita.com\/fr\/relatos-de-uma-tentante-desvairada-capitulo-8\/","url":"https:\/\/www.famivita.com\/fr\/relatos-de-uma-tentante-desvairada-capitulo-8\/","name":"Relatos de uma Tentante Desvairada - Cap\u00edtulo 8 | Famivita","isPartOf":{"@id":"https:\/\/www.famivita.com\/#website","sameAs":["https:\/\/www.instagram.com\/famivita\/","https:\/\/www.facebook.com\/famivita\/","https:\/\/www.youtube.com\/user\/trocandofraldasyt","https:\/\/api.whatsapp.com\/send\/?phone=5511917837433"]},"primaryImageOfPage":{"@id":"https:\/\/www.famivita.com\/fr\/relatos-de-uma-tentante-desvairada-capitulo-8\/#primaryimage"},"image":{"@id":"https:\/\/www.famivita.com\/fr\/relatos-de-uma-tentante-desvairada-capitulo-8\/#primaryimage"},"thumbnailUrl":"https:\/\/www.famivita.com\/fr\/wp-content\/uploads\/patricia-com-marido.jpg","datePublished":"2014-09-19T20:32:00+00:00","dateModified":"2022-08-23T12:43:18+00:00","breadcrumb":{"@id":"https:\/\/www.famivita.com\/fr\/relatos-de-uma-tentante-desvairada-capitulo-8\/#breadcrumb"},"inLanguage":"en-US","potentialAction":[{"@type":"ReadAction","target":["https:\/\/www.famivita.com\/fr\/relatos-de-uma-tentante-desvairada-capitulo-8\/"]}],"about":{"@type":"Organization","@id":"https:\/\/www.famivita.com.br\/#organization","name":"Famivita","logo":"https:\/\/www.famivita.com.br\/wp-content\/themes\/storefront-child\/header_footer_html\/images\/logo_mobile2.svg","url":"https:\/\/www.famivita.com.br\/","address":{"@type":"PostalAddress","streetAddress":"Rua Benedito Fernandes, 545, Santo Amaro","addressLocality":"S\u00e3o Paulo","addressRegion":"S\u00e3o Paulo","postalCode":"04746-110","addressCountry":{"@type":"Country","name":"BR"}}}},{"@type":"ImageObject","inLanguage":"en-US","@id":"https:\/\/www.famivita.com\/fr\/relatos-de-uma-tentante-desvairada-capitulo-8\/#primaryimage","url":"https:\/\/www.famivita.com\/fr\/wp-content\/uploads\/patricia-com-marido.jpg","contentUrl":"https:\/\/www.famivita.com\/fr\/wp-content\/uploads\/patricia-com-marido.jpg","width":701,"height":456,"caption":"patricia com marido"},{"@type":"BreadcrumbList","@id":"https:\/\/www.famivita.com\/fr\/relatos-de-uma-tentante-desvairada-capitulo-8\/#breadcrumb","itemListElement":[{"@type":"ListItem","position":1,"name":"In\u00edcio","item":"https:\/\/www.famivita.com\/"},{"@type":"ListItem","position":2,"name":"Relatos de uma Tentante Desvairada &#8211; Cap\u00edtulo 8"}]},{"@type":"WebSite","@id":"https:\/\/www.famivita.com\/#website","url":"https:\/\/www.famivita.com\/","name":"Famivita","description":"","potentialAction":[{"@type":"SearchAction","target":{"@type":"EntryPoint","urlTemplate":"https:\/\/www.famivita.com\/?s={search_term_string}"},"query-input":{"@type":"PropertyValueSpecification","valueRequired":true,"valueName":"search_term_string"}}],"inLanguage":"en-US"}]}},"_links":{"self":[{"href":"https:\/\/www.famivita.com\/fr\/wp-json\/wp\/v2\/pages\/5911","targetHints":{"allow":["GET"]}}],"collection":[{"href":"https:\/\/www.famivita.com\/fr\/wp-json\/wp\/v2\/pages"}],"about":[{"href":"https:\/\/www.famivita.com\/fr\/wp-json\/wp\/v2\/types\/page"}],"author":[{"embeddable":true,"href":"https:\/\/www.famivita.com\/fr\/wp-json\/wp\/v2\/users\/3"}],"replies":[{"embeddable":true,"href":"https:\/\/www.famivita.com\/fr\/wp-json\/wp\/v2\/comments?post=5911"}],"version-history":[{"count":1,"href":"https:\/\/www.famivita.com\/fr\/wp-json\/wp\/v2\/pages\/5911\/revisions"}],"predecessor-version":[{"id":150386,"href":"https:\/\/www.famivita.com\/fr\/wp-json\/wp\/v2\/pages\/5911\/revisions\/150386"}],"wp:featuredmedia":[{"embeddable":true,"href":"https:\/\/www.famivita.com\/fr\/wp-json\/wp\/v2\/media\/5912"}],"wp:attachment":[{"href":"https:\/\/www.famivita.com\/fr\/wp-json\/wp\/v2\/media?parent=5911"}],"curies":[{"name":"wp","href":"https:\/\/api.w.org\/{rel}","templated":true}]}}