{"id":5916,"date":"2014-09-19T17:41:28","date_gmt":"2014-09-19T20:41:28","guid":{"rendered":"http:\/\/www.trocandofraldas.com.br\/?page_id=5916"},"modified":"2022-08-23T09:43:34","modified_gmt":"2022-08-23T12:43:34","slug":"material-adicional-ebook","status":"publish","type":"page","link":"https:\/\/www.famivita.com\/fr\/material-adicional-ebook\/","title":{"rendered":"Material Adicional &#8211; eBook &#8220;Como Engravidar&#8221;"},"content":{"rendered":"<div align=\"center\">\n<table>\n<tbody>\n<tr>\n<td width=\"196\" style=\"text-align:left\"><a href=\"https:\/\/www.famivita.com\/fr\/consideracoes-finais-capitulo-9\/\" title=\"Considera\u00e7\u00f5es Finais\">\u00ab Cap\u00edtulo 9<\/a><\/td>\n<td width=\"196\" style=\"text-align:center\"><a href=\"https:\/\/www.famivita.com\/fr\/ebook-como-engravidar-de-patricia-amorim\/\" title=\"Todos os Cap\u00edtulos\">Todos os Cap\u00edtulos<\/a><\/td>\n<td width=\"196\" style=\"text-align:right\"><a href=\"https:\/\/www.famivita.com\/fr\/casos-de-sucesso-ebook\/\" title=\"Casos de Sucesso\">Casos de Sucesso \u00bb<\/a><\/td>\n<\/tr>\n<\/tbody>\n<\/table>\n<\/div>\n<p><a name=\"mat1\"><\/a><\/p>\n<h2 class=\"block_40\" id=\"id_Toc398294929\">Falando em Comportamento: E a Fam\u00edlia?<\/h2>\n<p class=\"align-justify\">Muitas vezes j\u00e1 ouvi falar de cobran\u00e7as da fam\u00edlia de ambos os lados sobre o casal que tenta engravidar. \u00c0s vezes, a press\u00e3o para se ter um beb\u00ea pode ficar insuport\u00e1vel mediante tantos anos de casamento ou juntos e nada do primog\u00eanito chegar. A\u00ed que mora o problema! Deve-se abrir ou n\u00e3o o fato das tentativas para a fam\u00edlia toda?<\/p>\n<p class=\"align-justify\">Isso pode depender de cada um, da sua pr\u00f3pria personalidade e a da sua fam\u00edlia, por\u00e9m o fato de terceiros mais pr\u00f3ximos saberem das tentativas pode deixar tudo ainda pior. Se j\u00e1 existe press\u00e3o, a situa\u00e7\u00e3o tende a piorar com todos da fam\u00edlia sabendo que voc\u00ea e seu marido ou companheiro namorado querem um beb\u00ea. Provavelmente, o fardo maior est\u00e1 nos \u00fanicos casados em n\u00facleos familiares em que a safra de beb\u00eas j\u00e1 est\u00e1 longe de acontecer h\u00e1 muitos anos.<\/p>\n<p class=\"align-justify\">\u00c9 natural os pais quererem ver seus descendentes e seu nome ser levado adiante em novas gera\u00e7\u00f5es. Isso \u00e9 at\u00e9 mesmo instintivo. O que n\u00e3o vale \u00e9 crivar o casal de perguntas e press\u00e3o. Por mais que os ouvidos fiquem meio blindados com os coment\u00e1rios e cobran\u00e7as, com o tempo, sempre vai ter um dia ou outro que vai produzir feridas e, consequentemente, aumentar a ansiedade. Cada casal deve decidir, ap\u00f3s pesar os pr\u00f3s e contras, sobre abrir ou n\u00e3o a decis\u00e3o de ter um beb\u00ea e as tentativas para todos.<\/p>\n<p class=\"align-justify\">Por outro lado, existem casais que j\u00e1 t\u00eam filhos e que desejam mais um ou dois. A press\u00e3o nesses casos pode ser o oposto. Logo v\u00eam os coment\u00e1rios: Para que mais filhos? Quer povoar o mundo todo sozinha?<\/p>\n<p class=\"align-justify\">Tamb\u00e9m j\u00e1 ouvi tantas vezes coisa como: Operou? O marido operou? Chega! Um casal est\u00e1 mais que bom. Mas sinceramente, esses coment\u00e1rios nunca foram relevantes e n\u00e3o impediram que eu tivesse meus tr\u00eas filhos. Logo que o segundo nasceu j\u00e1 come\u00e7aram as cobran\u00e7as por uma esteriliza\u00e7\u00e3o de uma das partes do casal. Por isso, nunca contei para os mais pr\u00f3ximos sobre o desejo de aumentar a fam\u00edlia. Mas a decis\u00e3o \u00e9 de cada um, claro.<\/p>\n<p class=\"align-justify\">Ambos os casos s\u00e3o muito dif\u00edceis de lidar porque, de um lado, pode ter um casal com problemas para engravidar e, do outro lado, um casal sofrendo press\u00e3o para n\u00e3o ter mais filhos. Meu conselho, querida tentante: mantenha o sigilo das tentativas enquanto puder! Isso pode deixar a situa\u00e7\u00e3o menos pressionante, ou seja, mais agrad\u00e1vel e a espera, menos angustiante. Saber lidar com a situa\u00e7\u00e3o \u00e9 prova de fogo, at\u00e9 para os psicologicamente mais preparados. O que resta \u00e9 juntar-se \u00e0 turma da tecla F e mandar o mundo ao redor cuidar da sua pr\u00f3pria vida. Comigo funcionou!<\/p>\n<hr>\n<p><a name=\"mat2\"><\/a><\/p>\n<h2>Quando Finalmente Acontece<\/h2>\n<p class=\"align-justify\">O que fazer quando o positivo finalmente chega? D\u00e1 vontade de gritar para o mundo todo, de tanta alegria e felicidade! Parece que aquele momento \u00e9 um devaneio nosso, esperamos por tanto tempo. Mas a verdade \u00e9 que quando o positivo chega, ficamos tontas com a novidade. A sensa\u00e7\u00e3o que eu tenho \u00e9 que pisamos em ovos quando nos deparamos com a concep\u00e7\u00e3o de um beb\u00ea,porque a not\u00edcia \u00e9 muito impactante!<\/p>\n<p class=\"align-justify\">A primeira coisa que se deve fazer \u00e9 acompanhar, com pelo menos um teste beta, a evolu\u00e7\u00e3o do HCG no sangue para ter certeza de que tudo est\u00e1 indo bem. Em seguida, deve-se marcar a primeira consulta pr\u00e9-natal, seja em m\u00e9dico de conv\u00eanio ou da UBS mais pr\u00f3xima. Mas realmente \u00e9 a primeira atitude a se tomar.<\/p>\n<p class=\"align-justify\">Na consulta, o m\u00e9dico ir\u00e1 pedir alguns exames de sangue como HIV, s\u00edfilis, tipagem sangu\u00ednea (qual tipo de sangue voc\u00ea tem), exames de anticorpos hepatite A e C e tamb\u00e9m exames como toxoplasmose e rub\u00e9ola. Tudo garante a seguran\u00e7a da mam\u00e3e e do bebezinho que cresce no ventre. Se algum tipo de problema aparecer nos exames, n\u00e3o se preocupe! O m\u00e9dico ir\u00e1 indicar o melhor tratamento para o seu caso. Por\u00e9m, se ainda for tentante, pode ir adiantando esses exames a fim de prevenir uma correria de \u00faltima hora. Al\u00e9m dos exames \u00e9 a hora de iniciar com \u00e1cido f\u00f3lico, a n\u00e3o ser que j\u00e1 tenha come\u00e7ado. Ele \u00e9 muito importante porque previne a m\u00e1 forma\u00e7\u00e3o neurol\u00f3gica e da coluna do beb\u00ea.<\/p>\n<p class=\"align-justify\">Normalmente, a gravidez \u00e9 contada a partir da data da \u00faltima menstrua\u00e7\u00e3o. Se voc\u00ea n\u00e3o souber a data, apenas um ultrassom poder\u00e1 determinar de quanto tempo voc\u00ea est\u00e1. Por\u00e9m, n\u00e3o se assuste se n\u00e3o vir nada no primeiro ultrassom. \u00c9 muito prov\u00e1vel que esteja com menos de 5 semanas e \u00e9 muito comum n\u00e3o se ver nenhum sinal de gravidez neste momento. Para as apressadinhas de plant\u00e3o, fica a dica: ultrassom s\u00f3 a partir da sexta semana ou com indica\u00e7\u00e3o do m\u00e9dico, caso haja suspeita de algum problema, como sangramento, por exemplo.<\/p>\n<p class=\"align-justify\">Est\u00e1 gr\u00e1vida e j\u00e1 acompanhada por um m\u00e9dico? Que tal preparar uma mega surpresa para o papai e toda a fam\u00edlia sobre a novidade? Muitas vezes me pegava sonhando de como daria a not\u00edcia para meus pais. Acho que d\u00e1 uma \u00f3tima lembran\u00e7a para o livro do beb\u00ea e toda a fam\u00edlia ir\u00e1 ficar feliz com o carinho dos novos papais.<\/p>\n<div align=\"center\">\n<table>\n<tbody>\n<tr>\n<td width=\"196\" style=\"text-align:left\"><a href=\"https:\/\/www.famivita.com\/fr\/consideracoes-finais-capitulo-9\/\" title=\"Considera\u00e7\u00f5es Finais\">\u00ab Cap\u00edtulo 9<\/a><\/td>\n<td width=\"196\" style=\"text-align:center\"><a href=\"https:\/\/www.famivita.com\/fr\/ebook-como-engravidar-de-patricia-amorim\/\" title=\"Todos os Cap\u00edtulos\">Todos os Cap\u00edtulos<\/a><\/td>\n<td width=\"196\" style=\"text-align:right\"><a href=\"https:\/\/www.famivita.com\/fr\/casos-de-sucesso-ebook\/\" title=\"Casos de Sucesso\">Casos de Sucesso \u00bb<\/a><\/td>\n<\/tr>\n<\/tbody>\n<\/table>\n<\/div>\n","protected":false},"excerpt":{"rendered":"<p>\u00ab Cap\u00edtulo 9 Todos os Cap\u00edtulos Casos de Sucesso \u00bb Falando em Comportamento: E a Fam\u00edlia? Muitas vezes j\u00e1 ouvi falar de cobran\u00e7as da fam\u00edlia de ambos os lados sobre o casal que tenta engravidar. \u00c0s vezes, a press\u00e3o para se ter um beb\u00ea pode ficar insuport\u00e1vel mediante tantos anos de casamento ou juntos e [&hellip;]<\/p>\n","protected":false},"author":3,"featured_media":0,"parent":0,"menu_order":0,"comment_status":"closed","ping_status":"closed","template":"","meta":{"_acf_changed":false,"footnotes":""},"class_list":["post-5916","page","type-page","status-publish","hentry"],"acf":[],"yoast_head":"<!-- This site is optimized with the Yoast SEO plugin v25.2 - https:\/\/yoast.com\/wordpress\/plugins\/seo\/ -->\n<title>&quot;Como Engravidar&quot; - Material Adicional - eBook | Famivita<\/title>\n<meta name=\"robots\" content=\"noindex, follow, max-snippet:-1, max-image-preview:large, max-video-preview:-1\" \/>\n<meta property=\"og:locale\" content=\"en_US\" \/>\n<meta property=\"og:type\" content=\"article\" \/>\n<meta property=\"og:title\" content=\"&quot;Como Engravidar&quot; - Material Adicional - eBook | Famivita\" \/>\n<meta property=\"og:description\" content=\"\u00ab Cap\u00edtulo 9 Todos os Cap\u00edtulos Casos de Sucesso \u00bb Falando em Comportamento: E a Fam\u00edlia? Muitas vezes j\u00e1 ouvi falar de cobran\u00e7as da fam\u00edlia de ambos os lados sobre o casal que tenta engravidar. \u00c0s vezes, a press\u00e3o para se ter um beb\u00ea pode ficar insuport\u00e1vel mediante tantos anos de casamento ou juntos e [&hellip;]\" \/>\n<meta property=\"og:url\" content=\"https:\/\/www.famivita.com\/fr\/material-adicional-ebook\/\" \/>\n<meta property=\"og:site_name\" content=\"Famivita\" \/>\n<meta property=\"article:modified_time\" content=\"2022-08-23T12:43:34+00:00\" \/>\n<meta name=\"twitter:card\" content=\"summary_large_image\" \/>\n<meta name=\"twitter:label1\" content=\"Est. reading time\" \/>\n\t<meta name=\"twitter:data1\" content=\"5 minutes\" \/>\n<script type=\"application\/ld+json\" class=\"yoast-schema-graph\">{\"@context\":\"https:\/\/schema.org\",\"@graph\":[{\"@type\":\"WebPage\",\"@id\":\"https:\/\/www.famivita.com\/fr\/material-adicional-ebook\/\",\"url\":\"https:\/\/www.famivita.com\/fr\/material-adicional-ebook\/\",\"name\":\"\\\"Como Engravidar\\\" - Material Adicional - eBook | Famivita\",\"isPartOf\":{\"@id\":\"https:\/\/www.famivita.com\/#website\",\"sameAs\":[\"https:\/\/www.instagram.com\/famivita\/\",\"https:\/\/www.facebook.com\/famivita\/\",\"https:\/\/www.youtube.com\/user\/trocandofraldasyt\",\"https:\/\/api.whatsapp.com\/send\/?phone=5511917837433\"]},\"datePublished\":\"2014-09-19T20:41:28+00:00\",\"dateModified\":\"2022-08-23T12:43:34+00:00\",\"breadcrumb\":{\"@id\":\"https:\/\/www.famivita.com\/fr\/material-adicional-ebook\/#breadcrumb\"},\"inLanguage\":\"en-US\",\"potentialAction\":[{\"@type\":\"ReadAction\",\"target\":[\"https:\/\/www.famivita.com\/fr\/material-adicional-ebook\/\"]}],\"about\":{\"@type\":\"Organization\",\"@id\":\"https:\/\/www.famivita.com.br\/#organization\",\"name\":\"Famivita\",\"logo\":\"https:\/\/www.famivita.com.br\/wp-content\/themes\/storefront-child\/header_footer_html\/images\/logo_mobile2.svg\",\"url\":\"https:\/\/www.famivita.com.br\/\",\"address\":{\"@type\":\"PostalAddress\",\"streetAddress\":\"Rua Benedito Fernandes, 545, Santo Amaro\",\"addressLocality\":\"S\u00e3o Paulo\",\"addressRegion\":\"S\u00e3o Paulo\",\"postalCode\":\"04746-110\",\"addressCountry\":{\"@type\":\"Country\",\"name\":\"BR\"}}}},{\"@type\":\"BreadcrumbList\",\"@id\":\"https:\/\/www.famivita.com\/fr\/material-adicional-ebook\/#breadcrumb\",\"itemListElement\":[{\"@type\":\"ListItem\",\"position\":1,\"name\":\"In\u00edcio\",\"item\":\"https:\/\/www.famivita.com\/\"},{\"@type\":\"ListItem\",\"position\":2,\"name\":\"Material Adicional &#8211; eBook &#8220;Como Engravidar&#8221;\"}]},{\"@type\":\"WebSite\",\"@id\":\"https:\/\/www.famivita.com\/#website\",\"url\":\"https:\/\/www.famivita.com\/\",\"name\":\"Famivita\",\"description\":\"\",\"potentialAction\":[{\"@type\":\"SearchAction\",\"target\":{\"@type\":\"EntryPoint\",\"urlTemplate\":\"https:\/\/www.famivita.com\/?s={search_term_string}\"},\"query-input\":{\"@type\":\"PropertyValueSpecification\",\"valueRequired\":true,\"valueName\":\"search_term_string\"}}],\"inLanguage\":\"en-US\"}]}<\/script>\n<!-- \/ Yoast SEO plugin. -->","yoast_head_json":{"title":"\"Como Engravidar\" - Material Adicional - eBook | Famivita","robots":{"index":"noindex","follow":"follow","max-snippet":"max-snippet:-1","max-image-preview":"max-image-preview:large","max-video-preview":"max-video-preview:-1"},"og_locale":"en_US","og_type":"article","og_title":"\"Como Engravidar\" - Material Adicional - eBook | Famivita","og_description":"\u00ab Cap\u00edtulo 9 Todos os Cap\u00edtulos Casos de Sucesso \u00bb Falando em Comportamento: E a Fam\u00edlia? Muitas vezes j\u00e1 ouvi falar de cobran\u00e7as da fam\u00edlia de ambos os lados sobre o casal que tenta engravidar. \u00c0s vezes, a press\u00e3o para se ter um beb\u00ea pode ficar insuport\u00e1vel mediante tantos anos de casamento ou juntos e [&hellip;]","og_url":"https:\/\/www.famivita.com\/fr\/material-adicional-ebook\/","og_site_name":"Famivita","article_modified_time":"2022-08-23T12:43:34+00:00","twitter_card":"summary_large_image","twitter_misc":{"Est. reading time":"5 minutes"},"schema":{"@context":"https:\/\/schema.org","@graph":[{"@type":"WebPage","@id":"https:\/\/www.famivita.com\/fr\/material-adicional-ebook\/","url":"https:\/\/www.famivita.com\/fr\/material-adicional-ebook\/","name":"\"Como Engravidar\" - Material Adicional - eBook | Famivita","isPartOf":{"@id":"https:\/\/www.famivita.com\/#website","sameAs":["https:\/\/www.instagram.com\/famivita\/","https:\/\/www.facebook.com\/famivita\/","https:\/\/www.youtube.com\/user\/trocandofraldasyt","https:\/\/api.whatsapp.com\/send\/?phone=5511917837433"]},"datePublished":"2014-09-19T20:41:28+00:00","dateModified":"2022-08-23T12:43:34+00:00","breadcrumb":{"@id":"https:\/\/www.famivita.com\/fr\/material-adicional-ebook\/#breadcrumb"},"inLanguage":"en-US","potentialAction":[{"@type":"ReadAction","target":["https:\/\/www.famivita.com\/fr\/material-adicional-ebook\/"]}],"about":{"@type":"Organization","@id":"https:\/\/www.famivita.com.br\/#organization","name":"Famivita","logo":"https:\/\/www.famivita.com.br\/wp-content\/themes\/storefront-child\/header_footer_html\/images\/logo_mobile2.svg","url":"https:\/\/www.famivita.com.br\/","address":{"@type":"PostalAddress","streetAddress":"Rua Benedito Fernandes, 545, Santo Amaro","addressLocality":"S\u00e3o Paulo","addressRegion":"S\u00e3o Paulo","postalCode":"04746-110","addressCountry":{"@type":"Country","name":"BR"}}}},{"@type":"BreadcrumbList","@id":"https:\/\/www.famivita.com\/fr\/material-adicional-ebook\/#breadcrumb","itemListElement":[{"@type":"ListItem","position":1,"name":"In\u00edcio","item":"https:\/\/www.famivita.com\/"},{"@type":"ListItem","position":2,"name":"Material Adicional &#8211; eBook &#8220;Como Engravidar&#8221;"}]},{"@type":"WebSite","@id":"https:\/\/www.famivita.com\/#website","url":"https:\/\/www.famivita.com\/","name":"Famivita","description":"","potentialAction":[{"@type":"SearchAction","target":{"@type":"EntryPoint","urlTemplate":"https:\/\/www.famivita.com\/?s={search_term_string}"},"query-input":{"@type":"PropertyValueSpecification","valueRequired":true,"valueName":"search_term_string"}}],"inLanguage":"en-US"}]}},"_links":{"self":[{"href":"https:\/\/www.famivita.com\/fr\/wp-json\/wp\/v2\/pages\/5916","targetHints":{"allow":["GET"]}}],"collection":[{"href":"https:\/\/www.famivita.com\/fr\/wp-json\/wp\/v2\/pages"}],"about":[{"href":"https:\/\/www.famivita.com\/fr\/wp-json\/wp\/v2\/types\/page"}],"author":[{"embeddable":true,"href":"https:\/\/www.famivita.com\/fr\/wp-json\/wp\/v2\/users\/3"}],"replies":[{"embeddable":true,"href":"https:\/\/www.famivita.com\/fr\/wp-json\/wp\/v2\/comments?post=5916"}],"version-history":[{"count":1,"href":"https:\/\/www.famivita.com\/fr\/wp-json\/wp\/v2\/pages\/5916\/revisions"}],"predecessor-version":[{"id":150379,"href":"https:\/\/www.famivita.com\/fr\/wp-json\/wp\/v2\/pages\/5916\/revisions\/150379"}],"wp:attachment":[{"href":"https:\/\/www.famivita.com\/fr\/wp-json\/wp\/v2\/media?parent=5916"}],"curies":[{"name":"wp","href":"https:\/\/api.w.org\/{rel}","templated":true}]}}