{"id":836,"date":"2013-04-06T15:13:53","date_gmt":"2013-04-06T18:13:53","guid":{"rendered":"http:\/\/www.trocandofraldas.com.br\/?page_id=836"},"modified":"2022-10-19T23:44:31","modified_gmt":"2022-10-20T02:44:31","slug":"desenvolvimento-fetal","status":"publish","type":"page","link":"https:\/\/www.famivita.com\/fr\/desenvolvimento-fetal\/","title":{"rendered":"Desenvolvimento Fetal"},"content":{"rendered":"<p>Acompanhe aqui o desenvolvimento fetal a partir da primeira semana, desde a fecunda\u00e7\u00e3o at\u00e9 quando a mulher realmente sabe que est\u00e1 gr\u00e1vida. Confira meus posts que sempre tratam de duas semanas da gravidez at\u00e9 o beb\u00ea nascer.<\/p>\n<p><img loading=\"lazy\" decoding=\"async\" class=\"size-full wp-image-434 aligncenter\" title=\"beb\u00ea 6 semanas\" src=\"https:\/\/www.famivita.com\/fr\/wp-content\/uploads\/beb\u00ea-6-semanas.png\" alt=\"\" width=\"214\" height=\"241\" \/><\/p>\n<h3>1\u00ba Trimestre<\/h3>\n<p><strong><a href=\"https:\/\/www.famivita.com\/fr\/desenvolvimento-fetal-no-primeiro-trimestre\/\">1\u00aa a 4\u00aa semana<\/a>:<\/strong> Come\u00e7a aqui mesmo quando nem se imagina o in\u00edcio de uma nova jornada, e uma nova vida surge a partir de 2 c\u00e9lulas apenas, pode ser que voc\u00ea nem saiba, mas j\u00e1 est\u00e1 para descobrir o maior amor do mundo! Acompanhe a partir de agora o desenvolvimento fetal do seu beb\u00ea.<\/p>\n<p><a href=\"https:\/\/www.famivita.com\/fr\/desenvolvimento-fetal-5a-a-6a-semana\/\"><strong>5<sup>a<\/sup> a 6<sup>a<\/sup> semana:<\/strong><\/a> Se voc\u00ea fizer a sua ultrassom nesse est\u00e1gio, provavelmente j\u00e1 vai conseguir ver o que \u00e9 ainda o come\u00e7o do desenvolvimento do seu beb\u00ea, o cora\u00e7\u00e3o come\u00e7a a bater e o desenvolvimento fetal do seu beb\u00ea est\u00e1 a todo vapor!<\/p>\n<p><a title=\"Desenvolvimento Fetal 7a a 8a Semana\" href=\"https:\/\/www.famivita.com\/fr\/desenvolvimento-fetal-7a-e-8a-semana\/\"><strong>7<sup>a<\/sup> a 8<sup>a<\/sup> semana: <\/strong><\/a> Agora seu beb\u00ea j\u00e1 come\u00e7a a desenvolver os dedinhos, e a coluna est\u00e1 sendo formada, o desenvolvimento fetal \u00e9 muito r\u00e1pido e acelerado, cada dia uma novidade.<\/p>\n<p><a title=\"Desenvolvimento Fetal 9a a 10a Semana\" href=\"https:\/\/www.famivita.com\/fr\/desenvolvimento-fetal-9a-a-10a-semana\/\"><strong>9<sup>a<\/sup> a 10<sup>a<\/sup> semana:<\/strong><\/a> Os \u00f3rg\u00e3os sexuais do seu beb\u00ea est\u00e1 sendo formados, mas ainda n\u00e3o \u00e9 poss\u00edvel diferenciar menino ou menina, o desenvolvimento fetal n\u00e3o p\u00e1ra!<\/p>\n<p><a title=\"Desenvolvimento Fetal 11a a 12a Semana\" href=\"https:\/\/www.famivita.com\/fr\/desenvolvimento-feta-11a-e-12a-semana\/\"><strong>11<sup>a<\/sup> a 12<sup>a<\/sup> semana:<\/strong><\/a> Agora a fase de mais risco da gesta\u00e7\u00e3o acaba de passar! A gesta\u00e7\u00e3o acaba de entrar no 2\u00ba trimestre e com ele os enj\u00f4os est\u00e3o indo embora, viva!O desenvolvimento fetal \u00e9 ainda muito intenso, est\u00f4mago e rins se formando e come\u00e7am a funcionar.<\/p>\n<h3>2\u00ba Trimestre<\/h3>\n<p><a title=\"Desenvolvimento Fetal 13a a 14a Semana\" href=\"https:\/\/www.famivita.com\/fr\/desenvolvimento-fetal-13a-e-14a-semana\/\"><strong>13<sup>a<\/sup> a 14<sup>a<\/sup> semana:<\/strong><\/a> \u00c1 partir de agora a sua barriguinha come\u00e7a a despontar e o beb\u00ea j\u00e1 est\u00e1 bem comprido e a apar\u00eancia j\u00e1 \u00e9 de um mini humano,\u00a0 se o medico ainda n\u00e3o pediu a ultrassom para Transluc\u00eancia Nucal , j\u00e1 mais que hora de fazer. Agora o desenvolvimento fetal \u00e9 um pouco mais lento que o da fase inicial.<\/p>\n<p><a title=\"Desenvolvimento Fetal 15a a 16a Semana\" href=\"https:\/\/www.famivita.com\/fr\/desenvolvimento-fetal-15a-e-16a-semana\/\"><strong>15<sup>a<\/sup> a 16<sup>a<\/sup> semana:<\/strong><\/a> J\u00e1 \u00e9 hora de descobrir o sexo! nessa fase \u00e9 visto e d\u00e1 pra destinguir com mais facilidade, menino ou menina? Desenvolvimento fetal e come\u00e7a a aparecer o lanugo.<\/p>\n<p><a title=\"Desenvolvimento Fetal 17a a 18a Semana\" href=\"https:\/\/www.famivita.com\/fr\/desenvolvimento-fetal-17a-e-18a-semanas\/\"><strong>17<sup>a<\/sup> a 18<sup>a<\/sup> semana:<\/strong><\/a> Agora a mam\u00e3e j\u00e1 pode come\u00e7ar a sentir os movimentos do beb\u00ea, no in\u00edcio pode parecer um monte de borboletinhas destro do seu ventre. O desenvolvimento fetal do seu beb\u00ea passa a ser mais evidente tanto na barriguinha como no peso dela que come\u00e7a a ser mais pronunciado.<\/p>\n<p><strong><a title=\"Desenvolvimento Fetal 19a a 20a Semana\" href=\"https:\/\/www.famivita.com\/fr\/desenvolvimento-fetal-19a-e-20a-semana\/\">19<sup>a<\/sup> a 20<sup>a<\/sup> semana:<\/a><\/strong> Metade da gravidez j\u00e1 passou e agora seu beb\u00ea est\u00e1 muito esperto se mexendo muito, chupando dedinhos e se espregui\u00e7ando. Nessa fase j\u00e1 d\u00e1 pra notar o desenvolvimento fetal pela ultrassom morfol\u00f3gica.<\/p>\n<p><strong><a href=\"https:\/\/www.famivita.com\/fr\/desenvolvimento-fetal-21-e-22-semanas\/\">21\u00aa e 22\u00aa semana<\/a><\/strong>: Seu beb\u00ea j\u00e1 pode ouvir a voz da mam\u00e3e e do papai, ele at\u00e9 reconhece os sons externos, as unhas come\u00e7am a crescer mais uma etapa do desenvolvimento fetal.<\/p>\n<p><strong><a href=\"https:\/\/www.famivita.com\/fr\/desenvolvimento-fetal-23a-e-24a-semanas\/\">23\u00aa e 24\u00aa semana<\/a><\/strong>: \u00c9 hora de fazer o enxoval, e agora seu beb\u00ea j\u00e1 pode respirar sozinho quando nascer. Com cerca de 600 gramas, ele chupa m\u00e3ozinha e brinca com os pezinhos, mais duas etapas do desenvolvimento fetal.<\/p>\n<p><a href=\"https:\/\/www.famivita.com\/fr\/desenvolvimento-fetal-25a-e-26a-semana\/\"><strong>25\u00aa e 26\u00aa semana<\/strong>: <\/a>Agora os movimentos j\u00e1 est\u00e3o bem fortes e at\u00e9 o papai pode sentir!<\/p>\n<p><a href=\"https:\/\/www.famivita.com\/fr\/desenvolvimento-fetal-27a-e-28a-semana\/\"><strong>27\u00aa e 28\u00aa semana<\/strong>: <\/a>Todos os \u00f3rg\u00e3os da mam\u00e3e est\u00e3o trabalhando em velocidade m\u00e1xima, cora\u00e7\u00e3o e pulm\u00e3o tem que abastecer 2 organismos com oxig\u00eanio.<\/p>\n<h3>3\u00ba Trimestre<\/h3>\n<p><a href=\"https:\/\/www.famivita.com\/fr\/desenvolvimento-fetal-29a-e-30a-semana\/\"><strong>29\u00aa e 30\u00aa semana:<\/strong> <\/a>Com um <a href=\"https:\/\/www.famivita.com\/fr\/tabela-referencia-tamanho-peso-feto-gravidez\/\">peso e medidas <\/a>que pode surpreender os papais na hora da ultrassom, seus movimentos s\u00e3o muito fortes e todos podem sentir!<\/p>\n<p><strong><a href=\"https:\/\/www.famivita.com\/fr\/desenvolvimento-fetal-31a-e-32a-semana\/\">31\u00aa e 32\u00aa semana:<\/a> <\/strong>Se sentir cansada \u00e9 normal, o seu beb\u00ea pesa cerca de 2 kg! Agora ele apenas ganha peso para o nascimento.<\/p>\n<p><strong>33\u00aa e 34\u00aa semana:<\/strong> O beb\u00ea pode virar nessa fase, agora ele fica na posi\u00e7\u00e3o cef\u00e1lica, de cabe\u00e7a para baixo j\u00e1 se preparando para o parto!<\/p>\n<p><strong><a href=\"https:\/\/www.famivita.com\/fr\/desenvolvimento-fetal-35a-36a-semana\/\" target=\"_self\" rel=\"noopener\">35\u00aa e 36\u00aa semana: <\/a><\/strong>Fase em que a mam\u00e3e apesar de cansada sente-se mais do que presenteada, seu beb\u00ea mexe com vigor e agora o parto j\u00e1 pode ser planejado entre a mam\u00e3e e o m\u00e9dico.<\/p>\n<p><a href=\"https:\/\/www.famivita.com\/fr\/desenvolvimento-fetal-37a-38a-semana\/\" target=\"_self\" rel=\"noopener\"><strong>37\u00aa e 38\u00aa semana<\/strong>:<\/a> Com a aproxima\u00e7\u00e3o do parto a mam\u00e3e pode ficar mais tensa, ent\u00e3o relaxe e aproveite os \u00faltimos momentos da gravidez!<\/p>\n<p><a href=\"https:\/\/www.famivita.com\/fr\/desenvolvimento-fetal-39a-40a-semanas-enfim-parto\/\" target=\"_self\" rel=\"noopener\"><strong>39\u00aa e 40\u00aa semana<\/strong>:<\/a> Enfim o parto! Est\u00e1 preparada para a maior emo\u00e7\u00e3o e o maior amor da sua vida?<\/p>\n<p>&nbsp;<\/p>\n","protected":false},"excerpt":{"rendered":"<p>Acompanhe aqui o desenvolvimento fetal a partir da primeira semana, desde a fecunda\u00e7\u00e3o at\u00e9 quando a mulher realmente sabe que est\u00e1 gr\u00e1vida. Confira meus posts que sempre tratam de duas semanas da gravidez at\u00e9 o beb\u00ea nascer. 1\u00ba Trimestre 1\u00aa a 4\u00aa semana: Come\u00e7a aqui mesmo quando nem se imagina o in\u00edcio de uma nova [&hellip;]<\/p>\n","protected":false},"author":471399,"featured_media":434,"parent":0,"menu_order":0,"comment_status":"open","ping_status":"closed","template":"","meta":{"_acf_changed":false,"footnotes":""},"class_list":["post-836","page","type-page","status-publish","has-post-thumbnail","hentry"],"acf":[],"yoast_head":"<!-- This site is optimized with the Yoast SEO plugin v25.2 - https:\/\/yoast.com\/wordpress\/plugins\/seo\/ -->\n<title>Desenvolvimento Fetal | Famivita<\/title>\n<meta name=\"description\" content=\"Quer saber mais ao redor do desenvolvimento fetal? Entre aqui na Famivita e aproveite das nossas experi\u00eancias de semana a semana.\" \/>\n<meta name=\"robots\" content=\"noindex, follow, max-snippet:-1, max-image-preview:large, max-video-preview:-1\" \/>\n<meta property=\"og:locale\" content=\"en_US\" \/>\n<meta property=\"og:type\" content=\"article\" \/>\n<meta property=\"og:title\" content=\"Desenvolvimento Fetal | Famivita\" \/>\n<meta property=\"og:description\" content=\"Quer saber mais ao redor do desenvolvimento fetal? Entre aqui na Famivita e aproveite das nossas experi\u00eancias de semana a semana.\" \/>\n<meta property=\"og:url\" content=\"https:\/\/www.famivita.com\/fr\/desenvolvimento-fetal\/\" \/>\n<meta property=\"og:site_name\" content=\"Famivita\" \/>\n<meta property=\"article:modified_time\" content=\"2022-10-20T02:44:31+00:00\" \/>\n<meta property=\"og:image\" content=\"https:\/\/www.famivita.com\/fr\/wp-content\/uploads\/beb\u00ea-6-semanas.png\" \/>\n\t<meta property=\"og:image:width\" content=\"257\" \/>\n\t<meta property=\"og:image:height\" content=\"291\" \/>\n\t<meta property=\"og:image:type\" content=\"image\/png\" \/>\n<meta name=\"twitter:card\" content=\"summary_large_image\" \/>\n<meta name=\"twitter:label1\" content=\"Est. reading time\" \/>\n\t<meta name=\"twitter:data1\" content=\"4 minutes\" \/>\n<script type=\"application\/ld+json\" class=\"yoast-schema-graph\">{\"@context\":\"https:\/\/schema.org\",\"@graph\":[{\"@type\":\"WebPage\",\"@id\":\"https:\/\/www.famivita.com\/fr\/desenvolvimento-fetal\/\",\"url\":\"https:\/\/www.famivita.com\/fr\/desenvolvimento-fetal\/\",\"name\":\"Desenvolvimento Fetal | Famivita\",\"isPartOf\":{\"@id\":\"https:\/\/www.famivita.com\/#website\",\"sameAs\":[\"https:\/\/www.instagram.com\/famivita\/\",\"https:\/\/www.facebook.com\/famivita\/\",\"https:\/\/www.youtube.com\/user\/trocandofraldasyt\",\"https:\/\/api.whatsapp.com\/send\/?phone=5511917837433\"]},\"primaryImageOfPage\":{\"@id\":\"https:\/\/www.famivita.com\/fr\/desenvolvimento-fetal\/#primaryimage\"},\"image\":{\"@id\":\"https:\/\/www.famivita.com\/fr\/desenvolvimento-fetal\/#primaryimage\"},\"thumbnailUrl\":\"https:\/\/www.famivita.com\/fr\/wp-content\/uploads\/beb\u00ea-6-semanas.png\",\"datePublished\":\"2013-04-06T18:13:53+00:00\",\"dateModified\":\"2022-10-20T02:44:31+00:00\",\"description\":\"Quer saber mais ao redor do desenvolvimento fetal? Entre aqui na Famivita e aproveite das nossas experi\u00eancias de semana a semana.\",\"breadcrumb\":{\"@id\":\"https:\/\/www.famivita.com\/fr\/desenvolvimento-fetal\/#breadcrumb\"},\"inLanguage\":\"en-US\",\"potentialAction\":[{\"@type\":\"ReadAction\",\"target\":[\"https:\/\/www.famivita.com\/fr\/desenvolvimento-fetal\/\"]}],\"about\":{\"@type\":\"Organization\",\"@id\":\"https:\/\/www.famivita.com.br\/#organization\",\"name\":\"Famivita\",\"logo\":\"https:\/\/www.famivita.com.br\/wp-content\/themes\/storefront-child\/header_footer_html\/images\/logo_mobile2.svg\",\"url\":\"https:\/\/www.famivita.com.br\/\",\"address\":{\"@type\":\"PostalAddress\",\"streetAddress\":\"Rua Benedito Fernandes, 545, Santo Amaro\",\"addressLocality\":\"S\u00e3o Paulo\",\"addressRegion\":\"S\u00e3o Paulo\",\"postalCode\":\"04746-110\",\"addressCountry\":{\"@type\":\"Country\",\"name\":\"BR\"}}}},{\"@type\":\"ImageObject\",\"inLanguage\":\"en-US\",\"@id\":\"https:\/\/www.famivita.com\/fr\/desenvolvimento-fetal\/#primaryimage\",\"url\":\"https:\/\/www.famivita.com\/fr\/wp-content\/uploads\/beb\u00ea-6-semanas.png\",\"contentUrl\":\"https:\/\/www.famivita.com\/fr\/wp-content\/uploads\/beb\u00ea-6-semanas.png\",\"width\":257,\"height\":291},{\"@type\":\"BreadcrumbList\",\"@id\":\"https:\/\/www.famivita.com\/fr\/desenvolvimento-fetal\/#breadcrumb\",\"itemListElement\":[{\"@type\":\"ListItem\",\"position\":1,\"name\":\"In\u00edcio\",\"item\":\"https:\/\/www.famivita.com\/\"},{\"@type\":\"ListItem\",\"position\":2,\"name\":\"Desenvolvimento Fetal\"}]},{\"@type\":\"WebSite\",\"@id\":\"https:\/\/www.famivita.com\/#website\",\"url\":\"https:\/\/www.famivita.com\/\",\"name\":\"Famivita\",\"description\":\"\",\"potentialAction\":[{\"@type\":\"SearchAction\",\"target\":{\"@type\":\"EntryPoint\",\"urlTemplate\":\"https:\/\/www.famivita.com\/?s={search_term_string}\"},\"query-input\":{\"@type\":\"PropertyValueSpecification\",\"valueRequired\":true,\"valueName\":\"search_term_string\"}}],\"inLanguage\":\"en-US\"}]}<\/script>\n<!-- \/ Yoast SEO plugin. -->","yoast_head_json":{"title":"Desenvolvimento Fetal | Famivita","description":"Quer saber mais ao redor do desenvolvimento fetal? Entre aqui na Famivita e aproveite das nossas experi\u00eancias de semana a semana.","robots":{"index":"noindex","follow":"follow","max-snippet":"max-snippet:-1","max-image-preview":"max-image-preview:large","max-video-preview":"max-video-preview:-1"},"og_locale":"en_US","og_type":"article","og_title":"Desenvolvimento Fetal | Famivita","og_description":"Quer saber mais ao redor do desenvolvimento fetal? Entre aqui na Famivita e aproveite das nossas experi\u00eancias de semana a semana.","og_url":"https:\/\/www.famivita.com\/fr\/desenvolvimento-fetal\/","og_site_name":"Famivita","article_modified_time":"2022-10-20T02:44:31+00:00","og_image":[{"width":257,"height":291,"url":"https:\/\/www.famivita.com\/fr\/wp-content\/uploads\/beb\u00ea-6-semanas.png","type":"image\/png"}],"twitter_card":"summary_large_image","twitter_misc":{"Est. reading time":"4 minutes"},"schema":{"@context":"https:\/\/schema.org","@graph":[{"@type":"WebPage","@id":"https:\/\/www.famivita.com\/fr\/desenvolvimento-fetal\/","url":"https:\/\/www.famivita.com\/fr\/desenvolvimento-fetal\/","name":"Desenvolvimento Fetal | Famivita","isPartOf":{"@id":"https:\/\/www.famivita.com\/#website","sameAs":["https:\/\/www.instagram.com\/famivita\/","https:\/\/www.facebook.com\/famivita\/","https:\/\/www.youtube.com\/user\/trocandofraldasyt","https:\/\/api.whatsapp.com\/send\/?phone=5511917837433"]},"primaryImageOfPage":{"@id":"https:\/\/www.famivita.com\/fr\/desenvolvimento-fetal\/#primaryimage"},"image":{"@id":"https:\/\/www.famivita.com\/fr\/desenvolvimento-fetal\/#primaryimage"},"thumbnailUrl":"https:\/\/www.famivita.com\/fr\/wp-content\/uploads\/beb\u00ea-6-semanas.png","datePublished":"2013-04-06T18:13:53+00:00","dateModified":"2022-10-20T02:44:31+00:00","description":"Quer saber mais ao redor do desenvolvimento fetal? Entre aqui na Famivita e aproveite das nossas experi\u00eancias de semana a semana.","breadcrumb":{"@id":"https:\/\/www.famivita.com\/fr\/desenvolvimento-fetal\/#breadcrumb"},"inLanguage":"en-US","potentialAction":[{"@type":"ReadAction","target":["https:\/\/www.famivita.com\/fr\/desenvolvimento-fetal\/"]}],"about":{"@type":"Organization","@id":"https:\/\/www.famivita.com.br\/#organization","name":"Famivita","logo":"https:\/\/www.famivita.com.br\/wp-content\/themes\/storefront-child\/header_footer_html\/images\/logo_mobile2.svg","url":"https:\/\/www.famivita.com.br\/","address":{"@type":"PostalAddress","streetAddress":"Rua Benedito Fernandes, 545, Santo Amaro","addressLocality":"S\u00e3o Paulo","addressRegion":"S\u00e3o Paulo","postalCode":"04746-110","addressCountry":{"@type":"Country","name":"BR"}}}},{"@type":"ImageObject","inLanguage":"en-US","@id":"https:\/\/www.famivita.com\/fr\/desenvolvimento-fetal\/#primaryimage","url":"https:\/\/www.famivita.com\/fr\/wp-content\/uploads\/beb\u00ea-6-semanas.png","contentUrl":"https:\/\/www.famivita.com\/fr\/wp-content\/uploads\/beb\u00ea-6-semanas.png","width":257,"height":291},{"@type":"BreadcrumbList","@id":"https:\/\/www.famivita.com\/fr\/desenvolvimento-fetal\/#breadcrumb","itemListElement":[{"@type":"ListItem","position":1,"name":"In\u00edcio","item":"https:\/\/www.famivita.com\/"},{"@type":"ListItem","position":2,"name":"Desenvolvimento Fetal"}]},{"@type":"WebSite","@id":"https:\/\/www.famivita.com\/#website","url":"https:\/\/www.famivita.com\/","name":"Famivita","description":"","potentialAction":[{"@type":"SearchAction","target":{"@type":"EntryPoint","urlTemplate":"https:\/\/www.famivita.com\/?s={search_term_string}"},"query-input":{"@type":"PropertyValueSpecification","valueRequired":true,"valueName":"search_term_string"}}],"inLanguage":"en-US"}]}},"_links":{"self":[{"href":"https:\/\/www.famivita.com\/fr\/wp-json\/wp\/v2\/pages\/836","targetHints":{"allow":["GET"]}}],"collection":[{"href":"https:\/\/www.famivita.com\/fr\/wp-json\/wp\/v2\/pages"}],"about":[{"href":"https:\/\/www.famivita.com\/fr\/wp-json\/wp\/v2\/types\/page"}],"author":[{"embeddable":true,"href":"https:\/\/www.famivita.com\/fr\/wp-json\/wp\/v2\/users\/471399"}],"replies":[{"embeddable":true,"href":"https:\/\/www.famivita.com\/fr\/wp-json\/wp\/v2\/comments?post=836"}],"version-history":[{"count":2,"href":"https:\/\/www.famivita.com\/fr\/wp-json\/wp\/v2\/pages\/836\/revisions"}],"predecessor-version":[{"id":156313,"href":"https:\/\/www.famivita.com\/fr\/wp-json\/wp\/v2\/pages\/836\/revisions\/156313"}],"wp:featuredmedia":[{"embeddable":true,"href":"https:\/\/www.famivita.com\/fr\/wp-json\/wp\/v2\/media\/434"}],"wp:attachment":[{"href":"https:\/\/www.famivita.com\/fr\/wp-json\/wp\/v2\/media?parent=836"}],"curies":[{"name":"wp","href":"https:\/\/api.w.org\/{rel}","templated":true}]}}