{"id":145021,"date":"2020-03-10T09:56:33","date_gmt":"2020-03-10T12:56:33","guid":{"rendered":"https:\/\/www.famivita.com\/pt\/?page_id=145021"},"modified":"2023-10-02T05:03:39","modified_gmt":"2023-10-02T08:03:39","slug":"estudo-coito-interrompido-como-metodo-contraceptivo","status":"publish","type":"page","link":"https:\/\/www.famivita.com\/pt\/estudo-coito-interrompido-como-metodo-contraceptivo\/","title":{"rendered":"Estudo: Coito Interrompido como m\u00e9todo contraceptivo"},"content":{"rendered":"<div class=\"content-wrapper\">\n<div class=\"container\">\n<div class=\"row\">\n<div id=\"main\" class=\"col-sm-12\">\n<article class=\"article\">\n<section>\n<h1>Estudo: Coito Interrompido como m\u00e9todo contraceptivo<\/h1>\n<div class=\"post-content\">\n<p>Mar\u00e7o de 2020, estudo feito pelo Trocando Fraldas com mais de 3600 brasileiras entre outubro e novembro de 2019: O coito interrompido \u00e9 o ato de o homem retirar o p\u00eanis da vagina antes de ejacular, limitando as chances de o esperma atingir o \u00f3vulo. \u00c9 um m\u00e9todo que n\u00e3o requer muito estudo para entender como funciona, mas uma a\u00e7\u00e3o que deve ser muito pensada antes de ser praticada devido aos riscos que envolve, como doen\u00e7as e at\u00e9 mesmo uma gravidez indesejada.<\/p>\n<p>Al\u00e9m disso, essa pr\u00e1tica n\u00e3o \u00e9 100% segura, tendo em vista que nem todo o esperma \u00e9 liberado na hora do cl\u00edmax. Uma pesquisa feita pela Universidade de Princeton nos Estados Unidos alerta que, para evitar uma gravidez indesejada e a transmiss\u00e3o de doen\u00e7as, o melhor \u00e9 n\u00e3o usar essa t\u00e9cnica. Pois o coito interrompido pode sim engravidar! Mesmo assim, descobrimos em nosso estudo que <strong>33% das mulheres<\/strong> n\u00e3o sabem que o l\u00edquido seminal que sai antes da ejacula\u00e7\u00e3o pode engravidar. Por\u00e9m, o conhecimento sobre esse fato \u00e9 maior nas mulheres entre 30 e 40 anos.<\/p>\n<div class=\"resultbox\">\n<h2>O coito interrompido e a gravidez<\/h2>\n<p>Alguns m\u00e9dicos v\u00eaem o coito interrompido como um m\u00e9todo ineficiente para o controle de natalidade, al\u00e9m de n\u00e3o indicarem essa pr\u00e1tica, tendo em vista que ela pode levar a dist\u00farbios tanto no homem como na mulher.<\/p>\n<p>Por\u00e9m mesmo sabendo sobre essas informa\u00e7\u00f5es, homens e mulheres continuam a pratic\u00e1-la, conforme comprovado pelo estudo, 2 em cada 3 entrevistadas j\u00e1 praticou o coito interrompido como m\u00e9todo contraceptivo. 44% das entrevistadas at\u00e9 j\u00e1 praticaram fora de relacionamento est\u00e1vel.<\/P><\/p>\n<h3 class=\"text-center space-xs\">Voc\u00ea j\u00e1 praticou o coito interrompido?<\/h3>\n<p><img decoding=\"async\" src=\"https:\/\/www.famivita.com\/pt\/wp-content\/themes\/canvas-child-new\/images\/chart-svg\/doughnut-chart7.svg\" class=\"aligncenter\"><\/p>\n<ul class=\"pt20\">\n<li>1 em cada 3 n\u00e3o sabe que \u00e9 poss\u00edvel engravidar com o l\u00edquido que sai antes da ejacula\u00e7\u00e3o durante o coito interrompido.<\/li>\n<li>Por outro lado, 5 em cada 8 mulheres tem medo de engravidar ao adotar o m\u00e9todo.<\/li>\n<li>Esse medo independe da idade das entrevistadas e \u00e9 bem maior nas mulheres que n\u00e3o querem ter filhos, 83%.<\/li>\n<li>26% das entrevistadas at\u00e9 chegaram a engravidar ap\u00f3s um ciclo em que praticaram o coito interrompido.<\/li>\n<li>1 em cada 6 que engravidou ap\u00f3s coito interrompido perdeu o beb\u00ea ou abortou.<\/li>\n<\/ul>\n<h3 class=\"text-center space-sm\">Voc\u00ea engravidou ap\u00f3s praticar o coito interrompido?<\/h3>\n<p><img decoding=\"async\" src=\"https:\/\/www.famivita.com\/pt\/wp-content\/themes\/canvas-child-new\/images\/chart-svg\/doughnut-chart8.svg\" class=\"aligncenter\">\n<\/div>\n<div class=\"chartarea\">\n<h2 class=\"uppercase\">Motivos da realiza\u00e7\u00e3o da pr\u00e1tica<\/h2>\n<ul>\n<li>O principal motivo para a execu\u00e7\u00e3o dessa pr\u00e1tica \u00e9 o fato de que 41% das entrevistadas n\u00e3o gostam de usar camisinha.<\/li>\n<li>Em 1 de cada 6 casos, o parceiro imp\u00f5e a sua vontade por n\u00e3o gostar da camisinha.<\/li>\n<li>A rejei\u00e7\u00e3o da camisinha \u00e9 mais comum entre as faixas et\u00e1rias mais novas.<\/li>\n<li>A avalia\u00e7\u00e3o da n\u00e3o necessidade de algum m\u00e9todo contraceptivo pela mulher, e da camisinha pelos homens aumenta significativamente a partir dos 40 anos, embora uma gravidez seja ainda poss\u00edvel.<\/li>\n<\/ul>\n<h3 class=\"text-center space-sm\">Por quais motivos j\u00e1 optou pelo coito interrompido?<\/h3>\n<p><img decoding=\"async\" src=\"https:\/\/www.famivita.com\/pt\/wp-content\/themes\/canvas-child-new\/images\/chart-svg\/doughnut-chart9.svg\" class=\"aligncenter\">\n<\/div>\n<div class=\"resultbox\">\n<h2>Gravidezes por estado<\/h2>\n<p>No Brasil, educa\u00e7\u00e3o sexual n\u00e3o \u00e9 um assunto f\u00e1cil de ser discutido. Por ser um pa\u00eds imenso, quest\u00f5es culturais, religiosas e pol\u00edticas interferem no esclarecimento da sexualidade. Al\u00e9m disso, existem in\u00fameras discuss\u00f5es sobre os respons\u00e1veis por falar da educa\u00e7\u00e3o sexual: seria a fam\u00edlia ou a escola?<\/p>\n<p>Todas essas caracter\u00edsticas, al\u00e9m da dificuldade da chegada de informa\u00e7\u00e3o nos estados que se consideram do interior, interferem nos percentuais da pr\u00e1tica do coito interrompido e dos casos de gravidezes no pa\u00eds.<\/p>\n<ul class=\"mb10\">\n<li>O <strong>Acre<\/strong> \u00e9 o estado campe\u00e3o da t\u00e9cnica, e <strong>42%<\/strong> das entrevistadas j\u00e1 engravidou com essa pr\u00e1tica.<\/li>\n<li>Em <strong>S\u00e3o Paulo<\/strong> e no <strong>Rio Grande do Sul<\/strong>, menos de <strong>25%<\/strong> das entrevistadas j\u00e1 engravidou ao realizar essa t\u00e9cnica.<\/li>\n<li>J\u00e1 no <strong>Mato Grosso<\/strong> e <strong>Mato Grosso do Sul<\/strong> mais de <strong>30%<\/strong> das mulheres engravidou atrav\u00e9s dessa pr\u00e1tica.<\/li>\n<\/ul>\n<h3 class=\"text-center space-sm\">Ranking das gravidezes indesejada por estado<\/h3>\n<div class=\"four_column_wrap\">\n<ul class=\"four_column\">\n<li><span>1.<\/span>Acre<\/li>\n<li><span>2.<\/span>Mato Grosso do Sul<\/li>\n<li><span>3.<\/span>Sergipe<\/li>\n<li><span>4.<\/span>Mato Grosso<\/li>\n<li><span>5.<\/span>Esp\u00edrito Santo<\/li>\n<li><span>6.<\/span>Amazonas<\/li>\n<li><span>7.<\/span>Amap\u00e1<\/li>\n<\/ul>\n<ul class=\"custom_design four_column\">\n<li><span>8.<\/span>Pernambuco<\/li>\n<li><span>9.<\/span>Tocantins<\/li>\n<li><span>10.<\/span>Rond\u00f4nia<\/li>\n<li><span>11.<\/span>Par\u00e1<\/li>\n<li><span>12.<\/span>Alagoas<\/li>\n<li><span>13.<\/span>Goi\u00e1s<\/li>\n<li><span>14.<\/span>Paran\u00e1<\/li>\n<\/ul>\n<ul class=\"custom_design four_column\">\n<li><span>15.<\/span>Maranh\u00e3o<\/li>\n<li><span>16.<\/span>Rio de Janeiro<\/li>\n<li><span>17.<\/span>Para\u00edba<\/li>\n<li><span>18.<\/span>Piau\u00ed<\/li>\n<li><span>19.<\/span>Cear\u00e1<\/li>\n<li><span>20.<\/span>S\u00e3o Paulo<\/li>\n<li><span>21.<\/span>Minas Gerais<\/li>\n<\/ul>\n<ul class=\"custom_design four_column\">\n<li><span>22.<\/span>Bahia<\/li>\n<li><span>23.<\/span>Santa Catarina<\/li>\n<li><span>24.<\/span>Rora\u00edma<\/li>\n<li><span>25.<\/span>Rio Grande do Norte<\/li>\n<li><span>26.<\/span>Distrito Federal<\/li>\n<li><span>27.<\/span>Rio Grande do Sul<\/li>\n<\/ul>\n<\/div>\n<\/div>\n<div class=\"chartarea\">\n<h2>Pr\u00e1tica de coito interrompido pelo Brasil<\/h2>\n<ul class=\"mb10\">\n<li>Novamente o <strong>Acre<\/strong> \u00e9 o estado campe\u00e3o, com o maior n\u00famero de pessoas que realizam o coito interrompido, <strong>79%.<\/strong><\/li>\n<li>No <strong>Rio de Janeiro, Mato Grosso<\/strong> e <strong>Goi\u00e1s<\/strong>, mais de <strong>70%<\/strong> das mulheres j\u00e1 utilizou essa t\u00e9cnica.<\/li>\n<li>J\u00e1 no <strong>Esp\u00edrito Santo, Amap\u00e1<\/strong> e <strong>Roraima<\/strong>, o n\u00famero \u00e9 baixo, e menos da metade pratica a t\u00e9cnica.<\/li>\n<\/ul>\n<h3 class=\"text-center space-sm\">\u00cdndice da pr\u00e1tica de coito interrompido por estado<\/h3>\n<p><img decoding=\"async\" src=\"https:\/\/www.famivita.com\/pt\/wp-content\/themes\/canvas-child-new\/images\/chart-svg\/bar-chart2.svg\" class=\"aligncenter\">\n<\/div>\n<div class=\"resultbox\">\n<h2>M\u00e9todo de Pesquisa<\/h2>\n<p>O estudo teve abrang\u00eancia nacional e foi realizado com aproximadamente 3600 entrevistadas em outubro e novembro de 2019. O m\u00e9todo de coleta de dados foi feito por meio de question\u00e1rio em formul\u00e1rio na internet.<\/p>\n<h3>As seguintes quest\u00f5es foram abordadas:<\/h3>\n<ul class=\"border\">\n<li>Voc\u00ea j\u00e1 praticou o coito interrompido (rela\u00e7\u00e3o desprotegida com ejacula\u00e7\u00e3o fora)?<\/li>\n<li>Voc\u00ea j\u00e1 praticou o coito interrompido fora de um relacionamento est\u00e1vel?<\/li>\n<li>Por quais motivos j\u00e1 optou pelo coito interrompido?<\/li>\n<li>Voc\u00ea teve medo de engravidar ao usar o coito interrompido?<\/li>\n<li>Voc\u00ea engravidou ap\u00f3s praticar o coito interrompido?<\/li>\n<li>Voc\u00ea sabia que o l\u00edquido que sai do p\u00eanis antes da ejacula\u00e7\u00e3o pode engravidar?<\/li>\n<\/ul>\n<p>Para efeitos de comprar os resultados entre regi\u00f5es e estados, as respostas das perguntas afirmativas foram contabilizadas em n\u00fameros, 1 para \u201csim\u201d e 0 para \u201cn\u00e3o\u201d. Algumas perguntas, com objetivo de obter resultados mais qualitativos, foram elaboradas com mais op\u00e7\u00f5es.<\/p>\n<\/div><\/div>\n<\/section>\n<\/article><\/div>\n<\/p><\/div>\n<\/p><\/div>\n<\/div>\n","protected":false},"excerpt":{"rendered":"<p>Estudo: Coito Interrompido como m\u00e9todo contraceptivo Mar\u00e7o de 2020, estudo feito pelo Trocando Fraldas com mais de 3600 brasileiras entre outubro e novembro de 2019: O coito interrompido \u00e9 o ato de o homem retirar o p\u00eanis da vagina antes de ejacular, limitando as chances de o esperma atingir o \u00f3vulo. \u00c9 um m\u00e9todo que [&hellip;]<\/p>\n","protected":false},"author":471399,"featured_media":0,"parent":0,"menu_order":0,"comment_status":"closed","ping_status":"closed","template":"page-templates\/tpl-chart.php","meta":{"_acf_changed":false,"footnotes":""},"class_list":["post-145021","page","type-page","status-publish","hentry"],"acf":[],"yoast_head":"<!-- This site is optimized with the Yoast SEO plugin v26.3 - https:\/\/yoast.com\/wordpress\/plugins\/seo\/ -->\n<title>Estudo: Coito Interrompido como m\u00e9todo contraceptivo | Famivita<\/title>\n<meta name=\"robots\" content=\"index, follow, max-snippet:-1, max-image-preview:large, max-video-preview:-1\" \/>\n<link rel=\"canonical\" href=\"https:\/\/www.famivita.com\/pt\/estudo-coito-interrompido-como-metodo-contraceptivo\/\" \/>\n<meta property=\"og:locale\" content=\"pt_PT\" \/>\n<meta property=\"og:type\" content=\"article\" \/>\n<meta property=\"og:title\" content=\"Estudo: Coito Interrompido como m\u00e9todo contraceptivo | Famivita\" \/>\n<meta property=\"og:description\" content=\"Estudo: Coito Interrompido como m\u00e9todo contraceptivo Mar\u00e7o de 2020, estudo feito pelo Trocando Fraldas com mais de 3600 brasileiras entre outubro e novembro de 2019: O coito interrompido \u00e9 o ato de o homem retirar o p\u00eanis da vagina antes de ejacular, limitando as chances de o esperma atingir o \u00f3vulo. \u00c9 um m\u00e9todo que [&hellip;]\" \/>\n<meta property=\"og:url\" content=\"https:\/\/www.famivita.com\/pt\/estudo-coito-interrompido-como-metodo-contraceptivo\/\" \/>\n<meta property=\"og:site_name\" content=\"Famivita\" \/>\n<meta property=\"article:modified_time\" content=\"2023-10-02T08:03:39+00:00\" \/>\n<meta property=\"og:image\" content=\"https:\/\/www.famivita.com\/pt\/wp-content\/themes\/canvas-child-new\/images\/chart-svg\/doughnut-chart7.svg\" \/>\n<meta name=\"twitter:card\" content=\"summary_large_image\" \/>\n<meta name=\"twitter:label1\" content=\"Tempo estimado de leitura\" \/>\n\t<meta name=\"twitter:data1\" content=\"5 minutos\" \/>\n<script type=\"application\/ld+json\" class=\"yoast-schema-graph\">{\"@context\":\"https:\/\/schema.org\",\"@graph\":[{\"@type\":\"WebPage\",\"@id\":\"https:\/\/www.famivita.com\/pt\/estudo-coito-interrompido-como-metodo-contraceptivo\/\",\"url\":\"https:\/\/www.famivita.com\/pt\/estudo-coito-interrompido-como-metodo-contraceptivo\/\",\"name\":\"Estudo: Coito Interrompido como m\u00e9todo contraceptivo | Famivita\",\"isPartOf\":{\"@id\":\"https:\/\/www.famivita.com\/pt\/#website\",\"sameAs\":[\"https:\/\/www.instagram.com\/famivita\/\",\"https:\/\/www.facebook.com\/famivita\/\",\"https:\/\/www.youtube.com\/user\/trocandofraldasyt\",\"https:\/\/api.whatsapp.com\/send\/?phone=5511917837433\"]},\"primaryImageOfPage\":{\"@id\":\"https:\/\/www.famivita.com\/pt\/estudo-coito-interrompido-como-metodo-contraceptivo\/#primaryimage\"},\"image\":{\"@id\":\"https:\/\/www.famivita.com\/pt\/estudo-coito-interrompido-como-metodo-contraceptivo\/#primaryimage\"},\"thumbnailUrl\":\"https:\/\/www.famivita.com\/pt\/wp-content\/themes\/canvas-child-new\/images\/chart-svg\/doughnut-chart7.svg\",\"datePublished\":\"2020-03-10T12:56:33+00:00\",\"dateModified\":\"2023-10-02T08:03:39+00:00\",\"breadcrumb\":{\"@id\":\"https:\/\/www.famivita.com\/pt\/estudo-coito-interrompido-como-metodo-contraceptivo\/#breadcrumb\"},\"inLanguage\":\"pt-PT\",\"potentialAction\":[{\"@type\":\"ReadAction\",\"target\":[\"https:\/\/www.famivita.com\/pt\/estudo-coito-interrompido-como-metodo-contraceptivo\/\"]}],\"about\":{\"@type\":\"Organization\",\"@id\":\"https:\/\/www.famivita.com.br\/#organization\",\"name\":\"Famivita\",\"logo\":\"https:\/\/www.famivita.com.br\/wp-content\/themes\/storefront-child\/header_footer_html\/images\/logo_mobile2.svg\",\"url\":\"https:\/\/www.famivita.com.br\/\",\"address\":{\"@type\":\"PostalAddress\",\"streetAddress\":\"Rua Benedito Fernandes, 545, Santo Amaro\",\"addressLocality\":\"S\u00e3o Paulo\",\"addressRegion\":\"S\u00e3o Paulo\",\"postalCode\":\"04746-110\",\"addressCountry\":{\"@type\":\"Country\",\"name\":\"BR\"}}}},{\"@type\":\"ImageObject\",\"inLanguage\":\"pt-PT\",\"@id\":\"https:\/\/www.famivita.com\/pt\/estudo-coito-interrompido-como-metodo-contraceptivo\/#primaryimage\",\"url\":\"https:\/\/www.famivita.com\/pt\/wp-content\/themes\/canvas-child-new\/images\/chart-svg\/doughnut-chart7.svg\",\"contentUrl\":\"https:\/\/www.famivita.com\/pt\/wp-content\/themes\/canvas-child-new\/images\/chart-svg\/doughnut-chart7.svg\"},{\"@type\":\"BreadcrumbList\",\"@id\":\"https:\/\/www.famivita.com\/pt\/estudo-coito-interrompido-como-metodo-contraceptivo\/#breadcrumb\",\"itemListElement\":[{\"@type\":\"ListItem\",\"position\":1,\"name\":\"In\u00edcio\",\"item\":\"https:\/\/www.famivita.com\/pt\/\"},{\"@type\":\"ListItem\",\"position\":2,\"name\":\"Estudo: Coito Interrompido como m\u00e9todo contraceptivo\"}]},{\"@type\":\"WebSite\",\"@id\":\"https:\/\/www.famivita.com\/pt\/#website\",\"url\":\"https:\/\/www.famivita.com\/pt\/\",\"name\":\"Famivita\",\"description\":\"\",\"potentialAction\":[{\"@type\":\"SearchAction\",\"target\":{\"@type\":\"EntryPoint\",\"urlTemplate\":\"https:\/\/www.famivita.com\/pt\/?s={search_term_string}\"},\"query-input\":{\"@type\":\"PropertyValueSpecification\",\"valueRequired\":true,\"valueName\":\"search_term_string\"}}],\"inLanguage\":\"pt-PT\"}]}<\/script>\n<!-- \/ Yoast SEO plugin. -->","yoast_head_json":{"title":"Estudo: Coito Interrompido como m\u00e9todo contraceptivo | Famivita","robots":{"index":"index","follow":"follow","max-snippet":"max-snippet:-1","max-image-preview":"max-image-preview:large","max-video-preview":"max-video-preview:-1"},"canonical":"https:\/\/www.famivita.com\/pt\/estudo-coito-interrompido-como-metodo-contraceptivo\/","og_locale":"pt_PT","og_type":"article","og_title":"Estudo: Coito Interrompido como m\u00e9todo contraceptivo | Famivita","og_description":"Estudo: Coito Interrompido como m\u00e9todo contraceptivo Mar\u00e7o de 2020, estudo feito pelo Trocando Fraldas com mais de 3600 brasileiras entre outubro e novembro de 2019: O coito interrompido \u00e9 o ato de o homem retirar o p\u00eanis da vagina antes de ejacular, limitando as chances de o esperma atingir o \u00f3vulo. \u00c9 um m\u00e9todo que [&hellip;]","og_url":"https:\/\/www.famivita.com\/pt\/estudo-coito-interrompido-como-metodo-contraceptivo\/","og_site_name":"Famivita","article_modified_time":"2023-10-02T08:03:39+00:00","og_image":[{"url":"https:\/\/www.famivita.com\/pt\/wp-content\/themes\/canvas-child-new\/images\/chart-svg\/doughnut-chart7.svg","type":"","width":"","height":""}],"twitter_card":"summary_large_image","twitter_misc":{"Tempo estimado de leitura":"5 minutos"},"schema":{"@context":"https:\/\/schema.org","@graph":[{"@type":"WebPage","@id":"https:\/\/www.famivita.com\/pt\/estudo-coito-interrompido-como-metodo-contraceptivo\/","url":"https:\/\/www.famivita.com\/pt\/estudo-coito-interrompido-como-metodo-contraceptivo\/","name":"Estudo: Coito Interrompido como m\u00e9todo contraceptivo | Famivita","isPartOf":{"@id":"https:\/\/www.famivita.com\/pt\/#website","sameAs":["https:\/\/www.instagram.com\/famivita\/","https:\/\/www.facebook.com\/famivita\/","https:\/\/www.youtube.com\/user\/trocandofraldasyt","https:\/\/api.whatsapp.com\/send\/?phone=5511917837433"]},"primaryImageOfPage":{"@id":"https:\/\/www.famivita.com\/pt\/estudo-coito-interrompido-como-metodo-contraceptivo\/#primaryimage"},"image":{"@id":"https:\/\/www.famivita.com\/pt\/estudo-coito-interrompido-como-metodo-contraceptivo\/#primaryimage"},"thumbnailUrl":"https:\/\/www.famivita.com\/pt\/wp-content\/themes\/canvas-child-new\/images\/chart-svg\/doughnut-chart7.svg","datePublished":"2020-03-10T12:56:33+00:00","dateModified":"2023-10-02T08:03:39+00:00","breadcrumb":{"@id":"https:\/\/www.famivita.com\/pt\/estudo-coito-interrompido-como-metodo-contraceptivo\/#breadcrumb"},"inLanguage":"pt-PT","potentialAction":[{"@type":"ReadAction","target":["https:\/\/www.famivita.com\/pt\/estudo-coito-interrompido-como-metodo-contraceptivo\/"]}],"about":{"@type":"Organization","@id":"https:\/\/www.famivita.com.br\/#organization","name":"Famivita","logo":"https:\/\/www.famivita.com.br\/wp-content\/themes\/storefront-child\/header_footer_html\/images\/logo_mobile2.svg","url":"https:\/\/www.famivita.com.br\/","address":{"@type":"PostalAddress","streetAddress":"Rua Benedito Fernandes, 545, Santo Amaro","addressLocality":"S\u00e3o Paulo","addressRegion":"S\u00e3o Paulo","postalCode":"04746-110","addressCountry":{"@type":"Country","name":"BR"}}}},{"@type":"ImageObject","inLanguage":"pt-PT","@id":"https:\/\/www.famivita.com\/pt\/estudo-coito-interrompido-como-metodo-contraceptivo\/#primaryimage","url":"https:\/\/www.famivita.com\/pt\/wp-content\/themes\/canvas-child-new\/images\/chart-svg\/doughnut-chart7.svg","contentUrl":"https:\/\/www.famivita.com\/pt\/wp-content\/themes\/canvas-child-new\/images\/chart-svg\/doughnut-chart7.svg"},{"@type":"BreadcrumbList","@id":"https:\/\/www.famivita.com\/pt\/estudo-coito-interrompido-como-metodo-contraceptivo\/#breadcrumb","itemListElement":[{"@type":"ListItem","position":1,"name":"In\u00edcio","item":"https:\/\/www.famivita.com\/pt\/"},{"@type":"ListItem","position":2,"name":"Estudo: Coito Interrompido como m\u00e9todo contraceptivo"}]},{"@type":"WebSite","@id":"https:\/\/www.famivita.com\/pt\/#website","url":"https:\/\/www.famivita.com\/pt\/","name":"Famivita","description":"","potentialAction":[{"@type":"SearchAction","target":{"@type":"EntryPoint","urlTemplate":"https:\/\/www.famivita.com\/pt\/?s={search_term_string}"},"query-input":{"@type":"PropertyValueSpecification","valueRequired":true,"valueName":"search_term_string"}}],"inLanguage":"pt-PT"}]}},"_links":{"self":[{"href":"https:\/\/www.famivita.com\/pt\/wp-json\/wp\/v2\/pages\/145021","targetHints":{"allow":["GET"]}}],"collection":[{"href":"https:\/\/www.famivita.com\/pt\/wp-json\/wp\/v2\/pages"}],"about":[{"href":"https:\/\/www.famivita.com\/pt\/wp-json\/wp\/v2\/types\/page"}],"author":[{"embeddable":true,"href":"https:\/\/www.famivita.com\/pt\/wp-json\/wp\/v2\/users\/471399"}],"replies":[{"embeddable":true,"href":"https:\/\/www.famivita.com\/pt\/wp-json\/wp\/v2\/comments?post=145021"}],"version-history":[{"count":6,"href":"https:\/\/www.famivita.com\/pt\/wp-json\/wp\/v2\/pages\/145021\/revisions"}],"predecessor-version":[{"id":145027,"href":"https:\/\/www.famivita.com\/pt\/wp-json\/wp\/v2\/pages\/145021\/revisions\/145027"}],"wp:attachment":[{"href":"https:\/\/www.famivita.com\/pt\/wp-json\/wp\/v2\/media?parent=145021"}],"curies":[{"name":"wp","href":"https:\/\/api.w.org\/{rel}","templated":true}]}}