{"id":149321,"date":"2020-11-04T01:25:09","date_gmt":"2020-11-04T04:25:09","guid":{"rendered":"https:\/\/www.famivita.com\/pt\/?page_id=149321"},"modified":"2022-07-06T07:02:42","modified_gmt":"2022-07-06T10:02:42","slug":"anuncie-conosco","status":"publish","type":"page","link":"https:\/\/www.famivita.com\/pt\/anuncie-conosco\/","title":{"rendered":"Anuncie Conosco"},"content":{"rendered":"<hr class=\"break break20\"\/>\n<p>O Trocando Fraldas est\u00e1 sempre aberto para parcerias. Com mais de 4 milh\u00f5es de usu\u00e1rios mensais (90% mulheres) no Brasil somos o maior portal de maternidade, gravidez e fertilidade do pa\u00eds. Por favor envie solicita\u00e7\u00f5es de parcerias para:<\/p>\n<p><img decoding=\"async\" width=\"310\" src=\"https:\/\/www.famivita.com\/pt\/wp-content\/themes\/canvas-child-new\/images\/parcerias.svg\" \/><\/p>\n<hr class=\"break break50\"\/>\n","protected":false},"excerpt":{"rendered":"<p>O Trocando Fraldas est\u00e1 sempre aberto para parcerias. Com mais de 4 milh\u00f5es de usu\u00e1rios mensais (90% mulheres) no Brasil somos o maior portal de maternidade, gravidez e fertilidade do pa\u00eds. Por favor envie solicita\u00e7\u00f5es de parcerias para:<\/p>\n","protected":false},"author":471399,"featured_media":0,"parent":0,"menu_order":0,"comment_status":"closed","ping_status":"closed","template":"page-templates\/full-width-page.php","meta":{"_acf_changed":false,"footnotes":""},"class_list":["post-149321","page","type-page","status-publish","hentry"],"acf":[],"yoast_head":"<!-- This site is optimized with the Yoast SEO plugin v26.3 - https:\/\/yoast.com\/wordpress\/plugins\/seo\/ -->\n<title>Anuncie Conosco | Famivita<\/title>\n<meta name=\"robots\" content=\"index, follow, max-snippet:-1, max-image-preview:large, max-video-preview:-1\" \/>\n<link rel=\"canonical\" href=\"https:\/\/www.famivita.com\/pt\/anuncie-conosco\/\" \/>\n<meta property=\"og:locale\" content=\"pt_PT\" \/>\n<meta property=\"og:type\" content=\"article\" \/>\n<meta property=\"og:title\" content=\"Anuncie Conosco | Famivita\" \/>\n<meta property=\"og:description\" content=\"O Trocando Fraldas est\u00e1 sempre aberto para parcerias. Com mais de 4 milh\u00f5es de usu\u00e1rios mensais (90% mulheres) no Brasil somos o maior portal de maternidade, gravidez e fertilidade do pa\u00eds. Por favor envie solicita\u00e7\u00f5es de parcerias para:\" \/>\n<meta property=\"og:url\" content=\"https:\/\/www.famivita.com\/pt\/anuncie-conosco\/\" \/>\n<meta property=\"og:site_name\" content=\"Famivita\" \/>\n<meta property=\"article:modified_time\" content=\"2022-07-06T10:02:42+00:00\" \/>\n<meta property=\"og:image\" content=\"https:\/\/www.famivita.com\/pt\/wp-content\/themes\/canvas-child-new\/images\/parcerias.svg\" \/>\n<meta name=\"twitter:card\" content=\"summary_large_image\" \/>\n<script type=\"application\/ld+json\" class=\"yoast-schema-graph\">{\"@context\":\"https:\/\/schema.org\",\"@graph\":[{\"@type\":\"WebPage\",\"@id\":\"https:\/\/www.famivita.com\/pt\/anuncie-conosco\/\",\"url\":\"https:\/\/www.famivita.com\/pt\/anuncie-conosco\/\",\"name\":\"Anuncie Conosco | Famivita\",\"isPartOf\":{\"@id\":\"https:\/\/www.famivita.com\/pt\/#website\",\"sameAs\":[\"https:\/\/www.instagram.com\/famivita\/\",\"https:\/\/www.facebook.com\/famivita\/\",\"https:\/\/www.youtube.com\/user\/trocandofraldasyt\",\"https:\/\/api.whatsapp.com\/send\/?phone=5511917837433\"]},\"primaryImageOfPage\":{\"@id\":\"https:\/\/www.famivita.com\/pt\/anuncie-conosco\/#primaryimage\"},\"image\":{\"@id\":\"https:\/\/www.famivita.com\/pt\/anuncie-conosco\/#primaryimage\"},\"thumbnailUrl\":\"https:\/\/www.famivita.com\/pt\/wp-content\/themes\/canvas-child-new\/images\/parcerias.svg\",\"datePublished\":\"2020-11-04T04:25:09+00:00\",\"dateModified\":\"2022-07-06T10:02:42+00:00\",\"breadcrumb\":{\"@id\":\"https:\/\/www.famivita.com\/pt\/anuncie-conosco\/#breadcrumb\"},\"inLanguage\":\"pt-PT\",\"potentialAction\":[{\"@type\":\"ReadAction\",\"target\":[\"https:\/\/www.famivita.com\/pt\/anuncie-conosco\/\"]}],\"about\":{\"@type\":\"Organization\",\"@id\":\"https:\/\/www.famivita.com.br\/#organization\",\"name\":\"Famivita\",\"logo\":\"https:\/\/www.famivita.com.br\/wp-content\/themes\/storefront-child\/header_footer_html\/images\/logo_mobile2.svg\",\"url\":\"https:\/\/www.famivita.com.br\/\",\"address\":{\"@type\":\"PostalAddress\",\"streetAddress\":\"Rua Benedito Fernandes, 545, Santo Amaro\",\"addressLocality\":\"S\u00e3o Paulo\",\"addressRegion\":\"S\u00e3o Paulo\",\"postalCode\":\"04746-110\",\"addressCountry\":{\"@type\":\"Country\",\"name\":\"BR\"}}}},{\"@type\":\"ImageObject\",\"inLanguage\":\"pt-PT\",\"@id\":\"https:\/\/www.famivita.com\/pt\/anuncie-conosco\/#primaryimage\",\"url\":\"https:\/\/www.famivita.com\/pt\/wp-content\/themes\/canvas-child-new\/images\/parcerias.svg\",\"contentUrl\":\"https:\/\/www.famivita.com\/pt\/wp-content\/themes\/canvas-child-new\/images\/parcerias.svg\"},{\"@type\":\"BreadcrumbList\",\"@id\":\"https:\/\/www.famivita.com\/pt\/anuncie-conosco\/#breadcrumb\",\"itemListElement\":[{\"@type\":\"ListItem\",\"position\":1,\"name\":\"In\u00edcio\",\"item\":\"https:\/\/www.famivita.com\/pt\/\"},{\"@type\":\"ListItem\",\"position\":2,\"name\":\"Anuncie Conosco\"}]},{\"@type\":\"WebSite\",\"@id\":\"https:\/\/www.famivita.com\/pt\/#website\",\"url\":\"https:\/\/www.famivita.com\/pt\/\",\"name\":\"Famivita\",\"description\":\"\",\"potentialAction\":[{\"@type\":\"SearchAction\",\"target\":{\"@type\":\"EntryPoint\",\"urlTemplate\":\"https:\/\/www.famivita.com\/pt\/?s={search_term_string}\"},\"query-input\":{\"@type\":\"PropertyValueSpecification\",\"valueRequired\":true,\"valueName\":\"search_term_string\"}}],\"inLanguage\":\"pt-PT\"}]}<\/script>\n<!-- \/ Yoast SEO plugin. -->","yoast_head_json":{"title":"Anuncie Conosco | Famivita","robots":{"index":"index","follow":"follow","max-snippet":"max-snippet:-1","max-image-preview":"max-image-preview:large","max-video-preview":"max-video-preview:-1"},"canonical":"https:\/\/www.famivita.com\/pt\/anuncie-conosco\/","og_locale":"pt_PT","og_type":"article","og_title":"Anuncie Conosco | Famivita","og_description":"O Trocando Fraldas est\u00e1 sempre aberto para parcerias. Com mais de 4 milh\u00f5es de usu\u00e1rios mensais (90% mulheres) no Brasil somos o maior portal de maternidade, gravidez e fertilidade do pa\u00eds. Por favor envie solicita\u00e7\u00f5es de parcerias para:","og_url":"https:\/\/www.famivita.com\/pt\/anuncie-conosco\/","og_site_name":"Famivita","article_modified_time":"2022-07-06T10:02:42+00:00","og_image":[{"url":"https:\/\/www.famivita.com\/pt\/wp-content\/themes\/canvas-child-new\/images\/parcerias.svg","type":"","width":"","height":""}],"twitter_card":"summary_large_image","schema":{"@context":"https:\/\/schema.org","@graph":[{"@type":"WebPage","@id":"https:\/\/www.famivita.com\/pt\/anuncie-conosco\/","url":"https:\/\/www.famivita.com\/pt\/anuncie-conosco\/","name":"Anuncie Conosco | Famivita","isPartOf":{"@id":"https:\/\/www.famivita.com\/pt\/#website","sameAs":["https:\/\/www.instagram.com\/famivita\/","https:\/\/www.facebook.com\/famivita\/","https:\/\/www.youtube.com\/user\/trocandofraldasyt","https:\/\/api.whatsapp.com\/send\/?phone=5511917837433"]},"primaryImageOfPage":{"@id":"https:\/\/www.famivita.com\/pt\/anuncie-conosco\/#primaryimage"},"image":{"@id":"https:\/\/www.famivita.com\/pt\/anuncie-conosco\/#primaryimage"},"thumbnailUrl":"https:\/\/www.famivita.com\/pt\/wp-content\/themes\/canvas-child-new\/images\/parcerias.svg","datePublished":"2020-11-04T04:25:09+00:00","dateModified":"2022-07-06T10:02:42+00:00","breadcrumb":{"@id":"https:\/\/www.famivita.com\/pt\/anuncie-conosco\/#breadcrumb"},"inLanguage":"pt-PT","potentialAction":[{"@type":"ReadAction","target":["https:\/\/www.famivita.com\/pt\/anuncie-conosco\/"]}],"about":{"@type":"Organization","@id":"https:\/\/www.famivita.com.br\/#organization","name":"Famivita","logo":"https:\/\/www.famivita.com.br\/wp-content\/themes\/storefront-child\/header_footer_html\/images\/logo_mobile2.svg","url":"https:\/\/www.famivita.com.br\/","address":{"@type":"PostalAddress","streetAddress":"Rua Benedito Fernandes, 545, Santo Amaro","addressLocality":"S\u00e3o Paulo","addressRegion":"S\u00e3o Paulo","postalCode":"04746-110","addressCountry":{"@type":"Country","name":"BR"}}}},{"@type":"ImageObject","inLanguage":"pt-PT","@id":"https:\/\/www.famivita.com\/pt\/anuncie-conosco\/#primaryimage","url":"https:\/\/www.famivita.com\/pt\/wp-content\/themes\/canvas-child-new\/images\/parcerias.svg","contentUrl":"https:\/\/www.famivita.com\/pt\/wp-content\/themes\/canvas-child-new\/images\/parcerias.svg"},{"@type":"BreadcrumbList","@id":"https:\/\/www.famivita.com\/pt\/anuncie-conosco\/#breadcrumb","itemListElement":[{"@type":"ListItem","position":1,"name":"In\u00edcio","item":"https:\/\/www.famivita.com\/pt\/"},{"@type":"ListItem","position":2,"name":"Anuncie Conosco"}]},{"@type":"WebSite","@id":"https:\/\/www.famivita.com\/pt\/#website","url":"https:\/\/www.famivita.com\/pt\/","name":"Famivita","description":"","potentialAction":[{"@type":"SearchAction","target":{"@type":"EntryPoint","urlTemplate":"https:\/\/www.famivita.com\/pt\/?s={search_term_string}"},"query-input":{"@type":"PropertyValueSpecification","valueRequired":true,"valueName":"search_term_string"}}],"inLanguage":"pt-PT"}]}},"_links":{"self":[{"href":"https:\/\/www.famivita.com\/pt\/wp-json\/wp\/v2\/pages\/149321","targetHints":{"allow":["GET"]}}],"collection":[{"href":"https:\/\/www.famivita.com\/pt\/wp-json\/wp\/v2\/pages"}],"about":[{"href":"https:\/\/www.famivita.com\/pt\/wp-json\/wp\/v2\/types\/page"}],"author":[{"embeddable":true,"href":"https:\/\/www.famivita.com\/pt\/wp-json\/wp\/v2\/users\/471399"}],"replies":[{"embeddable":true,"href":"https:\/\/www.famivita.com\/pt\/wp-json\/wp\/v2\/comments?post=149321"}],"version-history":[{"count":13,"href":"https:\/\/www.famivita.com\/pt\/wp-json\/wp\/v2\/pages\/149321\/revisions"}],"predecessor-version":[{"id":149454,"href":"https:\/\/www.famivita.com\/pt\/wp-json\/wp\/v2\/pages\/149321\/revisions\/149454"}],"wp:attachment":[{"href":"https:\/\/www.famivita.com\/pt\/wp-json\/wp\/v2\/media?parent=149321"}],"curies":[{"name":"wp","href":"https:\/\/api.w.org\/{rel}","templated":true}]}}