{"id":150447,"date":"2021-04-26T03:51:24","date_gmt":"2021-04-26T06:51:24","guid":{"rendered":"https:\/\/www.famivita.com\/pt\/?page_id=150447"},"modified":"2022-07-06T07:02:49","modified_gmt":"2022-07-06T10:02:49","slug":"estudo-periodo-menstrual","status":"publish","type":"page","link":"https:\/\/www.famivita.com\/pt\/estudo-periodo-menstrual\/","title":{"rendered":"Estudo: Per\u00edodo menstrual"},"content":{"rendered":"<div class=\"content-wrapper\">\n<div class=\"container\">\n<div class=\"row\">\n<div id=\"main\" class=\"col-sm-12\">\n<article class=\"article\">\n<section>\n<h1>Estudo: Per\u00edodo menstrual<\/h1>\n<div class=\"post-content\">\n<p class=\"chart_subhead\">Como afeta a qualidade de vida<\/p>\n<div class=\"resultbox\">\n<p><strong class=\"list_bg\">Abril de 2021, estudo feito pelo Trocando Fraldas com mais de 6.700 mulheres entre 8 e 12 de abril de 2021:<\/strong> Todos os meses o \u00fatero da mulher cria um revestimento interno, o endom\u00e9trio, para aninhar o embri\u00e3o. Por\u00e9m, se a fecunda\u00e7\u00e3o do espermatozoide n\u00e3o acontecer, esse revestimento \u00e9 descartado, fazendo com que a mulher menstrue. E a menstrua\u00e7\u00e3o pode trazer muitos desconfortos, como a mudan\u00e7a de humor, mal-estar, dores de cabe\u00e7a e costas, indisposi\u00e7\u00e3o, reten\u00e7\u00e3o de l\u00edquido e a t\u00e3o temida c\u00f3lica.<\/p>\n<p>A c\u00f3lica \u00e9 uma dor no baixo ventre, que tem intensidade vari\u00e1vel, e se irradia para as costas e membros inferiores, durante a menstrua\u00e7\u00e3o. E conforme constatamos em nosso mais recente estudo, <strong>74% das brasileiras costumam ter c\u00f3licas menstruais<\/strong>. Esse percentual \u00e9 maior entre mulheres dos 18 aos 24 anos, com 80% delas; e entre as dos 25 aos 29 anos, com 73%. Al\u00e9m disso, <strong>as mulheres que j\u00e1 s\u00e3o m\u00e3es, 70%, sentem menos c\u00f3lica do que as que ainda n\u00e3o t\u00eam filhos, 79%<\/strong>.<\/p>\n<h3 class=\"text-center space-xs\">Voc\u00ea costuma ter c\u00f3licas menstruais?<\/h3>\n<p>    <img decoding=\"async\" src=\"\/wp-content\/themes\/canvas-child-new\/images\/chart-svg\/doughnut-chart29.svg\" alt=\"\" class=\"aligncenter\" \/>\n<\/div>\n<hr class=\"break break20\"\/>\n<div class=\"chartarea\">\n<h2 class=\"uppercase\">As dificuldades que a c\u00f3lica traz<\/h2>\n<p>A c\u00f3lica pode desencadear, al\u00e9m das dores no baixo ventre, dores de cabe\u00e7a, n\u00e1useas e v\u00f4mito. E embora existam algumas formas de aliviar os sintomas, como rem\u00e9dios e coloca\u00e7\u00e3o de bolsas de \u00e1gua quentes no local, a c\u00f3lica pode prejudicar muitas atividades do dia-a-dia das mulheres.<\/p>\n<p>Conforme demonstrou nosso estudo, 55% das brasileiras t\u00eam mais dificuldade para trabalhar durante o per\u00edodo menstrual.<\/p>\n<h3 class=\"text-center space-sm\">Voc\u00ea tem maior dificuldade de trabalhar durante o per\u00edodo menstrual?<\/h3>\n<p> <img decoding=\"async\" src=\"\/wp-content\/themes\/canvas-child-new\/images\/chart-svg\/doughnut-chart30.svg\" alt=\"\" class=\"aligncenter\" \/><\/p>\n<hr class=\"break break30\">\n<ul>\n<li>A dificuldade para trabalhar \u00e9 maior entre as <strong class=\"list_bg\">mulheres que sentem c\u00f3licas,<\/strong> com <strong class=\"list_bg\">63%<\/strong> das participantes.<\/li>\n<li>As <strong class=\"list_bg\">mulheres que ainda n\u00e3o t\u00eam filhos,<\/strong> e que mostraram sentir mais c\u00f3licas do que as que j\u00e1 s\u00e3o m\u00e3es, tamb\u00e9m sentem maior dificuldade em trabalhar, <strong class=\"list_bg\">58% delas<\/strong>.<\/li>\n<li><strong class=\"list_bg\">Tocantins<\/strong> \u00e9 o estado em que mais mulheres sentem dificuldades em trabalhar durante o ciclo menstrual, com <strong class=\"list_bg\">76%<\/strong> das entrevistadas.<\/li>\n<li>Em <strong class=\"list_bg\">S\u00e3o Paulo<\/strong> e no <strong class=\"list_bg\">Rio de Janeiro,<\/strong> pelo menos <strong class=\"list_bg\">53%<\/strong> das participantes sentem essa dificuldade.<\/li>\n<li>J\u00e1 o <strong class=\"list_bg\">Rio Grande do Norte,<\/strong> \u00e9 o estado em que menos entrevistadas sentem dificuldade, com <strong class=\"list_bg\">44%<\/strong> das mulheres.<\/li>\n<\/ul>\n<\/div>\n<hr class=\"break break20\"\/>\n<div class=\"resultbox\">\n<h2 class=\"uppercase\">Interfer\u00eancia na qualidade de vida<\/h2>\n<p>J\u00e1 n\u00e3o bastasse os sintomas da TPM (tens\u00e3o pr\u00e9-menstrual), os sintomas da menstrua\u00e7\u00e3o em si, podem trazer in\u00fameras altera\u00e7\u00f5es no corpo da mulher. E para as que sofrem com a c\u00f3lica, realizar qualquer atividade do dia-a-dia fica mais dif\u00edcil e pode piorar o seu estado f\u00edsico e emocional. A c\u00f3lica interfere, e muito, na qualidade de vida da mulher.<\/p>\n<p>E \u00e9 por isso que <strong>74% das brasileiras concordam que deveriam ser liberadas do trabalho durante o per\u00edodo menstrual<\/strong>. Principalmente, <strong>as que sentem c\u00f3licas, 79%<\/strong>. J\u00e1 entre as que n\u00e3o sentem, 60% concordam que n\u00e3o deveriam trabalhar. Com isso, elas conseguiram colocar seu corpo e mente em ordem, para voltarem ao trabalho com 100% do seu potencial.<\/p>\n<hr class=\"break break15\">\n<ul>\n<li>O estado em que mais mulheres acreditam que deveriam ser liberadas do trabalho \u00e9 o <strong class=\"list_bg\">Amap\u00e1,<\/strong> com <strong class=\"list_bg\">83%<\/strong> das participantes.<\/li>\n<li>Em <strong class=\"list_bg\">S\u00e3o Paulo<\/strong> e no <strong class=\"list_bg\">Rio de Janeiro, 76%<\/strong> e <strong class=\"list_bg\">72%,<\/strong> respectivamente, concordam com a libera\u00e7\u00e3o do trabalho.<\/li>\n<li>O <strong class=\"list_bg\">Rio Grande do Sul<\/strong> \u00e9 o estado em que menos mulheres concordam em serem liberadas, com <strong class=\"list_bg\">65%<\/strong> das entrevistadas.<\/li>\n<\/ul>\n<\/div>\n<hr class=\"break break20\"\/>\n<div class=\"chartarea\">\n<h3 class=\"text-center space-xs\">Ranking dos estados que brasileiras concordam que deveriam ser liberadas do trabalho durante a menstrua\u00e7\u00e3o<\/h3>\n<div class=\"four_column_wrap\">\n<ul class=\"four_column\">\n<li><span>1.<\/span>Amap\u00e1<\/li>\n<li><span>2.<\/span>Maranh\u00e3o<\/li>\n<li><span>3.<\/span>Alagoas<\/li>\n<li><span>4.<\/span>Amazonas<\/li>\n<li><span>5.<\/span>Paran\u00e1<\/li>\n<li><span>6.<\/span>Cear\u00e1<\/li>\n<li><span>7.<\/span>Distrito Federal<\/li>\n<\/ul>\n<ul class=\"four_column\">\n<li><span>8.<\/span>Acre<\/li>\n<li><span>9.<\/span>Pernambuco<\/li>\n<li><span>10.<\/span>Sergipe<\/li>\n<li><span>11.<\/span>Rio de Janeiro<\/li>\n<li><span>12.<\/span>Bahia<\/li>\n<li><span>13.<\/span>Par\u00e1<\/li>\n<li><span>14.<\/span>Mato Grosso<\/li>\n<\/ul>\n<ul class=\"four_column\">\n<li><span>15.<\/span>Esp\u00edrito Santo<\/li>\n<li><span>16.<\/span>Mato Grosso do Sul<\/li>\n<li><span>17.<\/span>Minas Gerais<\/li>\n<li><span>18.<\/span>Goi\u00e1s<\/li>\n<li><span>19.<\/span>Para\u00edba<\/li>\n<li><span>20.<\/span>Rio Grande do Norte<\/li>\n<li><span>21.<\/span>Santa Catarina<\/li>\n<\/ul>\n<ul class=\"four_column\">\n<li><span>22.<\/span>S\u00e3o Paulo<\/li>\n<li><span>23.<\/span>Tocantins<\/li>\n<li><span>24.<\/span>Piau\u00ed<\/li>\n<li><span>25.<\/span>Rond\u00f4nia<\/li>\n<li><span>26.<\/span>Rio Grande do Sul<\/li>\n<li><span>27.<\/span>Roraima<\/li>\n<\/ul><\/div>\n<\/p><\/div>\n<hr class=\"break break20\"\/>\n<div class=\"resultbox\">\n<h3 class=\"text-center space-sm\">\u00cdndice de brasileiras que t\u00eam dificuldade para trabalhar durante o per\u00edodo menstrual, por estado<\/h3>\n<p>    <img decoding=\"async\" src=\"\/wp-content\/themes\/canvas-child-new\/images\/chart-svg\/bar-chart11.svg\" alt=\"\" class=\"aligncenter\" \/>\n   <\/div>\n<hr class=\"break break20\"\/>\n<div class=\"chartarea\">\n<h2>M\u00e9todo de Pesquisa<\/h2>\n<p>O estudo teve abrang\u00eancia nacional e foi realizado com mais de 6.700 mulheres entre 08 e 12 de abril de 2021. O m\u00e9todo de coleta de dados foi feito por meio de question\u00e1rio em formul\u00e1rio na internet.<\/p>\n<p>As seguintes quest\u00f5es foram abordadas:<\/p>\n<ul class=\"border\">\n<li>Voc\u00ea costuma ter c\u00f3licas menstruais?<\/li>\n<li>Voc\u00ea tem maior dificuldade de trabalhar durante o per\u00edodo menstrual?<\/li>\n<li>Voc\u00ea acha que mulheres deveriam ser liberadas do trabalho durante o per\u00edodo menstrual?<\/li>\n<\/ul>\n<p>Para efeitos de comprar os resultados entre regi\u00f5es e estados, as respostas das perguntas afirmativas foram contabilizadas em n\u00fameros, 1 para &#8220;sim&#8221; e 0 para &#8220;n\u00e3o&#8221;. Algumas perguntas, com objetivo de obter resultados mais qualitativos, foram elaboradas com mais op\u00e7\u00f5es.<\/p>\n<\/p><\/div>\n<\/div>\n<\/section>\n<\/article><\/div>\n<\/p><\/div>\n<\/p><\/div>\n<\/div>\n","protected":false},"excerpt":{"rendered":"<p>Estudo: Per\u00edodo menstrual Como afeta a qualidade de vida Abril de 2021, estudo feito pelo Trocando Fraldas com mais de 6.700 mulheres entre 8 e 12 de abril de 2021: Todos os meses o \u00fatero da mulher cria um revestimento interno, o endom\u00e9trio, para aninhar o embri\u00e3o. Por\u00e9m, se a fecunda\u00e7\u00e3o do espermatozoide n\u00e3o acontecer, [&hellip;]<\/p>\n","protected":false},"author":11,"featured_media":0,"parent":0,"menu_order":0,"comment_status":"closed","ping_status":"closed","template":"page-templates\/tpl-chart.php","meta":{"_acf_changed":false,"footnotes":""},"class_list":["post-150447","page","type-page","status-publish","hentry"],"acf":[],"yoast_head":"<!-- This site is optimized with the Yoast SEO plugin v26.3 - https:\/\/yoast.com\/wordpress\/plugins\/seo\/ -->\n<title>Estudo: Per\u00edodo menstrual | Famivita<\/title>\n<meta name=\"robots\" content=\"index, follow, max-snippet:-1, max-image-preview:large, max-video-preview:-1\" \/>\n<link rel=\"canonical\" href=\"https:\/\/www.famivita.com\/pt\/estudo-periodo-menstrual\/\" \/>\n<meta property=\"og:locale\" content=\"pt_PT\" \/>\n<meta property=\"og:type\" content=\"article\" \/>\n<meta property=\"og:title\" content=\"Estudo: Per\u00edodo menstrual | Famivita\" \/>\n<meta property=\"og:description\" content=\"Estudo: Per\u00edodo menstrual Como afeta a qualidade de vida Abril de 2021, estudo feito pelo Trocando Fraldas com mais de 6.700 mulheres entre 8 e 12 de abril de 2021: Todos os meses o \u00fatero da mulher cria um revestimento interno, o endom\u00e9trio, para aninhar o embri\u00e3o. Por\u00e9m, se a fecunda\u00e7\u00e3o do espermatozoide n\u00e3o acontecer, [&hellip;]\" \/>\n<meta property=\"og:url\" content=\"https:\/\/www.famivita.com\/pt\/estudo-periodo-menstrual\/\" \/>\n<meta property=\"og:site_name\" content=\"Famivita\" \/>\n<meta property=\"article:modified_time\" content=\"2022-07-06T10:02:49+00:00\" \/>\n<meta name=\"twitter:card\" content=\"summary_large_image\" \/>\n<meta name=\"twitter:label1\" content=\"Tempo estimado de leitura\" \/>\n\t<meta name=\"twitter:data1\" content=\"4 minutos\" \/>\n<script type=\"application\/ld+json\" class=\"yoast-schema-graph\">{\"@context\":\"https:\/\/schema.org\",\"@graph\":[{\"@type\":\"WebPage\",\"@id\":\"https:\/\/www.famivita.com\/pt\/estudo-periodo-menstrual\/\",\"url\":\"https:\/\/www.famivita.com\/pt\/estudo-periodo-menstrual\/\",\"name\":\"Estudo: Per\u00edodo menstrual | Famivita\",\"isPartOf\":{\"@id\":\"https:\/\/www.famivita.com\/pt\/#website\",\"sameAs\":[\"https:\/\/www.instagram.com\/famivita\/\",\"https:\/\/www.facebook.com\/famivita\/\",\"https:\/\/www.youtube.com\/user\/trocandofraldasyt\",\"https:\/\/api.whatsapp.com\/send\/?phone=5511917837433\"]},\"datePublished\":\"2021-04-26T06:51:24+00:00\",\"dateModified\":\"2022-07-06T10:02:49+00:00\",\"breadcrumb\":{\"@id\":\"https:\/\/www.famivita.com\/pt\/estudo-periodo-menstrual\/#breadcrumb\"},\"inLanguage\":\"pt-PT\",\"potentialAction\":[{\"@type\":\"ReadAction\",\"target\":[\"https:\/\/www.famivita.com\/pt\/estudo-periodo-menstrual\/\"]}],\"about\":{\"@type\":\"Organization\",\"@id\":\"https:\/\/www.famivita.com.br\/#organization\",\"name\":\"Famivita\",\"logo\":\"https:\/\/www.famivita.com.br\/wp-content\/themes\/storefront-child\/header_footer_html\/images\/logo_mobile2.svg\",\"url\":\"https:\/\/www.famivita.com.br\/\",\"address\":{\"@type\":\"PostalAddress\",\"streetAddress\":\"Rua Benedito Fernandes, 545, Santo Amaro\",\"addressLocality\":\"S\u00e3o Paulo\",\"addressRegion\":\"S\u00e3o Paulo\",\"postalCode\":\"04746-110\",\"addressCountry\":{\"@type\":\"Country\",\"name\":\"BR\"}}}},{\"@type\":\"BreadcrumbList\",\"@id\":\"https:\/\/www.famivita.com\/pt\/estudo-periodo-menstrual\/#breadcrumb\",\"itemListElement\":[{\"@type\":\"ListItem\",\"position\":1,\"name\":\"In\u00edcio\",\"item\":\"https:\/\/www.famivita.com\/pt\/\"},{\"@type\":\"ListItem\",\"position\":2,\"name\":\"Estudo: Per\u00edodo menstrual\"}]},{\"@type\":\"WebSite\",\"@id\":\"https:\/\/www.famivita.com\/pt\/#website\",\"url\":\"https:\/\/www.famivita.com\/pt\/\",\"name\":\"Famivita\",\"description\":\"\",\"potentialAction\":[{\"@type\":\"SearchAction\",\"target\":{\"@type\":\"EntryPoint\",\"urlTemplate\":\"https:\/\/www.famivita.com\/pt\/?s={search_term_string}\"},\"query-input\":{\"@type\":\"PropertyValueSpecification\",\"valueRequired\":true,\"valueName\":\"search_term_string\"}}],\"inLanguage\":\"pt-PT\"}]}<\/script>\n<!-- \/ Yoast SEO plugin. -->","yoast_head_json":{"title":"Estudo: Per\u00edodo menstrual | Famivita","robots":{"index":"index","follow":"follow","max-snippet":"max-snippet:-1","max-image-preview":"max-image-preview:large","max-video-preview":"max-video-preview:-1"},"canonical":"https:\/\/www.famivita.com\/pt\/estudo-periodo-menstrual\/","og_locale":"pt_PT","og_type":"article","og_title":"Estudo: Per\u00edodo menstrual | Famivita","og_description":"Estudo: Per\u00edodo menstrual Como afeta a qualidade de vida Abril de 2021, estudo feito pelo Trocando Fraldas com mais de 6.700 mulheres entre 8 e 12 de abril de 2021: Todos os meses o \u00fatero da mulher cria um revestimento interno, o endom\u00e9trio, para aninhar o embri\u00e3o. Por\u00e9m, se a fecunda\u00e7\u00e3o do espermatozoide n\u00e3o acontecer, [&hellip;]","og_url":"https:\/\/www.famivita.com\/pt\/estudo-periodo-menstrual\/","og_site_name":"Famivita","article_modified_time":"2022-07-06T10:02:49+00:00","twitter_card":"summary_large_image","twitter_misc":{"Tempo estimado de leitura":"4 minutos"},"schema":{"@context":"https:\/\/schema.org","@graph":[{"@type":"WebPage","@id":"https:\/\/www.famivita.com\/pt\/estudo-periodo-menstrual\/","url":"https:\/\/www.famivita.com\/pt\/estudo-periodo-menstrual\/","name":"Estudo: Per\u00edodo menstrual | Famivita","isPartOf":{"@id":"https:\/\/www.famivita.com\/pt\/#website","sameAs":["https:\/\/www.instagram.com\/famivita\/","https:\/\/www.facebook.com\/famivita\/","https:\/\/www.youtube.com\/user\/trocandofraldasyt","https:\/\/api.whatsapp.com\/send\/?phone=5511917837433"]},"datePublished":"2021-04-26T06:51:24+00:00","dateModified":"2022-07-06T10:02:49+00:00","breadcrumb":{"@id":"https:\/\/www.famivita.com\/pt\/estudo-periodo-menstrual\/#breadcrumb"},"inLanguage":"pt-PT","potentialAction":[{"@type":"ReadAction","target":["https:\/\/www.famivita.com\/pt\/estudo-periodo-menstrual\/"]}],"about":{"@type":"Organization","@id":"https:\/\/www.famivita.com.br\/#organization","name":"Famivita","logo":"https:\/\/www.famivita.com.br\/wp-content\/themes\/storefront-child\/header_footer_html\/images\/logo_mobile2.svg","url":"https:\/\/www.famivita.com.br\/","address":{"@type":"PostalAddress","streetAddress":"Rua Benedito Fernandes, 545, Santo Amaro","addressLocality":"S\u00e3o Paulo","addressRegion":"S\u00e3o Paulo","postalCode":"04746-110","addressCountry":{"@type":"Country","name":"BR"}}}},{"@type":"BreadcrumbList","@id":"https:\/\/www.famivita.com\/pt\/estudo-periodo-menstrual\/#breadcrumb","itemListElement":[{"@type":"ListItem","position":1,"name":"In\u00edcio","item":"https:\/\/www.famivita.com\/pt\/"},{"@type":"ListItem","position":2,"name":"Estudo: Per\u00edodo menstrual"}]},{"@type":"WebSite","@id":"https:\/\/www.famivita.com\/pt\/#website","url":"https:\/\/www.famivita.com\/pt\/","name":"Famivita","description":"","potentialAction":[{"@type":"SearchAction","target":{"@type":"EntryPoint","urlTemplate":"https:\/\/www.famivita.com\/pt\/?s={search_term_string}"},"query-input":{"@type":"PropertyValueSpecification","valueRequired":true,"valueName":"search_term_string"}}],"inLanguage":"pt-PT"}]}},"_links":{"self":[{"href":"https:\/\/www.famivita.com\/pt\/wp-json\/wp\/v2\/pages\/150447","targetHints":{"allow":["GET"]}}],"collection":[{"href":"https:\/\/www.famivita.com\/pt\/wp-json\/wp\/v2\/pages"}],"about":[{"href":"https:\/\/www.famivita.com\/pt\/wp-json\/wp\/v2\/types\/page"}],"author":[{"embeddable":true,"href":"https:\/\/www.famivita.com\/pt\/wp-json\/wp\/v2\/users\/11"}],"replies":[{"embeddable":true,"href":"https:\/\/www.famivita.com\/pt\/wp-json\/wp\/v2\/comments?post=150447"}],"version-history":[{"count":4,"href":"https:\/\/www.famivita.com\/pt\/wp-json\/wp\/v2\/pages\/150447\/revisions"}],"predecessor-version":[{"id":150451,"href":"https:\/\/www.famivita.com\/pt\/wp-json\/wp\/v2\/pages\/150447\/revisions\/150451"}],"wp:attachment":[{"href":"https:\/\/www.famivita.com\/pt\/wp-json\/wp\/v2\/media?parent=150447"}],"curies":[{"name":"wp","href":"https:\/\/api.w.org\/{rel}","templated":true}]}}