{"id":157759,"date":"2023-02-15T06:57:53","date_gmt":"2023-02-15T09:57:53","guid":{"rendered":"https:\/\/www.famivita.com\/pt\/?page_id=157759"},"modified":"2023-10-02T05:04:02","modified_gmt":"2023-10-02T08:04:02","slug":"estudo-consultas-ginecologicas-de-rotina-a-importancia-da-frequencia-de-cuidados-com-a-saude-feminina","status":"publish","type":"page","link":"https:\/\/www.famivita.com\/pt\/estudo-consultas-ginecologicas-de-rotina-a-importancia-da-frequencia-de-cuidados-com-a-saude-feminina\/","title":{"rendered":"Estudo: Consultas Ginecol\u00f3gicas de Rotina &#8211; A import\u00e2ncia da frequ\u00eancia de cuidados com a sa\u00fade feminina"},"content":{"rendered":"<div class=\"content-wrapper\">\n<div class=\"container\">\n<div class=\"row\">\n<div id=\"main\" class=\"col-sm-12\">\n<article class=\"article\">\n<section>\n<h1>Estudo: Consultas Ginecol\u00f3gicas de Rotina &#8211; A import\u00e2ncia da frequ\u00eancia de cuidados com a sa\u00fade feminina <\/h1>\n<div class=\"post-content\">\n<div class=\"resultbox\">\n<p><strong class=\"list_bg\">Fevereiro de 2023, estudo feito pela Famivita com mais de 2.100 participantes entre 19 de dezembro de 2002 e 02 de janeiro de 2023: <\/strong> Cerca de 4 milh\u00f5es de mulheres nunca procuraram atendimento ginecol\u00f3gico. O dado faz parte da pesquisa \u201cExpectativa da mulher brasileira sobre sua vida sexual e reprodutiva: As rela\u00e7\u00f5es dos ginecologistas e obstetras com suas pacientes\u201d, encomendada pela Federa\u00e7\u00e3o Brasileira das Associa\u00e7\u00f5es de Ginecologia e Obstetr\u00edcia (Febrasgo) e conduzida pelo Instituto Datafolha.  <\/p>\n<p> A situa\u00e7\u00e3o se mostra preocupante, especialmente se levarmos em conta que \u00e9 atrav\u00e9s das consultas de rotina desse tipo, que se pode fazer a preven\u00e7\u00e3o \u00e0s doen\u00e7as, al\u00e9m de haver vantagens adicionais, como um melhor planejamento da gravidez, para aquelas que sonham com a maternidade. Tamb\u00e9m \u00e9 por meio das visitas regulares a este profissional que as adolescentes obt\u00eam orienta\u00e7\u00f5es importantes, referentes ao crescimento saud\u00e1vel e ao in\u00edcio da vida sexual. E, intimamente ligado a isso, nosso \u00faltimo estudo constatou que <strong>43% das brasileiras n\u00e3o fazem exame ginecol\u00f3gico de rotina<\/strong>.  <\/p>\n<h3 class=\"text-center space-xs\">Voc\u00ea faz seu exame ginecol\u00f3gico de rotina todo ano? <\/h3>\n<p>                <img decoding=\"async\" src=\"\/wp-content\/uploads\/2023\/02\/02_23_14_01.svg\" alt=\"\" class=\"aligncenter\" \/>\n            <\/div>\n<hr class=\"break break20\"\/>\n<div class=\"chartarea\">\n<h2 class=\"uppercase\">Confian\u00e7a <\/h2>\n<p> O ginecologista costuma ser o m\u00e9dico de confian\u00e7a, aquela pessoa que aconselha e direciona a mulher para os cuidados com seu corpo e de que modo ela pode melhorar sua qualidade de vida. A pesquisa solicitada pela Federa\u00e7\u00e3o mostrou, igualmente, que as mulheres consideram a ginecologia primordial. <\/p>\n<p> Tanto que, quando questionadas sobre qual especialidade m\u00e9dica \u00e9 a mais essencial \u00e0 sa\u00fade da mulher, cerca de 8 a cada 10 citaram esse ramo da Medicina. Em seguida, as integrantes mencionaram cl\u00ednica geral e cardiologia. E, relacionado ao tema, em nosso estudo <strong>50% das mulheres destacaram que no momento n\u00e3o t\u00eam um profissional da ginecologia que as atenda de maneira fixa<\/strong>.  <\/p>\n<h3 class=\"text-center space-xs\">Voc\u00ea est\u00e1 sendo atendida por um(a) ginecologista de maneira fixa? <\/h3>\n<p>                <img decoding=\"async\" src=\"\/wp-content\/uploads\/2023\/02\/02_23_14_02.svg\" alt=\"\" class=\"aligncenter\" \/><\/p>\n<ul >\n<li > Especialmente na faixa et\u00e1ria dos <strong class=\"list_bg\">18 aos 24 anos<\/strong>, as mulheres n\u00e3o fazem esse tipo de consulta, com <strong class=\"list_bg\">58%<\/strong>.<\/li>\n<li >J\u00e1 dos <strong class=\"list_bg\">25 aos 29 anos<\/strong>, <strong class=\"list_bg\">34%<\/strong> delas responderam negativamente. <\/li>\n<li >Entre as mulheres <strong class=\"list_bg\">tentando engravidar<\/strong>, <strong class=\"list_bg\">64%<\/strong> afirmaram efetuar essa visita de rotina. <\/li>\n<li > Na faixa et\u00e1ria dos <strong class=\"list_bg\">18 aos 24 anos<\/strong> , <strong class=\"list_bg\">60%<\/strong>  explicou n\u00e3o ter um profissional que as atenda de modo fixo. <\/li>\n<\/ul>\n<\/div>\n<hr class=\"break break20\"\/>\n<div class=\"resultbox\">\n<h2 class=\"uppercase\">Acolhimento <\/h2>\n<p>O termo &#8220;ginecologia&#8221; refere-se ao conhecimento a respeito do aparelho reprodutivo feminino, sua sa\u00fade e as enfermidades a ele ligadas. Est\u00e1 pr\u00f3ximo \u00e0 &#8220;obstetr\u00edcia&#8221; &#8211; especialidade mais concentrada no parto e nas atividades direcionadas a este evento.<\/p>\n<p>E, ainda conforme a Febrasgo, foi detectado que, de modo geral, o que \u00e9 mais buscado entre as pacientes, ao fazerem esse tipo de consulta, \u00e9 o acolhimento e a aten\u00e7\u00e3o, al\u00e9m do fornecimento de informa\u00e7\u00f5es claras e suficientes. Em nosso estudo tamb\u00e9m observou-se que <strong>58% das mulheres n\u00e3o disp\u00f5em do contato direto com um profissional dessa \u00e1rea<\/strong>. <\/p>\n<ul >\n<li>Entre as <strong class=\"list_bg\">mulheres buscando a gesta\u00e7\u00e3o<\/strong>, <strong class=\"list_bg\">41%<\/strong> disse dispor desse contato mais direto.<\/li>\n<li><strong class=\"list_bg\">Tocantins<\/strong> foi onde as pacientes mais afirmaram ter esse contato com os profissionais, com <strong class=\"list_bg\">78%<\/strong> respondendo afirmativamente. <\/li>\n<li> J\u00e1 <strong class=\"list_bg\">Rond\u00f4nia<\/strong> \u00e9 a regi\u00e3o em que <strong class=\"list_bg\">menos pacientes<\/strong> apresentam esse tipo de v\u00ednculo mais pr\u00f3ximo, com estes profissionais. <\/li>\n<\/ul>\n<\/div>\n<hr class=\"break break20\"\/>\n<div class=\"chartarea\">\n<h2 class=\"text-center\">Ranking dos estados em que brasileiras est\u00e3o sendo atendidas por um (a) ginecologista fixo <\/h2>\n<div class=\"four_column_wrap\">\n<ul class=\"four_column\">\n<li><span>1.<\/span>Roraima<\/li>\n<li><span>2.<\/span>Piau\u00ed  <\/li>\n<li><span>3.<\/span>Amap\u00e1<\/li>\n<li><span>4.<\/span>Esp\u00edrito Santo<\/li>\n<li><span>5.<\/span>Rio Grande do Sul <\/li>\n<li><span>6.<\/span>Amazonas<\/li>\n<li><span>7.<\/span>Pernambuco <\/li>\n<\/ul>\n<ul class=\"four_column\">\n<li><span>8.<\/span>Bahia<\/li>\n<li><span>9.<\/span>Para\u00edba<\/li>\n<li><span>10.<\/span>Santa Catarina<\/li>\n<li><span>11.<\/span>Paran\u00e1<\/li>\n<li><span>12.<\/span>Mato Grosso<\/li>\n<li><span>13.<\/span>Rond\u00f4nia <\/li>\n<li><span>14.<\/span> Distrito Federal<\/li>\n<\/ul>\n<ul class=\"four_column\">\n<li><span>15.<\/span>Acre<\/li>\n<li><span>16.<\/span>Cear\u00e1<\/li>\n<li><span>17.<\/span>S\u00e3o Paulo<\/li>\n<li><span>18.<\/span>Goi\u00e1s<\/li>\n<li><span>19.<\/span>Rio de Janeiro<\/li>\n<li><span>20.<\/span>Minas Gerais<\/li>\n<li><span>21.<\/span>Alagoas<\/li>\n<\/ul>\n<ul class=\"four_column\">\n<li><span>22.<\/span>Par\u00e1<\/li>\n<li><span>23.<\/span>Rio Grande do Norte<\/li>\n<li><span>24.<\/span>Maranh\u00e3o<\/li>\n<li><span>25.<\/span>Sergipe<\/li>\n<li><span>26.<\/span>Mato Grosso do Sul<\/li>\n<li><span>27.<\/span>Tocantins<\/li>\n<\/ul><\/div>\n<\/p><\/div>\n<hr class=\"break break20\"\/>\n<div class=\"resultbox\">\n<h2 class=\"text-center\">\u00cdndice das brasileiras que fazem exame ginecol\u00f3gico de rotina anualmente, por estado  <\/h2>\n<p>    <img decoding=\"async\" src=\"\/wp-content\/uploads\/2023\/02\/barchart_23_02_03.svg\" alt=\"\" class=\"aligncenter\" \/>\n   <\/div>\n<hr class=\"break break20\"\/>\n<div class=\"chartarea\">\n<h2>M\u00e9todo de Pesquisa<\/h2>\n<p>O estudo teve abrang\u00eancia nacional e foi realizado com mais de 2.100 mulheres entre 19 de dezembro de 2022 e 02 de janeiro de 2023. O m\u00e9todo de coleta de dados foi feito por meio de question\u00e1rio em formul\u00e1rio na internet.<\/p>\n<p>As seguintes quest\u00f5es foram abordadas:<\/p>\n<ul class=\"border\">\n<li> Voc\u00ea faz seu exame ginecol\u00f3gico de rotina todo ano? <\/li>\n<li>Voc\u00ea est\u00e1 sendo atendida por um(a) ginecologista de maneira fixa? <\/li>\n<li>Voc\u00ea tem o contato direto deste(a) ginecologista?  <\/li>\n<\/ul>\n<p>Para efeitos de comparar os resultados entre regi\u00f5es e estados, as respostas das perguntas afirmativas foram contabilizadas em n\u00fameros, 1 para \u201csim\u201d e 0 para \u201cn\u00e3o\u201d. Algumas perguntas, com objetivo de obter resultados mais qualitativos, foram elaboradas com mais op\u00e7\u00f5es.<\/p>\n<\/p><\/div>\n<\/div>\n<\/section>\n<\/article><\/div>\n<\/p><\/div>\n<\/p><\/div>\n<\/div>\n","protected":false},"excerpt":{"rendered":"<p>Estudo: Consultas Ginecol\u00f3gicas de Rotina &#8211; A import\u00e2ncia da frequ\u00eancia de cuidados com a sa\u00fade feminina Fevereiro de 2023, estudo feito pela Famivita com mais de 2.100 participantes entre 19 de dezembro de 2002 e 02 de janeiro de 2023: Cerca de 4 milh\u00f5es de mulheres nunca procuraram atendimento ginecol\u00f3gico. O dado faz parte da [&hellip;]<\/p>\n","protected":false},"author":469082,"featured_media":0,"parent":0,"menu_order":0,"comment_status":"closed","ping_status":"closed","template":"page-templates\/tpl-chart.php","meta":{"_acf_changed":false,"footnotes":""},"class_list":["post-157759","page","type-page","status-publish","hentry"],"acf":[],"yoast_head":"<!-- This site is optimized with the Yoast SEO plugin v26.3 - https:\/\/yoast.com\/wordpress\/plugins\/seo\/ -->\n<title>Estudo: Consultas Ginecol\u00f3gicas de Rotina - A import\u00e2ncia da frequ\u00eancia de cuidados com a sa\u00fade feminina | Famivita<\/title>\n<meta name=\"robots\" content=\"index, follow, max-snippet:-1, max-image-preview:large, max-video-preview:-1\" \/>\n<link rel=\"canonical\" href=\"https:\/\/www.famivita.com\/pt\/estudo-consultas-ginecologicas-de-rotina-a-importancia-da-frequencia-de-cuidados-com-a-saude-feminina\/\" \/>\n<meta property=\"og:locale\" content=\"pt_PT\" \/>\n<meta property=\"og:type\" content=\"article\" \/>\n<meta property=\"og:title\" content=\"Estudo: Consultas Ginecol\u00f3gicas de Rotina - A import\u00e2ncia da frequ\u00eancia de cuidados com a sa\u00fade feminina | Famivita\" \/>\n<meta property=\"og:description\" content=\"Estudo: Consultas Ginecol\u00f3gicas de Rotina &#8211; A import\u00e2ncia da frequ\u00eancia de cuidados com a sa\u00fade feminina Fevereiro de 2023, estudo feito pela Famivita com mais de 2.100 participantes entre 19 de dezembro de 2002 e 02 de janeiro de 2023: Cerca de 4 milh\u00f5es de mulheres nunca procuraram atendimento ginecol\u00f3gico. O dado faz parte da [&hellip;]\" \/>\n<meta property=\"og:url\" content=\"https:\/\/www.famivita.com\/pt\/estudo-consultas-ginecologicas-de-rotina-a-importancia-da-frequencia-de-cuidados-com-a-saude-feminina\/\" \/>\n<meta property=\"og:site_name\" content=\"Famivita\" \/>\n<meta property=\"article:modified_time\" content=\"2023-10-02T08:04:02+00:00\" \/>\n<meta name=\"twitter:card\" content=\"summary_large_image\" \/>\n<meta name=\"twitter:label1\" content=\"Tempo estimado de leitura\" \/>\n\t<meta name=\"twitter:data1\" content=\"4 minutos\" \/>\n<script type=\"application\/ld+json\" class=\"yoast-schema-graph\">{\"@context\":\"https:\/\/schema.org\",\"@graph\":[{\"@type\":\"WebPage\",\"@id\":\"https:\/\/www.famivita.com\/pt\/estudo-consultas-ginecologicas-de-rotina-a-importancia-da-frequencia-de-cuidados-com-a-saude-feminina\/\",\"url\":\"https:\/\/www.famivita.com\/pt\/estudo-consultas-ginecologicas-de-rotina-a-importancia-da-frequencia-de-cuidados-com-a-saude-feminina\/\",\"name\":\"Estudo: Consultas Ginecol\u00f3gicas de Rotina - A import\u00e2ncia da frequ\u00eancia de cuidados com a sa\u00fade feminina | Famivita\",\"isPartOf\":{\"@id\":\"https:\/\/www.famivita.com\/pt\/#website\",\"sameAs\":[\"https:\/\/www.instagram.com\/famivita\/\",\"https:\/\/www.facebook.com\/famivita\/\",\"https:\/\/www.youtube.com\/user\/trocandofraldasyt\",\"https:\/\/api.whatsapp.com\/send\/?phone=5511917837433\"]},\"datePublished\":\"2023-02-15T09:57:53+00:00\",\"dateModified\":\"2023-10-02T08:04:02+00:00\",\"breadcrumb\":{\"@id\":\"https:\/\/www.famivita.com\/pt\/estudo-consultas-ginecologicas-de-rotina-a-importancia-da-frequencia-de-cuidados-com-a-saude-feminina\/#breadcrumb\"},\"inLanguage\":\"pt-PT\",\"potentialAction\":[{\"@type\":\"ReadAction\",\"target\":[\"https:\/\/www.famivita.com\/pt\/estudo-consultas-ginecologicas-de-rotina-a-importancia-da-frequencia-de-cuidados-com-a-saude-feminina\/\"]}],\"about\":{\"@type\":\"Organization\",\"@id\":\"https:\/\/www.famivita.com.br\/#organization\",\"name\":\"Famivita\",\"logo\":\"https:\/\/www.famivita.com.br\/wp-content\/themes\/storefront-child\/header_footer_html\/images\/logo_mobile2.svg\",\"url\":\"https:\/\/www.famivita.com.br\/\",\"address\":{\"@type\":\"PostalAddress\",\"streetAddress\":\"Rua Benedito Fernandes, 545, Santo Amaro\",\"addressLocality\":\"S\u00e3o Paulo\",\"addressRegion\":\"S\u00e3o Paulo\",\"postalCode\":\"04746-110\",\"addressCountry\":{\"@type\":\"Country\",\"name\":\"BR\"}}}},{\"@type\":\"BreadcrumbList\",\"@id\":\"https:\/\/www.famivita.com\/pt\/estudo-consultas-ginecologicas-de-rotina-a-importancia-da-frequencia-de-cuidados-com-a-saude-feminina\/#breadcrumb\",\"itemListElement\":[{\"@type\":\"ListItem\",\"position\":1,\"name\":\"In\u00edcio\",\"item\":\"https:\/\/www.famivita.com\/pt\/\"},{\"@type\":\"ListItem\",\"position\":2,\"name\":\"Estudo: Consultas Ginecol\u00f3gicas de Rotina &#8211; A import\u00e2ncia da frequ\u00eancia de cuidados com a sa\u00fade feminina\"}]},{\"@type\":\"WebSite\",\"@id\":\"https:\/\/www.famivita.com\/pt\/#website\",\"url\":\"https:\/\/www.famivita.com\/pt\/\",\"name\":\"Famivita\",\"description\":\"\",\"potentialAction\":[{\"@type\":\"SearchAction\",\"target\":{\"@type\":\"EntryPoint\",\"urlTemplate\":\"https:\/\/www.famivita.com\/pt\/?s={search_term_string}\"},\"query-input\":{\"@type\":\"PropertyValueSpecification\",\"valueRequired\":true,\"valueName\":\"search_term_string\"}}],\"inLanguage\":\"pt-PT\"}]}<\/script>\n<!-- \/ Yoast SEO plugin. -->","yoast_head_json":{"title":"Estudo: Consultas Ginecol\u00f3gicas de Rotina - A import\u00e2ncia da frequ\u00eancia de cuidados com a sa\u00fade feminina | Famivita","robots":{"index":"index","follow":"follow","max-snippet":"max-snippet:-1","max-image-preview":"max-image-preview:large","max-video-preview":"max-video-preview:-1"},"canonical":"https:\/\/www.famivita.com\/pt\/estudo-consultas-ginecologicas-de-rotina-a-importancia-da-frequencia-de-cuidados-com-a-saude-feminina\/","og_locale":"pt_PT","og_type":"article","og_title":"Estudo: Consultas Ginecol\u00f3gicas de Rotina - A import\u00e2ncia da frequ\u00eancia de cuidados com a sa\u00fade feminina | Famivita","og_description":"Estudo: Consultas Ginecol\u00f3gicas de Rotina &#8211; A import\u00e2ncia da frequ\u00eancia de cuidados com a sa\u00fade feminina Fevereiro de 2023, estudo feito pela Famivita com mais de 2.100 participantes entre 19 de dezembro de 2002 e 02 de janeiro de 2023: Cerca de 4 milh\u00f5es de mulheres nunca procuraram atendimento ginecol\u00f3gico. O dado faz parte da [&hellip;]","og_url":"https:\/\/www.famivita.com\/pt\/estudo-consultas-ginecologicas-de-rotina-a-importancia-da-frequencia-de-cuidados-com-a-saude-feminina\/","og_site_name":"Famivita","article_modified_time":"2023-10-02T08:04:02+00:00","twitter_card":"summary_large_image","twitter_misc":{"Tempo estimado de leitura":"4 minutos"},"schema":{"@context":"https:\/\/schema.org","@graph":[{"@type":"WebPage","@id":"https:\/\/www.famivita.com\/pt\/estudo-consultas-ginecologicas-de-rotina-a-importancia-da-frequencia-de-cuidados-com-a-saude-feminina\/","url":"https:\/\/www.famivita.com\/pt\/estudo-consultas-ginecologicas-de-rotina-a-importancia-da-frequencia-de-cuidados-com-a-saude-feminina\/","name":"Estudo: Consultas Ginecol\u00f3gicas de Rotina - A import\u00e2ncia da frequ\u00eancia de cuidados com a sa\u00fade feminina | Famivita","isPartOf":{"@id":"https:\/\/www.famivita.com\/pt\/#website","sameAs":["https:\/\/www.instagram.com\/famivita\/","https:\/\/www.facebook.com\/famivita\/","https:\/\/www.youtube.com\/user\/trocandofraldasyt","https:\/\/api.whatsapp.com\/send\/?phone=5511917837433"]},"datePublished":"2023-02-15T09:57:53+00:00","dateModified":"2023-10-02T08:04:02+00:00","breadcrumb":{"@id":"https:\/\/www.famivita.com\/pt\/estudo-consultas-ginecologicas-de-rotina-a-importancia-da-frequencia-de-cuidados-com-a-saude-feminina\/#breadcrumb"},"inLanguage":"pt-PT","potentialAction":[{"@type":"ReadAction","target":["https:\/\/www.famivita.com\/pt\/estudo-consultas-ginecologicas-de-rotina-a-importancia-da-frequencia-de-cuidados-com-a-saude-feminina\/"]}],"about":{"@type":"Organization","@id":"https:\/\/www.famivita.com.br\/#organization","name":"Famivita","logo":"https:\/\/www.famivita.com.br\/wp-content\/themes\/storefront-child\/header_footer_html\/images\/logo_mobile2.svg","url":"https:\/\/www.famivita.com.br\/","address":{"@type":"PostalAddress","streetAddress":"Rua Benedito Fernandes, 545, Santo Amaro","addressLocality":"S\u00e3o Paulo","addressRegion":"S\u00e3o Paulo","postalCode":"04746-110","addressCountry":{"@type":"Country","name":"BR"}}}},{"@type":"BreadcrumbList","@id":"https:\/\/www.famivita.com\/pt\/estudo-consultas-ginecologicas-de-rotina-a-importancia-da-frequencia-de-cuidados-com-a-saude-feminina\/#breadcrumb","itemListElement":[{"@type":"ListItem","position":1,"name":"In\u00edcio","item":"https:\/\/www.famivita.com\/pt\/"},{"@type":"ListItem","position":2,"name":"Estudo: Consultas Ginecol\u00f3gicas de Rotina &#8211; A import\u00e2ncia da frequ\u00eancia de cuidados com a sa\u00fade feminina"}]},{"@type":"WebSite","@id":"https:\/\/www.famivita.com\/pt\/#website","url":"https:\/\/www.famivita.com\/pt\/","name":"Famivita","description":"","potentialAction":[{"@type":"SearchAction","target":{"@type":"EntryPoint","urlTemplate":"https:\/\/www.famivita.com\/pt\/?s={search_term_string}"},"query-input":{"@type":"PropertyValueSpecification","valueRequired":true,"valueName":"search_term_string"}}],"inLanguage":"pt-PT"}]}},"_links":{"self":[{"href":"https:\/\/www.famivita.com\/pt\/wp-json\/wp\/v2\/pages\/157759","targetHints":{"allow":["GET"]}}],"collection":[{"href":"https:\/\/www.famivita.com\/pt\/wp-json\/wp\/v2\/pages"}],"about":[{"href":"https:\/\/www.famivita.com\/pt\/wp-json\/wp\/v2\/types\/page"}],"author":[{"embeddable":true,"href":"https:\/\/www.famivita.com\/pt\/wp-json\/wp\/v2\/users\/469082"}],"replies":[{"embeddable":true,"href":"https:\/\/www.famivita.com\/pt\/wp-json\/wp\/v2\/comments?post=157759"}],"version-history":[{"count":1,"href":"https:\/\/www.famivita.com\/pt\/wp-json\/wp\/v2\/pages\/157759\/revisions"}],"predecessor-version":[{"id":157763,"href":"https:\/\/www.famivita.com\/pt\/wp-json\/wp\/v2\/pages\/157759\/revisions\/157763"}],"wp:attachment":[{"href":"https:\/\/www.famivita.com\/pt\/wp-json\/wp\/v2\/media?parent=157759"}],"curies":[{"name":"wp","href":"https:\/\/api.w.org\/{rel}","templated":true}]}}