{"id":157884,"date":"2023-03-07T02:01:49","date_gmt":"2023-03-07T05:01:49","guid":{"rendered":"https:\/\/www.famivita.com\/pt\/?page_id=157884"},"modified":"2023-10-02T05:04:24","modified_gmt":"2023-10-02T08:04:24","slug":"estudo-dia-internacional-da-mulher-uma-reflexao-sobre-a-igualdade-de-genero-no-brasil","status":"publish","type":"page","link":"https:\/\/www.famivita.com\/pt\/estudo-dia-internacional-da-mulher-uma-reflexao-sobre-a-igualdade-de-genero-no-brasil\/","title":{"rendered":"Estudo: Dia Internacional da Mulher: Uma reflex\u00e3o sobre a igualdade de g\u00eanero no Brasil"},"content":{"rendered":"<div class=\"content-wrapper\">\n<div class=\"container\">\n<div class=\"row\">\n<div id=\"main\" class=\"col-sm-12\">\n<article class=\"article\">\n<section>\n<h1>Estudo: Dia Internacional da Mulher: Uma reflex\u00e3o sobre a igualdade de g\u00eanero no Brasil <\/h1>\n<div class=\"post-content\">\n<div class=\"resultbox\">\n<p><strong class=\"list_bg\">Mar\u00e7o de 2023, estudo feito pela Famivita com mais de 2.100 participantes entre 19 de dezembro de 2002 e 02 de janeiro de 2023:<\/strong> Das timelines \u00e0s mesas de bar, passando pelos seriados e as pesquisas acad\u00eamicas: a igualdade entre homens e mulheres nunca esteve t\u00e3o em pauta como na atualidade e o Dia Internacional da Mulher vem fomentar ainda mais o debate. A efem\u00e9ride, de fato, traz \u00e0 reflex\u00e3o quest\u00f5es urgentes, que repercutem nos mais variados aspectos da vida social, atravessando desde a esfera p\u00fablica, o mercado de trabalho, at\u00e9 o ambiente dom\u00e9stico.  <\/p>\n<p> Quando se fala em representatividade pol\u00edtica, por exemplo, \u00e9 verdade que, em 2022, as candidaturas femininas bateram recorde, com 33,3% dos registros nas esferas federal, estadual e distrital. Apesar disso, elas ocuparam apenas 17,3% das cadeiras no Senado.  <\/p>\n<p>No \u00e2mbito profissional, igualmente, h\u00e1 ainda poucas mulheres em posi\u00e7\u00f5es de chefia e os preju\u00edzos v\u00e3o muito al\u00e9m disso. Uma pesquisa divulgada pela Catho, em 2019, apontou o quanto elas est\u00e3o em desvantagem no mercado de trabalho devido \u00e0 gravidez, visto que o n\u00famero de mulheres que abandonam o emprego por conta dos filhos chega a 30%, enquanto somente 7% dos homens deixam seu trabalho pelo mesmo motivo. Noutra vertente, um relat\u00f3rio divulgado pela Oxfam Internacional mostrou que as mulheres s\u00e3o respons\u00e1veis por 75% de todo o trabalho de cuidado n\u00e3o remunerado no mundo. <\/p>\n<p>Para agravar a situa\u00e7\u00e3o, 21% das mulheres que engravidam perdem seus empregos quando <a href=\"https:\/\/www.famivita.com.br\/estudo-licenca-maternidade-o-medo-da-demissao-apos-ser-mae\/\">retornam da licen\u00e7a-maternidade<\/a> e, ainda, em pleno s\u00e9culo XXI, existem aqueles que defendem que mulheres devem ganhar menos, simplesmente porque engravidam.  No Brasil contempor\u00e2neo, inclusive, elas recebem, em m\u00e9dia, 20% menos que os homens, conforme levantamento da consultoria IDados, com base na Pesquisa Nacional por Amostra de Domic\u00edlio do IBGE. E, pertinente ao assunto, <strong>para 55% das participantes do nosso \u00faltimo estudo, n\u00e3o existe igualdade de g\u00eanero no pa\u00eds<\/strong>.  <\/p>\n<h3 class=\"text-center space-xs\">Voc\u00ea considera que h\u00e1 igualdade entre mulheres e homens? <\/h3>\n<p>                <img decoding=\"async\" src=\"\/wp-content\/uploads\/2023\/03\/03_23_01.svg\" alt=\"\" class=\"aligncenter\" \/>\n            <\/div>\n<hr class=\"break break20\"\/>\n<div class=\"chartarea\">\n<h2 class=\"uppercase\">Da necessidade do feminismo <\/h2>\n<p> O feminismo defende a igualdade jur\u00eddica, pol\u00edtica e social entre homens e mulheres. Tal paridade envolve diversos elementos, a exemplo de direitos pol\u00edticos e trabalhistas, liberdades civis, equipara\u00e7\u00e3o salarial e divis\u00e3o do trabalho dom\u00e9stico. Noutra perspectiva, o movimento trata tamb\u00e9m do combate \u00e0s diversas formas de opress\u00e3o que se manifestam cultural e socialmente, tais como o ass\u00e9dio moral, psicol\u00f3gico e f\u00edsico, bem como a imposi\u00e7\u00e3o de padr\u00f5es de beleza e comportamento. <\/p>\n<p>Nos \u00faltimos anos, ali\u00e1s, os movimentos feministas t\u00eam atra\u00eddo cada vez mais aten\u00e7\u00e3o da sociedade. Contudo, mesmo estando sob os holofotes, h\u00e1 todo um estere\u00f3tipo ao redor daquelas que se dizem feministas. Muitos acreditam que s\u00e3o mulheres que n\u00e3o usam maquiagem, n\u00e3o se depilam e odeiam homens, para citar alguns dos r\u00f3tulos mais comuns.  <\/p>\n<p>Talvez, devido a essas vis\u00f5es equivocadas, a identifica\u00e7\u00e3o com o movimento n\u00e3o seja t\u00e3o grande. Na d\u00e9cada de 1920, por exemplo, feministas eram chamadas de &#8220;solteironas&#8221;, sendo frequentes artigos que especulavam sobre suas prefer\u00eancias sexuais. Mais de um s\u00e9culo depois, esse tipo de \u00f3tica parece continuar, de certa maneira, existindo. E em nosso estudo a necessidade do feminismo praticamente dividiu opini\u00f5es, <strong>posto que 48% das mulheres afirmaram que o movimento n\u00e3o \u00e9 necess\u00e1rio<\/strong>. <\/p>\n<h3 class=\"text-center space-xs\">Voc\u00ea acha que o feminismo \u00e9 necess\u00e1rio? <\/h3>\n<p>                <img decoding=\"async\" src=\"\/wp-content\/uploads\/2023\/03\/03_23_02.svg\" alt=\"\" class=\"aligncenter\" \/><\/p>\n<ul >\n<li > Especialmente na faixa et\u00e1ria entre <strong class=\"list_bg\">45 e 49 anos<\/strong>, <strong class=\"list_bg\">67%<\/strong> das entrevistadas explicaram n\u00e3o haver igualdade entre homens e mulheres. <\/li>\n<li >J\u00e1 dos <strong class=\"list_bg\">40 aos 44 anos<\/strong>, <strong class=\"list_bg\">65% <\/strong>apontaram que existe essa discrep\u00e2ncia. <\/li>\n<li >Especialmente as mulheres mais jovens disseram que o feminismo \u00e9 necess\u00e1rio, pois <strong class=\"list_bg\">58% <\/strong>delas responderam positivamente, entre os <strong class=\"list_bg\">18 e os 24 anos<\/strong>.  <\/li>\n<li > Dos <strong class=\"list_bg\">35 aos 39 anos<\/strong>, <strong class=\"list_bg\">43%<\/strong> afirmaram que o movimento \u00e9 fundamental.  <\/li>\n<\/ul>\n<\/div>\n<hr class=\"break break20\"\/>\n<div class=\"resultbox\">\n<h2 class=\"uppercase\">Dia Internacional da Mulher: uma data trivial? <\/h2>\n<p>Parece inacredit\u00e1vel, mas no in\u00edcio do s\u00e9culo passado, em muitos pa\u00edses, mulheres dependiam da tutela legal de pais, irm\u00e3os ou marido para ter conta em bancos, adquirir posses e at\u00e9 mesmo para viajar de uma cidade \u00e0 outra. N\u00e3o podiam estudar, n\u00e3o podiam votar, estando a elas vedado, igualmente, trabalhar fora, decidir com quem casar, n\u00e3o tinham o direito de se divorciar, ou planejar quando e quantos filhos ter, entre v\u00e1rias outras priva\u00e7\u00f5es. <\/p>\n<p>O Dia Internacional da Mulher surgiu como uma data comemorativa, estando ligada a uma sucess\u00e3o de acontecimentos. Foi oficializada pela Organiza\u00e7\u00e3o das Na\u00e7\u00f5es Unidas (ONU) na d\u00e9cada de 1970, vindo simbolizar, ent\u00e3o, a luta hist\u00f3rica para que as mulheres disponham de condi\u00e7\u00f5es equiparadas \u00e0s dos homens, bem como real\u00e7ando as conquistas do movimento feminista ao longo do s\u00e9culo XX.  <\/p>\n<p>Embora a data tenha ganhado, com o passar do tempo, conota\u00e7\u00f5es voltadas \u00e0 homenagens, no sentido de cumprimentar as mulheres, ou dar flores para elas, o Dia representa muito mais um convite \u00e0 reflex\u00e3o, no sentido de valorizar os avan\u00e7os obtidos e avaliar os desafios, seja no campo familiar, social ou profissional. Diz respeito, tamb\u00e9m, a observar como a sociedade vem tratando a mulher, tendo em vista, por exemplo, que segundo o Anu\u00e1rio Brasileiro de Seguran\u00e7a P\u00fablica, em 2021, 1.341 mulheres morreram v\u00edtimas de feminic\u00eddio. E, ainda sobre o tema, <strong>87% das entrevistadas consideram importante o Dia Internacional da Mulher.<\/strong> <\/p>\n<ul >\n<li>Entre as <strong class=\"list_bg\">mulheres dos 45 aos 49 anos<\/strong>, <strong class=\"list_bg\">93%<\/strong> disseram que a data \u00e9 relevante. <\/li>\n<li>J\u00e1 dos <strong class=\"list_bg\">18 aos 24 anos<\/strong>, <strong class=\"list_bg\">90%<\/strong> responderam afirmativamente a respeito disso.  <\/li>\n<li>Por estado, <strong class=\"list_bg\">Roraima<\/strong> e <strong class=\"list_bg\">Rio Grande do Norte<\/strong> foram as regi\u00f5es em que mais brasileiras apontaram a import\u00e2ncia do Dia Internacional da Mulher. <\/li>\n<\/ul>\n<\/div>\n<hr class=\"break break20\"\/>\n<div class=\"chartarea\">\n<h2 class=\"text-center\">Ranking dos estados em que brasileiras acreditam que o feminismo \u00e9 necess\u00e1rio  <\/h2>\n<div class=\"four_column_wrap\">\n<ul class=\"four_column\">\n<li><span>1.<\/span>Roraima<\/li>\n<li><span>2.<\/span>Amazonas <\/li>\n<li><span>3.<\/span>Sergipe<\/li>\n<li><span>4.<\/span>Pernambuco<\/li>\n<li><span>5.<\/span>Maranh\u00e3o <\/li>\n<li><span>6.<\/span>Rio Grande do Norte<\/li>\n<li><span>7.<\/span>Santa Catarina <\/li>\n<\/ul>\n<ul class=\"four_column\">\n<li><span>8.<\/span>Rio de Janeiro<\/li>\n<li><span>9.<\/span>Cear\u00e1<\/li>\n<li><span>10.<\/span>Alagoas<\/li>\n<li><span>11.<\/span>S\u00e3o Paulo<\/li>\n<li><span>12.<\/span>Piau\u00ed<\/li>\n<li><span>13.<\/span>Goi\u00e1s <\/li>\n<li><span>14.<\/span> Tocantins<\/li>\n<\/ul>\n<ul class=\"four_column\">\n<li><span>15.<\/span>Minas Gerais<\/li>\n<li><span>16.<\/span>Esp\u00edrito Santo<\/li>\n<li><span>17.<\/span>Distrito Federal<\/li>\n<li><span>18.<\/span>Paran\u00e1<\/li>\n<li><span>19.<\/span>Par\u00e1<\/li>\n<li><span>20.<\/span>Mato Grosso do Sul<\/li>\n<li><span>21.<\/span>Amap\u00e1<\/li>\n<\/ul>\n<ul class=\"four_column\">\n<li><span>22.<\/span>Acre<\/li>\n<li><span>23.<\/span>Rond\u00f4nia<\/li>\n<li><span>24.<\/span>Bahia<\/li>\n<li><span>25.<\/span>Rio Grande do Sul<\/li>\n<li><span>26.<\/span>Para\u00edba<\/li>\n<li><span>27.<\/span>Mato Grosso<\/li>\n<\/ul><\/div>\n<\/p><\/div>\n<hr class=\"break break20\"\/>\n<div class=\"resultbox\">\n<h2 class=\"text-center\">\u00cdndice dos estados em que brasileiras destacaram a desigualdade entre homens e mulheres  <\/h2>\n<p>    <img decoding=\"async\" src=\"\/wp-content\/uploads\/2023\/03\/barchart_03_23_03.svg\" alt=\"\" class=\"aligncenter\" \/>\n   <\/div>\n<hr class=\"break break20\"\/>\n<div class=\"chartarea\">\n<h2>M\u00e9todo de Pesquisa<\/h2>\n<p>O estudo teve abrang\u00eancia nacional e foi realizado com mais de 2.100 participantes entre 19 de dezembro de 2022 e 02 de janeiro de 2023. O m\u00e9todo de coleta de dados foi feito por meio de question\u00e1rio em formul\u00e1rio na internet.<\/p>\n<p>As seguintes quest\u00f5es foram abordadas:<\/p>\n<ul class=\"border\">\n<li> Voc\u00ea considera que h\u00e1 igualdade entre mulheres e homens? <\/li>\n<li>Voc\u00ea acha que o feminismo \u00e9 necess\u00e1rio? <\/li>\n<li>Para voc\u00ea a data 8 de mar\u00e7o (Dia Internacional da Mulher) possui import\u00e2ncia? <\/li>\n<\/ul>\n<p>Para efeitos de comparar os resultados entre regi\u00f5es e estados, as respostas das perguntas afirmativas foram contabilizadas em n\u00fameros, 1 para \u201csim\u201d e 0 para \u201cn\u00e3o\u201d. Algumas perguntas, com objetivo de obter resultados mais qualitativos, foram elaboradas com mais op\u00e7\u00f5es.<\/p>\n<\/p><\/div>\n<\/div>\n<\/section>\n<\/article><\/div>\n<\/p><\/div>\n<\/p><\/div>\n<\/div>\n","protected":false},"excerpt":{"rendered":"<p>Estudo: Dia Internacional da Mulher: Uma reflex\u00e3o sobre a igualdade de g\u00eanero no Brasil Mar\u00e7o de 2023, estudo feito pela Famivita com mais de 2.100 participantes entre 19 de dezembro de 2002 e 02 de janeiro de 2023: Das timelines \u00e0s mesas de bar, passando pelos seriados e as pesquisas acad\u00eamicas: a igualdade entre homens [&hellip;]<\/p>\n","protected":false},"author":469082,"featured_media":0,"parent":0,"menu_order":0,"comment_status":"closed","ping_status":"closed","template":"page-templates\/tpl-chart.php","meta":{"_acf_changed":false,"footnotes":""},"class_list":["post-157884","page","type-page","status-publish","hentry"],"acf":[],"yoast_head":"<!-- This site is optimized with the Yoast SEO plugin v26.3 - https:\/\/yoast.com\/wordpress\/plugins\/seo\/ -->\n<title>Estudo: Dia Internacional da Mulher: Uma reflex\u00e3o sobre a igualdade de g\u00eanero no Brasil | Famivita<\/title>\n<meta name=\"robots\" content=\"index, follow, max-snippet:-1, max-image-preview:large, max-video-preview:-1\" \/>\n<link rel=\"canonical\" href=\"https:\/\/www.famivita.com\/pt\/estudo-dia-internacional-da-mulher-uma-reflexao-sobre-a-igualdade-de-genero-no-brasil\/\" \/>\n<meta property=\"og:locale\" content=\"pt_PT\" \/>\n<meta property=\"og:type\" content=\"article\" \/>\n<meta property=\"og:title\" content=\"Estudo: Dia Internacional da Mulher: Uma reflex\u00e3o sobre a igualdade de g\u00eanero no Brasil | Famivita\" \/>\n<meta property=\"og:description\" content=\"Estudo: Dia Internacional da Mulher: Uma reflex\u00e3o sobre a igualdade de g\u00eanero no Brasil Mar\u00e7o de 2023, estudo feito pela Famivita com mais de 2.100 participantes entre 19 de dezembro de 2002 e 02 de janeiro de 2023: Das timelines \u00e0s mesas de bar, passando pelos seriados e as pesquisas acad\u00eamicas: a igualdade entre homens [&hellip;]\" \/>\n<meta property=\"og:url\" content=\"https:\/\/www.famivita.com\/pt\/estudo-dia-internacional-da-mulher-uma-reflexao-sobre-a-igualdade-de-genero-no-brasil\/\" \/>\n<meta property=\"og:site_name\" content=\"Famivita\" \/>\n<meta property=\"article:modified_time\" content=\"2023-10-02T08:04:24+00:00\" \/>\n<meta name=\"twitter:card\" content=\"summary_large_image\" \/>\n<meta name=\"twitter:label1\" content=\"Tempo estimado de leitura\" \/>\n\t<meta name=\"twitter:data1\" content=\"6 minutos\" \/>\n<script type=\"application\/ld+json\" class=\"yoast-schema-graph\">{\"@context\":\"https:\/\/schema.org\",\"@graph\":[{\"@type\":\"WebPage\",\"@id\":\"https:\/\/www.famivita.com\/pt\/estudo-dia-internacional-da-mulher-uma-reflexao-sobre-a-igualdade-de-genero-no-brasil\/\",\"url\":\"https:\/\/www.famivita.com\/pt\/estudo-dia-internacional-da-mulher-uma-reflexao-sobre-a-igualdade-de-genero-no-brasil\/\",\"name\":\"Estudo: Dia Internacional da Mulher: Uma reflex\u00e3o sobre a igualdade de g\u00eanero no Brasil | Famivita\",\"isPartOf\":{\"@id\":\"https:\/\/www.famivita.com\/pt\/#website\",\"sameAs\":[\"https:\/\/www.instagram.com\/famivita\/\",\"https:\/\/www.facebook.com\/famivita\/\",\"https:\/\/www.youtube.com\/user\/trocandofraldasyt\",\"https:\/\/api.whatsapp.com\/send\/?phone=5511917837433\"]},\"datePublished\":\"2023-03-07T05:01:49+00:00\",\"dateModified\":\"2023-10-02T08:04:24+00:00\",\"breadcrumb\":{\"@id\":\"https:\/\/www.famivita.com\/pt\/estudo-dia-internacional-da-mulher-uma-reflexao-sobre-a-igualdade-de-genero-no-brasil\/#breadcrumb\"},\"inLanguage\":\"pt-PT\",\"potentialAction\":[{\"@type\":\"ReadAction\",\"target\":[\"https:\/\/www.famivita.com\/pt\/estudo-dia-internacional-da-mulher-uma-reflexao-sobre-a-igualdade-de-genero-no-brasil\/\"]}],\"about\":{\"@type\":\"Organization\",\"@id\":\"https:\/\/www.famivita.com.br\/#organization\",\"name\":\"Famivita\",\"logo\":\"https:\/\/www.famivita.com.br\/wp-content\/themes\/storefront-child\/header_footer_html\/images\/logo_mobile2.svg\",\"url\":\"https:\/\/www.famivita.com.br\/\",\"address\":{\"@type\":\"PostalAddress\",\"streetAddress\":\"Rua Benedito Fernandes, 545, Santo Amaro\",\"addressLocality\":\"S\u00e3o Paulo\",\"addressRegion\":\"S\u00e3o Paulo\",\"postalCode\":\"04746-110\",\"addressCountry\":{\"@type\":\"Country\",\"name\":\"BR\"}}}},{\"@type\":\"BreadcrumbList\",\"@id\":\"https:\/\/www.famivita.com\/pt\/estudo-dia-internacional-da-mulher-uma-reflexao-sobre-a-igualdade-de-genero-no-brasil\/#breadcrumb\",\"itemListElement\":[{\"@type\":\"ListItem\",\"position\":1,\"name\":\"In\u00edcio\",\"item\":\"https:\/\/www.famivita.com\/pt\/\"},{\"@type\":\"ListItem\",\"position\":2,\"name\":\"Estudo: Dia Internacional da Mulher: Uma reflex\u00e3o sobre a igualdade de g\u00eanero no Brasil\"}]},{\"@type\":\"WebSite\",\"@id\":\"https:\/\/www.famivita.com\/pt\/#website\",\"url\":\"https:\/\/www.famivita.com\/pt\/\",\"name\":\"Famivita\",\"description\":\"\",\"potentialAction\":[{\"@type\":\"SearchAction\",\"target\":{\"@type\":\"EntryPoint\",\"urlTemplate\":\"https:\/\/www.famivita.com\/pt\/?s={search_term_string}\"},\"query-input\":{\"@type\":\"PropertyValueSpecification\",\"valueRequired\":true,\"valueName\":\"search_term_string\"}}],\"inLanguage\":\"pt-PT\"}]}<\/script>\n<!-- \/ Yoast SEO plugin. -->","yoast_head_json":{"title":"Estudo: Dia Internacional da Mulher: Uma reflex\u00e3o sobre a igualdade de g\u00eanero no Brasil | Famivita","robots":{"index":"index","follow":"follow","max-snippet":"max-snippet:-1","max-image-preview":"max-image-preview:large","max-video-preview":"max-video-preview:-1"},"canonical":"https:\/\/www.famivita.com\/pt\/estudo-dia-internacional-da-mulher-uma-reflexao-sobre-a-igualdade-de-genero-no-brasil\/","og_locale":"pt_PT","og_type":"article","og_title":"Estudo: Dia Internacional da Mulher: Uma reflex\u00e3o sobre a igualdade de g\u00eanero no Brasil | Famivita","og_description":"Estudo: Dia Internacional da Mulher: Uma reflex\u00e3o sobre a igualdade de g\u00eanero no Brasil Mar\u00e7o de 2023, estudo feito pela Famivita com mais de 2.100 participantes entre 19 de dezembro de 2002 e 02 de janeiro de 2023: Das timelines \u00e0s mesas de bar, passando pelos seriados e as pesquisas acad\u00eamicas: a igualdade entre homens [&hellip;]","og_url":"https:\/\/www.famivita.com\/pt\/estudo-dia-internacional-da-mulher-uma-reflexao-sobre-a-igualdade-de-genero-no-brasil\/","og_site_name":"Famivita","article_modified_time":"2023-10-02T08:04:24+00:00","twitter_card":"summary_large_image","twitter_misc":{"Tempo estimado de leitura":"6 minutos"},"schema":{"@context":"https:\/\/schema.org","@graph":[{"@type":"WebPage","@id":"https:\/\/www.famivita.com\/pt\/estudo-dia-internacional-da-mulher-uma-reflexao-sobre-a-igualdade-de-genero-no-brasil\/","url":"https:\/\/www.famivita.com\/pt\/estudo-dia-internacional-da-mulher-uma-reflexao-sobre-a-igualdade-de-genero-no-brasil\/","name":"Estudo: Dia Internacional da Mulher: Uma reflex\u00e3o sobre a igualdade de g\u00eanero no Brasil | Famivita","isPartOf":{"@id":"https:\/\/www.famivita.com\/pt\/#website","sameAs":["https:\/\/www.instagram.com\/famivita\/","https:\/\/www.facebook.com\/famivita\/","https:\/\/www.youtube.com\/user\/trocandofraldasyt","https:\/\/api.whatsapp.com\/send\/?phone=5511917837433"]},"datePublished":"2023-03-07T05:01:49+00:00","dateModified":"2023-10-02T08:04:24+00:00","breadcrumb":{"@id":"https:\/\/www.famivita.com\/pt\/estudo-dia-internacional-da-mulher-uma-reflexao-sobre-a-igualdade-de-genero-no-brasil\/#breadcrumb"},"inLanguage":"pt-PT","potentialAction":[{"@type":"ReadAction","target":["https:\/\/www.famivita.com\/pt\/estudo-dia-internacional-da-mulher-uma-reflexao-sobre-a-igualdade-de-genero-no-brasil\/"]}],"about":{"@type":"Organization","@id":"https:\/\/www.famivita.com.br\/#organization","name":"Famivita","logo":"https:\/\/www.famivita.com.br\/wp-content\/themes\/storefront-child\/header_footer_html\/images\/logo_mobile2.svg","url":"https:\/\/www.famivita.com.br\/","address":{"@type":"PostalAddress","streetAddress":"Rua Benedito Fernandes, 545, Santo Amaro","addressLocality":"S\u00e3o Paulo","addressRegion":"S\u00e3o Paulo","postalCode":"04746-110","addressCountry":{"@type":"Country","name":"BR"}}}},{"@type":"BreadcrumbList","@id":"https:\/\/www.famivita.com\/pt\/estudo-dia-internacional-da-mulher-uma-reflexao-sobre-a-igualdade-de-genero-no-brasil\/#breadcrumb","itemListElement":[{"@type":"ListItem","position":1,"name":"In\u00edcio","item":"https:\/\/www.famivita.com\/pt\/"},{"@type":"ListItem","position":2,"name":"Estudo: Dia Internacional da Mulher: Uma reflex\u00e3o sobre a igualdade de g\u00eanero no Brasil"}]},{"@type":"WebSite","@id":"https:\/\/www.famivita.com\/pt\/#website","url":"https:\/\/www.famivita.com\/pt\/","name":"Famivita","description":"","potentialAction":[{"@type":"SearchAction","target":{"@type":"EntryPoint","urlTemplate":"https:\/\/www.famivita.com\/pt\/?s={search_term_string}"},"query-input":{"@type":"PropertyValueSpecification","valueRequired":true,"valueName":"search_term_string"}}],"inLanguage":"pt-PT"}]}},"_links":{"self":[{"href":"https:\/\/www.famivita.com\/pt\/wp-json\/wp\/v2\/pages\/157884","targetHints":{"allow":["GET"]}}],"collection":[{"href":"https:\/\/www.famivita.com\/pt\/wp-json\/wp\/v2\/pages"}],"about":[{"href":"https:\/\/www.famivita.com\/pt\/wp-json\/wp\/v2\/types\/page"}],"author":[{"embeddable":true,"href":"https:\/\/www.famivita.com\/pt\/wp-json\/wp\/v2\/users\/469082"}],"replies":[{"embeddable":true,"href":"https:\/\/www.famivita.com\/pt\/wp-json\/wp\/v2\/comments?post=157884"}],"version-history":[{"count":2,"href":"https:\/\/www.famivita.com\/pt\/wp-json\/wp\/v2\/pages\/157884\/revisions"}],"predecessor-version":[{"id":157921,"href":"https:\/\/www.famivita.com\/pt\/wp-json\/wp\/v2\/pages\/157884\/revisions\/157921"}],"wp:attachment":[{"href":"https:\/\/www.famivita.com\/pt\/wp-json\/wp\/v2\/media?parent=157884"}],"curies":[{"name":"wp","href":"https:\/\/api.w.org\/{rel}","templated":true}]}}