{"id":158722,"date":"2023-07-30T22:25:37","date_gmt":"2023-07-31T01:25:37","guid":{"rendered":"https:\/\/www.famivita.com\/pt\/?page_id=158722"},"modified":"2023-08-04T00:44:21","modified_gmt":"2023-08-04T03:44:21","slug":"estudo-envelhecimento-feminino-a-pressao-pela-eterna-juventude-delas-no-brasil","status":"publish","type":"page","link":"https:\/\/www.famivita.com\/pt\/estudo-envelhecimento-feminino-a-pressao-pela-eterna-juventude-delas-no-brasil\/","title":{"rendered":"Estudo: Envelhecimento feminino &#8211; A press\u00e3o pela eterna juventude delas no Brasil"},"content":{"rendered":"<div class=\"content-wrapper\">\n<div class=\"container\">\n<div class=\"row\">\n<div id=\"main\" class=\"col-sm-12\">\n<article class=\"article\">\n<section>\n<h1>Estudo: Envelhecimento feminino &#8211; A press\u00e3o pela eterna juventude delas no Brasil <\/h1>\n<div class=\"post-content\">\n<div class=\"resultbox\">\n<p><strong class=\"list_bg\">Julho de 2023, estudo feito pela Famivita com mais de 2.500 participantes entre 12 e 18 de abril de 2023:<\/strong> Segundo dados da Sociedade Internacional de Cirurgia Pl\u00e1stica, o Brasil \u00e9 o segundo pa\u00eds que mais realiza procedimentos n\u00e3o cir\u00fargicos. Nesse ranking aparecem em primeiro lugar a aplica\u00e7\u00e3o de toxina botul\u00ednica (botox) e em seguida a de \u00e1cido hialur\u00f4nico &#8211; usado para os chamados &#8220;preenchimentos&#8221;. Al\u00e9m disso, de acordo com a \u00faltima pesquisa da Sociedade Brasileira de Dermatologia (SBD), em 2022 o n\u00famero de procedimentos est\u00e9ticos cresceu 390% se comparado ao ano anterior. A SBD apontou, ainda, que dentre as pessoas que os realizaram, 56% s\u00e3o mulheres e 24% s\u00e3o homens.<\/p>\n<p> A representa\u00e7\u00e3o social da velhice \u00e9 frequentemente associada ao modo de se vestir, \u00e0s rugas, \u00e0 perda do vi\u00e7o e energia no dia a dia. Sobretudo para a mulher, parece haver uma maior cobran\u00e7a para que atrav\u00e9s de cuidados com a apar\u00eancia ela consiga atenuar os efeitos do envelhecimento, dado que isso passa a ser enxergado como algo feio, pass\u00edvel de ser embelezado. Relacionado ao tema, em nosso \u00faltimo estudo, <strong>55% das mulheres afirmaram considerar o envelhecimento dif\u00edcil no Brasil, para uma mulher<\/strong>.  <\/p>\n<h3 class=\"text-center space-xs\">Voc\u00ea acha que \u00e9 dif\u00edcil para uma mulher envelhecer no Brasil?<\/h3>\n<p>                <img decoding=\"async\" src=\"\/wp-content\/uploads\/2023\/07\/07_23_01.svg\" alt=\"\" class=\"aligncenter\" \/>\n<\/div>\n<hr class=\"break break20\"\/>\n<div class=\"chartarea\">\n<h2 class=\"uppercase\">\u201cEnvelhecer jovialmente\u201d<\/h2>\n<p> Nesse cen\u00e1rio, a apar\u00eancia jovem surge como algo essencial para a realiza\u00e7\u00e3o pessoal, a felicidade e a valoriza\u00e7\u00e3o da mulher pela sociedade, o que colabora para validar a busca por estrat\u00e9gias que combatam o processo de envelhecimento, posto que ele \u00e9 visto como indesejado e negativo, em contraposi\u00e7\u00e3o ao que \u00e9 novo e portanto enxergado como positivo.  <\/p>\n<p>N\u00e3o \u00e9 \u00e0 toa que o mercado de cosm\u00e9ticos no Brasil \u00e9 o terceiro do mundo, perdendo apenas para os Estados Unidos e Jap\u00e3o. S\u00e3o in\u00fameros produtos dispon\u00edveis, dos mais variados pre\u00e7os, que prometem beleza e sa\u00fade, garantindo a proximidade \u00e0 apar\u00eancia almejada, para um envelhecimento que, paradoxalmente, ocorra do modo mais jovial poss\u00edvel. E, pertinente ao tema, em nosso estudo <strong>77% das entrevistadas destacaram que h\u00e1 uma press\u00e3o maior para que a mulher n\u00e3o aparente a idade que tem<\/strong>. <\/p>\n<ul >\n<li > Especialmente as mulheres entre <strong class=\"list_bg\">40 a 44 anos<\/strong>, responderam positivamente, com <strong class=\"list_bg\">63%<\/strong>.<\/li>\n<li >Em seguida, vieram as mulheres na faixa et\u00e1ria entre <strong class=\"list_bg\">35 a 39 anos<\/strong>, com <strong class=\"list_bg\">60%<\/strong>.  <\/li>\n<li >J\u00e1 dos <strong class=\"list_bg\">25 aos 29 anos<\/strong>, esse n\u00famero foi de <strong class=\"list_bg\">56%<\/strong>.<\/li>\n<li >Entre os <strong class=\"list_bg\">homens<\/strong>, <strong class=\"list_bg\">63%<\/strong> afirmaram que h\u00e1 uma press\u00e3o maior sobre as mulheres, relativa ao tema.   <\/li>\n<\/ul>\n<p> Importante ressaltar que entre as mulheres <strong>com filhos<\/strong>, <strong>58%<\/strong> afirmaram essa dificuldade, contra <strong>50% das mulheres sem filhos<\/strong>. J\u00e1 no recorte entre as <strong>mulheres gr\u00e1vidas e tentando<\/strong> engravidar, esse n\u00famero foi de <strong>56% e 50%<\/strong>, respectivamente. Al\u00e9m disso, <strong>46% dos homens concordaram<\/strong> que o envelhecimento no Brasil \u00e9 dif\u00edcil, para uma mulher.<\/p>\n<h3 class=\"text-center space-xs\">Voc\u00ea acredita que h\u00e1 uma press\u00e3o maior para que a mulher n\u00e3o aparente a idade que tem?<\/h3>\n<p>                <img decoding=\"async\" src=\"\/wp-content\/uploads\/2023\/07\/07_23_02.svg\" alt=\"\" class=\"aligncenter\" \/>\n<\/div>\n<hr class=\"break break20\"\/>\n<div class=\"chartarea\">\n<h2 class=\"uppercase\">Envelhecendo como um homem  <\/h2>\n<p> As rugas e os cabelos grisalhos, por exemplo, costumam ser enxergados de maneira bem diferente em homens e mulheres. Nos primeiros, ainda vigora a ideia de que \u00e9 isso sinal de maturidade intelectual, experi\u00eancia e charme. J\u00e1 no caso das mulheres \u00e9 como se elas fossem desleixadas, tivessem baixa autoestima ou pouco cuidado consigo mesmas, ou seja, socialmente, n\u00e3o \u00e9 permitido a mulher envelhecer como um homem: naturalmente. <\/p>\n<p>Acompanhando esse cen\u00e1rio, muitas mulheres se submetem a tratamentos caros e doloridos no intuito de se adequarem \u00e0s expectativas. E, ainda de acordo com o nosso estudo, <strong>68% das mulheres afirmaram que, para o homem, inexiste a cobran\u00e7a para que aparente ser mais jovem<\/strong>.  <\/p>\n<ul >\n<li > Especialmente as mulheres dos <strong class=\"list_bg\">40 aos 44 anos<\/strong> responderam que sim, h\u00e1 uma exig\u00eancia maior sobre a apar\u00eancia feminina, com <strong class=\"list_bg\">84%<\/strong>. <\/li>\n<li > Entre as mulheres com <strong class=\"list_bg\">50 anos ou mais<\/strong>, o n\u00famero tamb\u00e9m foi expressivo, com <strong class=\"list_bg\">83%<\/strong>. <\/li>\n<li ><strong class=\"list_bg\">55%<\/strong> dos <strong class=\"list_bg\">homens<\/strong> responderam que a cobran\u00e7a a respeito da juventude, em rela\u00e7\u00e3o a eles, n\u00e3o existe. <\/li>\n<\/ul>\n<\/div>\n<hr class=\"break break20\"\/>\n<div class=\"chartarea\">\n<h2 class=\"text-center\">Ranking dos estados em que participantes apontaram haver uma press\u00e3o maior para a mulher n\u00e3o aparentar a idade<\/h2>\n<div class=\"four_column_wrap\">\n<ul class=\"four_column\">\n<li><span>1.<\/span>Rond\u00f4nia<\/li>\n<li><span>2.<\/span>Par\u00e1 <\/li>\n<li><span>3.<\/span>Distrito Federal<\/li>\n<li><span>4.<\/span>Rio de Janeiro<\/li>\n<li><span>5.<\/span>Goi\u00e1s <\/li>\n<li><span>6.<\/span>Bahia<\/li>\n<li><span>7.<\/span>Esp\u00edrito Santo <\/li>\n<\/ul>\n<ul class=\"four_column\">\n<li><span>8.<\/span>Tocantins<\/li>\n<li><span>9.<\/span>S\u00e3o Paulo<\/li>\n<li><span>10.<\/span>Mato Grosso do Sul<\/li>\n<li><span>11.<\/span> Alagoas<\/li>\n<li><span>12.<\/span>Rio Grande do Norte<\/li>\n<li><span>13.<\/span> Pernambuco <\/li>\n<li><span>14.<\/span> Mato Grosso<\/li>\n<\/ul>\n<ul class=\"four_column\">\n<li><span>15.<\/span> Para\u00edba<\/li>\n<li><span>16.<\/span>Paran\u00e1<\/li>\n<li><span>17.<\/span> Minas Gerais<\/li>\n<li><span>18.<\/span>Amap\u00e1<\/li>\n<li><span>19.<\/span>Cear\u00e1<\/li>\n<li><span>20.<\/span>Santa Catarina<\/li>\n<li><span>21.<\/span>Sergipe<\/li>\n<\/ul>\n<ul class=\"four_column\">\n<li><span>22.<\/span>Roraima<\/li>\n<li><span>23.<\/span>Acre<\/li>\n<li><span>24.<\/span>Maranh\u00e3o<\/li>\n<li><span>25.<\/span>Rio Grande do Sul<\/li>\n<li><span>26.<\/span>Amazonas<\/li>\n<li><span>27.<\/span>Piau\u00ed<\/li>\n<\/ul><\/div>\n<\/p><\/div>\n<hr class=\"break break20\"\/>\n<div class=\"resultbox\">\n<h2 class=\"text-center\">\u00cdndice dos estados em que elas afirmaram ser dif\u00edcil para uma mulher, o envelhecimento no Brasil <\/h2>\n<p>    <img decoding=\"async\" src=\"\/wp-content\/uploads\/2023\/07\/barchat_07_23.png\" alt=\"\" class=\"aligncenter\" \/>\n   <\/div>\n<hr class=\"break break20\"\/>\n<div class=\"chartarea\">\n<h2>M\u00e9todo de Pesquisa<\/h2>\n<p>O estudo teve abrang\u00eancia nacional e foi realizado com mais de 2.500 participantes entre 12 e 18 de abril de 2023. O m\u00e9todo de coleta de dados foi feito por meio de question\u00e1rio em formul\u00e1rio na internet.<\/p>\n<p>As seguintes quest\u00f5es foram abordadas:<\/p>\n<ul class=\"border\">\n<li> Voc\u00ea acha que \u00e9 dif\u00edcil para uma mulher envelhecer no Brasil? <\/li>\n<li> Voc\u00ea acredita que h\u00e1 uma press\u00e3o maior para que a mulher n\u00e3o aparente a idade que tem? <\/li>\n<li> Voc\u00ea acredita que para os homens n\u00e3o existe esse tipo de cobran\u00e7a? <\/li>\n<\/ul>\n<p>Para efeito de comparar os resultados entre regi\u00f5es e estados, as respostas das perguntas afirmativas foram contabilizadas em n\u00fameros, 1 para \u201csim\u201d e 0 para \u201cn\u00e3o\u201d. Algumas perguntas, com objetivo de obter resultados mais qualitativos, foram elaboradas com mais op\u00e7\u00f5es.<\/p>\n<\/p><\/div>\n<\/div>\n<\/section>\n<\/article><\/div>\n<\/p><\/div>\n<\/p><\/div>\n<\/div>\n","protected":false},"excerpt":{"rendered":"<p>Estudo: Envelhecimento feminino &#8211; A press\u00e3o pela eterna juventude delas no Brasil Julho de 2023, estudo feito pela Famivita com mais de 2.500 participantes entre 12 e 18 de abril de 2023: Segundo dados da Sociedade Internacional de Cirurgia Pl\u00e1stica, o Brasil \u00e9 o segundo pa\u00eds que mais realiza procedimentos n\u00e3o cir\u00fargicos. Nesse ranking aparecem [&hellip;]<\/p>\n","protected":false},"author":469082,"featured_media":0,"parent":0,"menu_order":0,"comment_status":"closed","ping_status":"closed","template":"page-templates\/tpl-chart.php","meta":{"_acf_changed":false,"footnotes":""},"class_list":["post-158722","page","type-page","status-publish","hentry"],"acf":[],"yoast_head":"<!-- This site is optimized with the Yoast SEO plugin v26.3 - https:\/\/yoast.com\/wordpress\/plugins\/seo\/ -->\n<title>Estudo: Envelhecimento feminino - A press\u00e3o pela eterna juventude delas no Brasil | Famivita<\/title>\n<meta name=\"robots\" content=\"index, follow, max-snippet:-1, max-image-preview:large, max-video-preview:-1\" \/>\n<link rel=\"canonical\" href=\"https:\/\/www.famivita.com\/pt\/estudo-envelhecimento-feminino-a-pressao-pela-eterna-juventude-delas-no-brasil\/\" \/>\n<meta property=\"og:locale\" content=\"pt_PT\" \/>\n<meta property=\"og:type\" content=\"article\" \/>\n<meta property=\"og:title\" content=\"Estudo: Envelhecimento feminino - A press\u00e3o pela eterna juventude delas no Brasil | Famivita\" \/>\n<meta property=\"og:description\" content=\"Estudo: Envelhecimento feminino &#8211; A press\u00e3o pela eterna juventude delas no Brasil Julho de 2023, estudo feito pela Famivita com mais de 2.500 participantes entre 12 e 18 de abril de 2023: Segundo dados da Sociedade Internacional de Cirurgia Pl\u00e1stica, o Brasil \u00e9 o segundo pa\u00eds que mais realiza procedimentos n\u00e3o cir\u00fargicos. Nesse ranking aparecem [&hellip;]\" \/>\n<meta property=\"og:url\" content=\"https:\/\/www.famivita.com\/pt\/estudo-envelhecimento-feminino-a-pressao-pela-eterna-juventude-delas-no-brasil\/\" \/>\n<meta property=\"og:site_name\" content=\"Famivita\" \/>\n<meta property=\"article:modified_time\" content=\"2023-08-04T03:44:21+00:00\" \/>\n<meta name=\"twitter:card\" content=\"summary_large_image\" \/>\n<meta name=\"twitter:label1\" content=\"Tempo estimado de leitura\" \/>\n\t<meta name=\"twitter:data1\" content=\"4 minutos\" \/>\n<script type=\"application\/ld+json\" class=\"yoast-schema-graph\">{\"@context\":\"https:\/\/schema.org\",\"@graph\":[{\"@type\":\"WebPage\",\"@id\":\"https:\/\/www.famivita.com\/pt\/estudo-envelhecimento-feminino-a-pressao-pela-eterna-juventude-delas-no-brasil\/\",\"url\":\"https:\/\/www.famivita.com\/pt\/estudo-envelhecimento-feminino-a-pressao-pela-eterna-juventude-delas-no-brasil\/\",\"name\":\"Estudo: Envelhecimento feminino - A press\u00e3o pela eterna juventude delas no Brasil | Famivita\",\"isPartOf\":{\"@id\":\"https:\/\/www.famivita.com\/pt\/#website\",\"sameAs\":[\"https:\/\/www.instagram.com\/famivita\/\",\"https:\/\/www.facebook.com\/famivita\/\",\"https:\/\/www.youtube.com\/user\/trocandofraldasyt\",\"https:\/\/api.whatsapp.com\/send\/?phone=5511917837433\"]},\"datePublished\":\"2023-07-31T01:25:37+00:00\",\"dateModified\":\"2023-08-04T03:44:21+00:00\",\"breadcrumb\":{\"@id\":\"https:\/\/www.famivita.com\/pt\/estudo-envelhecimento-feminino-a-pressao-pela-eterna-juventude-delas-no-brasil\/#breadcrumb\"},\"inLanguage\":\"pt-PT\",\"potentialAction\":[{\"@type\":\"ReadAction\",\"target\":[\"https:\/\/www.famivita.com\/pt\/estudo-envelhecimento-feminino-a-pressao-pela-eterna-juventude-delas-no-brasil\/\"]}],\"about\":{\"@type\":\"Organization\",\"@id\":\"https:\/\/www.famivita.com.br\/#organization\",\"name\":\"Famivita\",\"logo\":\"https:\/\/www.famivita.com.br\/wp-content\/themes\/storefront-child\/header_footer_html\/images\/logo_mobile2.svg\",\"url\":\"https:\/\/www.famivita.com.br\/\",\"address\":{\"@type\":\"PostalAddress\",\"streetAddress\":\"Rua Benedito Fernandes, 545, Santo Amaro\",\"addressLocality\":\"S\u00e3o Paulo\",\"addressRegion\":\"S\u00e3o Paulo\",\"postalCode\":\"04746-110\",\"addressCountry\":{\"@type\":\"Country\",\"name\":\"BR\"}}}},{\"@type\":\"BreadcrumbList\",\"@id\":\"https:\/\/www.famivita.com\/pt\/estudo-envelhecimento-feminino-a-pressao-pela-eterna-juventude-delas-no-brasil\/#breadcrumb\",\"itemListElement\":[{\"@type\":\"ListItem\",\"position\":1,\"name\":\"In\u00edcio\",\"item\":\"https:\/\/www.famivita.com\/pt\/\"},{\"@type\":\"ListItem\",\"position\":2,\"name\":\"Estudo: Envelhecimento feminino &#8211; A press\u00e3o pela eterna juventude delas no Brasil\"}]},{\"@type\":\"WebSite\",\"@id\":\"https:\/\/www.famivita.com\/pt\/#website\",\"url\":\"https:\/\/www.famivita.com\/pt\/\",\"name\":\"Famivita\",\"description\":\"\",\"potentialAction\":[{\"@type\":\"SearchAction\",\"target\":{\"@type\":\"EntryPoint\",\"urlTemplate\":\"https:\/\/www.famivita.com\/pt\/?s={search_term_string}\"},\"query-input\":{\"@type\":\"PropertyValueSpecification\",\"valueRequired\":true,\"valueName\":\"search_term_string\"}}],\"inLanguage\":\"pt-PT\"}]}<\/script>\n<!-- \/ Yoast SEO plugin. -->","yoast_head_json":{"title":"Estudo: Envelhecimento feminino - A press\u00e3o pela eterna juventude delas no Brasil | Famivita","robots":{"index":"index","follow":"follow","max-snippet":"max-snippet:-1","max-image-preview":"max-image-preview:large","max-video-preview":"max-video-preview:-1"},"canonical":"https:\/\/www.famivita.com\/pt\/estudo-envelhecimento-feminino-a-pressao-pela-eterna-juventude-delas-no-brasil\/","og_locale":"pt_PT","og_type":"article","og_title":"Estudo: Envelhecimento feminino - A press\u00e3o pela eterna juventude delas no Brasil | Famivita","og_description":"Estudo: Envelhecimento feminino &#8211; A press\u00e3o pela eterna juventude delas no Brasil Julho de 2023, estudo feito pela Famivita com mais de 2.500 participantes entre 12 e 18 de abril de 2023: Segundo dados da Sociedade Internacional de Cirurgia Pl\u00e1stica, o Brasil \u00e9 o segundo pa\u00eds que mais realiza procedimentos n\u00e3o cir\u00fargicos. Nesse ranking aparecem [&hellip;]","og_url":"https:\/\/www.famivita.com\/pt\/estudo-envelhecimento-feminino-a-pressao-pela-eterna-juventude-delas-no-brasil\/","og_site_name":"Famivita","article_modified_time":"2023-08-04T03:44:21+00:00","twitter_card":"summary_large_image","twitter_misc":{"Tempo estimado de leitura":"4 minutos"},"schema":{"@context":"https:\/\/schema.org","@graph":[{"@type":"WebPage","@id":"https:\/\/www.famivita.com\/pt\/estudo-envelhecimento-feminino-a-pressao-pela-eterna-juventude-delas-no-brasil\/","url":"https:\/\/www.famivita.com\/pt\/estudo-envelhecimento-feminino-a-pressao-pela-eterna-juventude-delas-no-brasil\/","name":"Estudo: Envelhecimento feminino - A press\u00e3o pela eterna juventude delas no Brasil | Famivita","isPartOf":{"@id":"https:\/\/www.famivita.com\/pt\/#website","sameAs":["https:\/\/www.instagram.com\/famivita\/","https:\/\/www.facebook.com\/famivita\/","https:\/\/www.youtube.com\/user\/trocandofraldasyt","https:\/\/api.whatsapp.com\/send\/?phone=5511917837433"]},"datePublished":"2023-07-31T01:25:37+00:00","dateModified":"2023-08-04T03:44:21+00:00","breadcrumb":{"@id":"https:\/\/www.famivita.com\/pt\/estudo-envelhecimento-feminino-a-pressao-pela-eterna-juventude-delas-no-brasil\/#breadcrumb"},"inLanguage":"pt-PT","potentialAction":[{"@type":"ReadAction","target":["https:\/\/www.famivita.com\/pt\/estudo-envelhecimento-feminino-a-pressao-pela-eterna-juventude-delas-no-brasil\/"]}],"about":{"@type":"Organization","@id":"https:\/\/www.famivita.com.br\/#organization","name":"Famivita","logo":"https:\/\/www.famivita.com.br\/wp-content\/themes\/storefront-child\/header_footer_html\/images\/logo_mobile2.svg","url":"https:\/\/www.famivita.com.br\/","address":{"@type":"PostalAddress","streetAddress":"Rua Benedito Fernandes, 545, Santo Amaro","addressLocality":"S\u00e3o Paulo","addressRegion":"S\u00e3o Paulo","postalCode":"04746-110","addressCountry":{"@type":"Country","name":"BR"}}}},{"@type":"BreadcrumbList","@id":"https:\/\/www.famivita.com\/pt\/estudo-envelhecimento-feminino-a-pressao-pela-eterna-juventude-delas-no-brasil\/#breadcrumb","itemListElement":[{"@type":"ListItem","position":1,"name":"In\u00edcio","item":"https:\/\/www.famivita.com\/pt\/"},{"@type":"ListItem","position":2,"name":"Estudo: Envelhecimento feminino &#8211; A press\u00e3o pela eterna juventude delas no Brasil"}]},{"@type":"WebSite","@id":"https:\/\/www.famivita.com\/pt\/#website","url":"https:\/\/www.famivita.com\/pt\/","name":"Famivita","description":"","potentialAction":[{"@type":"SearchAction","target":{"@type":"EntryPoint","urlTemplate":"https:\/\/www.famivita.com\/pt\/?s={search_term_string}"},"query-input":{"@type":"PropertyValueSpecification","valueRequired":true,"valueName":"search_term_string"}}],"inLanguage":"pt-PT"}]}},"_links":{"self":[{"href":"https:\/\/www.famivita.com\/pt\/wp-json\/wp\/v2\/pages\/158722","targetHints":{"allow":["GET"]}}],"collection":[{"href":"https:\/\/www.famivita.com\/pt\/wp-json\/wp\/v2\/pages"}],"about":[{"href":"https:\/\/www.famivita.com\/pt\/wp-json\/wp\/v2\/types\/page"}],"author":[{"embeddable":true,"href":"https:\/\/www.famivita.com\/pt\/wp-json\/wp\/v2\/users\/469082"}],"replies":[{"embeddable":true,"href":"https:\/\/www.famivita.com\/pt\/wp-json\/wp\/v2\/comments?post=158722"}],"version-history":[{"count":5,"href":"https:\/\/www.famivita.com\/pt\/wp-json\/wp\/v2\/pages\/158722\/revisions"}],"predecessor-version":[{"id":158734,"href":"https:\/\/www.famivita.com\/pt\/wp-json\/wp\/v2\/pages\/158722\/revisions\/158734"}],"wp:attachment":[{"href":"https:\/\/www.famivita.com\/pt\/wp-json\/wp\/v2\/media?parent=158722"}],"curies":[{"name":"wp","href":"https:\/\/api.w.org\/{rel}","templated":true}]}}