{"id":159844,"date":"2023-10-30T09:32:31","date_gmt":"2023-10-30T12:32:31","guid":{"rendered":"https:\/\/www.famivita.com\/pt\/?page_id=159844"},"modified":"2023-11-06T12:43:10","modified_gmt":"2023-11-06T15:43:10","slug":"estudo-a-importancia-de-cuidar-da-saude-o-cancer-de-mama-e-do-colo-do-utero-no-contexto-da-prevencao","status":"publish","type":"page","link":"https:\/\/www.famivita.com\/pt\/estudo-a-importancia-de-cuidar-da-saude-o-cancer-de-mama-e-do-colo-do-utero-no-contexto-da-prevencao\/","title":{"rendered":"Estudo: A import\u00e2ncia de cuidar da sa\u00fade &#8211; O C\u00e2ncer de Mama e do Colo do \u00datero no contexto da preven\u00e7\u00e3o"},"content":{"rendered":"<div class=\"content-wrapper\">\n<div class=\"container\">\n<div class=\"row\">\n<div id=\"main\" class=\"col-sm-12\">\n<article class=\"article\">\n<section>\n<h1>Estudo: A import\u00e2ncia de cuidar da sa\u00fade &#8211; O C\u00e2ncer de Mama e do Colo do \u00datero no contexto da preven\u00e7\u00e3o<\/h1>\n<div class=\"post-content\">\n<div class=\"resultbox\">\n<p><strong class=\"list_bg\">Outubro de 2023, estudo feito pela Famivita com 2.500 participantes entre 11 e 25 de setembro de 2023:<\/strong> Novembro Azul, Setembro Amarelo, Mar\u00e7o Lil\u00e1s&#8230; Cada m\u00eas recebe simbolicamente uma cor que vem destacar como \u00e9 essencial cuidar da nossa sa\u00fade. Nesse sentido, podemos dizer que o ano todo \u00e9 permeado pela t\u00f4nica da preven\u00e7\u00e3o. Ela, ali\u00e1s, \u00e9 usualmente enfatizada pela OMS, que preconiza que cada intera\u00e7\u00e3o de sa\u00fade deve sempre incluir a preven\u00e7\u00e3o. <\/p>\n<p>Em especial pela passagem do Outubro Rosa, n\u00e3o podemos deixar de lembrar do c\u00e2ncer de mama &#8211; a campanha \u00e9 realizada anualmente em todo o mundo desde 1990 e h\u00e1 uma extensa divulga\u00e7\u00e3o atrav\u00e9s da m\u00eddia, eventos sociais e programas educativos. Acerca disso, dados divulgados pelo Instituto Nacional do C\u00e2ncer (Inca) para o tri\u00eanio de 2023 a 2025 estimam 74 mil novos casos por ano dessa enfermidade no Pa\u00eds. <\/p>\n<p>Noutra frente do problema, h\u00e1 o c\u00e2ncer do colo do \u00fatero, sendo que, somente para este ano, o Inca estimou 17 mil novas ocorr\u00eancias dele no Brasil. <\/p>\n<p>\nVale lembrar que os melhores resultados, em rela\u00e7\u00e3o ao tratamento e qualidade de vida, t\u00eam a ver diretamente com o diagn\u00f3stico precoce, nos est\u00e1dios iniciais, e com o r\u00e1pido in\u00edcio do tratamento. Para isso, s\u00e3o fundamentais as a\u00e7\u00f5es preventivas, de modo a identificar os tumores nas fases iniciais para melhorar as chances de cura. Relacionado a isso, nosso \u00faltimo estudo constatou que <strong>43% das brasileiras n\u00e3o realizam os exames para preven\u00e7\u00e3o de c\u00e2ncer de mama e\/ou colo do \u00fatero.<\/strong>.<\/p>\n<h3 class=\"text-center space-xs\"> Voc\u00ea realiza os exames para preven\u00e7\u00e3o de c\u00e2ncer de mama e\/ou colo do \u00fatero? <\/h3>\n<p>                <img decoding=\"async\" src=\"\/wp-content\/uploads\/2023\/10\/01_23_11.svg\" alt=\"\" class=\"aligncenter\" \/> <\/p>\n<ul>\n<li> Especialmente aquelas na faixa et\u00e1ria dos <strong class=\"list_bg\">18 aos 24 anos<\/strong>, disseram n\u00e3o fazer esses exames, com<strong class=\"list_bg\">61%<\/strong>.<\/li>\n<li>J\u00e1 dos <strong class=\"list_bg\">25 aos 29 anos<\/strong>, <strong class=\"list_bg\">44%<\/strong> delas responderam negativamente.<\/li>\n<li>Dos <strong class=\"list_bg\">30 aos 34 anos<\/strong>, esse n\u00famero foi de <strong class=\"list_bg\">30%<\/strong>. <\/li>\n<li> Acima dos <strong class=\"list_bg\">35 anos<\/strong>, pelo menos <strong class=\"list_bg\">79%<\/strong> realizaram os exames de rotina. <\/li>\n<\/ul><\/div>\n<hr class=\"break break20\"\/>\n<div class=\"chartarea\">\n<h2 class=\"uppercase\">Preven\u00e7\u00e3o, timidez e consultas ginecol\u00f3gicas<\/h2>\n<p>Uma pesquisa efetuada em 2019, pela Federa\u00e7\u00e3o Brasileira de Ginecologia e Obstetr\u00edcia (Febrasgo), revelou que 4 milh\u00f5es de brasileiras nunca foram ao ginecologista obstetra e outras 5,6 milh\u00f5es n\u00e3o t\u00eam o h\u00e1bito de ir a esse profissional, sendo que 11% das entrevistadas apontaram a vergonha como o principal motivo.<\/p>\n<p>Entre os principais exames pertinentes ao tema, figuram o exame f\u00edsico ginecol\u00f3gico que avalia o corpo da mulher por completo; o Papanicolau, que previne o c\u00e2ncer de colo de \u00fatero; a Ultrassonografia Transvaginal, que \u00e9 capaz de detectar les\u00f5es e outras forma\u00e7\u00f5es no \u00fatero; e a mamografia, que embora n\u00e3o seja um exame ginecol\u00f3gico, \u00e9 sempre solicitado em uma consulta de rotina pelo ginecologista.<\/p>\n<p>Acerca da mamografia, \u00e9 v\u00e1lido mencionar, tamb\u00e9m, que fazer o autoexame todos os meses n\u00e3o a substitui, embora ele seja muito importante. Al\u00e9m disso, a mamografia \u00e9 oferecida a todas as mulheres, no Brasil, atrav\u00e9s do Sistema \u00danico de Sa\u00fade (SUS), tendo inclusive cobertura obrigat\u00f3ria dos planos. <\/p>\n<p>E, ainda vinculado ao assunto, <strong>44% das entrevistadas em nosso estudo disseram encontrar dificuldades para agendar o exame ginecol\u00f3gico anual de rotina.<\/strong> <\/p>\n<h3 class=\"text-center space-xs\">Voc\u00ea tem dificuldades para agendar o exame ginecol\u00f3gico anual de rotina? <\/h3>\n<p>                <img decoding=\"async\" src=\"\/wp-content\/uploads\/2023\/10\/02_23_11.svg\" alt=\"\" class=\"aligncenter\" \/><\/p>\n<ul>\n<li> Principalmente aquelas entre <strong class=\"list_bg\">18 e 24 anos<\/strong> afirmaram que sim, encontram dificuldades para agendar o exame ginecol\u00f3gico de rotina, com <strong class=\"list_bg\">53%<\/strong>.<\/li>\n<li>A faixa et\u00e1ria entre <strong class=\"list_bg\">30 e 34 anos<\/strong> encontra menos dificuldades para agendar o exame ginecol\u00f3gico de rotina, com <strong class=\"list_bg\">35%<\/strong>.<\/li>\n<li> Gestantes tamb\u00e9m t\u00eam menos dificuldades, com <strong class=\"list_bg\">37%<\/strong>. <\/li>\n<li>Mulheres com filhos relatam mais dificuldades, com <strong class=\"list_bg\">47%<\/strong>, quando comparadas \u00e0s mulheres sem filhos, com <strong class=\"list_bg\">39%<\/strong>.<\/li>\n<\/ul>\n<\/div>\n<hr class=\"break break20\"\/>\n<div class=\"resultbox\">\n<h2 class=\"uppercase\"> O HPV e a meta da OMS <\/h2>\n<p> Referente ao c\u00e2ncer do colo do \u00fatero, no mundo todo, a OMS estima que 600 mil casos s\u00e3o diagnosticados por ano. Tais n\u00fameros significaram para a entidade um grande sinal de alerta. Por isso, em 2020, na Assembleia Mundial da Sa\u00fade, foi lan\u00e7ada a meta de reduzir a incid\u00eancia desse c\u00e2ncer a 4 casos, ou nem isso, em cada 100 mil mulheres, at\u00e9 2030.  <\/p>\n<p>No ano que vem, a prop\u00f3sito, se completar\u00e3o 10 anos que a vacina \u00e9 oferecida nos postos do SUS, para a faixa et\u00e1ria dos 9 aos 14 anos. Por\u00e9m, segundo a Funda\u00e7\u00e3o do C\u00e2ncer, todas as capitais e regi\u00f5es brasileiras est\u00e3o com a vacina\u00e7\u00e3o contra o Papilomav\u00edrus Humano abaixo do objetivo estabelecido pelo Programa Nacional de Imuniza\u00e7\u00f5es (PIN) e a OMS. E, relacionado ao tema, <strong>60% das participantes da pesquisa disseram ter tomado a vacina contra HPV<\/strong>.<\/p>\n<ul>\n<li> Especialmente dos <strong class=\"list_bg\">18 aos 24 anos<\/strong>, <strong class=\"list_bg\">78%<\/strong> relataram terem se imunizado contra a doen\u00e7a.<\/li>\n<li><strong class=\"list_bg\">Dos 25 aos 29 anos, este n\u00famero foi de 57%<\/strong>. <\/li>\n<li> A <strong class=\"list_bg\">Para\u00edba<\/strong> foi o Estado em que mais mulheres afirmaram terem tomado a vacina contra o HPV.  <\/li>\n<\/ul>\n<\/div>\n<hr class=\"break break20\"\/>\n<div class=\"chartarea\">\n<div class=\"text-center\">Ranking dos Estados em que brasileiras relataram haver tomado a vacina contra HPV  <\/div>\n<div class=\"four_column_wrap\">\n<ul class=\"custom_design four_column\">\n<li><span>1.<\/span>Para\u00edba<\/li>\n<li><span>2.<\/span>Amap\u00e1<\/li>\n<li><span>3.<\/span>Piau\u00ed<\/li>\n<li><span>4.<\/span>Rond\u00f4nia<\/li>\n<li><span>5.<\/span>Alagoas<\/li>\n<li><span>6.<\/span>Esp\u00edrito Santo<\/li>\n<li><span>7.<\/span>Bahia<\/li>\n<\/ul>\n<ul class=\"custom_design four_column\">\n<li><span>8.<\/span>Sergipe<\/li>\n<li><span>9.<\/span>Par\u00e1<\/li>\n<li><span>10.<\/span>Amazonas<\/li>\n<li><span>11.<\/span>Cear\u00e1<\/li>\n<li><span>12.<\/span>Distrito Federal<\/li>\n<li><span>13.<\/span>Acre<\/li>\n<li><span>14.<\/span>Goi\u00e1s<\/li>\n<\/ul>\n<ul class=\"custom_design four_column\">\n<li><span>15.<\/span>Mato Grosso<\/li>\n<li><span>16.<\/span>Pernambuco<\/li>\n<li><span>17.<\/span>Maranh\u00e3o<\/li>\n<li><span>18.<\/span>Tocantins<\/li>\n<li><span>19.<\/span>Minas Gerais<\/li>\n<li><span>20.<\/span>Santa Catarina<\/li>\n<li><span>21.<\/span>Paran\u00e1<\/li>\n<\/ul>\n<ul class=\"custom_design four_column\">\n<li><span>22.<\/span>Rio de Janeiro<\/li>\n<li><span>23.<\/span>S\u00e3o Paulo<\/li>\n<li><span>24.<\/span>Rio Grande do Sul<\/li>\n<li><span>25.<\/span>Mato Grosso do Sul<\/li>\n<li><span>26.<\/span>Rio Grande do Norte<\/li>\n<li><span>27.<\/span>Roraima<\/li>\n<\/ul><\/div>\n<\/p><\/div>\n<\/p><\/div>\n<hr class=\"break break20\"\/>\n<div class=\"resultbox\">\n<h2 class=\"text-center\">\u00cdndice das brasileiras que relataram fazer o exame para preven\u00e7\u00e3o de c\u00e2ncer de mama e colo do \u00fatero, por Estado <\/h2>\n<p>    <img decoding=\"async\" src=\"\/wp-content\/uploads\/2023\/10\/barchart_23_11.svg\" alt=\"\" class=\"aligncenter\" \/>\n   <\/div>\n<hr class=\"break break20\"\/>\n<div class=\"chartarea\">\n<h2>M\u00e9todo de Pesquisa<\/h2>\n<p>O estudo teve abrang\u00eancia nacional e foi realizado com 2.500 participantes entre 11 e 25 de setembro de 2023. O m\u00e9todo de coleta de dados foi feito por meio de question\u00e1rio em formul\u00e1rio na internet.<\/p>\n<p>As seguintes quest\u00f5es foram abordadas:<\/p>\n<ul class=\"border\">\n<li>Voc\u00ea realiza os exames para preven\u00e7\u00e3o de c\u00e2ncer de mama e\/ou colo do \u00fatero?<\/li>\n<li>Voc\u00ea tem dificuldades para agendar o exame ginecol\u00f3gico anual de rotina?<\/li>\n<li>Voc\u00ea tomou a vacina contra HPV?<\/li>\n<\/ul>\n<p>\nPara efeitos de comparar os resultados entre regi\u00f5es e estados, as respostas das perguntas afirmativas foram contabilizadas em n\u00fameros, 1 para \u201csim\u201d e 0 para \u201cn\u00e3o\u201d. Algumas perguntas, com objetivo de obter resultados mais qualitativos, foram elaboradas com mais op\u00e7\u00f5es.\n<\/p>\n<\/p><\/div>\n<\/div>\n<\/section>\n<\/article><\/div>\n<\/p><\/div>\n<\/p><\/div>\n<\/div>\n","protected":false},"excerpt":{"rendered":"<p>Estudo: A import\u00e2ncia de cuidar da sa\u00fade &#8211; O C\u00e2ncer de Mama e do Colo do \u00datero no contexto da preven\u00e7\u00e3o Outubro de 2023, estudo feito pela Famivita com 2.500 participantes entre 11 e 25 de setembro de 2023: Novembro Azul, Setembro Amarelo, Mar\u00e7o Lil\u00e1s&#8230; Cada m\u00eas recebe simbolicamente uma cor que vem destacar como [&hellip;]<\/p>\n","protected":false},"author":469082,"featured_media":0,"parent":0,"menu_order":0,"comment_status":"closed","ping_status":"closed","template":"page-templates\/tpl-chart.php","meta":{"_acf_changed":false,"footnotes":""},"class_list":["post-159844","page","type-page","status-publish","hentry"],"acf":[],"yoast_head":"<!-- This site is optimized with the Yoast SEO plugin v26.3 - https:\/\/yoast.com\/wordpress\/plugins\/seo\/ -->\n<title>Estudo: A import\u00e2ncia de cuidar da sa\u00fade - O C\u00e2ncer de Mama e do Colo do \u00datero no contexto da preven\u00e7\u00e3o | Famivita<\/title>\n<meta name=\"robots\" content=\"index, follow, max-snippet:-1, max-image-preview:large, max-video-preview:-1\" \/>\n<link rel=\"canonical\" href=\"https:\/\/www.famivita.com\/pt\/estudo-a-importancia-de-cuidar-da-saude-o-cancer-de-mama-e-do-colo-do-utero-no-contexto-da-prevencao\/\" \/>\n<meta property=\"og:locale\" content=\"pt_PT\" \/>\n<meta property=\"og:type\" content=\"article\" \/>\n<meta property=\"og:title\" content=\"Estudo: A import\u00e2ncia de cuidar da sa\u00fade - O C\u00e2ncer de Mama e do Colo do \u00datero no contexto da preven\u00e7\u00e3o | Famivita\" \/>\n<meta property=\"og:description\" content=\"Estudo: A import\u00e2ncia de cuidar da sa\u00fade &#8211; O C\u00e2ncer de Mama e do Colo do \u00datero no contexto da preven\u00e7\u00e3o Outubro de 2023, estudo feito pela Famivita com 2.500 participantes entre 11 e 25 de setembro de 2023: Novembro Azul, Setembro Amarelo, Mar\u00e7o Lil\u00e1s&#8230; Cada m\u00eas recebe simbolicamente uma cor que vem destacar como [&hellip;]\" \/>\n<meta property=\"og:url\" content=\"https:\/\/www.famivita.com\/pt\/estudo-a-importancia-de-cuidar-da-saude-o-cancer-de-mama-e-do-colo-do-utero-no-contexto-da-prevencao\/\" \/>\n<meta property=\"og:site_name\" content=\"Famivita\" \/>\n<meta property=\"article:modified_time\" content=\"2023-11-06T15:43:10+00:00\" \/>\n<meta name=\"twitter:card\" content=\"summary_large_image\" \/>\n<meta name=\"twitter:label1\" content=\"Tempo estimado de leitura\" \/>\n\t<meta name=\"twitter:data1\" content=\"5 minutos\" \/>\n<script type=\"application\/ld+json\" class=\"yoast-schema-graph\">{\"@context\":\"https:\/\/schema.org\",\"@graph\":[{\"@type\":\"WebPage\",\"@id\":\"https:\/\/www.famivita.com\/pt\/estudo-a-importancia-de-cuidar-da-saude-o-cancer-de-mama-e-do-colo-do-utero-no-contexto-da-prevencao\/\",\"url\":\"https:\/\/www.famivita.com\/pt\/estudo-a-importancia-de-cuidar-da-saude-o-cancer-de-mama-e-do-colo-do-utero-no-contexto-da-prevencao\/\",\"name\":\"Estudo: A import\u00e2ncia de cuidar da sa\u00fade - O C\u00e2ncer de Mama e do Colo do \u00datero no contexto da preven\u00e7\u00e3o | Famivita\",\"isPartOf\":{\"@id\":\"https:\/\/www.famivita.com\/pt\/#website\",\"sameAs\":[\"https:\/\/www.instagram.com\/famivita\/\",\"https:\/\/www.facebook.com\/famivita\/\",\"https:\/\/www.youtube.com\/user\/trocandofraldasyt\",\"https:\/\/api.whatsapp.com\/send\/?phone=5511917837433\"]},\"datePublished\":\"2023-10-30T12:32:31+00:00\",\"dateModified\":\"2023-11-06T15:43:10+00:00\",\"breadcrumb\":{\"@id\":\"https:\/\/www.famivita.com\/pt\/estudo-a-importancia-de-cuidar-da-saude-o-cancer-de-mama-e-do-colo-do-utero-no-contexto-da-prevencao\/#breadcrumb\"},\"inLanguage\":\"pt-PT\",\"potentialAction\":[{\"@type\":\"ReadAction\",\"target\":[\"https:\/\/www.famivita.com\/pt\/estudo-a-importancia-de-cuidar-da-saude-o-cancer-de-mama-e-do-colo-do-utero-no-contexto-da-prevencao\/\"]}],\"about\":{\"@type\":\"Organization\",\"@id\":\"https:\/\/www.famivita.com.br\/#organization\",\"name\":\"Famivita\",\"logo\":\"https:\/\/www.famivita.com.br\/wp-content\/themes\/storefront-child\/header_footer_html\/images\/logo_mobile2.svg\",\"url\":\"https:\/\/www.famivita.com.br\/\",\"address\":{\"@type\":\"PostalAddress\",\"streetAddress\":\"Rua Benedito Fernandes, 545, Santo Amaro\",\"addressLocality\":\"S\u00e3o Paulo\",\"addressRegion\":\"S\u00e3o Paulo\",\"postalCode\":\"04746-110\",\"addressCountry\":{\"@type\":\"Country\",\"name\":\"BR\"}}}},{\"@type\":\"BreadcrumbList\",\"@id\":\"https:\/\/www.famivita.com\/pt\/estudo-a-importancia-de-cuidar-da-saude-o-cancer-de-mama-e-do-colo-do-utero-no-contexto-da-prevencao\/#breadcrumb\",\"itemListElement\":[{\"@type\":\"ListItem\",\"position\":1,\"name\":\"In\u00edcio\",\"item\":\"https:\/\/www.famivita.com\/pt\/\"},{\"@type\":\"ListItem\",\"position\":2,\"name\":\"Estudo: A import\u00e2ncia de cuidar da sa\u00fade &#8211; O C\u00e2ncer de Mama e do Colo do \u00datero no contexto da preven\u00e7\u00e3o\"}]},{\"@type\":\"WebSite\",\"@id\":\"https:\/\/www.famivita.com\/pt\/#website\",\"url\":\"https:\/\/www.famivita.com\/pt\/\",\"name\":\"Famivita\",\"description\":\"\",\"potentialAction\":[{\"@type\":\"SearchAction\",\"target\":{\"@type\":\"EntryPoint\",\"urlTemplate\":\"https:\/\/www.famivita.com\/pt\/?s={search_term_string}\"},\"query-input\":{\"@type\":\"PropertyValueSpecification\",\"valueRequired\":true,\"valueName\":\"search_term_string\"}}],\"inLanguage\":\"pt-PT\"}]}<\/script>\n<!-- \/ Yoast SEO plugin. -->","yoast_head_json":{"title":"Estudo: A import\u00e2ncia de cuidar da sa\u00fade - O C\u00e2ncer de Mama e do Colo do \u00datero no contexto da preven\u00e7\u00e3o | Famivita","robots":{"index":"index","follow":"follow","max-snippet":"max-snippet:-1","max-image-preview":"max-image-preview:large","max-video-preview":"max-video-preview:-1"},"canonical":"https:\/\/www.famivita.com\/pt\/estudo-a-importancia-de-cuidar-da-saude-o-cancer-de-mama-e-do-colo-do-utero-no-contexto-da-prevencao\/","og_locale":"pt_PT","og_type":"article","og_title":"Estudo: A import\u00e2ncia de cuidar da sa\u00fade - O C\u00e2ncer de Mama e do Colo do \u00datero no contexto da preven\u00e7\u00e3o | Famivita","og_description":"Estudo: A import\u00e2ncia de cuidar da sa\u00fade &#8211; O C\u00e2ncer de Mama e do Colo do \u00datero no contexto da preven\u00e7\u00e3o Outubro de 2023, estudo feito pela Famivita com 2.500 participantes entre 11 e 25 de setembro de 2023: Novembro Azul, Setembro Amarelo, Mar\u00e7o Lil\u00e1s&#8230; Cada m\u00eas recebe simbolicamente uma cor que vem destacar como [&hellip;]","og_url":"https:\/\/www.famivita.com\/pt\/estudo-a-importancia-de-cuidar-da-saude-o-cancer-de-mama-e-do-colo-do-utero-no-contexto-da-prevencao\/","og_site_name":"Famivita","article_modified_time":"2023-11-06T15:43:10+00:00","twitter_card":"summary_large_image","twitter_misc":{"Tempo estimado de leitura":"5 minutos"},"schema":{"@context":"https:\/\/schema.org","@graph":[{"@type":"WebPage","@id":"https:\/\/www.famivita.com\/pt\/estudo-a-importancia-de-cuidar-da-saude-o-cancer-de-mama-e-do-colo-do-utero-no-contexto-da-prevencao\/","url":"https:\/\/www.famivita.com\/pt\/estudo-a-importancia-de-cuidar-da-saude-o-cancer-de-mama-e-do-colo-do-utero-no-contexto-da-prevencao\/","name":"Estudo: A import\u00e2ncia de cuidar da sa\u00fade - O C\u00e2ncer de Mama e do Colo do \u00datero no contexto da preven\u00e7\u00e3o | Famivita","isPartOf":{"@id":"https:\/\/www.famivita.com\/pt\/#website","sameAs":["https:\/\/www.instagram.com\/famivita\/","https:\/\/www.facebook.com\/famivita\/","https:\/\/www.youtube.com\/user\/trocandofraldasyt","https:\/\/api.whatsapp.com\/send\/?phone=5511917837433"]},"datePublished":"2023-10-30T12:32:31+00:00","dateModified":"2023-11-06T15:43:10+00:00","breadcrumb":{"@id":"https:\/\/www.famivita.com\/pt\/estudo-a-importancia-de-cuidar-da-saude-o-cancer-de-mama-e-do-colo-do-utero-no-contexto-da-prevencao\/#breadcrumb"},"inLanguage":"pt-PT","potentialAction":[{"@type":"ReadAction","target":["https:\/\/www.famivita.com\/pt\/estudo-a-importancia-de-cuidar-da-saude-o-cancer-de-mama-e-do-colo-do-utero-no-contexto-da-prevencao\/"]}],"about":{"@type":"Organization","@id":"https:\/\/www.famivita.com.br\/#organization","name":"Famivita","logo":"https:\/\/www.famivita.com.br\/wp-content\/themes\/storefront-child\/header_footer_html\/images\/logo_mobile2.svg","url":"https:\/\/www.famivita.com.br\/","address":{"@type":"PostalAddress","streetAddress":"Rua Benedito Fernandes, 545, Santo Amaro","addressLocality":"S\u00e3o Paulo","addressRegion":"S\u00e3o Paulo","postalCode":"04746-110","addressCountry":{"@type":"Country","name":"BR"}}}},{"@type":"BreadcrumbList","@id":"https:\/\/www.famivita.com\/pt\/estudo-a-importancia-de-cuidar-da-saude-o-cancer-de-mama-e-do-colo-do-utero-no-contexto-da-prevencao\/#breadcrumb","itemListElement":[{"@type":"ListItem","position":1,"name":"In\u00edcio","item":"https:\/\/www.famivita.com\/pt\/"},{"@type":"ListItem","position":2,"name":"Estudo: A import\u00e2ncia de cuidar da sa\u00fade &#8211; O C\u00e2ncer de Mama e do Colo do \u00datero no contexto da preven\u00e7\u00e3o"}]},{"@type":"WebSite","@id":"https:\/\/www.famivita.com\/pt\/#website","url":"https:\/\/www.famivita.com\/pt\/","name":"Famivita","description":"","potentialAction":[{"@type":"SearchAction","target":{"@type":"EntryPoint","urlTemplate":"https:\/\/www.famivita.com\/pt\/?s={search_term_string}"},"query-input":{"@type":"PropertyValueSpecification","valueRequired":true,"valueName":"search_term_string"}}],"inLanguage":"pt-PT"}]}},"_links":{"self":[{"href":"https:\/\/www.famivita.com\/pt\/wp-json\/wp\/v2\/pages\/159844","targetHints":{"allow":["GET"]}}],"collection":[{"href":"https:\/\/www.famivita.com\/pt\/wp-json\/wp\/v2\/pages"}],"about":[{"href":"https:\/\/www.famivita.com\/pt\/wp-json\/wp\/v2\/types\/page"}],"author":[{"embeddable":true,"href":"https:\/\/www.famivita.com\/pt\/wp-json\/wp\/v2\/users\/469082"}],"replies":[{"embeddable":true,"href":"https:\/\/www.famivita.com\/pt\/wp-json\/wp\/v2\/comments?post=159844"}],"version-history":[{"count":6,"href":"https:\/\/www.famivita.com\/pt\/wp-json\/wp\/v2\/pages\/159844\/revisions"}],"predecessor-version":[{"id":160267,"href":"https:\/\/www.famivita.com\/pt\/wp-json\/wp\/v2\/pages\/159844\/revisions\/160267"}],"wp:attachment":[{"href":"https:\/\/www.famivita.com\/pt\/wp-json\/wp\/v2\/media?parent=159844"}],"curies":[{"name":"wp","href":"https:\/\/api.w.org\/{rel}","templated":true}]}}