{"id":160543,"date":"2024-01-25T11:18:35","date_gmt":"2024-01-25T14:18:35","guid":{"rendered":"https:\/\/www.famivita.com\/pt\/?page_id=160543"},"modified":"2024-01-25T11:18:35","modified_gmt":"2024-01-25T14:18:35","slug":"estudo-ter-filhos-antes-e-hoje-desafios-da-criacao-dos-filhos-nos-dias-atuais","status":"publish","type":"page","link":"https:\/\/www.famivita.com\/pt\/estudo-ter-filhos-antes-e-hoje-desafios-da-criacao-dos-filhos-nos-dias-atuais\/","title":{"rendered":"Estudo: Ter filhos antes e hoje \u2014 Desafios da cria\u00e7\u00e3o dos filhos nos dias atuais"},"content":{"rendered":"<div class=\"content-wrapper\">\n<div class=\"container\">\n<div class=\"row\">\n<div id=\"main\" class=\"col-sm-12\">\n<article class=\"article\">\n<section>\n<h1>Estudo: Ter filhos antes e hoje \u2014 Desafios da cria\u00e7\u00e3o dos filhos nos dias atuais<\/h1>\n<div class=\"post-content\">\n<div class=\"resultbox\">\n<p><strong class=\"list_bg\">Janeiro de 2024,  estudo feito pela Famivita com 2.500 participantes entre 11 e 25 de setembro de 2023:<\/strong> As \u00faltimas d\u00e9cadas do s\u00e9culo XX foram marcadas por uma s\u00e9rie de mudan\u00e7as nas pr\u00e1ticas e pap\u00e9is sociais, atingindo v\u00e1rias esferas que comp\u00f5em o cotidiano. Uma delas foi a fam\u00edlia: n\u00e3o por acaso, \u00e9 comum nos dias de hoje escutarmos as pessoas dizerem que antigamente era mais f\u00e1cil a cria\u00e7\u00e3o dos filhos. Especialmente aquelas m\u00e3es que v\u00eam das gera\u00e7\u00f5es anteriores comentam as diferen\u00e7as entre ter uma crian\u00e7a na atualidade e no passado.<\/p>\n<p>Muitos s\u00e3o os questionamentos feitos sobre a cria\u00e7\u00e3o dos filhos na contemporaneidade e entre os fatores contrastantes entre &#8220;o hoje e o ontem&#8221;, podem ser citados maiores \u00edndices de viol\u00eancia,  assim como a maior carga de trabalho, sendo que muitas mulheres ainda n\u00e3o haviam adentrado o mercado profissional tamb\u00e9m. Outro aspecto frequente, com o qual \u00e9 necess\u00e1rio lidar, diz respeito \u00e0 tecnologia e a exposi\u00e7\u00e3o excessiva dos pequenos a ela, que costuma entrar nos lares muito cedo.<\/p>\n<p>Al\u00e9m disso, como apontam especialistas, acontece igualmente de haver uma cobran\u00e7a excessiva \u00e0s m\u00e3es, tanto da parte das pessoas como vinda delas mesmas, em rela\u00e7\u00e3o \u00e0 cria\u00e7\u00e3o que est\u00e3o dando aos filhos, j\u00e1 que hoje existem tantos m\u00e9todos e at\u00e9 mesmo manuais para isso, conferindo uma esp\u00e9cie de &#8220;busca por resultados&#8221; \u2014 o que consequentemente traz mais ansiedade e inseguran\u00e7a a elas. A lista do que deve ser feito para uma mulher ser considerada uma boa m\u00e3e pode ser grande e n\u00e3o \u00e9 incomum encontrarmos na internet modelos prontos para isso. Pertinente ao assunto, em nosso \u00faltimo estudo, <strong>58% das mulheres disseram considerar que h\u00e1 10 anos atr\u00e1s era mais f\u00e1cil ter filhos.<\/strong><\/p>\n<h3 class=\"text-center space-xs\">Voc\u00ea diria que foi mais f\u00e1cil ter filhos h\u00e1 10 anos atr\u00e1s do que agora?<\/h3>\n<p>                <img decoding=\"async\" src=\"\/wp-content\/uploads\/2024\/01\/01_24_01.svg\" alt=\"\" class=\"aligncenter\" \/> <\/p>\n<ul >\n<li > Especialmente na faixa et\u00e1ria dos <strong class=\"list_bg\">35 aos 39 anos e dos 40 aos 44 anos<\/strong>, elas disseram que sim, era mais f\u00e1cil no passado, com <strong class=\"list_bg\">71%<\/strong>.<\/li>\n<li >Entre os homens, <strong class=\"list_bg\">44%<\/strong> afirmaram tamb\u00e9m crer que foi mais f\u00e1cil para as gera\u00e7\u00f5es anteriores.<\/li>\n<li <strong class=\"list_bg\">65%<\/strong> das mulheres <strong class=\"list_bg\">com filhos<\/strong> destacaram isso, contra <strong class=\"list_bg\">48%<\/strong> das mulhere <strong class=\"list_bg\">sem filhos<\/strong>. <\/li>\n<li><strong class=\"list_bg\">58%<\/strong> das <strong class=\"list_bg\">gestantes<\/strong> tamb\u00e9m apontaram que na atualidade \u00e9 mais dif\u00edcil ter filhos.<\/li>\n<\/ul><\/div>\n<hr class=\"break break20\"\/>\n<div class=\"chartarea\">\n<h2 class=\"uppercase\">A tarefa mais dif\u00edcil<\/h2>\n<p>Em meio \u00e0s dificuldades presentes quando se fala em ter filhos na sociedade atual, conciliar o trabalho e as crian\u00e7as continua sendo apontado como uma das tarefas mais dif\u00edceis para elas. A rotina corrida \u00e9 a maior queixa das m\u00e3es, que tamb\u00e9m n\u00e3o se sentem valorizadas pela dedica\u00e7\u00e3o ao cuidado com os filhos.<\/p>\n<p>Uma pesquisa recente feita pelo aplicativo Peanut nos Estados Unidos e no Reino Unido revelou que esse sentimento de falta de reconhecimento \u00e9 quase un\u00e2nime entre todas que j\u00e1 tiveram filhos. Das 3.615 mulheres que participaram da pesquisa, 95% dizem se sentir desprestigiadas e &#8220;invis\u00edveis&#8221; na sociedade.<\/p>\n<p>J\u00e1 no Brasil, um estudo feito pela FGV Ibre (Instituto Brasileiro de Economia da Funda\u00e7\u00e3o Get\u00falio Vargas), sobre a chamada &#8220;economia do cuidado&#8221;, mostrou que 65% do trabalho dom\u00e9stico, o que inclui o cuidado com os filhos e com idosos, \u00e9 feito por mulheres. O assunto gerou v\u00e1rios  debates, vindo a ser tamb\u00e9m o tema da reda\u00e7\u00e3o do Enem de 2023. E afim ao t\u00f3pico,<strong> 71% das participantes do nosso estudo afirmaram que consideram dif\u00edcil cuidar de casa, filhos e trabalho ao mesmo tempo hoje em dia<\/strong>.<\/p>\n<h3 class=\"text-center space-xs\">Voc\u00ea considera dif\u00edcil cuidar de casa, filhos e trabalho ao mesmo tempo hoje em dia?<\/h3>\n<p>                <img decoding=\"async\" src=\"\/wp-content\/uploads\/2024\/01\/01_24_02.svg\" alt=\"\" class=\"aligncenter\" \/><\/p>\n<ul >\n<li >Especialmente a faixa et\u00e1ria dos <strong class=\"list_bg\">35 aos 39<\/strong> anos, respondeu positivamente acerca disso, com <strong class=\"list_bg\">77%<\/strong>.<\/li>\n<li >Em seguida, vieram aquelas dos <strong class=\"list_bg\">25 aos 29 anos<\/strong>, com <strong class=\"list_bg\">76%<\/strong>.<\/li>\n<li >Entre os homens, <strong class=\"list_bg\">66%<\/strong> tamb\u00e9m disseram que essa concilia\u00e7\u00e3o \u00e9 dif\u00edcil. <\/li>\n<\/ul>\n<\/div>\n<hr class=\"break break20\"\/>\n<div class=\"resultbox\">\n<h2 class=\"uppercase\">De onde a ajuda deve vir?<\/h2>\n<p>Ao tornarem-se m\u00e3es, as mulheres recebem uma nova fun\u00e7\u00e3o \u2014 por vezes, se elas n\u00e3o contam com ajuda, de fato, na cria\u00e7\u00e3o dos filhos, \u00e9 como se fosse um &#8220;novo cargo&#8221;, s\u00f3 que n\u00e3o remunerado. Para al\u00e9m disso, no mundo do trabalho, a mulher-m\u00e3e precisa ser boa profissional. E em nosso estudo perguntamos quem poderia melhorar a situa\u00e7\u00e3o nesse sentido, para haver uma concilia\u00e7\u00e3o maior entre a fam\u00edlia, a casa e o of\u00edcio. <strong>Conforme 38% das integrantes da pesquisa, essa responsabilidade seria do governo<\/strong>, sendo que 25% delas afirmaram que isso caberia \u00e0 fam\u00edlia, 19% aos empregadores, 13% responderam que a outros e 6% disseram que a ningu\u00e9m.<\/p>\n<ul >\n<li>Entre as participantes que responderam que caberia ao <strong class=\"list_bg\">governo<\/strong> auxiliar nessa concilia\u00e7\u00e3o, tal parcela se concentrou nos <strong class=\"list_bg\">30 aos 34 anos<\/strong>, com <strong class=\"list_bg\">40%<\/strong> delas. <\/li>\n<li>Al\u00e9m disso, <strong class=\"list_bg\">39%<\/strong> das <strong class=\"list_bg\">mulheres<\/strong> responderam  que seria o <strong class=\"list_bg\">governo<\/strong>, contra <strong class=\"list_bg\">28%<\/strong> dos <strong class=\"list_bg\">homens<\/strong>.<\/li>\n<li>Entre as participantes que responderam caber \u00e0 <strong class=\"list_bg\">fam\u00edlia<\/strong>, a maioria se concentrou na faixa et\u00e1ria dos <strong class=\"list_bg\">25 aos 29<\/strong> anos, com <strong class=\"list_bg\">25%<\/strong>.<\/li>\n<li>Entre aquelas que responderam &#8220;<strong class=\"list_bg\">empregadores<\/strong>&#8220;, <strong class=\"list_bg\">25%<\/strong>delas est\u00e3o na idade entre os <strong class=\"list_bg\">35 e 39<\/strong> anos, com <strong class=\"list_bg\">25%<\/strong>. <\/li>\n<\/ul>\n<\/div>\n<hr class=\"break break20\"\/>\n<div class=\"chartarea\">\n<h2 class=\"text-center\">Ranking dos Estados em que participantes afirmaram ser dif\u00edcil cuidar da casa, filho e trabalho, nos dias atuais<\/h2>\n<div class=\"four_column_wrap\">\n<ul class=\"four_column\">\n<li><span>1.<\/span>Tocantins<\/li>\n<li><span>2.<\/span>Rond\u00f4nia<\/li>\n<li><span>3.<\/span>Roraima<\/li>\n<li><span>4.<\/span>Rio Grande do Norte<\/li>\n<li><span>5.<\/span>Piau\u00ed<\/li>\n<li><span>6.<\/span>Alagoas<\/li>\n<li><span>7.<\/span>Rio Grande do Sul<\/li>\n<\/ul>\n<ul class=\"four_column\">\n<li><span>8.<\/span>Mato Grosso do Sul<\/li>\n<li><span>9.<\/span>Amazonas<\/li>\n<li><span>10.<\/span>Pernambuco<\/li>\n<li><span>11.<\/span>Cear\u00e1<\/li>\n<li><span>12.<\/span>Distrito Federal<\/li>\n<li><span>13.<\/span>Para\u00edba<\/li>\n<li><span>14.<\/span>Par\u00e1<\/li>\n<\/ul>\n<ul class=\"four_column\">\n<li><span>15.<\/span>Bahia<\/li>\n<li><span>16.<\/span>S\u00e3o Paulo<\/li>\n<li><span>17.<\/span>Rio de Janeiro<\/li>\n<li><span>18.<\/span>Sergipe<\/li>\n<li><span>19.<\/span>Santa Catarina<\/li>\n<li><span>20.<\/span>Amap\u00e1<\/li>\n<li><span>21.<\/span>Minas Gerais<\/li>\n<\/ul>\n<ul class=\"four_column\">\n<li><span>22.<\/span>Goi\u00e1s<\/li>\n<li><span>23.<\/span>Acre<\/li>\n<li><span>24.<\/span>Esp\u00edrito Santo<\/li>\n<li><span>25.<\/span>Paran\u00e1<\/li>\n<li><span>26.<\/span>Maranh\u00e3o<\/li>\n<li><span>27.<\/span>Mato Grosso<\/li>\n<\/ul><\/div>\n<\/p><\/div>\n<hr class=\"break break20\"\/>\n<div class=\"resultbox\">\n<h2 class=\"text-center\">\u00cdndice dos Estados em que mulheres afirmaram que h\u00e1 10 anos era mais f\u00e1cil ter filhos<\/h2>\n<p>    <img decoding=\"async\" src=\"\/wp-content\/uploads\/2024\/01\/barchat_01_24_031.svg\" alt=\"\" class=\"aligncenter\" \/>\n   <\/div>\n<hr class=\"break break20\"\/>\n<div class=\"chartarea\">\n<h2>M\u00e9todo de Pesquisa<\/h2>\n<p>O estudo teve abrang\u00eancia nacional e foi realizado com mais de 2.500 pessoas, entre mulheres e homens, no per\u00edodo entre 11 e 25 de setembro de 2023. O m\u00e9todo de coleta de dados foi feito por meio de question\u00e1rio em formul\u00e1rio na internet.<\/p>\n<p>As seguintes quest\u00f5es foram abordadas:<\/p>\n<ul class=\"border\">\n<li>Voc\u00ea diria que foi mais f\u00e1cil ter filhos h\u00e1 10 anos atr\u00e1s do que agora?<\/li>\n<li>Voc\u00ea considera dif\u00edcil cuidar de casa, filhos e trabalho ao mesmo tempo hoje em dia?<\/li>\n<li>Quem poderia fazer mais para melhorar a possibilidade de conciliar fam\u00edlia e trabalho?<\/li>\n<\/ul>\n<p>Para efeitos de comparar os resultados entre regi\u00f5es e estados, as respostas das perguntas afirmativas foram contabilizadas em n\u00fameros, 1 para \u201csim\u201d e 0 para \u201cn\u00e3o\u201d. Algumas perguntas, com objetivo de obter resultados mais qualitativos, foram elaboradas com mais op\u00e7\u00f5es.<\/p>\n<\/p><\/div>\n<\/div>\n<\/section>\n<\/article><\/div>\n<\/p><\/div>\n<\/p><\/div>\n<\/div>\n","protected":false},"excerpt":{"rendered":"<p>Estudo: Ter filhos antes e hoje \u2014 Desafios da cria\u00e7\u00e3o dos filhos nos dias atuais Janeiro de 2024, estudo feito pela Famivita com 2.500 participantes entre 11 e 25 de setembro de 2023: As \u00faltimas d\u00e9cadas do s\u00e9culo XX foram marcadas por uma s\u00e9rie de mudan\u00e7as nas pr\u00e1ticas e pap\u00e9is sociais, atingindo v\u00e1rias esferas que [&hellip;]<\/p>\n","protected":false},"author":469082,"featured_media":0,"parent":0,"menu_order":0,"comment_status":"closed","ping_status":"closed","template":"page-templates\/tpl-chart.php","meta":{"_acf_changed":false,"footnotes":""},"class_list":["post-160543","page","type-page","status-publish","hentry"],"acf":[],"yoast_head":"<!-- This site is optimized with the Yoast SEO plugin v26.3 - https:\/\/yoast.com\/wordpress\/plugins\/seo\/ -->\n<title>Estudo: Ter filhos antes e hoje \u2014 Desafios da cria\u00e7\u00e3o dos filhos nos dias atuais | Famivita<\/title>\n<meta name=\"robots\" content=\"index, follow, max-snippet:-1, max-image-preview:large, max-video-preview:-1\" \/>\n<link rel=\"canonical\" href=\"https:\/\/www.famivita.com\/pt\/estudo-ter-filhos-antes-e-hoje-desafios-da-criacao-dos-filhos-nos-dias-atuais\/\" \/>\n<meta property=\"og:locale\" content=\"pt_PT\" \/>\n<meta property=\"og:type\" content=\"article\" \/>\n<meta property=\"og:title\" content=\"Estudo: Ter filhos antes e hoje \u2014 Desafios da cria\u00e7\u00e3o dos filhos nos dias atuais | Famivita\" \/>\n<meta property=\"og:description\" content=\"Estudo: Ter filhos antes e hoje \u2014 Desafios da cria\u00e7\u00e3o dos filhos nos dias atuais Janeiro de 2024, estudo feito pela Famivita com 2.500 participantes entre 11 e 25 de setembro de 2023: As \u00faltimas d\u00e9cadas do s\u00e9culo XX foram marcadas por uma s\u00e9rie de mudan\u00e7as nas pr\u00e1ticas e pap\u00e9is sociais, atingindo v\u00e1rias esferas que [&hellip;]\" \/>\n<meta property=\"og:url\" content=\"https:\/\/www.famivita.com\/pt\/estudo-ter-filhos-antes-e-hoje-desafios-da-criacao-dos-filhos-nos-dias-atuais\/\" \/>\n<meta property=\"og:site_name\" content=\"Famivita\" \/>\n<meta name=\"twitter:card\" content=\"summary_large_image\" \/>\n<meta name=\"twitter:label1\" content=\"Tempo estimado de leitura\" \/>\n\t<meta name=\"twitter:data1\" content=\"2 minutos\" \/>\n<script type=\"application\/ld+json\" class=\"yoast-schema-graph\">{\"@context\":\"https:\/\/schema.org\",\"@graph\":[{\"@type\":\"WebPage\",\"@id\":\"https:\/\/www.famivita.com\/pt\/estudo-ter-filhos-antes-e-hoje-desafios-da-criacao-dos-filhos-nos-dias-atuais\/\",\"url\":\"https:\/\/www.famivita.com\/pt\/estudo-ter-filhos-antes-e-hoje-desafios-da-criacao-dos-filhos-nos-dias-atuais\/\",\"name\":\"Estudo: Ter filhos antes e hoje \u2014 Desafios da cria\u00e7\u00e3o dos filhos nos dias atuais | Famivita\",\"isPartOf\":{\"@id\":\"https:\/\/www.famivita.com\/pt\/#website\",\"sameAs\":[\"https:\/\/www.instagram.com\/famivita\/\",\"https:\/\/www.facebook.com\/famivita\/\",\"https:\/\/www.youtube.com\/user\/trocandofraldasyt\",\"https:\/\/api.whatsapp.com\/send\/?phone=5511917837433\"]},\"datePublished\":\"2024-01-25T14:18:35+00:00\",\"breadcrumb\":{\"@id\":\"https:\/\/www.famivita.com\/pt\/estudo-ter-filhos-antes-e-hoje-desafios-da-criacao-dos-filhos-nos-dias-atuais\/#breadcrumb\"},\"inLanguage\":\"pt-PT\",\"potentialAction\":[{\"@type\":\"ReadAction\",\"target\":[\"https:\/\/www.famivita.com\/pt\/estudo-ter-filhos-antes-e-hoje-desafios-da-criacao-dos-filhos-nos-dias-atuais\/\"]}],\"about\":{\"@type\":\"Organization\",\"@id\":\"https:\/\/www.famivita.com.br\/#organization\",\"name\":\"Famivita\",\"logo\":\"https:\/\/www.famivita.com.br\/wp-content\/themes\/storefront-child\/header_footer_html\/images\/logo_mobile2.svg\",\"url\":\"https:\/\/www.famivita.com.br\/\",\"address\":{\"@type\":\"PostalAddress\",\"streetAddress\":\"Rua Benedito Fernandes, 545, Santo Amaro\",\"addressLocality\":\"S\u00e3o Paulo\",\"addressRegion\":\"S\u00e3o Paulo\",\"postalCode\":\"04746-110\",\"addressCountry\":{\"@type\":\"Country\",\"name\":\"BR\"}}}},{\"@type\":\"BreadcrumbList\",\"@id\":\"https:\/\/www.famivita.com\/pt\/estudo-ter-filhos-antes-e-hoje-desafios-da-criacao-dos-filhos-nos-dias-atuais\/#breadcrumb\",\"itemListElement\":[{\"@type\":\"ListItem\",\"position\":1,\"name\":\"In\u00edcio\",\"item\":\"https:\/\/www.famivita.com\/pt\/\"},{\"@type\":\"ListItem\",\"position\":2,\"name\":\"Estudo: Ter filhos antes e hoje \u2014 Desafios da cria\u00e7\u00e3o dos filhos nos dias atuais\"}]},{\"@type\":\"WebSite\",\"@id\":\"https:\/\/www.famivita.com\/pt\/#website\",\"url\":\"https:\/\/www.famivita.com\/pt\/\",\"name\":\"Famivita\",\"description\":\"\",\"potentialAction\":[{\"@type\":\"SearchAction\",\"target\":{\"@type\":\"EntryPoint\",\"urlTemplate\":\"https:\/\/www.famivita.com\/pt\/?s={search_term_string}\"},\"query-input\":{\"@type\":\"PropertyValueSpecification\",\"valueRequired\":true,\"valueName\":\"search_term_string\"}}],\"inLanguage\":\"pt-PT\"}]}<\/script>\n<!-- \/ Yoast SEO plugin. -->","yoast_head_json":{"title":"Estudo: Ter filhos antes e hoje \u2014 Desafios da cria\u00e7\u00e3o dos filhos nos dias atuais | Famivita","robots":{"index":"index","follow":"follow","max-snippet":"max-snippet:-1","max-image-preview":"max-image-preview:large","max-video-preview":"max-video-preview:-1"},"canonical":"https:\/\/www.famivita.com\/pt\/estudo-ter-filhos-antes-e-hoje-desafios-da-criacao-dos-filhos-nos-dias-atuais\/","og_locale":"pt_PT","og_type":"article","og_title":"Estudo: Ter filhos antes e hoje \u2014 Desafios da cria\u00e7\u00e3o dos filhos nos dias atuais | Famivita","og_description":"Estudo: Ter filhos antes e hoje \u2014 Desafios da cria\u00e7\u00e3o dos filhos nos dias atuais Janeiro de 2024, estudo feito pela Famivita com 2.500 participantes entre 11 e 25 de setembro de 2023: As \u00faltimas d\u00e9cadas do s\u00e9culo XX foram marcadas por uma s\u00e9rie de mudan\u00e7as nas pr\u00e1ticas e pap\u00e9is sociais, atingindo v\u00e1rias esferas que [&hellip;]","og_url":"https:\/\/www.famivita.com\/pt\/estudo-ter-filhos-antes-e-hoje-desafios-da-criacao-dos-filhos-nos-dias-atuais\/","og_site_name":"Famivita","twitter_card":"summary_large_image","twitter_misc":{"Tempo estimado de leitura":"2 minutos"},"schema":{"@context":"https:\/\/schema.org","@graph":[{"@type":"WebPage","@id":"https:\/\/www.famivita.com\/pt\/estudo-ter-filhos-antes-e-hoje-desafios-da-criacao-dos-filhos-nos-dias-atuais\/","url":"https:\/\/www.famivita.com\/pt\/estudo-ter-filhos-antes-e-hoje-desafios-da-criacao-dos-filhos-nos-dias-atuais\/","name":"Estudo: Ter filhos antes e hoje \u2014 Desafios da cria\u00e7\u00e3o dos filhos nos dias atuais | Famivita","isPartOf":{"@id":"https:\/\/www.famivita.com\/pt\/#website","sameAs":["https:\/\/www.instagram.com\/famivita\/","https:\/\/www.facebook.com\/famivita\/","https:\/\/www.youtube.com\/user\/trocandofraldasyt","https:\/\/api.whatsapp.com\/send\/?phone=5511917837433"]},"datePublished":"2024-01-25T14:18:35+00:00","breadcrumb":{"@id":"https:\/\/www.famivita.com\/pt\/estudo-ter-filhos-antes-e-hoje-desafios-da-criacao-dos-filhos-nos-dias-atuais\/#breadcrumb"},"inLanguage":"pt-PT","potentialAction":[{"@type":"ReadAction","target":["https:\/\/www.famivita.com\/pt\/estudo-ter-filhos-antes-e-hoje-desafios-da-criacao-dos-filhos-nos-dias-atuais\/"]}],"about":{"@type":"Organization","@id":"https:\/\/www.famivita.com.br\/#organization","name":"Famivita","logo":"https:\/\/www.famivita.com.br\/wp-content\/themes\/storefront-child\/header_footer_html\/images\/logo_mobile2.svg","url":"https:\/\/www.famivita.com.br\/","address":{"@type":"PostalAddress","streetAddress":"Rua Benedito Fernandes, 545, Santo Amaro","addressLocality":"S\u00e3o Paulo","addressRegion":"S\u00e3o Paulo","postalCode":"04746-110","addressCountry":{"@type":"Country","name":"BR"}}}},{"@type":"BreadcrumbList","@id":"https:\/\/www.famivita.com\/pt\/estudo-ter-filhos-antes-e-hoje-desafios-da-criacao-dos-filhos-nos-dias-atuais\/#breadcrumb","itemListElement":[{"@type":"ListItem","position":1,"name":"In\u00edcio","item":"https:\/\/www.famivita.com\/pt\/"},{"@type":"ListItem","position":2,"name":"Estudo: Ter filhos antes e hoje \u2014 Desafios da cria\u00e7\u00e3o dos filhos nos dias atuais"}]},{"@type":"WebSite","@id":"https:\/\/www.famivita.com\/pt\/#website","url":"https:\/\/www.famivita.com\/pt\/","name":"Famivita","description":"","potentialAction":[{"@type":"SearchAction","target":{"@type":"EntryPoint","urlTemplate":"https:\/\/www.famivita.com\/pt\/?s={search_term_string}"},"query-input":{"@type":"PropertyValueSpecification","valueRequired":true,"valueName":"search_term_string"}}],"inLanguage":"pt-PT"}]}},"_links":{"self":[{"href":"https:\/\/www.famivita.com\/pt\/wp-json\/wp\/v2\/pages\/160543","targetHints":{"allow":["GET"]}}],"collection":[{"href":"https:\/\/www.famivita.com\/pt\/wp-json\/wp\/v2\/pages"}],"about":[{"href":"https:\/\/www.famivita.com\/pt\/wp-json\/wp\/v2\/types\/page"}],"author":[{"embeddable":true,"href":"https:\/\/www.famivita.com\/pt\/wp-json\/wp\/v2\/users\/469082"}],"replies":[{"embeddable":true,"href":"https:\/\/www.famivita.com\/pt\/wp-json\/wp\/v2\/comments?post=160543"}],"version-history":[{"count":1,"href":"https:\/\/www.famivita.com\/pt\/wp-json\/wp\/v2\/pages\/160543\/revisions"}],"predecessor-version":[{"id":160547,"href":"https:\/\/www.famivita.com\/pt\/wp-json\/wp\/v2\/pages\/160543\/revisions\/160547"}],"wp:attachment":[{"href":"https:\/\/www.famivita.com\/pt\/wp-json\/wp\/v2\/media?parent=160543"}],"curies":[{"name":"wp","href":"https:\/\/api.w.org\/{rel}","templated":true}]}}