{"id":38839,"date":"2018-05-15T07:05:50","date_gmt":"2018-05-15T10:05:50","guid":{"rendered":"https:\/\/www.famivita.com\/pt\/?page_id=38839"},"modified":"2022-07-06T07:02:52","modified_gmt":"2022-07-06T10:02:52","slug":"loja","status":"publish","type":"page","link":"https:\/\/www.famivita.com\/pt\/loja\/","title":{"rendered":"Loja"},"content":{"rendered":"<div class=\"row shop-categories\">\n<div class=\"col-sm-12\">\n<div class=\"page_header has-border clearfix\">\n<div class=\"styleh2 title\"><span class=\"text-primary\">Produtos para<\/span> engravidar<\/div>\n<\/p><\/div>\n<\/p><\/div>\n<hr class=\"break break15\"\/>\n<div class=\"col-xs-4\">\n<div class=\"shop-category\">\n\t\t\t<a href=\"https:\/\/www.famivita.com.br\/produtos\/?utm_source=trocandofraldas.com.br&#038;utm_medium=referral&#038;utm_campaign=m005-tf-shophome-referrals&#038;utm_content=mobileanddesktop\"><br \/>\n\t\t\t\t<img decoding=\"async\" src=\"https:\/\/www.famivita.com\/pt\/wp-content\/uploads\/engravidar-sem-penetraccca7acc83o-1.jpg\" alt=\"#\"><\/p>\n<hgroup>\n<div class=\"styleh3\">Todos os produtos<\/div>\n<p>Torne seu sonho realidade<\/p>\n<\/hgroup>\n<p>\t\t\t<\/a>\n\t\t<\/div>\n<\/p><\/div>\n<\/div>\n<hr class=\"break break40\"\/>\n<div class=\"featured-box\">\n<div class=\"row\">\n<div class=\"col-sm-12\">\n<div class=\"page_header has-border clearfix\">\n<div class=\"styleh2 title\"><span class=\"text-primary\">Produtos<\/span> recomendados<\/div>\n<\/p><\/div>\n<\/p><\/div>\n<hr class=\"break break15\"\/>\n<div class=\"col-sm-12\">\n<div class=\"row gutter5\">\n<div class=\"col-sm-4\">\n<div class=\"featured-item vertical-resp\">\n<hgroup class=\"featured-content_bottom\">\n<div class=\"styleh2\">\n\t\t\t\t\t\t\t\t<a href=\"https:\/\/www.famivita.com.br\/produtos\/famiferti\/?utm_source=trocandofraldas.com.br&#038;utm_medium=referral&#038;utm_campaign=m005-tf-shophome-referrals&#038;utm_content=mobileanddesktop\">FamiFerti<\/a>\n\t\t\t\t\t\t\t<\/div>\n<p>O polivitam\u00ednico pioneiro no Brasil para mulheres em busca da gravidez<\/p>\n<hr class=\"break break10\"\/>\n\t\t\t\t\t\t\t<a href=\"https:\/\/www.famivita.com.br\/produtos\/famiferti\/?utm_source=trocandofraldas.com.br&#038;utm_medium=referral&#038;utm_campaign=m005-tf-shophome-referrals&#038;utm_content=mobileanddesktop\" class=\"btn btn-primary\">comprar agora<\/a><br \/>\n\t\t\t\t\t\t<\/hgroup>\n<p>\t\t\t\t\t\t<img decoding=\"async\" src=\"https:\/\/www.famivita.com\/pt\/wp-content\/uploads\/2020\/06\/famiferti.png\" alt=\"#\">\n\t\t\t\t\t<\/div>\n<hr class=\"break break10\">\n\t\t\t\t<\/div>\n<div class=\"col-sm-8\">\n<div class=\"row gutter5\">\n<div class=\"col-sm-6 col-resp\">\n<div class=\"featured-item\">\n<hgroup class=\"featured-content_left featured-content_wider\">\n<div class=\"styleh3\">\n\t\t\t\t\t\t\t\t\t\t<a href=\"https:\/\/www.famivita.com.br\/produtos\/famigel\/?utm_source=trocandofraldas.com.br&#038;utm_medium=referral&#038;utm_campaign=m005-tf-shophome-referrals&#038;utm_content=mobileanddesktop\">FamiGel<\/a>\n\t\t\t\t\t\t\t\t\t<\/div>\n<p>O lubrificante \u00edntimo para engravidar &#8211; pioneiro no Brasil<\/p>\n<p>\t\t\t\t\t\t\t\t\t<a href=\"https:\/\/www.famivita.com.br\/produtos\/famigel\/?utm_source=trocandofraldas.com.br&#038;utm_medium=referral&#038;utm_campaign=m005-tf-shophome-referrals&#038;utm_content=mobileanddesktop\" class=\"btn btn-primary\">saber mais<\/a><br \/>\n\t\t\t\t\t\t\t\t<\/hgroup>\n<p>\t\t\t\t\t\t\t\t<img decoding=\"async\" src=\"https:\/\/www.famivita.com\/pt\/wp-content\/uploads\/2019\/02\/famigel-shop6.png\" alt=\"#\">\n\t\t\t\t\t\t\t<\/div>\n<\/p><\/div>\n<div class=\"col-sm-6 col-resp\">\n<div class=\"featured-item\">\n<hgroup class=\"featured-content_left featured-content_wider\">\n<div class=\"styleh3\">\n\t\t\t\t\t\t\t\t\t\t<a href=\"https:\/\/www.famivita.com.br\/produtos\/teste-de-ovulacao\/?utm_source=trocandofraldas.com.br&#038;utm_medium=referral&#038;utm_campaign=m005-tf-shophome-referrals&#038;utm_content=mobileanddesktop\">Teste de Ovula\u00e7\u00e3o<\/a>\n\t\t\t\t\t\t\t\t\t<\/div>\n<p>Saiba quando seu per\u00edodo f\u00e9rtil chegou e est\u00e1 na hora de tentar<\/p>\n<p>\t\t\t\t\t\t\t\t\t<a href=\"https:\/\/www.famivita.com.br\/produtos\/teste-de-ovulacao\/?utm_source=trocandofraldas.com.br&#038;utm_medium=referral&#038;utm_campaign=m005-tf-shophome-referrals&#038;utm_content=mobileanddesktop\" class=\"btn btn-primary\">comprar agora<\/a><br \/>\n\t\t\t\t\t\t\t\t<\/hgroup>\n<p>\t\t\t\t\t\t\t\t<img decoding=\"async\" src=\"https:\/\/www.famivita.com\/pt\/wp-content\/uploads\/2018\/08\/lh-shop.png\" alt=\"#\">\n\t\t\t\t\t\t\t<\/div>\n<\/p><\/div>\n<\/p><\/div>\n<hr class=\"break break10\"\/>\n<div class=\"row gutter5\">\n<div class=\"col-sm-6 col-resp\">\n<div class=\"featured-item\">\n<hgroup class=\"featured-content_left featured-content_wider\">\n<div class=\"styleh3\">\n\t\t\t\t\t\t\t\t\t\t<a href=\"https:\/\/www.famivita.com.br\/produtos\/capsulas-de-inhame\/?utm_source=trocandofraldas.com.br&#038;utm_medium=referral&#038;utm_campaign=m005-tf-shophome-referrals&#038;utm_content=mobileanddesktop\">C\u00e1psulas de Inhame<\/a>\n\t\t\t\t\t\t\t\t\t<\/div>\n<p>Torne o inhame um aliado da sua sa\u00fade pessoal<\/p>\n<p>\t\t\t\t\t\t\t\t\t<a href=\"https:\/\/www.famivita.com.br\/produtos\/capsulas-de-inhame\/?utm_source=trocandofraldas.com.br&#038;utm_medium=referral&#038;utm_campaign=m005-tf-shophome-referrals&#038;utm_content=mobileanddesktop\" class=\"btn btn-primary\">saber mais<\/a><br \/>\n\t\t\t\t\t\t\t\t<\/hgroup>\n<p>\t\t\t\t\t\t\t\t<img decoding=\"async\" src=\"https:\/\/www.famivita.com\/pt\/wp-content\/uploads\/capsulas-de-inhame-famivita.png\" alt=\"#\">\n\t\t\t\t\t\t\t<\/div>\n<\/p><\/div>\n<div class=\"col-sm-6 col-resp\">\n<div class=\"featured-item\">\n<hgroup class=\"featured-content_left featured-content_wider\">\n<div class=\"styleh3\">\n\t\t\t\t\t\t\t\t\t\t<a href=\"https:\/\/www.famivita.com.br\/produtos\/viriferti\/?utm_source=trocandofraldas.com.br&#038;utm_medium=referral&#038;utm_campaign=m005-tf-shophome-referrals&#038;utm_content=mobileanddesktop\">ViriFerti<\/a>\n\t\t\t\t\t\t\t\t\t<\/div>\n<p>Garanta que seu parceiro receba todas as vitaminas e minerais necess\u00e1rios<\/p>\n<p>\t\t\t\t\t\t\t\t\t<a href=\"https:\/\/www.famivita.com.br\/produtos\/viriferti\/?utm_source=trocandofraldas.com.br&#038;utm_medium=referral&#038;utm_campaign=m005-tf-shophome-referrals&#038;utm_content=mobileanddesktop\" class=\"btn btn-primary\">comprar agora<\/a><br \/>\n\t\t\t\t\t\t\t\t<\/hgroup>\n<p>\t\t\t\t\t\t\t\t<img decoding=\"async\" src=\"https:\/\/www.famivita.com\/pt\/wp-content\/uploads\/2020\/06\/viriferti.png\" alt=\"#\">\n\t\t\t\t\t\t\t<\/div>\n<\/p><\/div>\n<\/p><\/div>\n<\/p><\/div>\n<\/p><\/div>\n<\/p><\/div>\n<\/p><\/div>\n<\/div>\n<p>&nbsp;<\/p>\n<div class=\"row\">\n<div class=\"col-sm-12\">\n<div class=\"page_header has-border clearfix\">\n<div class=\"styleh2 title\"><span class=\"text-primary\">Economize com<\/span> nossos kits<\/div>\n<p>\t\t\t<a href=\"https:\/\/www.famivita.com.br\/categoria-produto\/kits\/?utm_source=trocandofraldas.com.br&#038;utm_medium=referral&#038;utm_campaign=m005-tf-shophome-referrals&#038;utm_content=mobileanddesktop\" class=\"header-more desktop\">veja mais<\/a>\n\t\t<\/div>\n<div class=\"row\">\n<div class=\"col-sm-4 grey-border-right\">\n<div class=\"prod-item\">\n<figure>\n\t\t\t\t\t\t<a href=\"\"><img decoding=\"async\" src=\"https:\/\/www.famivita.com\/pt\/wp-content\/uploads\/2020\/06\/famikit-basico.jpg\" alt=\"#\"><\/a><br \/>\n\t\t\t\t\t<\/figure>\n<hgroup>\n\t\t\t\t\t\t<a href=\"https:\/\/www.famivita.com.br\/produtos\/famikit-basico\/?utm_source=trocandofraldas.com.br&#038;utm_medium=referral&#038;utm_campaign=m005-tf-shophome-referrals&#038;utm_content=mobileanddesktop\"><\/p>\n<div class=\"styleh3\">FamiKit B\u00e1sico<\/div>\n<p>\t\t\t\t\t\t<\/a><\/p>\n<p>Prepare-se para engravidar com o FamiFerti. Cont\u00e9m todas as vitaminas e minerais necess\u00e1rias para seu organismo. Ainda vem com testes de ovula\u00e7\u00e3o para detectar o per\u00edodo f\u00e9rtil e testes de gravidez.<\/p>\n<p>\t\t\t\t\t\t<a href=\"https:\/\/www.famivita.com.br\/produtos\/famikit-basico\/?utm_source=trocandofraldas.com.br&#038;utm_medium=referral&#038;utm_campaign=m005-tf-shophome-referrals&#038;utm_content=mobileanddesktop\" class=\"dark-grey\">saber mais<\/a><br \/>\n\t\t\t\t\t<\/hgroup>\n<\/p><\/div>\n<\/p><\/div>\n<div class=\"col-sm-4 grey-border-right\">\n<div class=\"prod-item\">\n<figure>\n\t\t\t\t\t\t<a href=\"#\"><img decoding=\"async\" src=\"https:\/\/www.famivita.com\/pt\/wp-content\/uploads\/2020\/06\/famikit-ovulacao.jpg\" alt=\"#\"><\/a><br \/>\n\t\t\t\t\t<\/figure>\n<hgroup>\n\t\t\t\t\t\t<a href=\"https:\/\/www.famivita.com.br\/produtos\/famikit-ovulacao\/?utm_source=trocandofraldas.com.br&#038;utm_medium=referral&#038;utm_campaign=m005-tf-shophome-referrals&#038;utm_content=mobileanddesktop\"><\/p>\n<div class=\"styleh3\">FamiKit Ovula\u00e7\u00e3o<\/div>\n<p>\t\t\t\t\t\t<\/a><\/p>\n<p>Quer todos os produtos para sua ovula\u00e7\u00e3o? Tome todas as vitaminas necess\u00e1rias do FamiFerti e inhame para preparar o organismo. Confirme ovula\u00e7\u00e3o e gravidez com os testes Famivita.<\/p>\n<p>\t\t\t\t\t\t<a href=\"https:\/\/www.famivita.com.br\/produtos\/famikit-ovulacao\/?utm_source=trocandofraldas.com.br&#038;utm_medium=referral&#038;utm_campaign=m005-tf-shophome-referrals&#038;utm_content=mobileanddesktop\" class=\"dark-grey\">mais detalhes<\/a><br \/>\n\t\t\t\t\t<\/hgroup>\n<\/p><\/div>\n<\/p><\/div>\n<div class=\"col-sm-4\">\n<div class=\"prod-item\">\n<figure>\n\t\t\t\t\t\t<a href=\"\"><img decoding=\"async\" src=\"https:\/\/www.famivita.com\/pt\/wp-content\/uploads\/2020\/06\/famikit-premium.jpg\" alt=\"#\"><\/a><br \/>\n\t\t\t\t\t<\/figure>\n<hgroup>\n\t\t\t\t\t\t<a href=\"https:\/\/www.famivita.com.br\/produtos\/famikit-premium\/?utm_source=trocandofraldas.com.br&#038;utm_medium=referral&#038;utm_campaign=m005-tf-shophome-referrals&#038;utm_content=mobileanddesktop\"><\/p>\n<div class=\"styleh3\">FamiKit Premium<\/div>\n<p>\t\t\t\t\t\t<\/a><\/p>\n<p>Maximize seus chances com vitaminas para voc\u00ea e seu parceiro, detecte a ovula\u00e7\u00e3o com os testes Famivita, use o inovador FamiGel durante e rela\u00e7\u00e3o e confirme o positivo com nossos testes antes do atraso.<\/p>\n<p>\t\t\t\t\t\t<a href=\"https:\/\/www.famivita.com.br\/produtos\/famikit-premium\/?utm_source=trocandofraldas.com.br&#038;utm_medium=referral&#038;utm_campaign=m005-tf-shophome-referrals&#038;utm_content=mobileanddesktop\" class=\"dark-grey\">saber mais<\/a><br \/>\n\t\t\t\t\t<\/hgroup>\n<\/p><\/div>\n<\/p><\/div>\n<\/p><\/div>\n<\/p><\/div>\n<\/div>\n<hr class=\"break break50\"\/>\n<div class=\"row\">\n<div class=\"col-sm-12\">\n<div class=\"page_header has-border clearfix\">\n<div class=\"styleh2 title\"><span class=\"text-primary\">Outros<\/span> produtos<\/div>\n<p>\t\t\t\t\t<a href=\"https:\/\/www.famivita.com.br\/produtos\/?utm_source=trocandofraldas.com.br&#038;utm_medium=referral&#038;utm_campaign=m005-tf-shophome-referrals&#038;utm_content=mobileanddesktop\" class=\"header-more desktop\">veja mais<\/a>\n\t\t\t\t<\/div>\n<hr class=\"break break20\"\/>\n\r\n\t\t\t\t<div class=\"product-carousel desktop\">\r\n\t\t\t\t\t<ul id=\"product_carousel\"><li>\r\n\t\t\t\t\t\t\t\t<div class=\"row gutter10\">\r\n\t\t\t\t\t\t\t\t<\/div>\r\n\t\t\t\t\t\t\t<\/li><li>\r\n\t\t\t\t\t\t\t\t<div class=\"row gutter10\">\r\n\t\t\t\t\t\t\t\t<\/div>\r\n\t\t\t\t\t\t\t<\/li><\/ul>\r\n\t\t\t\t<\/div>\r\n\t\t\t\t<div class=\"product-carousel mobile\">\r\n\t\t\t\t\t<ul id=\"product_carousel2\"><li>\r\n\t\t\t\t\t\t\t\t<div class=\"row gutter10\">\r\n\t\t\t\t\t\t\t\t<\/div>\r\n\t\t\t\t\t\t\t<\/li><li>\r\n\t\t\t\t\t\t\t\t<div class=\"row gutter10\">\r\n\t\t\t\t\t\t\t\t<\/div>\r\n\t\t\t\t\t\t\t<\/li><li>\r\n\t\t\t\t\t\t\t\t<div class=\"row gutter10\">\r\n\t\t\t\t\t\t\t\t<\/div>\r\n\t\t\t\t\t\t\t<\/li><li>\r\n\t\t\t\t\t\t\t\t<div class=\"row gutter10\">\r\n\t\t\t\t\t\t\t\t<\/div>\r\n\t\t\t\t\t\t\t<\/li><li>\r\n\t\t\t\t\t\t\t\t<div class=\"row gutter10\">\r\n\t\t\t\t\t\t\t\t<\/div>\r\n\t\t\t\t\t\t\t<\/li><li>\r\n\t\t\t\t\t\t\t\t<div class=\"row gutter10\">\r\n\t\t\t\t\t\t\t\t<\/div>\r\n\t\t\t\t\t\t\t<\/li><li>\r\n\t\t\t\t\t\t\t\t<div class=\"row gutter10\">\r\n\t\t\t\t\t\t\t\t<\/div>\r\n\t\t\t\t\t\t\t<\/li><li>\r\n\t\t\t\t\t\t\t\t<div class=\"row gutter10\">\r\n\t\t\t\t\t\t\t\t<\/div>\r\n\t\t\t\t\t\t\t<\/li><\/ul>\r\n\t\t\t\t<\/div>\n<\/div>\n<\/p><\/div>\n<hr class=\"break break30\"\/>\n","protected":false},"excerpt":{"rendered":"<p>Produtos para engravidar Todos os produtos Torne seu sonho realidade Produtos recomendados FamiFerti O polivitam\u00ednico pioneiro no Brasil para mulheres em busca da gravidez comprar agora FamiGel O lubrificante \u00edntimo para engravidar &#8211; pioneiro no Brasil saber mais Teste de Ovula\u00e7\u00e3o Saiba quando seu per\u00edodo f\u00e9rtil chegou e est\u00e1 na hora de tentar comprar agora [&hellip;]<\/p>\n","protected":false},"author":471399,"featured_media":0,"parent":0,"menu_order":0,"comment_status":"closed","ping_status":"closed","template":"page-templates\/tpl-shop-home.php","meta":{"_acf_changed":false,"footnotes":""},"class_list":["post-38839","page","type-page","status-publish","hentry"],"acf":[],"yoast_head":"<!-- This site is optimized with the Yoast SEO plugin v26.3 - https:\/\/yoast.com\/wordpress\/plugins\/seo\/ -->\n<title>Produtos, Vitaminas e tudo para Engravidar | Famivita<\/title>\n<meta name=\"description\" content=\"Encontre produtos para engravidar, a gravidez, seu beb\u00ea e mam\u00e3e p\u00f3s-parto na loja da Famivita.\" \/>\n<meta name=\"robots\" content=\"index, follow, max-snippet:-1, max-image-preview:large, max-video-preview:-1\" \/>\n<link rel=\"canonical\" href=\"https:\/\/www.famivita.com\/pt\/loja\/\" \/>\n<meta property=\"og:locale\" content=\"pt_PT\" \/>\n<meta property=\"og:type\" content=\"article\" \/>\n<meta property=\"og:title\" content=\"Produtos, Vitaminas e tudo para Engravidar | Famivita\" \/>\n<meta property=\"og:description\" content=\"Encontre produtos para engravidar, a gravidez, seu beb\u00ea e mam\u00e3e p\u00f3s-parto na loja da Famivita.\" \/>\n<meta property=\"og:url\" content=\"https:\/\/www.famivita.com\/pt\/loja\/\" \/>\n<meta property=\"og:site_name\" content=\"Famivita\" \/>\n<meta property=\"article:modified_time\" content=\"2022-07-06T10:02:52+00:00\" \/>\n<meta property=\"og:image\" content=\"https:\/\/www.famivita.com\/pt\/wp-content\/uploads\/engravidar-sem-penetraccca7acc83o-1.jpg\" \/>\n<meta name=\"twitter:card\" content=\"summary_large_image\" \/>\n<meta name=\"twitter:label1\" content=\"Tempo estimado de leitura\" \/>\n\t<meta name=\"twitter:data1\" content=\"1 minuto\" \/>\n<script type=\"application\/ld+json\" class=\"yoast-schema-graph\">{\"@context\":\"https:\/\/schema.org\",\"@graph\":[{\"@type\":\"WebPage\",\"@id\":\"https:\/\/www.famivita.com\/pt\/loja\/\",\"url\":\"https:\/\/www.famivita.com\/pt\/loja\/\",\"name\":\"Produtos, Vitaminas e tudo para Engravidar | Famivita\",\"isPartOf\":{\"@id\":\"https:\/\/www.famivita.com\/pt\/#website\",\"sameAs\":[\"https:\/\/www.instagram.com\/famivita\/\",\"https:\/\/www.facebook.com\/famivita\/\",\"https:\/\/www.youtube.com\/user\/trocandofraldasyt\",\"https:\/\/api.whatsapp.com\/send\/?phone=5511917837433\"]},\"primaryImageOfPage\":{\"@id\":\"https:\/\/www.famivita.com\/pt\/loja\/#primaryimage\"},\"image\":{\"@id\":\"https:\/\/www.famivita.com\/pt\/loja\/#primaryimage\"},\"thumbnailUrl\":\"https:\/\/www.famivita.com\/pt\/wp-content\/uploads\/engravidar-sem-penetraccca7acc83o-1.jpg\",\"datePublished\":\"2018-05-15T10:05:50+00:00\",\"dateModified\":\"2022-07-06T10:02:52+00:00\",\"description\":\"Encontre produtos para engravidar, a gravidez, seu beb\u00ea e mam\u00e3e p\u00f3s-parto na loja da Famivita.\",\"breadcrumb\":{\"@id\":\"https:\/\/www.famivita.com\/pt\/loja\/#breadcrumb\"},\"inLanguage\":\"pt-PT\",\"potentialAction\":[{\"@type\":\"ReadAction\",\"target\":[\"https:\/\/www.famivita.com\/pt\/loja\/\"]}],\"about\":{\"@type\":\"Organization\",\"@id\":\"https:\/\/www.famivita.com.br\/#organization\",\"name\":\"Famivita\",\"logo\":\"https:\/\/www.famivita.com.br\/wp-content\/themes\/storefront-child\/header_footer_html\/images\/logo_mobile2.svg\",\"url\":\"https:\/\/www.famivita.com.br\/\",\"address\":{\"@type\":\"PostalAddress\",\"streetAddress\":\"Rua Benedito Fernandes, 545, Santo Amaro\",\"addressLocality\":\"S\u00e3o Paulo\",\"addressRegion\":\"S\u00e3o Paulo\",\"postalCode\":\"04746-110\",\"addressCountry\":{\"@type\":\"Country\",\"name\":\"BR\"}}}},{\"@type\":\"ImageObject\",\"inLanguage\":\"pt-PT\",\"@id\":\"https:\/\/www.famivita.com\/pt\/loja\/#primaryimage\",\"url\":\"https:\/\/www.famivita.com\/pt\/wp-content\/uploads\/engravidar-sem-penetraccca7acc83o-1.jpg\",\"contentUrl\":\"https:\/\/www.famivita.com\/pt\/wp-content\/uploads\/engravidar-sem-penetraccca7acc83o-1.jpg\",\"width\":424,\"height\":254},{\"@type\":\"BreadcrumbList\",\"@id\":\"https:\/\/www.famivita.com\/pt\/loja\/#breadcrumb\",\"itemListElement\":[{\"@type\":\"ListItem\",\"position\":1,\"name\":\"In\u00edcio\",\"item\":\"https:\/\/www.famivita.com\/pt\/\"},{\"@type\":\"ListItem\",\"position\":2,\"name\":\"Loja\"}]},{\"@type\":\"WebSite\",\"@id\":\"https:\/\/www.famivita.com\/pt\/#website\",\"url\":\"https:\/\/www.famivita.com\/pt\/\",\"name\":\"Famivita\",\"description\":\"\",\"potentialAction\":[{\"@type\":\"SearchAction\",\"target\":{\"@type\":\"EntryPoint\",\"urlTemplate\":\"https:\/\/www.famivita.com\/pt\/?s={search_term_string}\"},\"query-input\":{\"@type\":\"PropertyValueSpecification\",\"valueRequired\":true,\"valueName\":\"search_term_string\"}}],\"inLanguage\":\"pt-PT\"}]}<\/script>\n<!-- \/ Yoast SEO plugin. -->","yoast_head_json":{"title":"Produtos, Vitaminas e tudo para Engravidar | Famivita","description":"Encontre produtos para engravidar, a gravidez, seu beb\u00ea e mam\u00e3e p\u00f3s-parto na loja da Famivita.","robots":{"index":"index","follow":"follow","max-snippet":"max-snippet:-1","max-image-preview":"max-image-preview:large","max-video-preview":"max-video-preview:-1"},"canonical":"https:\/\/www.famivita.com\/pt\/loja\/","og_locale":"pt_PT","og_type":"article","og_title":"Produtos, Vitaminas e tudo para Engravidar | Famivita","og_description":"Encontre produtos para engravidar, a gravidez, seu beb\u00ea e mam\u00e3e p\u00f3s-parto na loja da Famivita.","og_url":"https:\/\/www.famivita.com\/pt\/loja\/","og_site_name":"Famivita","article_modified_time":"2022-07-06T10:02:52+00:00","og_image":[{"url":"https:\/\/www.famivita.com\/pt\/wp-content\/uploads\/engravidar-sem-penetraccca7acc83o-1.jpg","type":"","width":"","height":""}],"twitter_card":"summary_large_image","twitter_misc":{"Tempo estimado de leitura":"1 minuto"},"schema":{"@context":"https:\/\/schema.org","@graph":[{"@type":"WebPage","@id":"https:\/\/www.famivita.com\/pt\/loja\/","url":"https:\/\/www.famivita.com\/pt\/loja\/","name":"Produtos, Vitaminas e tudo para Engravidar | Famivita","isPartOf":{"@id":"https:\/\/www.famivita.com\/pt\/#website","sameAs":["https:\/\/www.instagram.com\/famivita\/","https:\/\/www.facebook.com\/famivita\/","https:\/\/www.youtube.com\/user\/trocandofraldasyt","https:\/\/api.whatsapp.com\/send\/?phone=5511917837433"]},"primaryImageOfPage":{"@id":"https:\/\/www.famivita.com\/pt\/loja\/#primaryimage"},"image":{"@id":"https:\/\/www.famivita.com\/pt\/loja\/#primaryimage"},"thumbnailUrl":"https:\/\/www.famivita.com\/pt\/wp-content\/uploads\/engravidar-sem-penetraccca7acc83o-1.jpg","datePublished":"2018-05-15T10:05:50+00:00","dateModified":"2022-07-06T10:02:52+00:00","description":"Encontre produtos para engravidar, a gravidez, seu beb\u00ea e mam\u00e3e p\u00f3s-parto na loja da Famivita.","breadcrumb":{"@id":"https:\/\/www.famivita.com\/pt\/loja\/#breadcrumb"},"inLanguage":"pt-PT","potentialAction":[{"@type":"ReadAction","target":["https:\/\/www.famivita.com\/pt\/loja\/"]}],"about":{"@type":"Organization","@id":"https:\/\/www.famivita.com.br\/#organization","name":"Famivita","logo":"https:\/\/www.famivita.com.br\/wp-content\/themes\/storefront-child\/header_footer_html\/images\/logo_mobile2.svg","url":"https:\/\/www.famivita.com.br\/","address":{"@type":"PostalAddress","streetAddress":"Rua Benedito Fernandes, 545, Santo Amaro","addressLocality":"S\u00e3o Paulo","addressRegion":"S\u00e3o Paulo","postalCode":"04746-110","addressCountry":{"@type":"Country","name":"BR"}}}},{"@type":"ImageObject","inLanguage":"pt-PT","@id":"https:\/\/www.famivita.com\/pt\/loja\/#primaryimage","url":"https:\/\/www.famivita.com\/pt\/wp-content\/uploads\/engravidar-sem-penetraccca7acc83o-1.jpg","contentUrl":"https:\/\/www.famivita.com\/pt\/wp-content\/uploads\/engravidar-sem-penetraccca7acc83o-1.jpg","width":424,"height":254},{"@type":"BreadcrumbList","@id":"https:\/\/www.famivita.com\/pt\/loja\/#breadcrumb","itemListElement":[{"@type":"ListItem","position":1,"name":"In\u00edcio","item":"https:\/\/www.famivita.com\/pt\/"},{"@type":"ListItem","position":2,"name":"Loja"}]},{"@type":"WebSite","@id":"https:\/\/www.famivita.com\/pt\/#website","url":"https:\/\/www.famivita.com\/pt\/","name":"Famivita","description":"","potentialAction":[{"@type":"SearchAction","target":{"@type":"EntryPoint","urlTemplate":"https:\/\/www.famivita.com\/pt\/?s={search_term_string}"},"query-input":{"@type":"PropertyValueSpecification","valueRequired":true,"valueName":"search_term_string"}}],"inLanguage":"pt-PT"}]}},"_links":{"self":[{"href":"https:\/\/www.famivita.com\/pt\/wp-json\/wp\/v2\/pages\/38839","targetHints":{"allow":["GET"]}}],"collection":[{"href":"https:\/\/www.famivita.com\/pt\/wp-json\/wp\/v2\/pages"}],"about":[{"href":"https:\/\/www.famivita.com\/pt\/wp-json\/wp\/v2\/types\/page"}],"author":[{"embeddable":true,"href":"https:\/\/www.famivita.com\/pt\/wp-json\/wp\/v2\/users\/471399"}],"replies":[{"embeddable":true,"href":"https:\/\/www.famivita.com\/pt\/wp-json\/wp\/v2\/comments?post=38839"}],"version-history":[{"count":67,"href":"https:\/\/www.famivita.com\/pt\/wp-json\/wp\/v2\/pages\/38839\/revisions"}],"predecessor-version":[{"id":148437,"href":"https:\/\/www.famivita.com\/pt\/wp-json\/wp\/v2\/pages\/38839\/revisions\/148437"}],"wp:attachment":[{"href":"https:\/\/www.famivita.com\/pt\/wp-json\/wp\/v2\/media?parent=38839"}],"curies":[{"name":"wp","href":"https:\/\/api.w.org\/{rel}","templated":true}]}}